{"id":340,"date":"2022-02-07T17:20:08","date_gmt":"2022-02-07T16:20:08","guid":{"rendered":"https:\/\/blog.uclm.es\/catedraclaracampoamor\/?page_id=340"},"modified":"2022-11-08T16:24:27","modified_gmt":"2022-11-08T16:24:27","slug":"direccion","status":"publish","type":"page","link":"https:\/\/blog.uclm.es\/catedraclaracampoamor\/la-catedra\/direccion\/","title":{"rendered":"Direcci\u00f3n"},"content":{"rendered":"\n<div class=\"wp-block-columns is-layout-flex wp-container-core-columns-is-layout-28f84493 wp-block-columns-is-layout-flex\">\n<div class=\"wp-block-column is-layout-flow wp-block-column-is-layout-flow\" style=\"flex-basis:100%\">\n<div class=\"wp-block-group is-layout-flow wp-block-group-is-layout-flow\">\n<div class=\"wp-block-media-text alignwide is-stacked-on-mobile\" style=\"grid-template-columns:24% auto\"><figure class=\"wp-block-media-text__media\"><img loading=\"lazy\" decoding=\"async\" width=\"718\" height=\"1024\" src=\"https:\/\/blog.uclm.es\/catedraclaracampoamor\/wp-content\/uploads\/sites\/158\/2022\/02\/MJ-Romero-Edit2-sin-fondo-718x1024.png\" alt=\"\" class=\"wp-image-403 size-full\" srcset=\"https:\/\/blog.uclm.es\/catedraclaracampoamor\/wp-content\/uploads\/sites\/158\/2022\/02\/MJ-Romero-Edit2-sin-fondo-718x1024.png 718w, https:\/\/blog.uclm.es\/catedraclaracampoamor\/wp-content\/uploads\/sites\/158\/2022\/02\/MJ-Romero-Edit2-sin-fondo-210x300.png 210w, https:\/\/blog.uclm.es\/catedraclaracampoamor\/wp-content\/uploads\/sites\/158\/2022\/02\/MJ-Romero-Edit2-sin-fondo.png 729w\" sizes=\"auto, (max-width: 718px) 100vw, 718px\" \/><\/figure><div class=\"wp-block-media-text__content\">\n<p class=\"has-text-align-center has-x-large-font-size\"><strong>Direcci\u00f3n: <\/strong><\/p>\n\n\n\n<p class=\"has-text-align-center has-x-large-font-size\"><strong>Maria Jos\u00e9 Romero R\u00f3denas<\/strong><\/p>\n<\/div><\/div>\n\n\n\n<p>Me licenci\u00e9 y me doctor\u00e9 en la Facultad de Derecho de la UCLM. Inici\u00e9 mi carrera universitaria en 1991 a trav\u00e9s de una beca FPU, obteniendo el t\u00edtulo de Doctora en 1994. En la actualidad soy Catedr\u00e1tica de Derecho del Trabajo y Seguridad Social en la Facultad de Relaciones Laborales y RRHH, UCLM. He sido \u00e1rbitra de elecciones sindicales en la provincial de Albacete 1994-1996 y Magistrada suplente y de refuerzo en el TSJ Castilla-La Mancha (Sala de lo Social) desde 1996 hasta 2020. He ocupado diferentes cargos de responsabilidad acad\u00e9mica en la UCLM: Secretaria Acad\u00e9mica EURL, Subdirectora de ordenaci\u00f3n acad\u00e9mica y presupuestaria EURL, Vicedecana de ordenaci\u00f3n acad\u00e9mica en la Facultad de Relaciones Laborales y RRHH, Directora Acad\u00e9mica en el Vicerrectorado de Transferencias y Relaciones con Empresas UCLM, Decana de la Facultad de Relaciones Laborales y Recursos Humanos UCLM (2016-2021) y Delegada del Rector para pol\u00edticas de Igualdad (marzo 2021 a marzo 2022).<\/p>\n\n\n\n<p>Patrona de la Fundaci\u00f3n Derecho y Discapacidad. Miembro fundador de la Acad\u00e9mica de Ciencias Sociales y Humanidades de Castilla-La Mancha. Desde abril de 2022, desempe\u00f1o la responsabilidad de asesora colaboradora en el Ministerio de Universidades.<\/p>\n\n\n\n<p>Directora de 9 tesis doctorales. Tengo reconocidos 4 sexenios de investigaci\u00f3n (\u00faltimo 2019) y 1 sexenio de transferencia. Investigadora en numerosos proyectos de investigaci\u00f3n como IP y en colaboraci\u00f3n con otras universidades financiados por el Ministerio de Econom\u00eda y Competitividad e IP de numerosas acciones especiales de I+D, programas y proyectos financiados por la Junta de Comunidades de Castilla-La Mancha, &nbsp;y Ministerio de Ciencia. Autora de 22 monograf\u00edas, as\u00ed como autora de numerosas obras colectivas, art\u00edculos doctrinales y coautora en estudios monogr\u00e1ficos de referencia con destacada actividad en transferencia e intercambio de conocimiento.<\/p>\n\n\n\n<p>Por resoluci\u00f3n del rector UCLM con fecha de 4 de diciembre de 2020 soy directora de la C\u00e1tedra Igualdad de G\u00e9nero y Diversidad \u201cClara Campoamor\u201d financiada por el Instituto de la Mujer de Castilla-La Mancha y Directora codirectora de cuatro Aulas Empresa en UCLM, entre las que se encuentra mi direcci\u00f3n en el \u201cAula de Igualdad de G\u00e9nero \u201cLola Martinez. &nbsp;Miembro de numerosos Consejos de Revistas cient\u00edficas, entre otros, Consejo Asesor de la Revista de Derecho Social, Consejo de Redacci\u00f3n de la Revista de Jurisprudencia Laboral (BOE), Consejo Editorial de la Revista Trabajo, Persona, Derecho y Mercado, Consejo Asesor de Revista de Estudios Jur\u00eddico Laborales y de Seguridad Social (REJLSS) (Colex) y miembro del Consejo de Redacci\u00f3n de la Revista de Derecho del Trabajo. Es miembro de la Junta Directiva de la Asociaci\u00f3n Espa\u00f1ola de Derecho del Trabajo, como vocal de actividades acad\u00e9micas.<\/p>\n<\/div>\n<\/div>\n<\/div>\n\n\n\n<div style=\"height:100px\" aria-hidden=\"true\" class=\"wp-block-spacer\"><\/div>\n","protected":false},"excerpt":{"rendered":"<p>Direcci\u00f3n: Maria Jos\u00e9 Romero R\u00f3denas Me licenci\u00e9 y me doctor\u00e9 en la Facultad de Derecho de la UCLM. Inici\u00e9 mi carrera universitaria en 1991 a trav\u00e9s de una beca FPU, obteniendo el t\u00edtulo de Doctora en 1994. En la actualidad soy Catedr\u00e1tica de Derecho del Trabajo y Seguridad Social en la Facultad de Relaciones Laborales [&hellip;]<\/p>\n","protected":false},"author":55,"featured_media":0,"parent":24,"menu_order":0,"comment_status":"closed","ping_status":"closed","template":"page-no-separators","meta":{"footnotes":""},"class_list":["post-340","page","type-page","status-publish","hentry"],"_links":{"self":[{"href":"https:\/\/blog.uclm.es\/catedraclaracampoamor\/wp-json\/wp\/v2\/pages\/340","targetHints":{"allow":["GET"]}}],"collection":[{"href":"https:\/\/blog.uclm.es\/catedraclaracampoamor\/wp-json\/wp\/v2\/pages"}],"about":[{"href":"https:\/\/blog.uclm.es\/catedraclaracampoamor\/wp-json\/wp\/v2\/types\/page"}],"author":[{"embeddable":true,"href":"https:\/\/blog.uclm.es\/catedraclaracampoamor\/wp-json\/wp\/v2\/users\/55"}],"replies":[{"embeddable":true,"href":"https:\/\/blog.uclm.es\/catedraclaracampoamor\/wp-json\/wp\/v2\/comments?post=340"}],"version-history":[{"count":16,"href":"https:\/\/blog.uclm.es\/catedraclaracampoamor\/wp-json\/wp\/v2\/pages\/340\/revisions"}],"predecessor-version":[{"id":1131,"href":"https:\/\/blog.uclm.es\/catedraclaracampoamor\/wp-json\/wp\/v2\/pages\/340\/revisions\/1131"}],"up":[{"embeddable":true,"href":"https:\/\/blog.uclm.es\/catedraclaracampoamor\/wp-json\/wp\/v2\/pages\/24"}],"wp:attachment":[{"href":"https:\/\/blog.uclm.es\/catedraclaracampoamor\/wp-json\/wp\/v2\/media?parent=340"}],"curies":[{"name":"wp","href":"https:\/\/api.w.org\/{rel}","templated":true}]}}