{"id":286,"date":"2022-01-26T11:38:04","date_gmt":"2022-01-26T10:38:04","guid":{"rendered":"https:\/\/blog.uclm.es\/catedraclaracampoamor\/?page_id=286"},"modified":"2022-11-08T12:53:34","modified_gmt":"2022-11-08T12:53:34","slug":"premios-distintivos-becas","status":"publish","type":"page","link":"https:\/\/blog.uclm.es\/catedraclaracampoamor\/premios-distintivos-becas\/","title":{"rendered":"Premios, distintivos y becas"},"content":{"rendered":"\n<h2 class=\"has-text-align-center wp-block-heading\">Premios, distintivos y becas<\/h2>\n\n\n\n<div class=\"wp-block-query alignwide is-layout-constrained wp-block-query-is-layout-constrained\"><ul class=\"is-flex-container columns-3 alignwide wp-block-post-template has-small-font-size is-layout-flow wp-block-post-template-is-layout-flow\"><li class=\"wp-block-post post-1289 post type-post status-publish format-standard has-post-thumbnail hentry category-premios\">\n<h2 class=\"wp-block-post-title has-x-large-font-size\"><a href=\"https:\/\/blog.uclm.es\/catedraclaracampoamor\/2023\/11\/07\/resolucion-de-concesion-de-premios-a-trabajos-fin-de-grado-y-o-trabajos-fin-de-master\/\" target=\"_self\" >Resoluci\u00f3n de concesi\u00f3n de premios a Trabajos Fin de Grado y\/o Trabajos Fin de M\u00e1ster<\/a><\/h2>\n\n<div class=\"wp-block-post-excerpt\"><p class=\"wp-block-post-excerpt__excerpt\">Primero: Con fecha 14 de febrero de 2023 se public\u00f3 la Convocatoria de t\u00edtulo \u201cconvocatoria de premios a trabajos fin de grado y trabajos de fin de m\u00e1ster de la C\u00e1tedra de Igualdad de G\u00e9nero y Diversidad Clara Campoamor de la Universidad de Castilla-La Mancha. Edici\u00f3n de los cursos 2021\/2022 y 2022\/2023\u201d (BDNS Identif. 674980)&hellip; <\/p><\/div>\n\n<div class=\"wp-block-post-date has-small-font-size\"><time datetime=\"2023-11-07T11:35:46+00:00\"><a href=\"https:\/\/blog.uclm.es\/catedraclaracampoamor\/2023\/11\/07\/resolucion-de-concesion-de-premios-a-trabajos-fin-de-grado-y-o-trabajos-fin-de-master\/\">noviembre 7, 2023<\/a><\/time><\/div>\n<\/li><li class=\"wp-block-post post-1196 post type-post status-publish format-standard has-post-thumbnail hentry category-premios\">\n<h2 class=\"wp-block-post-title has-x-large-font-size\"><a href=\"https:\/\/blog.uclm.es\/catedraclaracampoamor\/2023\/02\/14\/convocatoria-de-premios-a-trabajos-fin-de-grado-y-trabajos-de-fin-de-master-de-la-catedra-de-igualdad-de-genero-y-diversidad-clara-campoamor-de-la-universidad-de-castilla-la-mancha-2\/\" target=\"_self\" >Convocatoria de Premios a Trabajos Fin de Grado y Trabajos de fin de M\u00e1ster de la C\u00e1tedra de Igualdad de G\u00e9nero y Diversidad \u201cClara Campoamor\u201d de la Universidad de Castilla-La Mancha (Ediciones 2021-2022 y 2022\/2023)<\/a><\/h2>\n\n<div class=\"wp-block-post-excerpt\"><p class=\"wp-block-post-excerpt__excerpt\">La C\u00e1tedra de Igualdad de G\u00e9nero y Diversidad \u201cClara Campoamor\u201d de la Universidad de Castilla-La Mancha es el lugar com\u00fan desde el que se desarrolla la producci\u00f3n y selecci\u00f3n de ideas y proyectos que plasmen la cooperaci\u00f3n entre la UCLM y el Instituto de la Mujer para promocionar actividades que favorezcan el conocimiento respecto al&hellip; <\/p><\/div>\n\n<div class=\"wp-block-post-date has-small-font-size\"><time datetime=\"2023-02-14T08:18:05+00:00\"><a href=\"https:\/\/blog.uclm.es\/catedraclaracampoamor\/2023\/02\/14\/convocatoria-de-premios-a-trabajos-fin-de-grado-y-trabajos-de-fin-de-master-de-la-catedra-de-igualdad-de-genero-y-diversidad-clara-campoamor-de-la-universidad-de-castilla-la-mancha-2\/\">febrero 14, 2023<\/a><\/time><\/div>\n<\/li><li class=\"wp-block-post post-1193 post type-post status-publish format-standard has-post-thumbnail hentry category-becas\">\n<h2 class=\"wp-block-post-title has-x-large-font-size\"><a href=\"https:\/\/blog.uclm.es\/catedraclaracampoamor\/2023\/02\/13\/becas-de-colaboracion-para-formacion-practica-en-igualdad-de-genero-diversidad-y-eliminacion-de-la-violencia-de-genero-para-estudiantes-de-grado-y-master\/\" target=\"_self\" >Becas de colaboraci\u00f3n para formaci\u00f3n pr\u00e1ctica en igualdad de g\u00e9nero, diversidad y eliminaci\u00f3n de la violencia de g\u00e9nero para estudiantes de grado y m\u00e1ster<\/a><\/h2>\n\n<div class=\"wp-block-post-excerpt\"><p class=\"wp-block-post-excerpt__excerpt\">Extracto de 03\/02\/2023, de la Universidad de Castilla-La Mancha, de la convocatoria de becas de colaboraci\u00f3n para la formaci\u00f3n pr\u00e1ctica especializada e igualdad de g\u00e9nero, diversidad y eliminaci\u00f3n de la violencia de g\u00e9nero para estudiantes de grado y m\u00e1ster en la C\u00e1tedra de Igualdad de G\u00e9nero y Diversidad: Clara de Campoamor de la Universidad de&hellip; <\/p><\/div>\n\n<div class=\"wp-block-post-date has-small-font-size\"><time datetime=\"2023-02-13T15:55:07+00:00\"><a href=\"https:\/\/blog.uclm.es\/catedraclaracampoamor\/2023\/02\/13\/becas-de-colaboracion-para-formacion-practica-en-igualdad-de-genero-diversidad-y-eliminacion-de-la-violencia-de-genero-para-estudiantes-de-grado-y-master\/\">febrero 13, 2023<\/a><\/time><\/div>\n<\/li><li class=\"wp-block-post post-550 post type-post status-publish format-standard has-post-thumbnail hentry category-becas category-noticias\">\n<h2 class=\"wp-block-post-title has-x-large-font-size\"><a href=\"https:\/\/blog.uclm.es\/catedraclaracampoamor\/2022\/03\/28\/resolucion-definitiva-de-adjudicacion-de-becas-de-colaboracion-curso-2021-2022\/\" target=\"_self\" >Resoluci\u00f3n definitiva de adjudicaci\u00f3n de becas de colaboraci\u00f3n (curso 2021\/2022)<\/a><\/h2>\n\n<div class=\"wp-block-post-excerpt\"><p class=\"wp-block-post-excerpt__excerpt\">\u00a0SE RESUELVE: Si pasado el plazo establecido no se hubiese recibido ninguna alegaci\u00f3n, este \u00f3rgano proceder\u00e1 a elevar a definitiva esta resoluci\u00f3n provisional. Contra la resoluci\u00f3n de concesi\u00f3n de la ayuda, que agota la v\u00eda administrativa, podr\u00e1 interponerse recurso contencioso- administrativo ante el Juzgado de lo Contencioso-Administrativo de Ciudad Real, sede del \u00f3rgano autor del&hellip; <\/p><\/div>\n\n<div class=\"wp-block-post-date has-small-font-size\"><time datetime=\"2022-03-28T13:11:07+00:00\"><a href=\"https:\/\/blog.uclm.es\/catedraclaracampoamor\/2022\/03\/28\/resolucion-definitiva-de-adjudicacion-de-becas-de-colaboracion-curso-2021-2022\/\">marzo 28, 2022<\/a><\/time><\/div>\n<\/li><li class=\"wp-block-post post-537 post type-post status-publish format-standard has-post-thumbnail hentry category-becas category-noticias\">\n<h2 class=\"wp-block-post-title has-x-large-font-size\"><a href=\"https:\/\/blog.uclm.es\/catedraclaracampoamor\/2022\/03\/17\/resolucion-provisional-de-adjudicacion-de-becas-de-colaboracion-curso-2021-2022\/\" target=\"_self\" >Resoluci\u00f3n provisional de adjudicaci\u00f3n de becas de colaboraci\u00f3n (curso 2021\/2022)<\/a><\/h2>\n\n<div class=\"wp-block-post-excerpt\"><p class=\"wp-block-post-excerpt__excerpt\">Primero: Que, con fecha 18 de febrero de 2022 se public\u00f3 la convocatoria de beca de colaboraci\u00f3n de\u00a0 t\u00edtulo \u201cConvocatoria de becas de colaboraci\u00f3n para la formaci\u00f3n pr\u00e1ctica especializada e igualdad de g\u00e9nero, diversidad y eliminaci\u00f3n de la violencia de g\u00e9nero para estudiantes de Grado en la C\u00e1tedra de Igualdad de G\u00e9nero y Diversidad \u201cClara&hellip; <\/p><\/div>\n\n<div class=\"wp-block-post-date has-small-font-size\"><time datetime=\"2022-03-17T16:23:07+00:00\"><a href=\"https:\/\/blog.uclm.es\/catedraclaracampoamor\/2022\/03\/17\/resolucion-provisional-de-adjudicacion-de-becas-de-colaboracion-curso-2021-2022\/\">marzo 17, 2022<\/a><\/time><\/div>\n<\/li><li class=\"wp-block-post post-469 post type-post status-publish format-standard has-post-thumbnail hentry category-convocatorias category-destacados category-noticias category-premios\">\n<h2 class=\"wp-block-post-title has-x-large-font-size\"><a href=\"https:\/\/blog.uclm.es\/catedraclaracampoamor\/2022\/02\/23\/convocatoria-de-premios-a-trabajos-fin-de-grado-y-trabajos-de-fin-de-master-de-la-catedra-de-igualdad-de-genero-y-diversidad-clara-campoamor-de-la-universidad-de-castilla-la-mancha\/\" target=\"_self\" >Convocatoria de Premios a Trabajos Fin de Grado y Trabajos de fin de M\u00e1ster de la C\u00e1tedra de Igualdad de G\u00e9nero y Diversidad \u201cClara Campoamor\u201d de la Universidad de Castilla-La Mancha (Edici\u00f3n del curso 2021\/2022)<\/a><\/h2>\n\n<div class=\"wp-block-post-excerpt\"><p class=\"wp-block-post-excerpt__excerpt\">La C\u00e1tedra de Igualdad de G\u00e9nero y Diversidad \u201cClara Campoamor\u201d de la Universidad de Castilla-La Mancha es el lugar com\u00fan desde el que se desarrolla la producci\u00f3n y selecci\u00f3n de ideas y proyectos que plasmen la cooperaci\u00f3n entre la UCLM y el Instituto de la Mujer para promocionar actividades que favorezcan el conocimiento respecto al&hellip; <\/p><\/div>\n\n<div class=\"wp-block-post-date has-small-font-size\"><time datetime=\"2022-02-23T10:26:57+00:00\"><a href=\"https:\/\/blog.uclm.es\/catedraclaracampoamor\/2022\/02\/23\/convocatoria-de-premios-a-trabajos-fin-de-grado-y-trabajos-de-fin-de-master-de-la-catedra-de-igualdad-de-genero-y-diversidad-clara-campoamor-de-la-universidad-de-castilla-la-mancha\/\">febrero 23, 2022<\/a><\/time><\/div>\n<\/li><li class=\"wp-block-post post-444 post type-post status-publish format-standard has-post-thumbnail hentry category-becas category-noticias\">\n<h2 class=\"wp-block-post-title has-x-large-font-size\"><a href=\"https:\/\/blog.uclm.es\/catedraclaracampoamor\/2022\/02\/21\/convocatoria-beca-colaboracion-catedra-clara-campoamor\/\" target=\"_self\" >Convocatoria Beca Colaboraci\u00f3n C\u00e1tedra Clara Campoamor (curso 2021\/2022)<\/a><\/h2>\n\n<div class=\"wp-block-post-excerpt\"><p class=\"wp-block-post-excerpt__excerpt\">La actividad que conlleva esta beca se realizar\u00e1 desde el 15 de marzo de 2022 hasta el 15 de marzo de 2023 Para alumnos\/as matriculado\/a en ense\u00f1anza oficial de Grado de la UCLM durante el curso 2021\/2022 Se convoca una beca de colaboraci\u00f3n destinada a que el\/la beneficiario\/a preste su colaboraci\u00f3n, en r\u00e9gimen de compatibilidad&hellip; <\/p><\/div>\n\n<div class=\"wp-block-post-date has-small-font-size\"><time datetime=\"2022-02-21T13:38:39+00:00\"><a href=\"https:\/\/blog.uclm.es\/catedraclaracampoamor\/2022\/02\/21\/convocatoria-beca-colaboracion-catedra-clara-campoamor\/\">febrero 21, 2022<\/a><\/time><\/div>\n<\/li><\/ul>\n\n\n<hr class=\"wp-block-separator has-css-opacity alignwide is-style-wide\" \/>\n\n\n<\/div>\n","protected":false},"excerpt":{"rendered":"<p>Premios, distintivos y becas<\/p>\n","protected":false},"author":55,"featured_media":0,"parent":0,"menu_order":0,"comment_status":"closed","ping_status":"closed","template":"","meta":{"footnotes":""},"class_list":["post-286","page","type-page","status-publish","hentry"],"_links":{"self":[{"href":"https:\/\/blog.uclm.es\/catedraclaracampoamor\/wp-json\/wp\/v2\/pages\/286","targetHints":{"allow":["GET"]}}],"collection":[{"href":"https:\/\/blog.uclm.es\/catedraclaracampoamor\/wp-json\/wp\/v2\/pages"}],"about":[{"href":"https:\/\/blog.uclm.es\/catedraclaracampoamor\/wp-json\/wp\/v2\/types\/page"}],"author":[{"embeddable":true,"href":"https:\/\/blog.uclm.es\/catedraclaracampoamor\/wp-json\/wp\/v2\/users\/55"}],"replies":[{"embeddable":true,"href":"https:\/\/blog.uclm.es\/catedraclaracampoamor\/wp-json\/wp\/v2\/comments?post=286"}],"version-history":[{"count":7,"href":"https:\/\/blog.uclm.es\/catedraclaracampoamor\/wp-json\/wp\/v2\/pages\/286\/revisions"}],"predecessor-version":[{"id":1071,"href":"https:\/\/blog.uclm.es\/catedraclaracampoamor\/wp-json\/wp\/v2\/pages\/286\/revisions\/1071"}],"wp:attachment":[{"href":"https:\/\/blog.uclm.es\/catedraclaracampoamor\/wp-json\/wp\/v2\/media?parent=286"}],"curies":[{"name":"wp","href":"https:\/\/api.w.org\/{rel}","templated":true}]}}