{"id":282,"date":"2022-01-26T11:36:48","date_gmt":"2022-01-26T10:36:48","guid":{"rendered":"https:\/\/blog.uclm.es\/catedraclaracampoamor\/?page_id=282"},"modified":"2022-11-08T13:30:00","modified_gmt":"2022-11-08T13:30:00","slug":"investigacion-2","status":"publish","type":"page","link":"https:\/\/blog.uclm.es\/catedraclaracampoamor\/investigacion-2\/","title":{"rendered":"Investigaci\u00f3n"},"content":{"rendered":"\n<h3 class=\"wp-block-heading\"><span style=\"color: #000000\"><strong>Proyectos de investigaci\u00f3n<\/strong><\/span><\/h3>\n\n\n\n<p>En esta secci\u00f3n podr\u00e1 encontrar detalles adicionales de la los proyectos de investigaci\u00f3n que ha impulsado la C\u00e1tedra Campoamor.&nbsp; Los documentos est\u00e1n organizados por a\u00f1os.<\/p>\n\n\n\n<p><a href=\"https:\/\/blog.uclm.es\/catedraclaracampoamor\/investigacion\/investigacion-2022\/\"><strong>Ver&nbsp; Secci\u00f3n Proyectos de Investigaci\u00f3n 2022<\/strong><\/a><\/p>\n\n\n\n<p><strong><a href=\"https:\/\/blog.uclm.es\/catedraclaracampoamor\/investigacion\/investigacion-2021\/\">Ver Secci\u00f3n Proyectos de Investigaci\u00f3n 2021<\/a><\/strong><\/p>\n\n\n\n<p><a href=\"https:\/\/blog.uclm.es\/catedraclaracampoamor\/investigacion\/hoja-de-actualidad\/\"><strong>Ver Secci\u00f3n Hoja de Actualidad<\/strong><\/a><\/p>\n\n\n\n<p><a href=\"https:\/\/blog.uclm.es\/catedraclaracampoamor\/observatorio-de-igualdad\/\"><strong>Ver Secci\u00f3n Observatorio de Igualdad<\/strong><\/a><\/p>\n\n\n\n<div style=\"height:30px\" aria-hidden=\"true\" class=\"wp-block-spacer\"><\/div>\n","protected":false},"excerpt":{"rendered":"<p>Proyectos de investigaci\u00f3n En esta secci\u00f3n podr\u00e1 encontrar detalles adicionales de la los proyectos de investigaci\u00f3n que ha impulsado la C\u00e1tedra Campoamor.&nbsp; Los documentos est\u00e1n organizados por a\u00f1os. Ver&nbsp; Secci\u00f3n Proyectos de Investigaci\u00f3n 2022 Ver Secci\u00f3n Proyectos de Investigaci\u00f3n 2021 Ver Secci\u00f3n Hoja de Actualidad Ver Secci\u00f3n Observatorio de Igualdad<\/p>\n","protected":false},"author":55,"featured_media":0,"parent":0,"menu_order":0,"comment_status":"closed","ping_status":"closed","template":"page-no-separators","meta":{"footnotes":""},"class_list":["post-282","page","type-page","status-publish","hentry"],"_links":{"self":[{"href":"https:\/\/blog.uclm.es\/catedraclaracampoamor\/wp-json\/wp\/v2\/pages\/282","targetHints":{"allow":["GET"]}}],"collection":[{"href":"https:\/\/blog.uclm.es\/catedraclaracampoamor\/wp-json\/wp\/v2\/pages"}],"about":[{"href":"https:\/\/blog.uclm.es\/catedraclaracampoamor\/wp-json\/wp\/v2\/types\/page"}],"author":[{"embeddable":true,"href":"https:\/\/blog.uclm.es\/catedraclaracampoamor\/wp-json\/wp\/v2\/users\/55"}],"replies":[{"embeddable":true,"href":"https:\/\/blog.uclm.es\/catedraclaracampoamor\/wp-json\/wp\/v2\/comments?post=282"}],"version-history":[{"count":9,"href":"https:\/\/blog.uclm.es\/catedraclaracampoamor\/wp-json\/wp\/v2\/pages\/282\/revisions"}],"predecessor-version":[{"id":1096,"href":"https:\/\/blog.uclm.es\/catedraclaracampoamor\/wp-json\/wp\/v2\/pages\/282\/revisions\/1096"}],"wp:attachment":[{"href":"https:\/\/blog.uclm.es\/catedraclaracampoamor\/wp-json\/wp\/v2\/media?parent=282"}],"curies":[{"name":"wp","href":"https:\/\/api.w.org\/{rel}","templated":true}]}}