{"id":24,"date":"2022-01-17T16:37:26","date_gmt":"2022-01-17T15:37:26","guid":{"rendered":"https:\/\/blog.uclm.es\/catedraclaracampoamor\/?page_id=24"},"modified":"2022-11-08T16:23:52","modified_gmt":"2022-11-08T16:23:52","slug":"la-catedra","status":"publish","type":"page","link":"https:\/\/blog.uclm.es\/catedraclaracampoamor\/la-catedra\/","title":{"rendered":"La C\u00e1tedra"},"content":{"rendered":"\n<div class=\"wp-block-group alignwide is-layout-flow wp-block-group-is-layout-flow\">\n<h3 class=\"has-text-align-left wp-block-heading\"><strong>La C\u00e1tedra Igualdad de G\u00e9nero y Diversidad <\/strong><\/h3>\n\n\n\n<h3 class=\"has-text-align-left wp-block-heading\"><strong>\u00abClara Campoamor\u00bb<\/strong><\/h3>\n\n\n\n<p>La C\u00e1tedra de Igualdad de G\u00e9nero y Diversidad \u201cClara Campoamor\u201d,&nbsp;&nbsp;se entender\u00e1 como el lugar com\u00fan desde el que se desarrolle la producci\u00f3n y selecci\u00f3n de ideas y proyectos que plasmen la cooperaci\u00f3n entre la UCLM y el Instituto de la Mujer para promocionar actividades que favorezcan el conocimiento respecto al avance hacia una igualdad real entre mujeres y hombres y la erradicaci\u00f3n de la violencia de g\u00e9nero hacia las mujeres.<\/p>\n\n\n\n<p>Esta c\u00e1tedra conllevar\u00e1 la colaboraci\u00f3n en actividades de I+D+i, transferencia de los resultados de la investigaci\u00f3n, y divulgaci\u00f3n cient\u00edfica relacionada con la igualdad real y efectiva entre mujeres y hombres, as\u00ed como la visibilidad de la contribuci\u00f3n de las mujeres al progreso de la Humanidad mediante la creaci\u00f3n y sostenimiento de la C\u00e1tedra de Igualdad de G\u00e9nero y Diversidad \u201cClara Campoamor\u201d en la Universidad de Castilla-La Mancha para contribuir a la erradicaci\u00f3n de la violencia de g\u00e9nero y a la promoci\u00f3n de la igualdad entre mujeres y hombre como valor superior y el derecho a la no discriminaci\u00f3n por raz\u00f3n de sexo, orientaci\u00f3n sexual o identidad sexual y\/o expresi\u00f3n de g\u00e9nero en la Universidad de Castilla-La Mancha.<\/p>\n\n\n\n<p>Se propiciaran acciones conjuntas de formaci\u00f3n, desarrollo e investigaci\u00f3n en el \u00e1mbito de la promoci\u00f3n de la igualdad de g\u00e9nero, la erradicaci\u00f3n de la violencia de g\u00e9nero y el respeto a la diversidad, benefici\u00e1ndose ambas partes del resultado de la colaboraci\u00f3n de las actividades docentes, investigadoras y de divulgaci\u00f3n.<\/p>\n\n\n\n<p><strong>Direcci\u00f3n:<\/strong><\/p>\n\n\n\n<p><a href=\"https:\/\/blog.uclm.es\/catedraclaracampoamor\/la-catedra\/direccion\/\"><strong>Maria Jos\u00e9 Romero R\u00f3denas<\/strong><\/a><\/p>\n\n\n\n<p><strong>Comisi\u00f3n de Seguimiento:<\/strong><\/p>\n\n\n\n<p>Constituida por la direcci\u00f3n de la C\u00e1tedra, estar\u00e1 constituida por dos personas representantes del Instituto de la Mujer de Castilla &#8211; La Mancha y una persona representante de la Universidad de Castilla &#8211; La Mancha<\/p>\n\n\n\n<p><strong>Duraci\u00f3n:<\/strong>&nbsp;Desde el 11 de noviembre de 2021 al 31 de diciembre de 2023.<\/p>\n\n\n\n<p><strong>Informaci\u00f3n de inter\u00e9s:<\/strong><\/p>\n\n\n\n<p><a href=\"https:\/\/www.uclm.es\/-\/media\/Files\/A01-Asistencia-Direccion\/A01-135-Vicerrectorado-Transferencia\/Catedras-y-Aulas\/Catedra-Clara-Campoamor\/Convenio-Catedra-IMUJ-UCLM-firmado.ashx?la=en\"><strong>Convenio Catedra<\/strong><\/a><\/p>\n<\/div>\n","protected":false},"excerpt":{"rendered":"<p>La C\u00e1tedra Igualdad de G\u00e9nero y Diversidad \u00abClara Campoamor\u00bb La C\u00e1tedra de Igualdad de G\u00e9nero y Diversidad \u201cClara Campoamor\u201d,&nbsp;&nbsp;se entender\u00e1 como el lugar com\u00fan desde el que se desarrolle la producci\u00f3n y selecci\u00f3n de ideas y proyectos que plasmen la cooperaci\u00f3n entre la UCLM y el Instituto de la Mujer para promocionar actividades que favorezcan [&hellip;]<\/p>\n","protected":false},"author":55,"featured_media":0,"parent":0,"menu_order":0,"comment_status":"closed","ping_status":"closed","template":"page-no-separators","meta":{"footnotes":""},"class_list":["post-24","page","type-page","status-publish","hentry"],"_links":{"self":[{"href":"https:\/\/blog.uclm.es\/catedraclaracampoamor\/wp-json\/wp\/v2\/pages\/24","targetHints":{"allow":["GET"]}}],"collection":[{"href":"https:\/\/blog.uclm.es\/catedraclaracampoamor\/wp-json\/wp\/v2\/pages"}],"about":[{"href":"https:\/\/blog.uclm.es\/catedraclaracampoamor\/wp-json\/wp\/v2\/types\/page"}],"author":[{"embeddable":true,"href":"https:\/\/blog.uclm.es\/catedraclaracampoamor\/wp-json\/wp\/v2\/users\/55"}],"replies":[{"embeddable":true,"href":"https:\/\/blog.uclm.es\/catedraclaracampoamor\/wp-json\/wp\/v2\/comments?post=24"}],"version-history":[{"count":13,"href":"https:\/\/blog.uclm.es\/catedraclaracampoamor\/wp-json\/wp\/v2\/pages\/24\/revisions"}],"predecessor-version":[{"id":1130,"href":"https:\/\/blog.uclm.es\/catedraclaracampoamor\/wp-json\/wp\/v2\/pages\/24\/revisions\/1130"}],"wp:attachment":[{"href":"https:\/\/blog.uclm.es\/catedraclaracampoamor\/wp-json\/wp\/v2\/media?parent=24"}],"curies":[{"name":"wp","href":"https:\/\/api.w.org\/{rel}","templated":true}]}}