{"id":1261,"date":"2023-07-14T12:19:54","date_gmt":"2023-07-14T12:19:54","guid":{"rendered":"https:\/\/blog.uclm.es\/catedraclaracampoamor\/?page_id=1261"},"modified":"2023-07-14T12:19:54","modified_gmt":"2023-07-14T12:19:54","slug":"investigacion-2023","status":"publish","type":"page","link":"https:\/\/blog.uclm.es\/catedraclaracampoamor\/investigacion-2\/investigacion-2023\/","title":{"rendered":"Investigaci\u00f3n 2023"},"content":{"rendered":"\n<h3 class=\"wp-block-heading\"><strong>Investigaci\u00f3n 2023<\/strong><\/h3>\n\n\n\n<h4 class=\"wp-block-heading\">Libros y gu\u00edas<\/h4>\n\n\n\n<hr class=\"wp-block-separator has-alpha-channel-opacity is-style-wide\" \/>\n\n\n\n<figure class=\"wp-block-image size-full\"><img loading=\"lazy\" decoding=\"async\" width=\"997\" height=\"680\" src=\"https:\/\/blog.uclm.es\/catedraclaracampoamor\/wp-content\/uploads\/sites\/158\/2023\/07\/2023-Salud-sexual-Reproductiva-Igualdad.jpg\" alt=\"\" class=\"wp-image-1263\" srcset=\"https:\/\/blog.uclm.es\/catedraclaracampoamor\/wp-content\/uploads\/sites\/158\/2023\/07\/2023-Salud-sexual-Reproductiva-Igualdad.jpg 997w, https:\/\/blog.uclm.es\/catedraclaracampoamor\/wp-content\/uploads\/sites\/158\/2023\/07\/2023-Salud-sexual-Reproductiva-Igualdad-300x205.jpg 300w, https:\/\/blog.uclm.es\/catedraclaracampoamor\/wp-content\/uploads\/sites\/158\/2023\/07\/2023-Salud-sexual-Reproductiva-Igualdad-768x524.jpg 768w\" sizes=\"auto, (max-width: 997px) 100vw, 997px\" \/><\/figure>\n\n\n\n<p><strong>\u00abLegislaci\u00f3n estatal y auton\u00f3mica de Castilla-La Mancha, en materia de salud sexual y reproductiva, igualdad, violencia de g\u00e9nero y diversidad sexual \u00ab<br><\/strong><\/p>\n\n\n\n<p>Dentro de los objetivos y actividades a realizar en este a\u00f1o, la C\u00e1tedra \u201cClara Campoamor\u201d dise\u00f1ar, planificar, confeccionar un compendio legislativo vanguardista e innovador por cuanto que hasta ahora no ha existido un compendio legislativo que incorpore todas las normas m\u00e1s importantes en igualdad de g\u00e9nero y diversidad a nivel estatal y a nivel de la CCAA de Castilla-La Mancha. El contenido del libro, sin duda, va a constituir una herramienta de trabajo para los potenciales lectores del mismo como, el personal funcionariado, el PDI y PAS en la UCLM, las personas trabajadoras en los centros de la mujer, en unidades de igualdad, en los sindicatos y en las empresas, as\u00ed como los operadores jur\u00eddicos, jueces y fiscales y contribuir a la formaci\u00f3n en materia de igualdad y g\u00e9nero al estudiantado y futuros opositores, sirviendo como un libro de consulta permanente.<\/p>\n\n\n\n<p>Las normas seleccionadas se presentan actualizadas a mayo de 2023. Para facilitar el manejo, b\u00fasqueda, interpretaci\u00f3n y aplicaci\u00f3n, se incluye un \u00edndice sistem\u00e1tico general e \u00edndices sistem\u00e1ticos por cada norma al inicio de las mismas, un amplio \u00edndice anal\u00edtico para guiar a los lectores y lectoras, adem\u00e1s de una cabecera paginada, conectada con el \u00edndice sistem\u00e1tico general, permite su f\u00e1cil consulta y es reflejo de nuestra capacidad de crear, innovar,<\/p>\n\n\n\n<p>investigar y difundir en materia de igualdad de g\u00e9nero y diversidad en la activa C\u00e1tedra de Igualdad de G\u00e9nero y Diversidad \u201cClara Campoamor\u201d.<\/p>\n","protected":false},"excerpt":{"rendered":"<p>Investigaci\u00f3n 2023 Libros y gu\u00edas \u00abLegislaci\u00f3n estatal y auton\u00f3mica de Castilla-La Mancha, en materia de salud sexual y reproductiva, igualdad, violencia de g\u00e9nero y diversidad sexual \u00ab Dentro de los objetivos y actividades a realizar en este a\u00f1o, la C\u00e1tedra \u201cClara Campoamor\u201d dise\u00f1ar, planificar, confeccionar un compendio legislativo vanguardista e innovador por cuanto que hasta [&hellip;]<\/p>\n","protected":false},"author":55,"featured_media":0,"parent":282,"menu_order":0,"comment_status":"closed","ping_status":"closed","template":"","meta":{"footnotes":""},"class_list":["post-1261","page","type-page","status-publish","hentry"],"_links":{"self":[{"href":"https:\/\/blog.uclm.es\/catedraclaracampoamor\/wp-json\/wp\/v2\/pages\/1261","targetHints":{"allow":["GET"]}}],"collection":[{"href":"https:\/\/blog.uclm.es\/catedraclaracampoamor\/wp-json\/wp\/v2\/pages"}],"about":[{"href":"https:\/\/blog.uclm.es\/catedraclaracampoamor\/wp-json\/wp\/v2\/types\/page"}],"author":[{"embeddable":true,"href":"https:\/\/blog.uclm.es\/catedraclaracampoamor\/wp-json\/wp\/v2\/users\/55"}],"replies":[{"embeddable":true,"href":"https:\/\/blog.uclm.es\/catedraclaracampoamor\/wp-json\/wp\/v2\/comments?post=1261"}],"version-history":[{"count":3,"href":"https:\/\/blog.uclm.es\/catedraclaracampoamor\/wp-json\/wp\/v2\/pages\/1261\/revisions"}],"predecessor-version":[{"id":1269,"href":"https:\/\/blog.uclm.es\/catedraclaracampoamor\/wp-json\/wp\/v2\/pages\/1261\/revisions\/1269"}],"up":[{"embeddable":true,"href":"https:\/\/blog.uclm.es\/catedraclaracampoamor\/wp-json\/wp\/v2\/pages\/282"}],"wp:attachment":[{"href":"https:\/\/blog.uclm.es\/catedraclaracampoamor\/wp-json\/wp\/v2\/media?parent=1261"}],"curies":[{"name":"wp","href":"https:\/\/api.w.org\/{rel}","templated":true}]}}