{"id":1105,"date":"2022-11-08T15:40:52","date_gmt":"2022-11-08T15:40:52","guid":{"rendered":"https:\/\/blog.uclm.es\/catedraclaracampoamor\/?page_id=1105"},"modified":"2022-11-08T16:03:22","modified_gmt":"2022-11-08T16:03:22","slug":"documentos-observatorio","status":"publish","type":"page","link":"https:\/\/blog.uclm.es\/catedraclaracampoamor\/observatorio-de-igualdad\/documentos-observatorio\/","title":{"rendered":"Documentos observatorio"},"content":{"rendered":"\n<h2 class=\"alignwide wp-block-heading\">Documentos Observatorio de Igualdad \u00abClara Campoamor\u00bb<\/h2>\n\n\n\n<hr class=\"wp-block-separator has-text-color has-tertiary-color has-alpha-channel-opacity has-tertiary-background-color has-background is-style-wide\" \/>\n\n\n\n<div class=\"wp-block-group is-layout-constrained wp-block-group-is-layout-constrained\">\n<p><strong>Informe 1. Semestre II. 2022 G\u00e9nero y Calidad de Vida de los hombres y mujeres en Espa\u00f1a<\/strong><\/p>\n\n\n\n<p>Autores del documento:<br><em>Romero Rodenas, Mar\u00eda Jos\u00e9<br>L\u00f3pez Ruiz, V\u00edctor Ra\u00fal<br>Alfaro Navarro, Jos\u00e9 Luis<br>Gal\u00e1n Carretero, Aurora<br>Huete Alcocer, Nuria<br>Nevado Pe\u00f1a, Domingo<\/em><\/p>\n\n\n\n<p><strong><em><a href=\"https:\/\/blog.uclm.es\/catedraclaracampoamor\/wp-content\/uploads\/sites\/158\/2022\/11\/informe-genero-2022-15-10-22_..pdf\" data-type=\"URL\" data-id=\"https:\/\/blog.uclm.es\/catedraclaracampoamor\/wp-content\/uploads\/sites\/158\/2022\/11\/informe-genero-2022-15-10-22_..pdf\" target=\"_blank\" rel=\"noreferrer noopener\">Ver informe<\/a><\/em><\/strong><\/p>\n<\/div>\n\n\n\n<hr class=\"wp-block-separator has-text-color has-tertiary-color has-alpha-channel-opacity has-tertiary-background-color has-background is-style-wide\" \/>\n\n\n\n<div style=\"height:30px\" aria-hidden=\"true\" class=\"wp-block-spacer\"><\/div>\n","protected":false},"excerpt":{"rendered":"<p>Documentos Observatorio de Igualdad \u00abClara Campoamor\u00bb Informe 1. Semestre II. 2022 G\u00e9nero y Calidad de Vida de los hombres y mujeres en Espa\u00f1a Autores del documento:Romero Rodenas, Mar\u00eda Jos\u00e9L\u00f3pez Ruiz, V\u00edctor Ra\u00falAlfaro Navarro, Jos\u00e9 LuisGal\u00e1n Carretero, AuroraHuete Alcocer, NuriaNevado Pe\u00f1a, Domingo Ver informe<\/p>\n","protected":false},"author":55,"featured_media":0,"parent":505,"menu_order":0,"comment_status":"closed","ping_status":"closed","template":"","meta":{"footnotes":""},"class_list":["post-1105","page","type-page","status-publish","hentry"],"_links":{"self":[{"href":"https:\/\/blog.uclm.es\/catedraclaracampoamor\/wp-json\/wp\/v2\/pages\/1105","targetHints":{"allow":["GET"]}}],"collection":[{"href":"https:\/\/blog.uclm.es\/catedraclaracampoamor\/wp-json\/wp\/v2\/pages"}],"about":[{"href":"https:\/\/blog.uclm.es\/catedraclaracampoamor\/wp-json\/wp\/v2\/types\/page"}],"author":[{"embeddable":true,"href":"https:\/\/blog.uclm.es\/catedraclaracampoamor\/wp-json\/wp\/v2\/users\/55"}],"replies":[{"embeddable":true,"href":"https:\/\/blog.uclm.es\/catedraclaracampoamor\/wp-json\/wp\/v2\/comments?post=1105"}],"version-history":[{"count":6,"href":"https:\/\/blog.uclm.es\/catedraclaracampoamor\/wp-json\/wp\/v2\/pages\/1105\/revisions"}],"predecessor-version":[{"id":1115,"href":"https:\/\/blog.uclm.es\/catedraclaracampoamor\/wp-json\/wp\/v2\/pages\/1105\/revisions\/1115"}],"up":[{"embeddable":true,"href":"https:\/\/blog.uclm.es\/catedraclaracampoamor\/wp-json\/wp\/v2\/pages\/505"}],"wp:attachment":[{"href":"https:\/\/blog.uclm.es\/catedraclaracampoamor\/wp-json\/wp\/v2\/media?parent=1105"}],"curies":[{"name":"wp","href":"https:\/\/api.w.org\/{rel}","templated":true}]}}