{"id":940,"date":"2025-04-23T17:33:45","date_gmt":"2025-04-23T15:33:45","guid":{"rendered":"https:\/\/blog.uclm.es\/catedrabayeria\/?page_id=940"},"modified":"2026-03-10T13:46:09","modified_gmt":"2026-03-10T12:46:09","slug":"presentacion","status":"publish","type":"page","link":"https:\/\/blog.uclm.es\/catedrabayeria\/","title":{"rendered":""},"content":{"rendered":"\n<div class=\"wp-block-group alignfull has-secondary-background-color has-background is-layout-constrained wp-container-core-group-is-layout-d8be3edb wp-block-group-is-layout-constrained\" style=\"margin-top:0;margin-bottom:0;padding-top:64px;padding-right:24px;padding-bottom:56px;padding-left:24px\">\n<h1 class=\"wp-block-heading catedra-card\" style=\"margin-top:0;margin-bottom:12px;font-size:42px;line-height:1.15\">C\u00e1tedra Bayer-UCLM de Inteligencia Artificial en Salud<\/h1>\n\n\n\n<p class=\"has-foreground-color has-text-color has-large-font-size\" style=\"margin-top:0;margin-bottom:24px\">Formaci\u00f3n, investigaci\u00f3n y divulgaci\u00f3n para aplicar la IA con rigor y con impacto real en salud y ciencias de la vida.<\/p>\n<\/div>\n\n\n\n<div class=\"wp-block-group is-layout-constrained wp-container-core-group-is-layout-2d551016 wp-block-group-is-layout-constrained\" style=\"padding-top:32px;padding-right:24px;padding-bottom:8px;padding-left:24px\">\n<div class=\"wp-block-group catedra-card has-border-color has-secondary-background-color has-background is-layout-constrained wp-container-core-group-is-layout-02e4e69b wp-block-group-is-layout-constrained\" style=\"border-color:#e5e7eb;border-width:1px;border-radius:16px;margin-top:0;margin-bottom:28px;padding-top:26px;padding-right:26px;padding-bottom:26px;padding-left:26px\">\n<p class=\"has-medium-font-size\" style=\"margin-top:0;margin-bottom:12px\">La inteligencia artificial existe ya en todos los \u00e1mbitos de nuestra vida, tanto personal como profesional. Su desarrollo y aplicaci\u00f3n en el \u00e1rea de la salud y las ciencias de la vida no solo es inmensamente prometedor: se ha convertido en una necesidad para garantizar que el sector siga a la cabeza de la innovaci\u00f3n y la eficiencia.<\/p>\n\n\n\n<p class=\"has-primary-color has-text-color\" style=\"margin-top:0;margin-bottom:0\">La promesa que ofrece para el diagn\u00f3stico, la epidemiolog\u00eda, la predicci\u00f3n de enfermedad y progresi\u00f3n y la reducci\u00f3n de tareas administrativas, con mejora de resultados de salud y reducci\u00f3n de costes, ha despertado un inter\u00e9s en todo el sector casi sin precedente.<\/p>\n<\/div>\n\n\n\n<div class=\"wp-block-group catedra-card has-border-color has-secondary-background-color has-background is-layout-constrained wp-container-core-group-is-layout-02e4e69b wp-block-group-is-layout-constrained\" style=\"border-color:#e5e7eb;border-width:1px;border-radius:18px;margin-top:0;margin-bottom:28px;padding-top:26px;padding-right:26px;padding-bottom:26px;padding-left:26px\">\n<div class=\"wp-block-media-text is-stacked-on-mobile is-vertically-aligned-center\" style=\"grid-template-columns:45% auto\"><figure class=\"wp-block-media-text__media\"><img loading=\"lazy\" decoding=\"async\" width=\"1024\" height=\"1024\" src=\"https:\/\/blog.uclm.es\/catedrabayeria\/wp-content\/uploads\/sites\/304\/2024\/11\/Futuristic_AI_and_Supercomputing.jpeg\" alt=\"\" class=\"wp-image-252 size-full\" srcset=\"https:\/\/blog.uclm.es\/catedrabayeria\/wp-content\/uploads\/sites\/304\/2024\/11\/Futuristic_AI_and_Supercomputing.jpeg 1024w, https:\/\/blog.uclm.es\/catedrabayeria\/wp-content\/uploads\/sites\/304\/2024\/11\/Futuristic_AI_and_Supercomputing-300x300.jpeg 300w, https:\/\/blog.uclm.es\/catedrabayeria\/wp-content\/uploads\/sites\/304\/2024\/11\/Futuristic_AI_and_Supercomputing-150x150.jpeg 150w, https:\/\/blog.uclm.es\/catedrabayeria\/wp-content\/uploads\/sites\/304\/2024\/11\/Futuristic_AI_and_Supercomputing-768x768.jpeg 768w\" sizes=\"auto, (max-width: 1024px) 100vw, 1024px\" \/><\/figure><div class=\"wp-block-media-text__content\">\n<h2 class=\"wp-block-heading\" style=\"margin-top:0;margin-bottom:12px\">IA en salud: una oportunidad inmediata<\/h2>\n\n\n\n<ul style=\"margin-top:0;margin-bottom:12px\" class=\"wp-block-list\">\n<li>Revoluci\u00f3n del diagn\u00f3stico y soporte a la decisi\u00f3n.<\/li>\n\n\n\n<li>Epidemiolog\u00eda y vigilancia poblacional.<\/li>\n\n\n\n<li>Predicci\u00f3n de enfermedad y progresi\u00f3n.<\/li>\n\n\n\n<li>Reducci\u00f3n de tareas administrativas y mejora de procesos.<\/li>\n<\/ul>\n\n\n\n<p class=\"has-primary-color has-text-color\" style=\"margin-top:0;margin-bottom:0\">El reto es convertir el inter\u00e9s en proyectos aplicables, medibles y seguros.<\/p>\n<\/div><\/div>\n<\/div>\n\n\n\n<div class=\"wp-block-group catedra-card has-border-color has-secondary-background-color has-background is-layout-constrained wp-container-core-group-is-layout-14aad6e6 wp-block-group-is-layout-constrained\" style=\"border-color:#e5e7eb;border-width:1px;border-radius:18px;margin-top:0;margin-bottom:34px;padding-top:26px;padding-right:26px;padding-bottom:26px;padding-left:26px\">\n<div class=\"wp-block-media-text has-media-on-the-right is-stacked-on-mobile is-vertically-aligned-center\" style=\"grid-template-columns:auto 45%\"><div class=\"wp-block-media-text__content\">\n<h2 class=\"wp-block-heading\" style=\"margin-top:0;margin-bottom:12px\">De la promesa a la pr\u00e1ctica: retos a resolver<\/h2>\n\n\n\n<p style=\"margin-top:0;margin-bottom:12px\">Sin embargo, sigue habiendo m\u00e1s desconocimiento que experiencia. Muchos profesionales sanitarios conocen algunas aplicaciones de la IA, pero no siempre tienen una imagen completa de sus posibilidades, realidades y retos, y muchos no han tenido experiencia directa aplicando estas herramientas a su trabajo.<\/p>\n\n\n\n<ul style=\"margin-top:0;margin-bottom:0\" class=\"wp-block-list\">\n<li>Calidad y gobernanza del dato.<\/li>\n\n\n\n<li>Validaci\u00f3n, seguridad y explicabilidad.<\/li>\n\n\n\n<li>Integraci\u00f3n en flujos asistenciales reales.<\/li>\n\n\n\n<li>Aspectos \u00e9ticos, regulatorios y organizativos.<\/li>\n<\/ul>\n<\/div><figure class=\"wp-block-media-text__media\"><img loading=\"lazy\" decoding=\"async\" width=\"1024\" height=\"579\" src=\"https:\/\/blog.uclm.es\/catedrabayeria\/wp-content\/uploads\/sites\/304\/2025\/01\/QU7E651-1024x579.jpg\" alt=\"\" class=\"wp-image-420 size-full\" srcset=\"https:\/\/blog.uclm.es\/catedrabayeria\/wp-content\/uploads\/sites\/304\/2025\/01\/QU7E651-1024x579.jpg 1024w, https:\/\/blog.uclm.es\/catedrabayeria\/wp-content\/uploads\/sites\/304\/2025\/01\/QU7E651-300x170.jpg 300w, https:\/\/blog.uclm.es\/catedrabayeria\/wp-content\/uploads\/sites\/304\/2025\/01\/QU7E651-768x434.jpg 768w, https:\/\/blog.uclm.es\/catedrabayeria\/wp-content\/uploads\/sites\/304\/2025\/01\/QU7E651.jpg 1472w\" sizes=\"auto, (max-width: 1024px) 100vw, 1024px\" \/><\/figure><\/div>\n<\/div>\n\n\n\n<h2 class=\"wp-block-heading\" style=\"margin-top:0;margin-bottom:16px\">Tres l\u00edneas de trabajo<\/h2>\n\n\n\n<div class=\"wp-block-columns alignwide is-layout-flex wp-container-core-columns-is-layout-ff7146ff wp-block-columns-is-layout-flex\" style=\"margin-top:0;margin-bottom:18px\">\n<div class=\"wp-block-column is-layout-flow wp-block-column-is-layout-flow\">\n<div class=\"wp-block-group has-border-color has-secondary-background-color has-background is-layout-constrained wp-container-core-group-is-layout-2795876c wp-block-group-is-layout-constrained\" style=\"border-color:#e5e7eb;border-width:1px;border-radius:16px;padding-top:22px;padding-right:22px;padding-bottom:22px;padding-left:22px\">\n<h3 class=\"wp-block-heading\" style=\"margin-top:0;margin-bottom:10px\">Formaci\u00f3n<\/h3>\n\n\n\n<p class=\"has-primary-color has-text-color\" style=\"margin-top:0;margin-bottom:14px\">Facilitamos acceso a formaci\u00f3n pr\u00e1ctica y rigurosa sobre el uso de IA en salud.<\/p>\n\n\n\n<div class=\"wp-block-button is-style-outline is-style-outline--1\"><a class=\"wp-block-button__link wp-element-button\" href=\"https:\/\/blog.uclm.es\/catedrabayeria\/actividades\/\" style=\"border-radius:10px;padding-top:10px;padding-right:14px;padding-bottom:10px;padding-left:14px\">Ver formaci\u00f3n<\/a><\/div>\n<\/div>\n<\/div>\n\n\n\n<div class=\"wp-block-column is-layout-flow wp-block-column-is-layout-flow\">\n<div class=\"wp-block-group has-border-color has-secondary-background-color has-background is-layout-constrained wp-container-core-group-is-layout-2795876c wp-block-group-is-layout-constrained\" style=\"border-color:#e5e7eb;border-width:1px;border-radius:16px;padding-top:22px;padding-right:22px;padding-bottom:22px;padding-left:22px\">\n<h3 class=\"wp-block-heading\" style=\"margin-top:0;margin-bottom:10px\">Investigaci\u00f3n<\/h3>\n\n\n\n<p class=\"has-primary-color has-text-color\" style=\"margin-top:0;margin-bottom:14px\">Colaboramos en proyectos aplicando herramientas de IA al an\u00e1lisis de datos.<\/p>\n\n\n\n<div class=\"wp-block-button is-style-outline is-style-outline--2\"><a class=\"wp-block-button__link wp-element-button\" href=\"https:\/\/blog.uclm.es\/catedrabayeria\/contacto-2\/\" style=\"border-radius:10px;padding-top:10px;padding-right:14px;padding-bottom:10px;padding-left:14px\">Proponer colaboraci\u00f3n<\/a><\/div>\n<\/div>\n<\/div>\n\n\n\n<div class=\"wp-block-column is-layout-flow wp-block-column-is-layout-flow\">\n<div class=\"wp-block-group has-border-color has-secondary-background-color has-background is-layout-constrained wp-container-core-group-is-layout-2795876c wp-block-group-is-layout-constrained\" style=\"border-color:#e5e7eb;border-width:1px;border-radius:16px;padding-top:22px;padding-right:22px;padding-bottom:22px;padding-left:22px\">\n<h3 class=\"wp-block-heading\" style=\"margin-top:0;margin-bottom:10px\">Divulgaci\u00f3n<\/h3>\n\n\n\n<p class=\"has-foreground-color has-text-color\" style=\"margin-top:0;margin-bottom:14px\">Difundimos resultados y buenas pr\u00e1cticas para acelerar la puesta en pr\u00e1ctica.<\/p>\n\n\n\n<div class=\"wp-block-button is-style-outline is-style-outline--3\"><a class=\"wp-block-button__link wp-element-button\" href=\"https:\/\/blog.uclm.es\/catedrabayeria\/noticias\/\" style=\"border-radius:10px;padding-top:10px;padding-right:14px;padding-bottom:10px;padding-left:14px\">Ver publicaciones<\/a><\/div>\n<\/div>\n<\/div>\n<\/div>\n<\/div>\n\n\n\n<div class=\"wp-block-group alignfull has-secondary-background-color has-background is-layout-constrained wp-container-core-group-is-layout-c5bc5921 wp-block-group-is-layout-constrained\" style=\"margin-top:36px;margin-bottom:0;padding-top:44px;padding-right:24px;padding-bottom:44px;padding-left:24px\">\n<h2 class=\"wp-block-heading has-text-color\" style=\"color:#ffffff;margin-top:0;margin-bottom:12px\">\u00bfQuieres colaborar con la C\u00e1tedra?<\/h2>\n\n\n\n<p class=\"has-text-color\" style=\"margin-top:0;margin-bottom:18px\">Si tienes datos, ideas o inter\u00e9s en impulsar iniciativas conjuntas, estaremos encantados de hablar contigo.<\/p>\n\n\n\n<div class=\"wp-block-buttons is-content-justification-left is-layout-flex wp-container-core-buttons-is-layout-fc4fd283 wp-block-buttons-is-layout-flex\">\n<div class=\"wp-block-button\"><a class=\"wp-block-button__link has-text-color has-background wp-element-button\" href=\"https:\/\/blog.uclm.es\/catedrabayeria\/contacto-2\/\" style=\"border-radius:10px;color:#0f766e;background-color:#ffffff;padding-top:12px;padding-right:18px;padding-bottom:12px;padding-left:18px\">Escr\u00edbenos<\/a><\/div>\n<\/div>\n<\/div>\n\n\n\n<p><\/p>\n","protected":false},"excerpt":{"rendered":"<p>C\u00e1tedra Bayer-UCLM de Inteligencia Artificial en Salud Formaci\u00f3n, investigaci\u00f3n y divulgaci\u00f3n para aplicar la IA con rigor y con impacto real en salud y ciencias de la vida. La inteligencia artificial existe ya en todos los \u00e1mbitos de nuestra vida, tanto personal como profesional. Su desarrollo y aplicaci\u00f3n en el \u00e1rea de la salud y [&hellip;]<\/p>\n","protected":false},"author":495,"featured_media":0,"parent":0,"menu_order":0,"comment_status":"closed","ping_status":"closed","template":"","meta":{"footnotes":""},"class_list":["post-940","page","type-page","status-publish","hentry"],"_links":{"self":[{"href":"https:\/\/blog.uclm.es\/catedrabayeria\/wp-json\/wp\/v2\/pages\/940","targetHints":{"allow":["GET"]}}],"collection":[{"href":"https:\/\/blog.uclm.es\/catedrabayeria\/wp-json\/wp\/v2\/pages"}],"about":[{"href":"https:\/\/blog.uclm.es\/catedrabayeria\/wp-json\/wp\/v2\/types\/page"}],"author":[{"embeddable":true,"href":"https:\/\/blog.uclm.es\/catedrabayeria\/wp-json\/wp\/v2\/users\/495"}],"replies":[{"embeddable":true,"href":"https:\/\/blog.uclm.es\/catedrabayeria\/wp-json\/wp\/v2\/comments?post=940"}],"version-history":[{"count":21,"href":"https:\/\/blog.uclm.es\/catedrabayeria\/wp-json\/wp\/v2\/pages\/940\/revisions"}],"predecessor-version":[{"id":1518,"href":"https:\/\/blog.uclm.es\/catedrabayeria\/wp-json\/wp\/v2\/pages\/940\/revisions\/1518"}],"wp:attachment":[{"href":"https:\/\/blog.uclm.es\/catedrabayeria\/wp-json\/wp\/v2\/media?parent=940"}],"curies":[{"name":"wp","href":"https:\/\/api.w.org\/{rel}","templated":true}]}}