{"id":938,"date":"2025-04-23T17:33:19","date_gmt":"2025-04-23T15:33:19","guid":{"rendered":"https:\/\/blog.uclm.es\/catedrabayeria\/?page_id=938"},"modified":"2026-02-08T19:46:23","modified_gmt":"2026-02-08T18:46:23","slug":"mision-y-objetivos","status":"publish","type":"page","link":"https:\/\/blog.uclm.es\/catedrabayeria\/mision-y-objetivos\/","title":{"rendered":""},"content":{"rendered":"\n<div class=\"wp-block-group alignfull has-secondary-background-color has-background is-layout-constrained wp-container-core-group-is-layout-d8be3edb wp-block-group-is-layout-constrained\" style=\"margin-top:0;margin-bottom:0;padding-top:64px;padding-right:24px;padding-bottom:56px;padding-left:24px\">\n<h1 class=\"wp-block-heading catedra-card\" style=\"margin-top:0;margin-bottom:12px;font-size:42px;line-height:1.15\">Misi\u00f3n y objetivos<\/h1>\n\n\n\n<p class=\"has-foreground-color has-text-color has-large-font-size\" style=\"margin-top:0;margin-bottom:0\">Una hoja de ruta para impulsar investigaci\u00f3n e innovaci\u00f3n en IA aplicada a la medicina, con impacto real en el sistema de salud.<\/p>\n<\/div>\n\n\n\n<div class=\"wp-block-group is-layout-constrained wp-container-core-group-is-layout-2d551016 wp-block-group-is-layout-constrained\" style=\"padding-top:32px;padding-right:24px;padding-bottom:8px;padding-left:24px\">\n<div class=\"wp-block-group catedra-card has-border-color has-secondary-background-color has-background is-layout-constrained wp-container-core-group-is-layout-02e4e69b wp-block-group-is-layout-constrained\" style=\"border-color:#e5e7eb;border-width:1px;border-radius:18px;margin-top:0;margin-bottom:28px;padding-top:26px;padding-right:26px;padding-bottom:26px;padding-left:26px\">\n<div class=\"wp-block-media-text is-stacked-on-mobile is-vertically-aligned-center\" style=\"grid-template-columns:45% auto\"><figure class=\"wp-block-media-text__media\"><img loading=\"lazy\" decoding=\"async\" width=\"1024\" height=\"1024\" src=\"https:\/\/blog.uclm.es\/catedrabayeria\/wp-content\/uploads\/sites\/304\/2024\/11\/AI_in_medicine_high_resolution-1.jpeg\" alt=\"\" class=\"wp-image-134 size-full\" srcset=\"https:\/\/blog.uclm.es\/catedrabayeria\/wp-content\/uploads\/sites\/304\/2024\/11\/AI_in_medicine_high_resolution-1.jpeg 1024w, https:\/\/blog.uclm.es\/catedrabayeria\/wp-content\/uploads\/sites\/304\/2024\/11\/AI_in_medicine_high_resolution-1-300x300.jpeg 300w, https:\/\/blog.uclm.es\/catedrabayeria\/wp-content\/uploads\/sites\/304\/2024\/11\/AI_in_medicine_high_resolution-1-150x150.jpeg 150w, https:\/\/blog.uclm.es\/catedrabayeria\/wp-content\/uploads\/sites\/304\/2024\/11\/AI_in_medicine_high_resolution-1-768x768.jpeg 768w\" sizes=\"auto, (max-width: 1024px) 100vw, 1024px\" \/><\/figure><div class=\"wp-block-media-text__content\">\n<h2 class=\"wp-block-heading\" style=\"margin-top:0;margin-bottom:12px\">Misi\u00f3n<\/h2>\n\n\n\n<p style=\"margin-top:0;margin-bottom:0\">La C\u00e1tedra Bayer &#8211; Universidad de Castilla-La Mancha tiene como misi\u00f3n liderar la investigaci\u00f3n y la innovaci\u00f3n en el campo de la medicina, mediante la integraci\u00f3n de sistemas de inteligencia artificial para mejorar el diagn\u00f3stico, la personalizaci\u00f3n de tratamientos y la eficiencia en los procesos cl\u00ednicos. Este esfuerzo conjunto busca impulsar avances cient\u00edficos y tecnol\u00f3gicos que permitan abordar los retos m\u00e9dicos actuales, optimizando los recursos de la salud y mejorando la calidad de vida de los pacientes.<\/p>\n<\/div><\/div>\n<\/div>\n\n\n\n<div class=\"wp-block-group catedra-card has-border-color has-secondary-background-color has-background is-layout-constrained wp-container-core-group-is-layout-02e4e69b wp-block-group-is-layout-constrained\" style=\"border-color:#e5e7eb;border-width:1px;border-radius:18px;margin-top:0;margin-bottom:28px;padding-top:26px;padding-right:26px;padding-bottom:26px;padding-left:26px\">\n<h2 class=\"wp-block-heading\" style=\"margin-top:0;margin-bottom:12px\">Objetivos<\/h2>\n\n\n\n<p class=\"has-primary-color has-text-color\" style=\"margin-top:0;margin-bottom:14px\">Convertir la IA en una palanca real de mejora en salud: m\u00e1s precisi\u00f3n, m\u00e1s eficiencia y m\u00e1s conocimiento \u00fatil.<\/p>\n\n\n\n<ol style=\"margin-top:0;margin-bottom:0\" class=\"wp-block-list\">\n<li>Impulsar la investigaci\u00f3n avanzada en inteligencia artificial aplicada a la medicina.<\/li>\n\n\n\n<li>Optimizar los procesos cl\u00ednicos y la gesti\u00f3n de recursos en salud.<\/li>\n\n\n\n<li>Crear un centro de referencia en la intersecci\u00f3n entre medicina e inteligencia artificial.<\/li>\n\n\n\n<li>Formar y capacitar a nuevos talentos en la aplicaci\u00f3n de inteligencia artificial en medicina.<\/li>\n\n\n\n<li>Contribuir al avance global del conocimiento en medicina e inteligencia artificial.<\/li>\n<\/ol>\n<\/div>\n\n\n\n<div class=\"wp-block-group catedra-card has-border-color has-secondary-background-color has-background is-layout-constrained wp-container-core-group-is-layout-14aad6e6 wp-block-group-is-layout-constrained\" style=\"border-color:#e5e7eb;border-width:1px;border-radius:18px;margin-top:0;margin-bottom:34px;padding-top:26px;padding-right:26px;padding-bottom:26px;padding-left:26px\">\n<div class=\"wp-block-media-text has-media-on-the-right is-stacked-on-mobile is-vertically-aligned-center\" style=\"grid-template-columns:auto 45%\"><div class=\"wp-block-media-text__content\">\n<h2 class=\"wp-block-heading\" style=\"margin-top:0;margin-bottom:12px\">Visi\u00f3n<\/h2>\n\n\n\n<p class=\"has-primary-color has-text-color\" style=\"margin-top:0;margin-bottom:0\">Esta c\u00e1tedra representa un puente innovador entre la tecnolog\u00eda y la medicina, con el objetivo de transformar los paradigmas de atenci\u00f3n sanitaria y responder a las necesidades del sistema de salud moderno.<\/p>\n<\/div><figure class=\"wp-block-media-text__media\"><img loading=\"lazy\" decoding=\"async\" width=\"1024\" height=\"1024\" src=\"https:\/\/blog.uclm.es\/catedrabayeria\/wp-content\/uploads\/sites\/304\/2024\/11\/Advanced_AI_and_Supercomputing.jpeg\" alt=\"\" class=\"wp-image-264 size-full\" srcset=\"https:\/\/blog.uclm.es\/catedrabayeria\/wp-content\/uploads\/sites\/304\/2024\/11\/Advanced_AI_and_Supercomputing.jpeg 1024w, https:\/\/blog.uclm.es\/catedrabayeria\/wp-content\/uploads\/sites\/304\/2024\/11\/Advanced_AI_and_Supercomputing-300x300.jpeg 300w, https:\/\/blog.uclm.es\/catedrabayeria\/wp-content\/uploads\/sites\/304\/2024\/11\/Advanced_AI_and_Supercomputing-150x150.jpeg 150w, https:\/\/blog.uclm.es\/catedrabayeria\/wp-content\/uploads\/sites\/304\/2024\/11\/Advanced_AI_and_Supercomputing-768x768.jpeg 768w\" sizes=\"auto, (max-width: 1024px) 100vw, 1024px\" \/><\/figure><\/div>\n<\/div>\n<\/div>\n","protected":false},"excerpt":{"rendered":"<p>Misi\u00f3n y objetivos Una hoja de ruta para impulsar investigaci\u00f3n e innovaci\u00f3n en IA aplicada a la medicina, con impacto real en el sistema de salud. Misi\u00f3n La C\u00e1tedra Bayer &#8211; Universidad de Castilla-La Mancha tiene como misi\u00f3n liderar la investigaci\u00f3n y la innovaci\u00f3n en el campo de la medicina, mediante la integraci\u00f3n de sistemas [&hellip;]<\/p>\n","protected":false},"author":495,"featured_media":0,"parent":0,"menu_order":0,"comment_status":"closed","ping_status":"closed","template":"","meta":{"footnotes":""},"class_list":["post-938","page","type-page","status-publish","hentry"],"_links":{"self":[{"href":"https:\/\/blog.uclm.es\/catedrabayeria\/wp-json\/wp\/v2\/pages\/938","targetHints":{"allow":["GET"]}}],"collection":[{"href":"https:\/\/blog.uclm.es\/catedrabayeria\/wp-json\/wp\/v2\/pages"}],"about":[{"href":"https:\/\/blog.uclm.es\/catedrabayeria\/wp-json\/wp\/v2\/types\/page"}],"author":[{"embeddable":true,"href":"https:\/\/blog.uclm.es\/catedrabayeria\/wp-json\/wp\/v2\/users\/495"}],"replies":[{"embeddable":true,"href":"https:\/\/blog.uclm.es\/catedrabayeria\/wp-json\/wp\/v2\/comments?post=938"}],"version-history":[{"count":16,"href":"https:\/\/blog.uclm.es\/catedrabayeria\/wp-json\/wp\/v2\/pages\/938\/revisions"}],"predecessor-version":[{"id":1306,"href":"https:\/\/blog.uclm.es\/catedrabayeria\/wp-json\/wp\/v2\/pages\/938\/revisions\/1306"}],"wp:attachment":[{"href":"https:\/\/blog.uclm.es\/catedrabayeria\/wp-json\/wp\/v2\/media?parent=938"}],"curies":[{"name":"wp","href":"https:\/\/api.w.org\/{rel}","templated":true}]}}