{"id":936,"date":"2025-04-23T17:31:29","date_gmt":"2025-04-23T15:31:29","guid":{"rendered":"https:\/\/blog.uclm.es\/catedrabayeria\/?page_id=936"},"modified":"2026-02-08T19:50:25","modified_gmt":"2026-02-08T18:50:25","slug":"actividades","status":"publish","type":"page","link":"https:\/\/blog.uclm.es\/catedrabayeria\/actividades\/","title":{"rendered":""},"content":{"rendered":"\n<div class=\"wp-block-group alignfull has-secondary-background-color has-background is-layout-constrained wp-container-core-group-is-layout-d8be3edb wp-block-group-is-layout-constrained\" style=\"margin-top:0;margin-bottom:0;padding-top:64px;padding-right:24px;padding-bottom:56px;padding-left:24px\">\n<h1 class=\"wp-block-heading catedra-card\" style=\"margin-top:0;margin-bottom:12px;font-size:42px;line-height:1.15\">Actividades<\/h1>\n\n\n\n<p class=\"has-foreground-color has-text-color has-large-font-size\" style=\"margin-top:0;margin-bottom:0\">Formaci\u00f3n, investigaci\u00f3n, transferencia y divulgaci\u00f3n para impulsar conocimiento innovador y fortalecer la relaci\u00f3n entre universidad, sociedad y tejido empresarial.<\/p>\n<\/div>\n\n\n\n<div class=\"wp-block-group is-layout-constrained wp-container-core-group-is-layout-2d551016 wp-block-group-is-layout-constrained\" style=\"padding-top:32px;padding-right:24px;padding-bottom:8px;padding-left:24px\">\n<div class=\"wp-block-group catedra-card has-border-color has-secondary-background-color has-background is-layout-constrained wp-container-core-group-is-layout-02e4e69b wp-block-group-is-layout-constrained\" style=\"border-color:#e5e7eb;border-width:1px;border-radius:16px;margin-top:0;margin-bottom:28px;padding-top:26px;padding-right:26px;padding-bottom:26px;padding-left:26px\">\n<p class=\"has-medium-font-size\" style=\"margin-top:0;margin-bottom:0\">La <strong>C\u00e1tedra de Bayer en Inteligencia Artificial<\/strong> es un espacio acad\u00e9mico de excelencia dedicado a la formaci\u00f3n, investigaci\u00f3n, transferencia de conocimiento y divulgaci\u00f3n en \u00e1reas estrat\u00e9gicas de inter\u00e9s. Nuestro prop\u00f3sito es promover la generaci\u00f3n de conocimiento innovador, la formaci\u00f3n de talento altamente cualificado y el fortalecimiento de la relaci\u00f3n entre la universidad, la sociedad y el tejido empresarial. En esta p\u00e1gina, podr\u00e1s descubrir las actividades que desarrollamos para cumplir nuestra misi\u00f3n.<\/p>\n<\/div>\n\n\n\n<div class=\"wp-block-group catedra-card has-border-color has-secondary-background-color has-background is-layout-constrained wp-container-core-group-is-layout-02e4e69b wp-block-group-is-layout-constrained\" style=\"border-color:#e5e7eb;border-width:1px;border-radius:18px;margin-top:0;margin-bottom:28px;padding-top:26px;padding-right:26px;padding-bottom:26px;padding-left:26px\">\n<div class=\"wp-block-media-text has-media-on-the-right is-stacked-on-mobile is-vertically-aligned-center\" style=\"grid-template-columns:auto 45%\"><div class=\"wp-block-media-text__content\">\n<h2 class=\"wp-block-heading\" style=\"margin-top:0;margin-bottom:12px\">Investigaci\u00f3n y transferencia<\/h2>\n\n\n\n<p style=\"margin-top:0;margin-bottom:12px\">La investigaci\u00f3n es el eje principal de la c\u00e1tedra, orientada a generar resultados innovadores y transferirlos a la sociedad y al sector productivo. Algunas de las iniciativas destacadas incluyen:<\/p>\n\n\n\n<ul style=\"margin-top:0;margin-bottom:0\" class=\"wp-block-list\">\n<li><strong>Desarrollo de l\u00edneas de investigaci\u00f3n conjuntas:<\/strong> Abordamos problem\u00e1ticas relevantes a trav\u00e9s de proyectos interdisciplinarios que unen a acad\u00e9micos y profesionales del sector.<\/li>\n\n\n\n<li><strong>Tesis doctorales en colaboraci\u00f3n con empresas:<\/strong> Impulsamos el desarrollo de investigaciones aplicadas que conectan las necesidades del entorno empresarial con el rigor acad\u00e9mico.<\/li>\n\n\n\n<li><strong>Investigaciones y publicaciones cient\u00edficas:<\/strong> Contribuimos al conocimiento global a trav\u00e9s de art\u00edculos y estudios de alto impacto en revistas especializadas.<\/li>\n\n\n\n<li><strong>Proyectos nacionales e internacionales:<\/strong> Participamos en convocatorias de financiaci\u00f3n para desarrollar investigaciones con alcance global.<\/li>\n\n\n\n<li><strong>Transferencia de resultados:<\/strong> Traducimos nuestros hallazgos en aplicaciones pr\u00e1cticas que beneficien a la sociedad, fomentando la innovaci\u00f3n.<\/li>\n<\/ul>\n<\/div><figure class=\"wp-block-media-text__media\"><img loading=\"lazy\" decoding=\"async\" width=\"1024\" height=\"585\" src=\"https:\/\/blog.uclm.es\/catedrabayeria\/wp-content\/uploads\/sites\/304\/2024\/11\/A_modern_and_innovative_scene_focusing_on_AI_resea-1024x585.jpeg\" alt=\"\" class=\"wp-image-271 size-full\" srcset=\"https:\/\/blog.uclm.es\/catedrabayeria\/wp-content\/uploads\/sites\/304\/2024\/11\/A_modern_and_innovative_scene_focusing_on_AI_resea-1024x585.jpeg 1024w, https:\/\/blog.uclm.es\/catedrabayeria\/wp-content\/uploads\/sites\/304\/2024\/11\/A_modern_and_innovative_scene_focusing_on_AI_resea-300x171.jpeg 300w, https:\/\/blog.uclm.es\/catedrabayeria\/wp-content\/uploads\/sites\/304\/2024\/11\/A_modern_and_innovative_scene_focusing_on_AI_resea-768x439.jpeg 768w, https:\/\/blog.uclm.es\/catedrabayeria\/wp-content\/uploads\/sites\/304\/2024\/11\/A_modern_and_innovative_scene_focusing_on_AI_resea-1536x878.jpeg 1536w, https:\/\/blog.uclm.es\/catedrabayeria\/wp-content\/uploads\/sites\/304\/2024\/11\/A_modern_and_innovative_scene_focusing_on_AI_resea.jpeg 1792w\" sizes=\"auto, (max-width: 1024px) 100vw, 1024px\" \/><\/figure><\/div>\n<\/div>\n\n\n\n<div class=\"wp-block-group catedra-card has-border-color has-secondary-background-color has-background is-layout-constrained wp-container-core-group-is-layout-02e4e69b wp-block-group-is-layout-constrained\" style=\"border-color:#e5e7eb;border-width:1px;border-radius:18px;margin-top:0;margin-bottom:28px;padding-top:26px;padding-right:26px;padding-bottom:26px;padding-left:26px\">\n<div class=\"wp-block-media-text is-stacked-on-mobile is-vertically-aligned-center\" style=\"grid-template-columns:45% auto\"><figure class=\"wp-block-media-text__media\"><img loading=\"lazy\" decoding=\"async\" width=\"1024\" height=\"585\" src=\"https:\/\/blog.uclm.es\/catedrabayeria\/wp-content\/uploads\/sites\/304\/2024\/11\/Wide_AI_Education_Banner-1024x585.jpeg\" alt=\"\" class=\"wp-image-261 size-full\" srcset=\"https:\/\/blog.uclm.es\/catedrabayeria\/wp-content\/uploads\/sites\/304\/2024\/11\/Wide_AI_Education_Banner-1024x585.jpeg 1024w, https:\/\/blog.uclm.es\/catedrabayeria\/wp-content\/uploads\/sites\/304\/2024\/11\/Wide_AI_Education_Banner-300x171.jpeg 300w, https:\/\/blog.uclm.es\/catedrabayeria\/wp-content\/uploads\/sites\/304\/2024\/11\/Wide_AI_Education_Banner-768x439.jpeg 768w, https:\/\/blog.uclm.es\/catedrabayeria\/wp-content\/uploads\/sites\/304\/2024\/11\/Wide_AI_Education_Banner-1536x878.jpeg 1536w, https:\/\/blog.uclm.es\/catedrabayeria\/wp-content\/uploads\/sites\/304\/2024\/11\/Wide_AI_Education_Banner.jpeg 1792w\" sizes=\"auto, (max-width: 1024px) 100vw, 1024px\" \/><\/figure><div class=\"wp-block-media-text__content\">\n<h2 class=\"wp-block-heading\" style=\"margin-top:0;margin-bottom:12px\">Formaci\u00f3n<\/h2>\n\n\n\n<p style=\"margin-top:0;margin-bottom:12px\">La c\u00e1tedra fomenta el desarrollo acad\u00e9mico y profesional a trav\u00e9s de una oferta de iniciativas formativas que incluyen:<\/p>\n\n\n\n<ul style=\"margin-top:0;margin-bottom:0\" class=\"wp-block-list\">\n<li><strong>Cursos y seminarios especializados:<\/strong> Ofrecemos formaci\u00f3n continua para profesionales, investigadores y estudiantes en tem\u00e1ticas relacionadas con la c\u00e1tedra.<\/li>\n\n\n\n<li><strong>Programas predoctorales y postdoctorales:<\/strong> Apoyamos el desarrollo de talento en etapas cruciales de la carrera investigadora.<\/li>\n\n\n\n<li><strong>Conferencias:<\/strong> Participamos en eventos con expertos destacados para difundir conocimiento de vanguardia.<\/li>\n<\/ul>\n<\/div><\/div>\n<\/div>\n\n\n\n<div class=\"wp-block-group catedra-card has-border-color has-secondary-background-color has-background is-layout-constrained wp-container-core-group-is-layout-14aad6e6 wp-block-group-is-layout-constrained\" style=\"border-color:#e5e7eb;border-width:1px;border-radius:18px;margin-top:0;margin-bottom:34px;padding-top:26px;padding-right:26px;padding-bottom:26px;padding-left:26px\">\n<div class=\"wp-block-media-text has-media-on-the-right is-stacked-on-mobile is-vertically-aligned-center\" style=\"grid-template-columns:auto 45%\"><div class=\"wp-block-media-text__content\">\n<h2 class=\"wp-block-heading\" style=\"margin-top:0;margin-bottom:12px\">Divulgaci\u00f3n<\/h2>\n\n\n\n<p style=\"margin-top:0;margin-bottom:12px\">La c\u00e1tedra est\u00e1 comprometida con la difusi\u00f3n del conocimiento generado en sus proyectos y actividades mediante:<\/p>\n\n\n\n<ul style=\"margin-top:0;margin-bottom:0\" class=\"wp-block-list\">\n<li><strong>Jornadas de divulgaci\u00f3n:<\/strong> Promovemos el acceso al conocimiento a trav\u00e9s de eventos abiertos a la sociedad.<\/li>\n\n\n\n<li><strong>Promoci\u00f3n de acontecimientos t\u00e9cnicos, cient\u00edficos, culturales y sociales:<\/strong> Colaboramos en iniciativas que integran la ciencia y la cultura.<\/li>\n\n\n\n<li><strong>Publicaciones:<\/strong> Producimos y compartimos materiales especializados que fortalecen la presencia acad\u00e9mica de la c\u00e1tedra.<\/li>\n<\/ul>\n<\/div><figure class=\"wp-block-media-text__media\"><img loading=\"lazy\" decoding=\"async\" width=\"1024\" height=\"585\" src=\"https:\/\/blog.uclm.es\/catedrabayeria\/wp-content\/uploads\/sites\/304\/2024\/11\/A_vibrant_scene_illustrating_participation_in_AI_s_v2-1-1024x585.jpeg\" alt=\"\" class=\"wp-image-269 size-full\" srcset=\"https:\/\/blog.uclm.es\/catedrabayeria\/wp-content\/uploads\/sites\/304\/2024\/11\/A_vibrant_scene_illustrating_participation_in_AI_s_v2-1-1024x585.jpeg 1024w, https:\/\/blog.uclm.es\/catedrabayeria\/wp-content\/uploads\/sites\/304\/2024\/11\/A_vibrant_scene_illustrating_participation_in_AI_s_v2-1-300x171.jpeg 300w, https:\/\/blog.uclm.es\/catedrabayeria\/wp-content\/uploads\/sites\/304\/2024\/11\/A_vibrant_scene_illustrating_participation_in_AI_s_v2-1-768x439.jpeg 768w, https:\/\/blog.uclm.es\/catedrabayeria\/wp-content\/uploads\/sites\/304\/2024\/11\/A_vibrant_scene_illustrating_participation_in_AI_s_v2-1-1536x878.jpeg 1536w, https:\/\/blog.uclm.es\/catedrabayeria\/wp-content\/uploads\/sites\/304\/2024\/11\/A_vibrant_scene_illustrating_participation_in_AI_s_v2-1.jpeg 1792w\" sizes=\"auto, (max-width: 1024px) 100vw, 1024px\" \/><\/figure><\/div>\n<\/div>\n<\/div>\n\n\n<p><!-- CTA final --><\/p>\n\n\n<div class=\"wp-block-group alignfull has-secondary-background-color has-background is-layout-constrained wp-container-core-group-is-layout-c5bc5921 wp-block-group-is-layout-constrained\" style=\"margin-top:36px;margin-bottom:0;padding-top:44px;padding-right:24px;padding-bottom:44px;padding-left:24px\">\n<h2 class=\"wp-block-heading has-text-color\" style=\"color:#ffffff;margin-top:0;margin-bottom:12px\">\u00danete a la C\u00e1tedra<\/h2>\n\n\n\n<p class=\"has-text-color\" style=\"margin-top:0;margin-bottom:18px\"><p class=\"has-text-color\" style=\"margin-top:0;margin-bottom:18px\">La <strong>C\u00e1tedra de Bayer en Inteligencia Artificial<\/strong> es un espacio abierto para la colaboraci\u00f3n. Ya seas estudiante, investigador, profesional o empresa, te invitamos a participar y contribuir al avance del conocimiento.<\/p><\/p>\n\n\n\n<div class=\"wp-block-buttons is-content-justification-left is-layout-flex wp-container-core-buttons-is-layout-fc4fd283 wp-block-buttons-is-layout-flex\">\n<div class=\"wp-block-button\"><a class=\"wp-block-button__link has-text-color has-background wp-element-button\" href=\"https:\/\/blog.uclm.es\/catedrabayeria\/contacto-2\/\" style=\"border-radius:10px;color:#0f766e;background-color:#ffffff;padding-top:12px;padding-right:18px;padding-bottom:12px;padding-left:18px\">Escr\u00edbenos<\/a><\/div>\n<\/div>\n<\/div>\n\n\n\n<p><\/p>\n","protected":false},"excerpt":{"rendered":"<p>Actividades Formaci\u00f3n, investigaci\u00f3n, transferencia y divulgaci\u00f3n para impulsar conocimiento innovador y fortalecer la relaci\u00f3n entre universidad, sociedad y tejido empresarial. La C\u00e1tedra de Bayer en Inteligencia Artificial es un espacio acad\u00e9mico de excelencia dedicado a la formaci\u00f3n, investigaci\u00f3n, transferencia de conocimiento y divulgaci\u00f3n en \u00e1reas estrat\u00e9gicas de inter\u00e9s. Nuestro prop\u00f3sito es promover la generaci\u00f3n de [&hellip;]<\/p>\n","protected":false},"author":495,"featured_media":0,"parent":0,"menu_order":0,"comment_status":"closed","ping_status":"closed","template":"","meta":{"footnotes":""},"class_list":["post-936","page","type-page","status-publish","hentry"],"_links":{"self":[{"href":"https:\/\/blog.uclm.es\/catedrabayeria\/wp-json\/wp\/v2\/pages\/936","targetHints":{"allow":["GET"]}}],"collection":[{"href":"https:\/\/blog.uclm.es\/catedrabayeria\/wp-json\/wp\/v2\/pages"}],"about":[{"href":"https:\/\/blog.uclm.es\/catedrabayeria\/wp-json\/wp\/v2\/types\/page"}],"author":[{"embeddable":true,"href":"https:\/\/blog.uclm.es\/catedrabayeria\/wp-json\/wp\/v2\/users\/495"}],"replies":[{"embeddable":true,"href":"https:\/\/blog.uclm.es\/catedrabayeria\/wp-json\/wp\/v2\/comments?post=936"}],"version-history":[{"count":7,"href":"https:\/\/blog.uclm.es\/catedrabayeria\/wp-json\/wp\/v2\/pages\/936\/revisions"}],"predecessor-version":[{"id":1310,"href":"https:\/\/blog.uclm.es\/catedrabayeria\/wp-json\/wp\/v2\/pages\/936\/revisions\/1310"}],"wp:attachment":[{"href":"https:\/\/blog.uclm.es\/catedrabayeria\/wp-json\/wp\/v2\/media?parent=936"}],"curies":[{"name":"wp","href":"https:\/\/api.w.org\/{rel}","templated":true}]}}