{"id":29,"date":"2024-11-22T19:07:18","date_gmt":"2024-11-22T18:07:18","guid":{"rendered":"https:\/\/blog.uclm.es\/catedrabayeria\/?page_id=29"},"modified":"2026-02-08T19:58:04","modified_gmt":"2026-02-08T18:58:04","slug":"contacto-2","status":"publish","type":"page","link":"https:\/\/blog.uclm.es\/catedrabayeria\/contacto-2\/","title":{"rendered":""},"content":{"rendered":"\n<div class=\"wp-block-group alignfull has-secondary-background-color has-background is-layout-constrained wp-container-core-group-is-layout-d8be3edb wp-block-group-is-layout-constrained\" style=\"margin-top:0;margin-bottom:0;padding-top:64px;padding-right:24px;padding-bottom:56px;padding-left:24px\">\n<h1 class=\"wp-block-heading catedra-card\" style=\"margin-top:0;margin-bottom:12px;font-size:42px;line-height:1.15\">Contacto<\/h1>\n\n\n\n<p class=\"has-foreground-color has-text-color has-large-font-size\" style=\"margin-top:0;margin-bottom:0\">Para informaci\u00f3n, propuestas de colaboraci\u00f3n o actividades, puedes escribirnos o contactar con el equipo responsable.<\/p>\n<\/div>\n\n\n\n<div class=\"wp-block-group is-layout-constrained wp-container-core-group-is-layout-2d551016 wp-block-group-is-layout-constrained\" style=\"padding-top:32px;padding-right:24px;padding-bottom:8px;padding-left:24px\">\n<div class=\"wp-block-group catedra-card has-border-color has-secondary-background-color has-background is-layout-constrained wp-container-core-group-is-layout-14aad6e6 wp-block-group-is-layout-constrained\" style=\"border-color:#e5e7eb;border-width:1px;border-radius:18px;margin-top:0;margin-bottom:34px;padding-top:26px;padding-right:26px;padding-bottom:26px;padding-left:26px\">\n<div class=\"wp-block-media-text is-stacked-on-mobile is-vertically-aligned-center\" style=\"grid-template-columns:55% auto\"><figure class=\"wp-block-media-text__media\"><a href=\"https:\/\/www.uclm.es\/centros-investigacion\/itct\" target=\"_blank\" rel=\"noreferrer noopener\"><img loading=\"lazy\" decoding=\"async\" width=\"1024\" height=\"768\" src=\"https:\/\/blog.uclm.es\/catedrabayeria\/wp-content\/uploads\/sites\/304\/2025\/03\/P4030041-1024x768.jpg\" alt=\"\" class=\"wp-image-883 size-full\" srcset=\"https:\/\/blog.uclm.es\/catedrabayeria\/wp-content\/uploads\/sites\/304\/2025\/03\/P4030041-1024x768.jpg 1024w, https:\/\/blog.uclm.es\/catedrabayeria\/wp-content\/uploads\/sites\/304\/2025\/03\/P4030041-300x225.jpg 300w, https:\/\/blog.uclm.es\/catedrabayeria\/wp-content\/uploads\/sites\/304\/2025\/03\/P4030041-768x576.jpg 768w, https:\/\/blog.uclm.es\/catedrabayeria\/wp-content\/uploads\/sites\/304\/2025\/03\/P4030041-1536x1152.jpg 1536w, https:\/\/blog.uclm.es\/catedrabayeria\/wp-content\/uploads\/sites\/304\/2025\/03\/P4030041-2048x1536.jpg 2048w\" sizes=\"auto, (max-width: 1024px) 100vw, 1024px\" \/><\/a><\/figure><div class=\"wp-block-media-text__content\">\n<h2 class=\"wp-block-heading\" style=\"margin-top:0;margin-bottom:10px\">Jorge Mateo Sotos<\/h2>\n\n\n\n<p class=\"has-primary-color has-text-color\" style=\"margin-top:0;margin-bottom:12px\">Instituto de Tecnolog\u00eda, Construcci\u00f3n y Telecomunicaciones (ITCT)<\/p>\n\n\n\n<p style=\"margin-top:0;margin-bottom:12px\"><a href=\"https:\/\/www.uclm.es\" target=\"_blank\" rel=\"noreferrer noopener\">Universidad de Castilla-La Mancha<\/a><\/p>\n\n\n\n<hr class=\"wp-block-separator has-alpha-channel-opacity\" style=\"margin-top:0;margin-bottom:14px\" \/>\n\n\n\n<p style=\"margin-top:0;margin-bottom:6px\"><strong>Ubicaci\u00f3n<\/strong><\/p>\n\n\n\n<p style=\"margin-top:0;margin-bottom:0\">Campus Universitario \u00b7 Cuenca (Espa\u00f1a)<\/p>\n\n\n\n<div style=\"height:14px\" aria-hidden=\"true\" class=\"wp-block-spacer\"><\/div>\n\n\n\n<p style=\"margin-top:0;margin-bottom:6px\"><strong>Email<\/strong><\/p>\n\n\n\n<p style=\"margin-top:0;margin-bottom:0\"><a href=\"mailto:catedra.bayer@uclm.es\">catedra.bayer@uclm.es<\/a><\/p>\n<\/div><\/div>\n<\/div>\n<\/div>\n\n\n\n<div class=\"wp-block-group alignfull has-secondary-background-color has-background is-layout-constrained wp-container-core-group-is-layout-c5bc5921 wp-block-group-is-layout-constrained\" style=\"margin-top:36px;margin-bottom:0;padding-top:44px;padding-right:24px;padding-bottom:44px;padding-left:24px\">\n<h2 class=\"wp-block-heading has-text-color\" style=\"color:#ffffff;margin-top:0;margin-bottom:12px\">\u00bfQuieres proponer una actividad o colaboraci\u00f3n?<\/h2>\n\n\n\n<p class=\"has-text-color\" style=\"margin-top:0;margin-bottom:18px\">Escr\u00edbenos con una breve descripci\u00f3n y te responderemos lo antes posible.<\/p>\n\n\n\n<div class=\"wp-block-buttons is-content-justification-left is-layout-flex wp-container-core-buttons-is-layout-fc4fd283 wp-block-buttons-is-layout-flex\">\n<div class=\"wp-block-button\"><a class=\"wp-block-button__link has-text-color has-background wp-element-button\" href=\"mailto:catedra.bayer@uclm.es\" style=\"border-radius:10px;color:#0f766e;background-color:#ffffff;padding-top:12px;padding-right:18px;padding-bottom:12px;padding-left:18px\">Escribir email<\/a><\/div>\n<\/div>\n<\/div>\n","protected":false},"excerpt":{"rendered":"<p>Contacto Para informaci\u00f3n, propuestas de colaboraci\u00f3n o actividades, puedes escribirnos o contactar con el equipo responsable. Jorge Mateo Sotos Instituto de Tecnolog\u00eda, Construcci\u00f3n y Telecomunicaciones (ITCT) Universidad de Castilla-La Mancha Ubicaci\u00f3n Campus Universitario \u00b7 Cuenca (Espa\u00f1a) Email catedra.bayer@uclm.es \u00bfQuieres proponer una actividad o colaboraci\u00f3n? Escr\u00edbenos con una breve descripci\u00f3n y te responderemos lo antes posible.<\/p>\n","protected":false},"author":495,"featured_media":0,"parent":0,"menu_order":5,"comment_status":"closed","ping_status":"closed","template":"","meta":{"footnotes":""},"class_list":["post-29","page","type-page","status-publish","hentry"],"_links":{"self":[{"href":"https:\/\/blog.uclm.es\/catedrabayeria\/wp-json\/wp\/v2\/pages\/29","targetHints":{"allow":["GET"]}}],"collection":[{"href":"https:\/\/blog.uclm.es\/catedrabayeria\/wp-json\/wp\/v2\/pages"}],"about":[{"href":"https:\/\/blog.uclm.es\/catedrabayeria\/wp-json\/wp\/v2\/types\/page"}],"author":[{"embeddable":true,"href":"https:\/\/blog.uclm.es\/catedrabayeria\/wp-json\/wp\/v2\/users\/495"}],"replies":[{"embeddable":true,"href":"https:\/\/blog.uclm.es\/catedrabayeria\/wp-json\/wp\/v2\/comments?post=29"}],"version-history":[{"count":11,"href":"https:\/\/blog.uclm.es\/catedrabayeria\/wp-json\/wp\/v2\/pages\/29\/revisions"}],"predecessor-version":[{"id":1313,"href":"https:\/\/blog.uclm.es\/catedrabayeria\/wp-json\/wp\/v2\/pages\/29\/revisions\/1313"}],"wp:attachment":[{"href":"https:\/\/blog.uclm.es\/catedrabayeria\/wp-json\/wp\/v2\/media?parent=29"}],"curies":[{"name":"wp","href":"https:\/\/api.w.org\/{rel}","templated":true}]}}