{"id":1126,"date":"2024-11-28T10:50:56","date_gmt":"2024-11-28T09:50:56","guid":{"rendered":"https:\/\/blog.uclm.es\/catedrabayeria\/?page_id=1126"},"modified":"2026-02-28T18:04:40","modified_gmt":"2026-02-28T17:04:40","slug":"kooperationspartner","status":"publish","type":"page","link":"https:\/\/blog.uclm.es\/catedrabayeria\/kooperationspartner\/?lang=de","title":{"rendered":"Kooperationspartner"},"content":{"rendered":"\n<div class=\"wp-block-group alignfull has-secondary-background-color has-background is-layout-constrained wp-container-core-group-is-layout-d8be3edb wp-block-group-is-layout-constrained\" style=\"margin-top:0;margin-bottom:0;padding-top:64px;padding-right:24px;padding-bottom:56px;padding-left:24px\">\n\n  \n  <h1 class=\"wp-block-heading catedra-card\" style=\"margin-top:0;margin-bottom:12px;font-size:42px;line-height:1.15\">\n    Kooperationspartner\n  <\/h1>\n  \n\n  \n  <p class=\"has-foreground-color has-text-color has-large-font-size\" style=\"margin-top:0;margin-bottom:0\">\n    Ein klinisches und akademisches Netzwerk, das Expertise, anwendungsorientierte Perspektiven und Transferkompetenz in die Aktivit\u00e4ten des Lehrstuhls einbringt.\n  <\/p>\n  \n\n<\/div>\n\n\n\n\n<div class=\"wp-block-group is-layout-constrained wp-container-core-group-is-layout-2d551016 wp-block-group-is-layout-constrained\" style=\"padding-top:32px;padding-right:24px;padding-bottom:8px;padding-left:24px\">\n\n  <!-- Main card -->\n  \n  <div class=\"wp-block-group catedra-card has-border-color has-secondary-background-color has-background is-layout-constrained wp-container-core-group-is-layout-14aad6e6 wp-block-group-is-layout-constrained\" style=\"border-color:#e5e7eb;border-width:1px;border-radius:18px;margin-top:0;margin-bottom:34px;padding-top:26px;padding-right:26px;padding-bottom:26px;padding-left:26px\">\n\n    \n    <div class=\"wp-block-media-text is-stacked-on-mobile is-vertically-aligned-center\" style=\"grid-template-columns:40% auto\">\n      <figure class=\"wp-block-media-text__media\">\n        <img loading=\"lazy\" decoding=\"async\" width=\"585\" height=\"1024\" src=\"https:\/\/blog.uclm.es\/catedrabayeria\/wp-content\/uploads\/sites\/304\/2024\/11\/A_vertical_futuristic_scene_illustrating_collabora-585x1024.jpeg\" alt=\"\" class=\"wp-image-274 size-full\" srcset=\"https:\/\/blog.uclm.es\/catedrabayeria\/wp-content\/uploads\/sites\/304\/2024\/11\/A_vertical_futuristic_scene_illustrating_collabora-585x1024.jpeg 585w, https:\/\/blog.uclm.es\/catedrabayeria\/wp-content\/uploads\/sites\/304\/2024\/11\/A_vertical_futuristic_scene_illustrating_collabora-171x300.jpeg 171w, https:\/\/blog.uclm.es\/catedrabayeria\/wp-content\/uploads\/sites\/304\/2024\/11\/A_vertical_futuristic_scene_illustrating_collabora-768x1344.jpeg 768w, https:\/\/blog.uclm.es\/catedrabayeria\/wp-content\/uploads\/sites\/304\/2024\/11\/A_vertical_futuristic_scene_illustrating_collabora-878x1536.jpeg 878w, https:\/\/blog.uclm.es\/catedrabayeria\/wp-content\/uploads\/sites\/304\/2024\/11\/A_vertical_futuristic_scene_illustrating_collabora.jpeg 1024w\" sizes=\"auto, (max-width: 585px) 100vw, 585px\" \/>\n      <\/figure>\n\n      <div class=\"wp-block-media-text__content\">\n\n        \n        <h2 class=\"wp-block-heading\" style=\"margin-top:0;margin-bottom:10px\">\n          Personen und Institutionen\n        <\/h2>\n        \n\n        \n        <p class=\"has-primary-color has-text-color\" style=\"margin-top:0;margin-bottom:18px\">\n          Kooperationspartner aus Krankenh\u00e4usern und Universit\u00e4ten, die zur Umsetzung von Projekten sowie zu Ausbildung und \u00d6ffentlichkeitsarbeit beitragen.\n        <\/p>\n        \n\n        \n        <hr class=\"wp-block-separator has-alpha-channel-opacity\" style=\"margin-top:0;margin-bottom:18px\" \/>\n        \n\n        \n        <div class=\"wp-block-columns is-layout-flex wp-container-core-columns-is-layout-17e36ed9 wp-block-columns-is-layout-flex\" style=\"margin-top:0;margin-bottom:0\">\n\n          <!-- Left column -->\n          <div class=\"wp-block-column\">\n            <ul class=\"wp-block-list\" style=\"margin-top:0;margin-bottom:0\">\n              <li><strong>Pilar Blasco Segura<\/strong>. Hospital General Universitario de Valencia.<\/li>\n              <li><strong>Miguel Su\u00e1rez Mat\u00edas<\/strong>. Hospital Virgen de la Luz.<\/li>\n              <li><strong>F\u00e9lix Gonz\u00e1lez Mart\u00ednez<\/strong>. Hospital Virgen de la Luz.<\/li>\n              <li><strong>Nicol\u00e1s Garrido Moriana<\/strong>. Hospital Virgen de la Luz.<\/li>\n              <li><strong>Fredy Escobar Ip\u00faz<\/strong>. Hospital General Universitario de Ciudad Real.<\/li>\n            <\/ul>\n          <\/div>\n\n          <!-- Right column -->\n          <div class=\"wp-block-column\">\n            <ul class=\"wp-block-list\" style=\"margin-top:0;margin-bottom:0\">\n              <li><strong>Lourdes Segovia Garc\u00eda de Marina<\/strong>. Hospital General Universitario de Ciudad Real.<\/li>\n              <li><strong>Miguel Torralba Gonz\u00e1lez de Suso<\/strong>. Universidad de Alcal\u00e1.<\/li>\n              <li><strong>Julia Barbado Ajo<\/strong>. Hospital Universitario R\u00edo Hortega.<\/li>\n              <li><strong>Ricardo Usategui Mart\u00edn<\/strong>. Universidad de Valladolid.<\/li>\n              <li><strong>Juan Manuel Escobar Montalvo<\/strong>. Hospital Universitario del Henares.<\/li>\n            <\/ul>\n          <\/div>\n\n        <\/div>\n        \n\n      <\/div>\n    <\/div>\n    \n\n  <\/div>\n  \n\n<\/div>\n\n\n\n<!-- CTA final -->\n\n<div class=\"wp-block-group alignfull has-secondary-background-color has-background is-layout-constrained wp-container-core-group-is-layout-c5bc5921 wp-block-group-is-layout-constrained\" style=\"margin-top:36px;margin-bottom:0;padding-top:44px;padding-right:24px;padding-bottom:44px;padding-left:24px\">\n\n  \n  <h2 class=\"wp-block-heading has-text-color\" style=\"color:#ffffff;margin-top:0;margin-bottom:12px\">\n    M\u00f6chten Sie Teil des Netzwerks werden?\n  <\/h2>\n  \n\n  \n  <p class=\"has-text-color\" style=\"margin-top:0;margin-bottom:18px\">\n    Wenn Sie an Initiativen in Forschung, Ausbildung oder Wissenstransfer mitwirken m\u00f6chten, nehmen Sie gerne Kontakt mit uns auf.\n  <\/p>\n  \n\n  \n  <div class=\"wp-block-buttons is-content-justification-left is-layout-flex wp-container-core-buttons-is-layout-fc4fd283 wp-block-buttons-is-layout-flex\">\n    <div class=\"wp-block-button\">\n      <a class=\"wp-block-button__link has-text-color has-background wp-element-button\" href=\"https:\/\/blog.uclm.es\/catedrabayeria\/contact\/?lang=de\" style=\"border-radius:10px;color:#0f766e;background-color:#ffffff;padding-top:12px;padding-right:18px;padding-bottom:12px;padding-left:18px\">\n        Kontakt\n      <\/a>\n    <\/div>\n  <\/div>\n  \n\n<\/div>\n","protected":false},"excerpt":{"rendered":"<p>Kooperationspartner Ein klinisches und akademisches Netzwerk, das Expertise, anwendungsorientierte Perspektiven und Transferkompetenz in die Aktivit\u00e4ten des Lehrstuhls einbringt. Personen und Institutionen Kooperationspartner aus Krankenh\u00e4usern und Universit\u00e4ten, die zur Umsetzung von Projekten sowie zu Ausbildung und \u00d6ffentlichkeitsarbeit beitragen. Pilar Blasco Segura. Hospital General Universitario de Valencia. Miguel Su\u00e1rez Mat\u00edas. Hospital Virgen de la Luz. F\u00e9lix Gonz\u00e1lez [&hellip;]<\/p>\n","protected":false},"author":495,"featured_media":0,"parent":0,"menu_order":4,"comment_status":"closed","ping_status":"closed","template":"","meta":{"footnotes":""},"class_list":["post-1126","page","type-page","status-publish","hentry"],"_links":{"self":[{"href":"https:\/\/blog.uclm.es\/catedrabayeria\/wp-json\/wp\/v2\/pages\/1126","targetHints":{"allow":["GET"]}}],"collection":[{"href":"https:\/\/blog.uclm.es\/catedrabayeria\/wp-json\/wp\/v2\/pages"}],"about":[{"href":"https:\/\/blog.uclm.es\/catedrabayeria\/wp-json\/wp\/v2\/types\/page"}],"author":[{"embeddable":true,"href":"https:\/\/blog.uclm.es\/catedrabayeria\/wp-json\/wp\/v2\/users\/495"}],"replies":[{"embeddable":true,"href":"https:\/\/blog.uclm.es\/catedrabayeria\/wp-json\/wp\/v2\/comments?post=1126"}],"version-history":[{"count":2,"href":"https:\/\/blog.uclm.es\/catedrabayeria\/wp-json\/wp\/v2\/pages\/1126\/revisions"}],"predecessor-version":[{"id":1345,"href":"https:\/\/blog.uclm.es\/catedrabayeria\/wp-json\/wp\/v2\/pages\/1126\/revisions\/1345"}],"wp:attachment":[{"href":"https:\/\/blog.uclm.es\/catedrabayeria\/wp-json\/wp\/v2\/media?parent=1126"}],"curies":[{"name":"wp","href":"https:\/\/api.w.org\/{rel}","templated":true}]}}