{"id":557,"date":"2021-10-06T16:20:41","date_gmt":"2021-10-06T15:20:41","guid":{"rendered":"https:\/\/blog.uclm.es\/catedra-economiacircular\/?page_id=557"},"modified":"2022-12-26T11:28:55","modified_gmt":"2022-12-26T10:28:55","slug":"ac-emprendimiento-innovacion","status":"publish","type":"page","link":"https:\/\/blog.uclm.es\/catedra-economiacircular\/ac-emprendimiento-innovacion\/","title":{"rendered":""},"content":{"rendered":"\n<div class=\"wp-block-cover alignwide is-light has-parallax\" style=\"min-height:229px;aspect-ratio:unset;\"><span aria-hidden=\"true\" class=\"wp-block-cover__background has-background-dim-0 has-background-dim\"><\/span><div role=\"img\" class=\"wp-block-cover__image-background wp-image-2024 has-parallax\" style=\"background-position:50% 50%;background-image:url(https:\/\/blog.uclm.es\/catedra-economiacircular\/wp-content\/uploads\/sites\/46\/2022\/12\/titulo_lacatedra-6.jpg)\"><\/div><div class=\"wp-block-cover__inner-container is-layout-flow wp-block-cover-is-layout-flow\">\n<h1 class=\"has-text-align-center has-x-large-font-size wp-block-heading\"><strong>Actividades de fomento del emprendimiento<\/strong> y la innovaci\u00f3n<\/h1>\n<\/div><\/div>\n\n\n\n<div class=\"wp-block-group alignwide\"><div class=\"wp-block-group__inner-container is-layout-constrained wp-block-group-is-layout-constrained\">\n<h2 class=\"alignwide wp-block-heading\">1. Premio Empresa Circular.<\/h2>\n\n\n\n<div class=\"wp-block-group alignwide is-vertical is-layout-flex wp-container-core-group-is-layout-8cf370e7 wp-block-group-is-layout-flex\">\n<p>Una de las actividades de fomento del Emprendimiento\/Innovaci\u00f3n es el Premio Empresa Circular a proyectos de empresas en los que participen activamente egresados de la UCLM o miembros de la comunidad universitaria que supongan proyectos de Econom\u00eda Circular. A propuesta de los miembros de la comisi\u00f3n de seguimiento, anualmente se seleccionar\u00e1 una empresa o instituci\u00f3n que haya desarrollado y\/o implementado un proyecto de Econom\u00eda Circular en el que haya participado un egresado, investigador o miembro de la UCLM.<br>El premio, que consistir\u00e1 en la entrega de un distintivo, se otorgar\u00e1 en un acto p\u00fablico al que se invitar\u00e1 a los medios de comunicaci\u00f3n.<\/p>\n<\/div>\n<\/div><\/div>\n","protected":false},"excerpt":{"rendered":"<p>1. Premio Empresa Circular. Una de las actividades de fomento del Emprendimiento\/Innovaci\u00f3n es el Premio Empresa Circular a proyectos de empresas en los que participen activamente egresados de la UCLM o miembros de la comunidad universitaria que supongan proyectos de Econom\u00eda Circular. A propuesta de los miembros de la comisi\u00f3n de seguimiento, anualmente se seleccionar\u00e1 &hellip; <a href=\"https:\/\/blog.uclm.es\/catedra-economiacircular\/ac-emprendimiento-innovacion\/\" class=\"more-link\">Seguir leyendo <span class=\"screen-reader-text\"><\/span> <span class=\"meta-nav\">&rarr;<\/span><\/a><\/p>\n","protected":false},"author":180,"featured_media":0,"parent":0,"menu_order":0,"comment_status":"closed","ping_status":"closed","template":"","meta":{"footnotes":""},"class_list":["post-557","page","type-page","status-publish","hentry"],"_links":{"self":[{"href":"https:\/\/blog.uclm.es\/catedra-economiacircular\/wp-json\/wp\/v2\/pages\/557","targetHints":{"allow":["GET"]}}],"collection":[{"href":"https:\/\/blog.uclm.es\/catedra-economiacircular\/wp-json\/wp\/v2\/pages"}],"about":[{"href":"https:\/\/blog.uclm.es\/catedra-economiacircular\/wp-json\/wp\/v2\/types\/page"}],"author":[{"embeddable":true,"href":"https:\/\/blog.uclm.es\/catedra-economiacircular\/wp-json\/wp\/v2\/users\/180"}],"replies":[{"embeddable":true,"href":"https:\/\/blog.uclm.es\/catedra-economiacircular\/wp-json\/wp\/v2\/comments?post=557"}],"version-history":[{"count":3,"href":"https:\/\/blog.uclm.es\/catedra-economiacircular\/wp-json\/wp\/v2\/pages\/557\/revisions"}],"predecessor-version":[{"id":2036,"href":"https:\/\/blog.uclm.es\/catedra-economiacircular\/wp-json\/wp\/v2\/pages\/557\/revisions\/2036"}],"wp:attachment":[{"href":"https:\/\/blog.uclm.es\/catedra-economiacircular\/wp-json\/wp\/v2\/media?parent=557"}],"curies":[{"name":"wp","href":"https:\/\/api.w.org\/{rel}","templated":true}]}}