{"id":553,"date":"2021-10-06T16:19:39","date_gmt":"2021-10-06T15:19:39","guid":{"rendered":"https:\/\/blog.uclm.es\/catedra-economiacircular\/?page_id=553"},"modified":"2022-12-26T11:27:05","modified_gmt":"2022-12-26T10:27:05","slug":"ac-de-sensibilidad-formacion","status":"publish","type":"page","link":"https:\/\/blog.uclm.es\/catedra-economiacircular\/ac-de-sensibilidad-formacion\/","title":{"rendered":""},"content":{"rendered":"\n<div class=\"wp-block-cover alignwide is-light has-parallax\" style=\"min-height:229px;aspect-ratio:unset;\"><span aria-hidden=\"true\" class=\"wp-block-cover__background has-background-dim-0 has-background-dim\"><\/span><div role=\"img\" class=\"wp-block-cover__image-background wp-image-2024 has-parallax\" style=\"background-position:50% 50%;background-image:url(https:\/\/blog.uclm.es\/catedra-economiacircular\/wp-content\/uploads\/sites\/46\/2022\/12\/titulo_lacatedra-6.jpg)\"><\/div><div class=\"wp-block-cover__inner-container is-layout-flow wp-block-cover-is-layout-flow\">\n<h1 class=\"has-text-align-center has-x-large-font-size wp-block-heading\"><strong>Actividades de sensibilizaci\u00f3n y formaci\u00f3n<\/strong><\/h1>\n<\/div><\/div>\n\n\n\n<div class=\"wp-block-group alignwide\"><div class=\"wp-block-group__inner-container is-layout-constrained wp-block-group-is-layout-constrained\">\n<h2 class=\"alignwide wp-block-heading\">1. Concurso para el dise\u00f1o del logo e imagen de la C\u00e1tedra de Econom\u00eda Circular.<\/h2>\n\n\n\n<div class=\"wp-block-group alignwide is-vertical is-layout-flex wp-container-core-group-is-layout-8cf370e7 wp-block-group-is-layout-flex\">\n<p>La primera de las actividades de sensibilizaci\u00f3n propuestas consiste en un concurso, abierto a toda la comunidad castellanomanchega, para el dise\u00f1o del logotipo de la C\u00e1tedra, as\u00ed como de la imagen corporativa de la misma.<br>La finalidad de esta actuaci\u00f3n, m\u00e1s all\u00e1 de determinar la imagen corporativa de la C\u00e1tedra, es dar a conocer a la totalidad de la poblaci\u00f3n de Castilla-La Mancha la puesta en marcha de la misma.<\/p>\n<\/div>\n\n\n\n<div class=\"wp-block-buttons is-content-justification-center is-layout-flex wp-container-core-buttons-is-layout-16018d1d wp-block-buttons-is-layout-flex\">\n<div class=\"wp-block-button is-style-fill\"><a class=\"wp-block-button__link has-background wp-element-button\" href=\"https:\/\/blog.uclm.es\/catedra-economiacircular\/ac-de-sensibilidad-formacion\/\" style=\"background:linear-gradient(72deg,rgb(153,0,0) 0%,rgb(63,20,20) 100%)\" target=\"_blank\" rel=\"noreferrer noopener\">Descargar bases <\/a><\/div>\n<\/div>\n\n\n\n<pre class=\"wp-block-code\"><code>\n<strong><hr class=\"wp-block-separator has-text-color has-red-color has-alpha-channel-opacity has-red-background-color has-background is-style-wide\">\n<\/strong><\/code><\/pre>\n<\/div><\/div>\n\n\n\n<div class=\"wp-block-group alignwide\"><div class=\"wp-block-group__inner-container is-layout-constrained wp-block-group-is-layout-constrained\">\n<h2 class=\"alignwide wp-block-heading\">2. Seminario de divulgaci\u00f3n de la investigaci\u00f3n en Econom\u00eda Circular en PYMES.<\/h2>\n\n\n\n<div class=\"wp-block-group alignwide is-vertical is-layout-flex wp-container-core-group-is-layout-8cf370e7 wp-block-group-is-layout-flex\">\n<p>Una de las actividades de sensibilizaci\u00f3n propuestas es la organizaci\u00f3n de un workshop, de car\u00e1cter multidisciplinar y con periodicidad anual, sobre investigaci\u00f3n en Econom\u00eda Circular en PYMES. Para este primer a\u00f1o, 2021, se har\u00e1 coincidir con el workshop hom\u00f3nimo propuesto y codirigido por uno de los promotores de la presente propuesta que se organizar\u00e1 en el mes de noviembre en el campus de Cuenca en colaboraci\u00f3n con el European Council for Small Business -ECSB- y el proyecto ECOINCIRCU Ref. RTI2018-101867-B-I00 del Ministerio de Ciencia Innovaci\u00f3n y Universidades.<br>Se pretende aprovechar dicha circunstancia para lanzar, con car\u00e1cter anual y permanente, el seminario de divulgaci\u00f3n cient\u00edfica de la C\u00e1tedra de Econom\u00eda Circular. El seminario ir\u00e1 rotando de sede entre los distintos campus de la UCLM.<br>Con el objetivo de fomentar la participaci\u00f3n y la calidad de los trabajos presentados, los mejores trabajos ser\u00e1n seleccionados para su publicaci\u00f3n en un e-book sobre el seminario. Asimismo, se propone la creaci\u00f3n de un Premio el mejor trabajo presentado en el seminario sobre Econom\u00eda Circular y PYMES. Un jurado premiar\u00e1 al mejor trabajo entre los presentados en el seminario. El premio se entregar\u00e1 en el acto de clausura del seminario.<\/p>\n<\/div>\n\n\n\n<pre class=\"wp-block-code\"><code>\n<strong><hr class=\"wp-block-separator has-text-color has-red-color has-alpha-channel-opacity has-red-background-color has-background is-style-wide\">\n<\/strong><\/code><\/pre>\n<\/div><\/div>\n\n\n\n<div class=\"wp-block-group alignwide\"><div class=\"wp-block-group__inner-container is-layout-constrained wp-block-group-is-layout-constrained\">\n<h2 class=\"alignwide wp-block-heading\">3. Premio al mejor Trabajo Fin de M\u00e1ster.<\/h2>\n\n\n\n<div class=\"wp-block-group alignwide is-vertical is-layout-flex wp-container-core-group-is-layout-8cf370e7 wp-block-group-is-layout-flex\">\n<p>De acuerdo con la finalidad de la C\u00e1tedra, con car\u00e1cter anual se convocar\u00e1 un premio al mejor trabajo final de m\u00e1ster (TFM) relacionado con la Econom\u00eda Circular.<br>El objetivo de este premio es promover la investigaci\u00f3n en Econom\u00eda Circular en la Universidad de Castilla-La Mancha, en el marco de la C\u00e1tedra. El concurso estar\u00e1 dirigido a todos los estudiantes de m\u00e1ster oficial de la Universidad de Castilla-La Mancha que presenten el TFM entre el 31 de julio del a\u00f1o anterior y el 31 de julio del a\u00f1o vigente relacionado con la Econom\u00eda Circular desde cualquier perspectiva.<br>El jurado estar\u00e1 formado por uno de los directores de la c\u00e1tedra, un miembro de la comisi\u00f3n de seguimiento de la C\u00e1tedra y un investigador designado por la direcci\u00f3n de la C\u00e1tedra. Se tendr\u00e1 presente para la concesi\u00f3n del premio, entre otros, los siguientes aspectos del proyecto: originalidad, innovaci\u00f3n, metodolog\u00eda aplicada, calidad del proyecto, as\u00ed como la aplicaci\u00f3n y viabilidad del mismo. El premio consistir\u00e1 en un diploma acreditativo del galard\u00f3n y en 600 euros brutos al trabajo que resulte ganador.<br>Podr\u00e1n participar en esta convocatoria todos los estudiantes de m\u00e1ster oficial de la UCLM. El premio ser\u00e1 entregado en un acto al que se convocar\u00e1 a los medios. El Diagn\u00f3stico de la Econom\u00eda Circular en Castilla-La Mancha, base para la elaboraci\u00f3n de la Estrategia de Econom\u00eda Circular en Castilla-La Mancha, identifica entre otras debilidades del sistema educativo regional, el bajo porcentaje de proyectos fin de carrera y fin de m\u00e1ster en materia de Econom\u00eda Circular. Esta actuaci\u00f3n contribuir\u00e1 a corregir esta deficiencia.<\/p>\n<\/div>\n\n\n\n<pre class=\"wp-block-code\"><code>\n<strong><hr class=\"wp-block-separator has-text-color has-red-color has-alpha-channel-opacity has-red-background-color has-background is-style-wide\">\n<\/strong><\/code><\/pre>\n<\/div><\/div>\n\n\n\n<div class=\"wp-block-group alignwide\"><div class=\"wp-block-group__inner-container is-layout-constrained wp-block-group-is-layout-constrained\">\n<h2 class=\"alignwide wp-block-heading\">4. Premio al mejor Trabajo Fin de Grado.<\/h2>\n\n\n\n<div class=\"wp-block-group alignwide is-vertical is-layout-flex wp-container-core-group-is-layout-8cf370e7 wp-block-group-is-layout-flex\">\n<p>De manera similar y de acuerdo con la finalidad de la C\u00e1tedra, con car\u00e1cter anual se convocar\u00e1 un premio al mejor trabajo final de grado (TFG) relacionado con la Econom\u00eda Circular.<br>El objetivo de este premio es promover la investigaci\u00f3n en Econom\u00eda Circular en la Universidad de Castilla-La Mancha, en el marco de la C\u00e1tedra. El concurso estar\u00e1 dirigido a todos los estudiantes de grado de la Universidad de Castilla-La Mancha que presenten el TFG entre el 31 de julio del a\u00f1o anterior y el 31 de julio del a\u00f1o vigente relacionado con la Econom\u00eda Circular desde cualquier perspectiva.<br>El jurado estar\u00e1 formado por uno de los directores de la c\u00e1tedra, un miembro de la comisi\u00f3n de seguimiento de la C\u00e1tedra y un investigador designado por la direcci\u00f3n de la C\u00e1tedra. Se tendr\u00e1 presente para la concesi\u00f3n del premio, entre otros, los siguientes aspectos del proyecto: originalidad, innovaci\u00f3n, metodolog\u00eda aplicada, calidad del proyecto, as\u00ed como la aplicaci\u00f3n y viabilidad del mismo. El premio consistir\u00e1 en un diploma acreditativo del galard\u00f3n y en 600 euros brutos al trabajo que resulte ganador.<br>Podr\u00e1n participar en esta convocatoria todos los estudiantes de grado de la UCLM. El premio ser\u00e1 entregado en un acto al que se convocar\u00e1 a los medios. El Diagn\u00f3stico de la Econom\u00eda Circular en Castilla-La Mancha, base para la elaboraci\u00f3n de la Estrategia de Econom\u00eda Circular en Castilla-La Mancha, identifica entre otras debilidades del sistema educativo regional, el bajo porcentaje de proyectos fin de carrera y fin de m\u00e1ster en materia de Econom\u00eda Circular. Esta actuaci\u00f3n contribuir\u00e1 a corregir esta deficiencia.<\/p>\n<\/div>\n\n\n\n<pre class=\"wp-block-code\"><code>\n<strong><hr class=\"wp-block-separator has-text-color has-red-color has-alpha-channel-opacity has-red-background-color has-background is-style-wide\">\n<\/strong><\/code><\/pre>\n<\/div><\/div>\n\n\n\n<div class=\"wp-block-group alignwide\"><div class=\"wp-block-group__inner-container is-layout-constrained wp-block-group-is-layout-constrained\">\n<h2 class=\"alignwide wp-block-heading\">5. Puesta en marcha de cursos de experto relacionados con la Econom\u00eda Circular.<\/h2>\n\n\n\n<div class=\"wp-block-group alignwide is-vertical is-layout-flex wp-container-core-group-is-layout-8cf370e7 wp-block-group-is-layout-flex\">\n<p>A trav\u00e9s de esta actividad, la C\u00e1tedra de Econom\u00eda Circular cofinanciar\u00e1 la realizaci\u00f3n de un curso t\u00edtulo propio de la UCLM centrado en la tem\u00e1tica de la C\u00e1tedra. Cada a\u00f1o se propondr\u00e1 un curso de experto diferente con el objetivo de favorecer la formaci\u00f3n de los estudiantes de la UCLM, y de la sociedad castellanomanchega en general, en temas directamente relacionados con la Econom\u00eda Circular.<\/p>\n\n\n\n<p>Para poner en marcha esta actividad formativa, la C\u00e1tedra contar\u00e1 con la experiencia del personal docente e investigador de la UCLM experto en la tem\u00e1tica de cada uno de los cursos. En la docencia participar\u00e1n, adem\u00e1s, profesionales y expertos del \u00e1mbito empresarial.<\/p>\n<\/div>\n\n\n\n<pre class=\"wp-block-code\"><code>\n<strong><hr class=\"wp-block-separator has-text-color has-red-color has-alpha-channel-opacity has-red-background-color has-background is-style-wide\">\n<\/strong><\/code><\/pre>\n<\/div><\/div>\n\n\n\n<div class=\"wp-block-group alignwide\"><div class=\"wp-block-group__inner-container is-layout-constrained wp-block-group-is-layout-constrained\">\n<h2 class=\"alignwide wp-block-heading\">6. Puesta en marcha de cursos de experto relacionados con la Econom\u00eda Circular.<\/h2>\n\n\n\n<div class=\"wp-block-group alignwide is-vertical is-layout-flex wp-container-core-group-is-layout-8cf370e7 wp-block-group-is-layout-flex\">\n<p>El objetivo de este concurso es concienciar a los estudiantes de Formaci\u00f3n Profesional sobre la importancia de la reutilizaci\u00f3n y el reciclaje de residuos. Cada a\u00f1o, el reto ir\u00e1 dirigido a los estudiantes de una titulaci\u00f3n o de una rama de FP concreta.<\/p>\n\n\n\n<p>Esta actividad de innovaci\u00f3n educativa ser\u00e1 planteada directamente desde la C\u00e1tedra de Econom\u00eda Circular a los centros de Castilla-La Mancha que ofertan la titulaci\u00f3n de FP a la que se ha planteado el reto ese a\u00f1o. El objetivo es que los profesores de FP de esos centros se involucren y ayuden a los estudiantes a superar con \u00e9xito el reto que se les propone. El objetivo ser\u00eda que cada centro de FP forme al menos un equipo, liderado por un profesor del centro.<\/p>\n\n\n\n<p>Con el reto de Econom\u00eda Circular se pretende incentivar que los estudiantes de FP, conscientes de la producci\u00f3n de residuos a los que da lugar la actividad profesional sobre la que se est\u00e1n formando, reflexionen y planteen estrategias para reducir o reutilizar los mismos. La propuesta con las soluciones y estrategias presentadas por cada grupo se remitir\u00e1 a la C\u00e1tedra en forma de un v\u00eddeo corto, de no m\u00e1s de tres minutos, que deber\u00e1 ser lo m\u00e1s atractivo posible.<\/p>\n\n\n\n<p>El jurado del concurso estar\u00e1 formado por uno de los directores de la c\u00e1tedra, un miembro de la comisi\u00f3n de seguimiento de la C\u00e1tedra y un investigador designado por la direcci\u00f3n de la C\u00e1tedra. Al centro educativo del equipo que presente la mejor soluci\u00f3n se le conceder\u00e1 un premio.<\/p>\n<\/div>\n<\/div><\/div>\n","protected":false},"excerpt":{"rendered":"<p>1. Concurso para el dise\u00f1o del logo e imagen de la C\u00e1tedra de Econom\u00eda Circular. La primera de las actividades de sensibilizaci\u00f3n propuestas consiste en un concurso, abierto a toda la comunidad castellanomanchega, para el dise\u00f1o del logotipo de la C\u00e1tedra, as\u00ed como de la imagen corporativa de la misma.La finalidad de esta actuaci\u00f3n, m\u00e1s &hellip; <a href=\"https:\/\/blog.uclm.es\/catedra-economiacircular\/ac-de-sensibilidad-formacion\/\" class=\"more-link\">Seguir leyendo <span class=\"screen-reader-text\"><\/span> <span class=\"meta-nav\">&rarr;<\/span><\/a><\/p>\n","protected":false},"author":180,"featured_media":0,"parent":0,"menu_order":0,"comment_status":"closed","ping_status":"closed","template":"","meta":{"footnotes":""},"class_list":["post-553","page","type-page","status-publish","hentry"],"_links":{"self":[{"href":"https:\/\/blog.uclm.es\/catedra-economiacircular\/wp-json\/wp\/v2\/pages\/553","targetHints":{"allow":["GET"]}}],"collection":[{"href":"https:\/\/blog.uclm.es\/catedra-economiacircular\/wp-json\/wp\/v2\/pages"}],"about":[{"href":"https:\/\/blog.uclm.es\/catedra-economiacircular\/wp-json\/wp\/v2\/types\/page"}],"author":[{"embeddable":true,"href":"https:\/\/blog.uclm.es\/catedra-economiacircular\/wp-json\/wp\/v2\/users\/180"}],"replies":[{"embeddable":true,"href":"https:\/\/blog.uclm.es\/catedra-economiacircular\/wp-json\/wp\/v2\/comments?post=553"}],"version-history":[{"count":5,"href":"https:\/\/blog.uclm.es\/catedra-economiacircular\/wp-json\/wp\/v2\/pages\/553\/revisions"}],"predecessor-version":[{"id":2032,"href":"https:\/\/blog.uclm.es\/catedra-economiacircular\/wp-json\/wp\/v2\/pages\/553\/revisions\/2032"}],"wp:attachment":[{"href":"https:\/\/blog.uclm.es\/catedra-economiacircular\/wp-json\/wp\/v2\/media?parent=553"}],"curies":[{"name":"wp","href":"https:\/\/api.w.org\/{rel}","templated":true}]}}