{"id":493,"date":"2021-10-06T15:55:15","date_gmt":"2021-10-06T14:55:15","guid":{"rendered":"https:\/\/blog.uclm.es\/catedra-economiacircular\/?page_id=493"},"modified":"2025-03-31T17:10:54","modified_gmt":"2025-03-31T16:10:54","slug":"la-catedra","status":"publish","type":"page","link":"https:\/\/blog.uclm.es\/catedra-economiacircular\/la-catedra\/","title":{"rendered":""},"content":{"rendered":"\n<div class=\"wp-block-group alignfull\"><div class=\"wp-block-group__inner-container is-layout-constrained wp-block-group-is-layout-constrained\">\n<div class=\"wp-block-cover alignwide is-light has-parallax has-custom-content-position is-position-center-right\" style=\"min-height:229px;aspect-ratio:unset;\"><span aria-hidden=\"true\" class=\"wp-block-cover__background has-background-dim-0 has-background-dim\"><\/span><div class=\"wp-block-cover__image-background wp-image-2024 has-parallax\" style=\"background-position:50% 50%;background-image:url(https:\/\/blog.uclm.es\/catedra-economiacircular\/wp-content\/uploads\/sites\/46\/2022\/12\/titulo_lacatedra-6.jpg)\"><\/div><div class=\"wp-block-cover__inner-container is-layout-flow wp-block-cover-is-layout-flow\">\n<h1 class=\"wp-block-heading has-x-large-font-size\"><strong>La C\u00e1tedra<\/strong><\/h1>\n<\/div><\/div>\n<\/div><\/div>\n\n\n\n<h2 class=\"wp-block-heading alignwide\">Finalidad<\/h2>\n\n\n\n<div class=\"wp-block-group alignwide is-vertical is-layout-flex wp-container-core-group-is-layout-8cf370e7 wp-block-group-is-layout-flex\">\n<p>La C\u00e1tedra de Econom\u00eda Circular tiene como fin el establecimiento de un espacio de conocimiento en el que, desde una perspectiva multidisciplinar y a trav\u00e9s de la formaci\u00f3n, la investigaci\u00f3n, la innovaci\u00f3n, la transferencia y la sensibilizaci\u00f3n se puedan abordar los retos que plantea la transici\u00f3n hacia una Econom\u00eda Circular.<br>La finalidad de la C\u00e1tedra queda por tanto definida de la siguiente manera:<\/p>\n<\/div>\n\n\n\n<h4 class=\"wp-block-heading alignwide has-text-align-center\"><em><strong>La promoci\u00f3n y el desarrollo de actividades de investigaci\u00f3n, formaci\u00f3n, divulgaci\u00f3n, innovaci\u00f3n y emprendimiento en materia de Econom\u00eda Circular.<\/strong><\/em><\/h4>\n\n\n\n<h2 class=\"wp-block-heading alignwide\">Directores<\/h2>\n\n\n\n<div class=\"wp-block-group alignwide is-vertical is-layout-flex wp-container-core-group-is-layout-8cf370e7 wp-block-group-is-layout-flex\">\n<p>Los promotores de la presente propuesta, los profesores Francisco Jos\u00e9 S\u00e1ez Mart\u00ednez y Laura Avellaneda Rivera, que desarrollan su actividad docente e investigadora en la Facultad de Ciencias Econ\u00f3micas y Empresariales de Albacete, act\u00faan como codirectores de la c\u00e1tedra.<\/p>\n<\/div>\n\n\n\n<div class=\"wp-block-media-text alignwide is-stacked-on-mobile is-vertically-aligned-center has-background\" style=\"background-color:#dfdddd61;grid-template-columns:23% auto\"><figure class=\"wp-block-media-text__media\"><img loading=\"lazy\" decoding=\"async\" width=\"243\" height=\"172\" src=\"https:\/\/blog.uclm.es\/catedra-economiacircular\/wp-content\/uploads\/sites\/46\/2021\/10\/PACO.jpg\" alt=\"Francisco J. S\u00e1ez Mart\u00ednez\" class=\"wp-image-778 size-full\" \/><\/figure><div class=\"wp-block-media-text__content\">\n<p><\/p>\n\n\n\n<p><strong>Francisco J. S\u00e1ez Mart\u00ednez.<\/strong><\/p>\n\n\n\n<p class=\"has-text-align-left\">Catedr\u00e1tico de Organizaci\u00f3n de Empresas en la Facultad de Ciencias Econ\u00f3micas y Empresariales de Albacete cuenta con una elevada experiencia en docencia, investigaci\u00f3n y gesti\u00f3n universitaria en el \u00e1mbito de la Econom\u00eda Circular, habiendo sido coordinador del Campus de Excelencia Internacional CYTEMA \u2013Campus Cient\u00edfico y Tecnol\u00f3gico de la Energ\u00eda y el Medio Ambiente- desde 2012 hasta 2020. Ha sido presidente del comit\u00e9 organizador y comit\u00e9 cient\u00edfico del Energy and Environment Knowledge Week Congress en las ediciones de 2013, 2014 y 2016, celebradas en Toledo y Par\u00eds, respectivamente y co-chair del XXXII Research on Entrepreneurship and Small Business Conference del European Council for Small Business \u201cSustainable Entrepreneurship: a win-win strategy for the future\u201d en 2018. Entre sus publicaciones destaca la coautor\u00eda del art\u00edculo \u201cEco-innovation: insights from a literature review\u201d, publicado en 2015 en Innovation: Management, Policy and Practice que se encuentra en el 1% de los trabajos m\u00e1s citados en la Web of Science en la categor\u00eda de Economy and Business.<br>Actualmente, es Vicerrector de Econom\u00eda y Planificaci\u00f3n de la UCLM, miembro de Comit\u00e9 Cient\u00edfico Asesor T\u00e9cnico del Centro Nacional del Hidr\u00f3geno (CNH2) e Investigador Principal del proyecto \u201cIndustria 4.0 y Eco-innovaci\u00f3n: modelos de negocio de econom\u00eda circular en las empresas de manufacturas espa\u00f1olas\u00bb Ref. PID2023-151882OB-I00 financiado por el Ministerio de Ciencia, Innovaci\u00f3n y Universidades dentro del programa estatal de I+D+i orientada a proyectos de generaci\u00f3n de conocimiento.<\/p>\n\n\n\n<p><\/p>\n<\/div><\/div>\n\n\n\n<div class=\"wp-block-media-text alignwide is-stacked-on-mobile is-vertically-aligned-center has-background\" style=\"background-color:#dfdddd61;grid-template-columns:23% auto\"><figure class=\"wp-block-media-text__media\"><img loading=\"lazy\" decoding=\"async\" width=\"1024\" height=\"683\" src=\"https:\/\/blog.uclm.es\/catedra-economiacircular\/wp-content\/uploads\/sites\/46\/2025\/02\/laura-banco2-1024x683.jpg\" alt=\"\" class=\"wp-image-2348 size-full\" srcset=\"https:\/\/blog.uclm.es\/catedra-economiacircular\/wp-content\/uploads\/sites\/46\/2025\/02\/laura-banco2-1024x683.jpg 1024w, https:\/\/blog.uclm.es\/catedra-economiacircular\/wp-content\/uploads\/sites\/46\/2025\/02\/laura-banco2-300x200.jpg 300w, https:\/\/blog.uclm.es\/catedra-economiacircular\/wp-content\/uploads\/sites\/46\/2025\/02\/laura-banco2-768x512.jpg 768w, https:\/\/blog.uclm.es\/catedra-economiacircular\/wp-content\/uploads\/sites\/46\/2025\/02\/laura-banco2-1536x1024.jpg 1536w, https:\/\/blog.uclm.es\/catedra-economiacircular\/wp-content\/uploads\/sites\/46\/2025\/02\/laura-banco2-2048x1365.jpg 2048w\" sizes=\"auto, (max-width: 1024px) 100vw, 1024px\" \/><\/figure><div class=\"wp-block-media-text__content\">\n<p><\/p>\n\n\n\n<p><strong>Laura Mercedes Avellaneda Rivera.<\/strong><\/p>\n\n\n\n<p>Profesora ayudante doctor de Organizaci\u00f3n de Empresas en la Facultad de Ciencias Econ\u00f3micas y Empresariales de Albacete. Licenciada en Empresariales y M\u00e1ster en Estrategia y Marketing de la Empresa. Ha participado activamente en la organizaci\u00f3n de jornadas y seminarios, contribuyendo al intercambio de conocimientos y experiencias en su campo. Cuenta con varios art\u00edculos publicados que se centran en la innovaci\u00f3n abierta y la eco-innovaci\u00f3n, destac\u00e1ndose por su enfoque en la sostenibilidad y la competitividad empresarial. Actualmente, forma parte de un proyecto nacional sobre la Econom\u00eda Circular y la Industria 4.0, donde trabaja en la implementaci\u00f3n de estrategias innovadoras para mejorar la eficiencia y sostenibilidad en el sector industrial.<\/p>\n\n\n\n<p>Adem\u00e1s, fue Presidenta del CEEI (Centro Europeo de Empresas e Innovaci\u00f3n) de Albacete de 2019 a 2023 y particip\u00f3 como miembro en el Parque Cient\u00edfico de Albacete, impulsando el desarrollo de nuevas iniciativas y proyectos en la regi\u00f3n.<\/p>\n\n\n\n<p><\/p>\n<\/div><\/div>\n\n\n\n<h2 class=\"wp-block-heading alignwide\">Actividades<\/h2>\n\n\n\n<div class=\"wp-block-group alignwide is-vertical is-layout-flex wp-container-core-group-is-layout-8cf370e7 wp-block-group-is-layout-flex\">\n<p>Las actividades a desarrollar por la C\u00e1tedra estar\u00e1n sujetas a su aprobaci\u00f3n por la comisi\u00f3n de seguimiento, de acuerdo con el protocolo de creaci\u00f3n y funcionamiento de c\u00e1tedras universidad-empresa de la UCLM. No obstante, se realizan algunas propuestas clasificadas en tres grandes bloques de acuerdo con la finalidad de la c\u00e1tedra:<\/p>\n<\/div>\n\n\n\n<div class=\"wp-block-group alignwide is-vertical is-layout-flex wp-container-core-group-is-layout-8cf370e7 wp-block-group-is-layout-flex\">\n<ul class=\"wp-block-list\">\n<li><a href=\"https:\/\/blog.uclm.es\/catedra-economiacircular\/ac-de-sensibilidad-formacion\/\" data-type=\"page\" data-id=\"553\"><strong>Actividades de sensibilizaci\u00f3n y formaci\u00f3n<\/strong><\/a><\/li>\n\n\n\n<li><a href=\"https:\/\/blog.uclm.es\/catedra-economiacircular\/ac-investigacion\/\" data-type=\"page\" data-id=\"555\"><strong>Actividades de investigaci\u00f3n<\/strong><\/a><\/li>\n\n\n\n<li><a href=\"https:\/\/blog.uclm.es\/catedra-economiacircular\/ac-emprendimiento-innovacion\/\" data-type=\"page\" data-id=\"557\"><strong>Actividades de fomento del emprendimiento y la innovaci\u00f3n<\/strong><\/a><\/li>\n<\/ul>\n\n\n\n<h2 class=\"wp-block-heading\">Memoria de actividades<\/h2>\n\n\n\n<p><a href=\"https:\/\/blog.uclm.es\/catedra-economiacircular\/wp-content\/uploads\/sites\/46\/2023\/02\/MEMORIA-ACTIVIDADES-CATEDRA_2022-v7_removed.pdf\">Pulse aqu\u00ed para consultar la memoria de actividades de 2022<\/a><\/p>\n\n\n\n<p><a href=\"https:\/\/blog.uclm.es\/catedra-economiacircular\/wp-content\/uploads\/sites\/46\/2025\/03\/MEMORIA-ACTIVIDADES-CATEDRA.pdf\">Pulse aqu\u00ed para consultar la memoria de actividades de 2023<\/a><\/p>\n\n\n\n<p><a href=\"https:\/\/blog.uclm.es\/catedra-economiacircular\/wp-content\/uploads\/sites\/46\/2025\/03\/MEMORIA-ACTIVIDADES-CATEDRA_2024publicacion-redes.pdf\" data-type=\"link\" data-id=\"https:\/\/blog.uclm.es\/catedra-economiacircular\/wp-content\/uploads\/sites\/46\/2025\/03\/MEMORIA-ACTIVIDADES-CATEDRA_2024publicacion-redes.pdf\" target=\"_blank\" rel=\"noreferrer noopener\">Pulse aqu\u00ed para consultar la memoria de actividades de 2024<\/a><\/p>\n\n\n\n<p><\/p>\n\n\n\n<p><\/p>\n<\/div>\n\n\n\n<p><\/p>\n","protected":false},"excerpt":{"rendered":"<p>Finalidad La C\u00e1tedra de Econom\u00eda Circular tiene como fin el establecimiento de un espacio de conocimiento en el que, desde una perspectiva multidisciplinar y a trav\u00e9s de la formaci\u00f3n, la investigaci\u00f3n, la innovaci\u00f3n, la transferencia y la sensibilizaci\u00f3n se puedan abordar los retos que plantea la transici\u00f3n hacia una Econom\u00eda Circular.La finalidad de la C\u00e1tedra &hellip; <a href=\"https:\/\/blog.uclm.es\/catedra-economiacircular\/la-catedra\/\" class=\"more-link\">Seguir leyendo <span class=\"screen-reader-text\"><\/span> <span class=\"meta-nav\">&rarr;<\/span><\/a><\/p>\n","protected":false},"author":180,"featured_media":0,"parent":0,"menu_order":1,"comment_status":"closed","ping_status":"closed","template":"","meta":{"footnotes":""},"class_list":["post-493","page","type-page","status-publish","hentry"],"_links":{"self":[{"href":"https:\/\/blog.uclm.es\/catedra-economiacircular\/wp-json\/wp\/v2\/pages\/493","targetHints":{"allow":["GET"]}}],"collection":[{"href":"https:\/\/blog.uclm.es\/catedra-economiacircular\/wp-json\/wp\/v2\/pages"}],"about":[{"href":"https:\/\/blog.uclm.es\/catedra-economiacircular\/wp-json\/wp\/v2\/types\/page"}],"author":[{"embeddable":true,"href":"https:\/\/blog.uclm.es\/catedra-economiacircular\/wp-json\/wp\/v2\/users\/180"}],"replies":[{"embeddable":true,"href":"https:\/\/blog.uclm.es\/catedra-economiacircular\/wp-json\/wp\/v2\/comments?post=493"}],"version-history":[{"count":82,"href":"https:\/\/blog.uclm.es\/catedra-economiacircular\/wp-json\/wp\/v2\/pages\/493\/revisions"}],"predecessor-version":[{"id":2447,"href":"https:\/\/blog.uclm.es\/catedra-economiacircular\/wp-json\/wp\/v2\/pages\/493\/revisions\/2447"}],"wp:attachment":[{"href":"https:\/\/blog.uclm.es\/catedra-economiacircular\/wp-json\/wp\/v2\/media?parent=493"}],"curies":[{"name":"wp","href":"https:\/\/api.w.org\/{rel}","templated":true}]}}