{"id":26,"date":"2021-09-24T17:40:20","date_gmt":"2021-09-24T16:40:20","guid":{"rendered":"https:\/\/blog.uclm.es\/catedra-economiacircular\/?page_id=26"},"modified":"2022-12-26T11:33:33","modified_gmt":"2022-12-26T10:33:33","slug":"convocatorias","status":"publish","type":"page","link":"https:\/\/blog.uclm.es\/catedra-economiacircular\/convocatorias\/","title":{"rendered":""},"content":{"rendered":"\n<div class=\"wp-block-group alignfull\"><div class=\"wp-block-group__inner-container is-layout-constrained wp-block-group-is-layout-constrained\">\n<div class=\"wp-block-cover alignwide is-light has-parallax has-custom-content-position is-position-center-right\" style=\"min-height:229px;aspect-ratio:unset;\"><span aria-hidden=\"true\" class=\"wp-block-cover__background has-background-dim-0 has-background-dim\"><\/span><div role=\"img\" class=\"wp-block-cover__image-background wp-image-2024 has-parallax\" style=\"background-position:50% 50%;background-image:url(https:\/\/blog.uclm.es\/catedra-economiacircular\/wp-content\/uploads\/sites\/46\/2022\/12\/titulo_lacatedra-6.jpg)\"><\/div><div class=\"wp-block-cover__inner-container is-layout-flow wp-block-cover-is-layout-flow\">\n<h1 class=\"has-x-large-font-size wp-block-heading\"><strong>Convocatorias<\/strong><\/h1>\n<\/div><\/div>\n<\/div><\/div>\n\n\n\n<div class=\"wp-block-group alignwide\"><div class=\"wp-block-group__inner-container is-layout-constrained wp-block-group-is-layout-constrained\">\n<div class=\"wp-block-query alignwide is-layout-flow wp-block-query-is-layout-flow\"><ul class=\"is-flex-container columns-3 wp-block-post-template is-layout-flow wp-block-post-template-is-layout-flow\"><li class=\"wp-block-post post-2528 post type-post status-publish format-standard has-post-thumbnail hentry category-convocatorias\">\n<figure class=\"aligncenter wp-block-post-featured-image\"><a href=\"https:\/\/blog.uclm.es\/catedra-economiacircular\/convocatoria-premio-mejor-trabajo-de-economia-circular-xiii-jornadas-doctorales-uclm\/\" target=\"_self\"  ><img loading=\"lazy\" decoding=\"async\" width=\"213\" height=\"300\" src=\"https:\/\/blog.uclm.es\/catedra-economiacircular\/wp-content\/uploads\/sites\/46\/2026\/02\/premios-mejor-poster-doctoral-213x300.jpg\" class=\"attachment-medium size-medium wp-post-image\" alt=\"Convocatoria Premio Mejor Trabajo de Econom\u00eda Circular XIII Jornadas Doctorales\u00a0UCLM\" style=\"object-fit:contain;\" srcset=\"https:\/\/blog.uclm.es\/catedra-economiacircular\/wp-content\/uploads\/sites\/46\/2026\/02\/premios-mejor-poster-doctoral-213x300.jpg 213w, https:\/\/blog.uclm.es\/catedra-economiacircular\/wp-content\/uploads\/sites\/46\/2026\/02\/premios-mejor-poster-doctoral-726x1024.jpg 726w, https:\/\/blog.uclm.es\/catedra-economiacircular\/wp-content\/uploads\/sites\/46\/2026\/02\/premios-mejor-poster-doctoral-768x1083.jpg 768w, https:\/\/blog.uclm.es\/catedra-economiacircular\/wp-content\/uploads\/sites\/46\/2026\/02\/premios-mejor-poster-doctoral-1090x1536.jpg 1090w, https:\/\/blog.uclm.es\/catedra-economiacircular\/wp-content\/uploads\/sites\/46\/2026\/02\/premios-mejor-poster-doctoral.jpg 1240w\" sizes=\"auto, (max-width: 213px) 100vw, 213px\" \/><\/a><\/figure>\n\n<h2 style=\"font-style:normal;font-weight:700;text-transform:capitalize;\" class=\"wp-block-post-title has-medium-font-size\"><a href=\"https:\/\/blog.uclm.es\/catedra-economiacircular\/convocatoria-premio-mejor-trabajo-de-economia-circular-xiii-jornadas-doctorales-uclm\/\" target=\"_self\" >Convocatoria Premio Mejor Trabajo de Econom\u00eda Circular XIII Jornadas Doctorales\u00a0UCLM<\/a><\/h2>\n\n<div class=\"wp-block-post-excerpt\"><p class=\"wp-block-post-excerpt__excerpt\">La C\u00e1tedra de Econom\u00eda Circular de la Universidad de Castilla-La Mancha (UCLM) ha convocado el Premio al Mejor Trabajo de Econom\u00eda Circular en el marco de las XIII Jornadas Doctorales de la UCLM, que se celebrar\u00e1n el 19 de marzo de 2026. Este premio tiene como objetivo fomentar la investigaci\u00f3n en econom\u00eda circular aplicada a&hellip; <\/p><\/div>\n\n\n<hr class=\"wp-block-separator has-css-opacity is-style-wide\" \/>\n\n\n<div class=\"wp-block-post-date\"><time datetime=\"2026-02-06T10:02:59+01:00\">6 de febrero de 2026<\/time><\/div>\n<\/li><li class=\"wp-block-post post-2478 post type-post status-publish format-standard has-post-thumbnail hentry category-convocatorias\">\n<figure class=\"aligncenter wp-block-post-featured-image\"><a href=\"https:\/\/blog.uclm.es\/catedra-economiacircular\/convocatoria-de-premios-a-trabajos-fin-de-grado-y-trabajos-de-fin-de-master-curso-2024-2025\/\" target=\"_self\"  ><img loading=\"lazy\" decoding=\"async\" width=\"169\" height=\"300\" src=\"https:\/\/blog.uclm.es\/catedra-economiacircular\/wp-content\/uploads\/sites\/46\/2025\/10\/convocatoria-premios-tfg-y-tfm-169x300.jpg\" class=\"attachment-medium size-medium wp-post-image\" alt=\"Convocatoria de Premios a Trabajos Fin de Grado y Trabajos de fin de M\u00e1ster. Curso 2024\/2025\" style=\"object-fit:contain;\" srcset=\"https:\/\/blog.uclm.es\/catedra-economiacircular\/wp-content\/uploads\/sites\/46\/2025\/10\/convocatoria-premios-tfg-y-tfm-169x300.jpg 169w, https:\/\/blog.uclm.es\/catedra-economiacircular\/wp-content\/uploads\/sites\/46\/2025\/10\/convocatoria-premios-tfg-y-tfm-576x1024.jpg 576w, https:\/\/blog.uclm.es\/catedra-economiacircular\/wp-content\/uploads\/sites\/46\/2025\/10\/convocatoria-premios-tfg-y-tfm-768x1365.jpg 768w, https:\/\/blog.uclm.es\/catedra-economiacircular\/wp-content\/uploads\/sites\/46\/2025\/10\/convocatoria-premios-tfg-y-tfm-864x1536.jpg 864w, https:\/\/blog.uclm.es\/catedra-economiacircular\/wp-content\/uploads\/sites\/46\/2025\/10\/convocatoria-premios-tfg-y-tfm.jpg 1080w\" sizes=\"auto, (max-width: 169px) 100vw, 169px\" \/><\/a><\/figure>\n\n<h2 style=\"font-style:normal;font-weight:700;text-transform:capitalize;\" class=\"wp-block-post-title has-medium-font-size\"><a href=\"https:\/\/blog.uclm.es\/catedra-economiacircular\/convocatoria-de-premios-a-trabajos-fin-de-grado-y-trabajos-de-fin-de-master-curso-2024-2025\/\" target=\"_self\" >Convocatoria de Premios a Trabajos Fin de Grado y Trabajos de fin de M\u00e1ster. Curso 2024\/2025<\/a><\/h2>\n\n<div class=\"wp-block-post-excerpt\"><p class=\"wp-block-post-excerpt__excerpt\">La C\u00e1tedra de Econom\u00eda Circular de la Universidad de Castilla-La Mancha (UCLM) lanza la convocatoria de los Premios a los Trabajos Fin de Grado (TFG) y Fin de M\u00e1ster (TFM) correspondientes al curso acad\u00e9mico 2024\/2025. Podr\u00e1n concurrir a los premios los estudiantes de la UCLM que hayan defendido su TFG o TFM durante el curso&hellip; <\/p><\/div>\n\n\n<hr class=\"wp-block-separator has-css-opacity is-style-wide\" \/>\n\n\n<div class=\"wp-block-post-date\"><time datetime=\"2025-10-02T14:41:30+01:00\">2 de octubre de 2025<\/time><\/div>\n<\/li><li class=\"wp-block-post post-2448 post type-post status-publish format-standard has-post-thumbnail hentry category-convocatorias\">\n<figure class=\"aligncenter wp-block-post-featured-image\"><a href=\"https:\/\/blog.uclm.es\/catedra-economiacircular\/convocatoria-de-fondos-para-proyectos-de-investigacion-para-jovenes-2\/\" target=\"_self\"  ><img loading=\"lazy\" decoding=\"async\" width=\"240\" height=\"300\" src=\"https:\/\/blog.uclm.es\/catedra-economiacircular\/wp-content\/uploads\/sites\/46\/2025\/04\/Convocatoria-de-Ayudas-para-Proyectos-de-Investigacion-en-240x300.jpg\" class=\"attachment-medium size-medium wp-post-image\" alt=\"Convocatoria de fondos para proyectos de investigaci\u00f3n para j\u00f3venes\" style=\"object-fit:contain;\" srcset=\"https:\/\/blog.uclm.es\/catedra-economiacircular\/wp-content\/uploads\/sites\/46\/2025\/04\/Convocatoria-de-Ayudas-para-Proyectos-de-Investigacion-en-240x300.jpg 240w, https:\/\/blog.uclm.es\/catedra-economiacircular\/wp-content\/uploads\/sites\/46\/2025\/04\/Convocatoria-de-Ayudas-para-Proyectos-de-Investigacion-en-819x1024.jpg 819w, https:\/\/blog.uclm.es\/catedra-economiacircular\/wp-content\/uploads\/sites\/46\/2025\/04\/Convocatoria-de-Ayudas-para-Proyectos-de-Investigacion-en-768x960.jpg 768w, https:\/\/blog.uclm.es\/catedra-economiacircular\/wp-content\/uploads\/sites\/46\/2025\/04\/Convocatoria-de-Ayudas-para-Proyectos-de-Investigacion-en.jpg 1080w\" sizes=\"auto, (max-width: 240px) 100vw, 240px\" \/><\/a><\/figure>\n\n<h2 style=\"font-style:normal;font-weight:700;text-transform:capitalize;\" class=\"wp-block-post-title has-medium-font-size\"><a href=\"https:\/\/blog.uclm.es\/catedra-economiacircular\/convocatoria-de-fondos-para-proyectos-de-investigacion-para-jovenes-2\/\" target=\"_self\" >Convocatoria de fondos para proyectos de investigaci\u00f3n para j\u00f3venes<\/a><\/h2>\n\n<div class=\"wp-block-post-excerpt\"><p class=\"wp-block-post-excerpt__excerpt\">Con el objetivo de fomentar la investigaci\u00f3n cient\u00edfica en econom\u00eda circular y promover el desarrollo de estrategias sostenibles en Castilla-La Mancha, la C\u00e1tedra de Econom\u00eda Circular UCLM convoca la II edici\u00f3n de asignaci\u00f3n de fondos para la realizaci\u00f3n de proyectos de investigaci\u00f3n liderados por j\u00f3venes. Informaci\u00f3n clave: Consulta la informaci\u00f3n completa en las bases: Resoluci\u00f3n&hellip; <\/p><\/div>\n\n\n<hr class=\"wp-block-separator has-css-opacity is-style-wide\" \/>\n\n\n<div class=\"wp-block-post-date\"><time datetime=\"2025-04-22T15:18:12+01:00\">22 de abril de 2025<\/time><\/div>\n<\/li><li class=\"wp-block-post post-2331 post type-post status-publish format-standard has-post-thumbnail hentry category-convocatorias\">\n<figure class=\"aligncenter wp-block-post-featured-image\"><a href=\"https:\/\/blog.uclm.es\/catedra-economiacircular\/convocatoria-premio-mejor-trabajo-de-economia-circular-de-las-xii-jornadas-doctorales-uclm\/\" target=\"_self\"  ><img loading=\"lazy\" decoding=\"async\" width=\"300\" height=\"169\" src=\"https:\/\/blog.uclm.es\/catedra-economiacircular\/wp-content\/uploads\/sites\/46\/2022\/12\/2017061417395454893-300x169.jpg\" class=\"attachment-medium size-medium wp-post-image\" alt=\"Convocatoria Premio Mejor Trabajo De Econom\u00eda Circular De Las XII Jornadas Doctorales\u00a0UCLM\" style=\"object-fit:contain;\" srcset=\"https:\/\/blog.uclm.es\/catedra-economiacircular\/wp-content\/uploads\/sites\/46\/2022\/12\/2017061417395454893-300x169.jpg 300w, https:\/\/blog.uclm.es\/catedra-economiacircular\/wp-content\/uploads\/sites\/46\/2022\/12\/2017061417395454893-768x432.jpg 768w, https:\/\/blog.uclm.es\/catedra-economiacircular\/wp-content\/uploads\/sites\/46\/2022\/12\/2017061417395454893.jpg 800w\" sizes=\"auto, (max-width: 300px) 100vw, 300px\" \/><\/a><\/figure>\n\n<h2 style=\"font-style:normal;font-weight:700;text-transform:capitalize;\" class=\"wp-block-post-title has-medium-font-size\"><a href=\"https:\/\/blog.uclm.es\/catedra-economiacircular\/convocatoria-premio-mejor-trabajo-de-economia-circular-de-las-xii-jornadas-doctorales-uclm\/\" target=\"_self\" >Convocatoria Premio Mejor Trabajo De Econom\u00eda Circular De Las XII Jornadas Doctorales\u00a0UCLM<\/a><\/h2>\n\n<div class=\"wp-block-post-excerpt\"><p class=\"wp-block-post-excerpt__excerpt\">La&nbsp;C\u00e1tedra de Econom\u00eda Circular UCLM&nbsp;convoca el&nbsp;Premio al Mejor Trabajo de Econom\u00eda Circular&nbsp;en el marco de las&nbsp;XII Jornadas Doctorales de la UCLM, que se celebrar\u00e1n el pr\u00f3ximo&nbsp;20 de marzo de 2025. Este premio busca incentivarle desarrollo de investigaciones innovadoras, reconociendo el trabajo de estudiantes de doctorado comprometidos con la econom\u00eda circula y la sostenibilidad. El ganador&hellip; <\/p><\/div>\n\n\n<hr class=\"wp-block-separator has-css-opacity is-style-wide\" \/>\n\n\n<div class=\"wp-block-post-date\"><time datetime=\"2025-01-24T16:05:03+01:00\">24 de enero de 2025<\/time><\/div>\n<\/li><li class=\"wp-block-post post-2299 post type-post status-publish format-standard has-post-thumbnail hentry category-convocatorias\">\n<figure class=\"aligncenter wp-block-post-featured-image\"><a href=\"https:\/\/blog.uclm.es\/catedra-economiacircular\/convocatoria-beca-de-formacion-2\/\" target=\"_self\"  ><img loading=\"lazy\" decoding=\"async\" width=\"300\" height=\"169\" src=\"https:\/\/blog.uclm.es\/catedra-economiacircular\/wp-content\/uploads\/sites\/46\/2022\/12\/LETRAS-UCLM-300x169.jpg\" class=\"attachment-medium size-medium wp-post-image\" alt=\"Convocatoria beca de formaci\u00f3n\" style=\"object-fit:contain;\" srcset=\"https:\/\/blog.uclm.es\/catedra-economiacircular\/wp-content\/uploads\/sites\/46\/2022\/12\/LETRAS-UCLM-300x169.jpg 300w, https:\/\/blog.uclm.es\/catedra-economiacircular\/wp-content\/uploads\/sites\/46\/2022\/12\/LETRAS-UCLM-1024x576.jpg 1024w, https:\/\/blog.uclm.es\/catedra-economiacircular\/wp-content\/uploads\/sites\/46\/2022\/12\/LETRAS-UCLM-768x432.jpg 768w, https:\/\/blog.uclm.es\/catedra-economiacircular\/wp-content\/uploads\/sites\/46\/2022\/12\/LETRAS-UCLM-1536x864.jpg 1536w, https:\/\/blog.uclm.es\/catedra-economiacircular\/wp-content\/uploads\/sites\/46\/2022\/12\/LETRAS-UCLM.jpg 1600w\" sizes=\"auto, (max-width: 300px) 100vw, 300px\" \/><\/a><\/figure>\n\n<h2 style=\"font-style:normal;font-weight:700;text-transform:capitalize;\" class=\"wp-block-post-title has-medium-font-size\"><a href=\"https:\/\/blog.uclm.es\/catedra-economiacircular\/convocatoria-beca-de-formacion-2\/\" target=\"_self\" >Convocatoria beca de formaci\u00f3n<\/a><\/h2>\n\n<div class=\"wp-block-post-excerpt\"><p class=\"wp-block-post-excerpt__excerpt\">La&nbsp;C\u00e1tedra de Econom\u00eda Circular de la UCLM&nbsp;ha abierto la convocatoria de una beca de colaboraci\u00f3n para el curso 2024\/2025, destinada a estudiantes de m\u00e1ster o doctorado. La beca tiene como objetivo formar a los beneficiarios en actividades como la gesti\u00f3n de la p\u00e1gina web y redes sociales, la organizaci\u00f3n de eventos, la elaboraci\u00f3n de convocatorias&hellip; <\/p><\/div>\n\n\n<hr class=\"wp-block-separator has-css-opacity is-style-wide\" \/>\n\n\n<div class=\"wp-block-post-date\"><time datetime=\"2024-11-22T12:36:11+01:00\">22 de noviembre de 2024<\/time><\/div>\n<\/li><li class=\"wp-block-post post-2287 post type-post status-publish format-standard has-post-thumbnail hentry category-convocatorias\">\n<figure class=\"aligncenter wp-block-post-featured-image\"><a href=\"https:\/\/blog.uclm.es\/catedra-economiacircular\/convocatoria-de-premios-a-trabajos-fin-de-grado-y-trabajos-de-fin-de-master-curso-2023-2024\/\" target=\"_self\"  ><img loading=\"lazy\" decoding=\"async\" width=\"300\" height=\"169\" src=\"https:\/\/blog.uclm.es\/catedra-economiacircular\/wp-content\/uploads\/sites\/46\/2021\/10\/Uni-300x169.jpg\" class=\"attachment-medium size-medium wp-post-image\" alt=\"Convocatoria de Premios a Trabajos Fin de Grado y Trabajos de fin de M\u00e1ster. Curso 2023\/2024\u00a0\" style=\"object-fit:contain;\" srcset=\"https:\/\/blog.uclm.es\/catedra-economiacircular\/wp-content\/uploads\/sites\/46\/2021\/10\/Uni-300x169.jpg 300w, https:\/\/blog.uclm.es\/catedra-economiacircular\/wp-content\/uploads\/sites\/46\/2021\/10\/Uni.jpg 541w\" sizes=\"auto, (max-width: 300px) 100vw, 300px\" \/><\/a><\/figure>\n\n<h2 style=\"font-style:normal;font-weight:700;text-transform:capitalize;\" class=\"wp-block-post-title has-medium-font-size\"><a href=\"https:\/\/blog.uclm.es\/catedra-economiacircular\/convocatoria-de-premios-a-trabajos-fin-de-grado-y-trabajos-de-fin-de-master-curso-2023-2024\/\" target=\"_self\" >Convocatoria de Premios a Trabajos Fin de Grado y Trabajos de fin de M\u00e1ster. Curso 2023\/2024\u00a0<\/a><\/h2>\n\n<div class=\"wp-block-post-excerpt\"><p class=\"wp-block-post-excerpt__excerpt\">La C\u00e1tedra de Econom\u00eda Circular de la Universidad de Castilla-La Mancha (UCLM) abre la convocatoria de los Premios Trabajos Fin de Grado y Trabajos Fin de M\u00e1ster para el curso 2023\/24. Esta iniciativa reconoce los mejores trabajos acad\u00e9micos que promuevan la transici\u00f3n hacia un modelo econ\u00f3mico m\u00e1s sostenible, eficiente y respetuoso con el medio ambiente.&hellip; <\/p><\/div>\n\n\n<hr class=\"wp-block-separator has-css-opacity is-style-wide\" \/>\n\n\n<div class=\"wp-block-post-date\"><time datetime=\"2024-10-14T07:50:52+01:00\">14 de octubre de 2024<\/time><\/div>\n<\/li><li class=\"wp-block-post post-2272 post type-post status-publish format-standard has-post-thumbnail hentry category-convocatorias\">\n<figure class=\"aligncenter wp-block-post-featured-image\"><a href=\"https:\/\/blog.uclm.es\/catedra-economiacircular\/convocatoria-de-fondos-para-proyectos-de-investigacion-para-jovenes\/\" target=\"_self\"  ><img loading=\"lazy\" decoding=\"async\" width=\"300\" height=\"199\" src=\"https:\/\/blog.uclm.es\/catedra-economiacircular\/wp-content\/uploads\/sites\/46\/2024\/06\/31990_6-universidad-300x199.jpg\" class=\"attachment-medium size-medium wp-post-image\" alt=\"Convocatoria de fondos para proyectos de investigaci\u00f3n para j\u00f3venes\" style=\"object-fit:contain;\" srcset=\"https:\/\/blog.uclm.es\/catedra-economiacircular\/wp-content\/uploads\/sites\/46\/2024\/06\/31990_6-universidad-300x199.jpg 300w, https:\/\/blog.uclm.es\/catedra-economiacircular\/wp-content\/uploads\/sites\/46\/2024\/06\/31990_6-universidad-1024x678.jpg 1024w, https:\/\/blog.uclm.es\/catedra-economiacircular\/wp-content\/uploads\/sites\/46\/2024\/06\/31990_6-universidad-768x508.jpg 768w, https:\/\/blog.uclm.es\/catedra-economiacircular\/wp-content\/uploads\/sites\/46\/2024\/06\/31990_6-universidad.jpg 1280w\" sizes=\"auto, (max-width: 300px) 100vw, 300px\" \/><\/a><\/figure>\n\n<h2 style=\"font-style:normal;font-weight:700;text-transform:capitalize;\" class=\"wp-block-post-title has-medium-font-size\"><a href=\"https:\/\/blog.uclm.es\/catedra-economiacircular\/convocatoria-de-fondos-para-proyectos-de-investigacion-para-jovenes\/\" target=\"_self\" >Convocatoria de fondos para proyectos de investigaci\u00f3n para j\u00f3venes<\/a><\/h2>\n\n<div class=\"wp-block-post-excerpt\"><p class=\"wp-block-post-excerpt__excerpt\">La C\u00e1tedra de Econom\u00eda Circular de la Universidad de Castilla-La Mancha convoca la I edici\u00f3n de asignaci\u00f3n de fondos para la realizaci\u00f3n de proyectos de investigaci\u00f3n liderados por j\u00f3venes, con una dotaci\u00f3n m\u00e1xima de 12.000 euros, con el objetivo de fomentar la investigaci\u00f3n en econom\u00eda circular en Castilla-La Mancha, en cualquier \u00e1mbito de conocimiento. <\/p><\/div>\n\n\n<hr class=\"wp-block-separator has-css-opacity is-style-wide\" \/>\n\n\n<div class=\"wp-block-post-date\"><time datetime=\"2024-06-04T09:25:13+01:00\">4 de junio de 2024<\/time><\/div>\n<\/li><li class=\"wp-block-post post-2150 post type-post status-publish format-standard has-post-thumbnail hentry category-convocatorias\">\n<figure class=\"aligncenter wp-block-post-featured-image\"><a href=\"https:\/\/blog.uclm.es\/catedra-economiacircular\/convocatoria-de-premios-a-trabajos-fin-de-grado-y-trabajos-de-fin-de-master\/\" target=\"_self\"  ><img loading=\"lazy\" decoding=\"async\" width=\"300\" height=\"169\" src=\"https:\/\/blog.uclm.es\/catedra-economiacircular\/wp-content\/uploads\/sites\/46\/2023\/10\/UCLM-300x169.jpg\" class=\"attachment-medium size-medium wp-post-image\" alt=\"Convocatoria de Premios a Trabajos Fin de Grado y Trabajos de fin de M\u00e1ster\u00a0\" style=\"object-fit:contain;\" srcset=\"https:\/\/blog.uclm.es\/catedra-economiacircular\/wp-content\/uploads\/sites\/46\/2023\/10\/UCLM-300x169.jpg 300w, https:\/\/blog.uclm.es\/catedra-economiacircular\/wp-content\/uploads\/sites\/46\/2023\/10\/UCLM-768x432.jpg 768w, https:\/\/blog.uclm.es\/catedra-economiacircular\/wp-content\/uploads\/sites\/46\/2023\/10\/UCLM.jpg 854w\" sizes=\"auto, (max-width: 300px) 100vw, 300px\" \/><\/a><\/figure>\n\n<h2 style=\"font-style:normal;font-weight:700;text-transform:capitalize;\" class=\"wp-block-post-title has-medium-font-size\"><a href=\"https:\/\/blog.uclm.es\/catedra-economiacircular\/convocatoria-de-premios-a-trabajos-fin-de-grado-y-trabajos-de-fin-de-master\/\" target=\"_self\" >Convocatoria de Premios a Trabajos Fin de Grado y Trabajos de fin de M\u00e1ster\u00a0<\/a><\/h2>\n\n<div class=\"wp-block-post-excerpt\"><p class=\"wp-block-post-excerpt__excerpt\">La C\u00e1tedra de Econom\u00eda Circular de la UCLM, con el objetivo de incentivar el compromiso de los estudiantes con las estrategias de econom\u00eda circular, convoca la edici\u00f3n 2022\/2023 para premios a Trabajos Fin de Grado y Trabajos Fin de M\u00e1ster para aquellos estudiantes de la Universidad de Castilla-La Mancha que hayan defendido sus trabajos durante&hellip; <\/p><\/div>\n\n\n<hr class=\"wp-block-separator has-css-opacity is-style-wide\" \/>\n\n\n<div class=\"wp-block-post-date\"><time datetime=\"2023-10-06T09:11:51+01:00\">6 de octubre de 2023<\/time><\/div>\n<\/li><li class=\"wp-block-post post-2097 post type-post status-publish format-standard has-post-thumbnail hentry category-convocatorias\">\n<figure class=\"aligncenter wp-block-post-featured-image\"><a href=\"https:\/\/blog.uclm.es\/catedra-economiacircular\/convocatoria-beca-de-formacion\/\" target=\"_self\"  ><img loading=\"lazy\" decoding=\"async\" width=\"300\" height=\"175\" src=\"https:\/\/blog.uclm.es\/catedra-economiacircular\/wp-content\/uploads\/sites\/46\/2023\/05\/back-300x175.jpg\" class=\"attachment-medium size-medium wp-post-image\" alt=\"Convocatoria beca de formaci\u00f3n\" style=\"object-fit:contain;\" srcset=\"https:\/\/blog.uclm.es\/catedra-economiacircular\/wp-content\/uploads\/sites\/46\/2023\/05\/back-300x175.jpg 300w, https:\/\/blog.uclm.es\/catedra-economiacircular\/wp-content\/uploads\/sites\/46\/2023\/05\/back-1024x597.jpg 1024w, https:\/\/blog.uclm.es\/catedra-economiacircular\/wp-content\/uploads\/sites\/46\/2023\/05\/back-768x448.jpg 768w, https:\/\/blog.uclm.es\/catedra-economiacircular\/wp-content\/uploads\/sites\/46\/2023\/05\/back.jpg 1440w\" sizes=\"auto, (max-width: 300px) 100vw, 300px\" \/><\/a><\/figure>\n\n<h2 style=\"font-style:normal;font-weight:700;text-transform:capitalize;\" class=\"wp-block-post-title has-medium-font-size\"><a href=\"https:\/\/blog.uclm.es\/catedra-economiacircular\/convocatoria-beca-de-formacion\/\" target=\"_self\" >Convocatoria beca de formaci\u00f3n<\/a><\/h2>\n\n<div class=\"wp-block-post-excerpt\"><p class=\"wp-block-post-excerpt__excerpt\">Se convoca una beca de colaboraci\u00f3n para la realizaci\u00f3n de tareas de apoyo en la C\u00e1tedra de Econom\u00eda Circular-UCLM. El objetivo de esta convoatoria es proporcionar al becario una formaci\u00f3n avanzada en la gesti\u00f3n, organizaci\u00f3n y difusi\u00f3n de actividades de un proyecto. <\/p><\/div>\n\n\n<hr class=\"wp-block-separator has-css-opacity is-style-wide\" \/>\n\n\n<div class=\"wp-block-post-date\"><time datetime=\"2023-05-02T09:46:11+01:00\">2 de mayo de 2023<\/time><\/div>\n<\/li><\/ul><\/div>\n<\/div><\/div>\n\n\n\n<p><\/p>\n","protected":false},"excerpt":{"rendered":"","protected":false},"author":180,"featured_media":0,"parent":0,"menu_order":3,"comment_status":"closed","ping_status":"closed","template":"","meta":{"footnotes":""},"class_list":["post-26","page","type-page","status-publish","hentry"],"_links":{"self":[{"href":"https:\/\/blog.uclm.es\/catedra-economiacircular\/wp-json\/wp\/v2\/pages\/26","targetHints":{"allow":["GET"]}}],"collection":[{"href":"https:\/\/blog.uclm.es\/catedra-economiacircular\/wp-json\/wp\/v2\/pages"}],"about":[{"href":"https:\/\/blog.uclm.es\/catedra-economiacircular\/wp-json\/wp\/v2\/types\/page"}],"author":[{"embeddable":true,"href":"https:\/\/blog.uclm.es\/catedra-economiacircular\/wp-json\/wp\/v2\/users\/180"}],"replies":[{"embeddable":true,"href":"https:\/\/blog.uclm.es\/catedra-economiacircular\/wp-json\/wp\/v2\/comments?post=26"}],"version-history":[{"count":12,"href":"https:\/\/blog.uclm.es\/catedra-economiacircular\/wp-json\/wp\/v2\/pages\/26\/revisions"}],"predecessor-version":[{"id":2048,"href":"https:\/\/blog.uclm.es\/catedra-economiacircular\/wp-json\/wp\/v2\/pages\/26\/revisions\/2048"}],"wp:attachment":[{"href":"https:\/\/blog.uclm.es\/catedra-economiacircular\/wp-json\/wp\/v2\/media?parent=26"}],"curies":[{"name":"wp","href":"https:\/\/api.w.org\/{rel}","templated":true}]}}