{"id":24,"date":"2021-09-24T17:39:33","date_gmt":"2021-09-24T16:39:33","guid":{"rendered":"https:\/\/blog.uclm.es\/catedra-economiacircular\/?page_id=24"},"modified":"2022-12-26T11:34:22","modified_gmt":"2022-12-26T10:34:22","slug":"actividades","status":"publish","type":"page","link":"https:\/\/blog.uclm.es\/catedra-economiacircular\/actividades\/","title":{"rendered":""},"content":{"rendered":"\n<div class=\"wp-block-group alignfull\"><div class=\"wp-block-group__inner-container is-layout-constrained wp-block-group-is-layout-constrained\">\n<div class=\"wp-block-cover alignwide is-light has-parallax has-custom-content-position is-position-center-right\" style=\"min-height:229px;aspect-ratio:unset;\"><span aria-hidden=\"true\" class=\"wp-block-cover__background has-background-dim-0 has-background-dim\"><\/span><div role=\"img\" class=\"wp-block-cover__image-background wp-image-2024 has-parallax\" style=\"background-position:50% 50%;background-image:url(https:\/\/blog.uclm.es\/catedra-economiacircular\/wp-content\/uploads\/sites\/46\/2022\/12\/titulo_lacatedra-6.jpg)\"><\/div><div class=\"wp-block-cover__inner-container is-layout-flow wp-block-cover-is-layout-flow\">\n<h1 class=\"has-x-large-font-size wp-block-heading\"><strong>Actividades<\/strong><\/h1>\n<\/div><\/div>\n<\/div><\/div>\n\n\n\n<div class=\"wp-block-group alignwide\"><div class=\"wp-block-group__inner-container is-layout-constrained wp-block-group-is-layout-constrained\">\n<div class=\"wp-block-query alignwide is-layout-flow wp-block-query-is-layout-flow\"><ul class=\"is-flex-container columns-3 wp-block-post-template is-layout-flow wp-block-post-template-is-layout-flow\"><li class=\"wp-block-post post-2540 post type-post status-publish format-standard has-post-thumbnail hentry category-actividades\">\n<figure class=\"aligncenter wp-block-post-featured-image\"><a href=\"https:\/\/blog.uclm.es\/catedra-economiacircular\/workshop-encuentro-circular-uclm-investigacion-sostenibilidad-y-futuro\/\" target=\"_self\"  ><img loading=\"lazy\" decoding=\"async\" width=\"212\" height=\"300\" src=\"https:\/\/blog.uclm.es\/catedra-economiacircular\/wp-content\/uploads\/sites\/46\/2026\/03\/Jornada-Toledo-212x300.jpeg\" class=\"attachment-medium size-medium wp-post-image\" alt=\"Workshop Encuentro Circular UCLM: Investigaci\u00f3n, Sostenibilidad y Futuro\" style=\"object-fit:contain;\" srcset=\"https:\/\/blog.uclm.es\/catedra-economiacircular\/wp-content\/uploads\/sites\/46\/2026\/03\/Jornada-Toledo-212x300.jpeg 212w, https:\/\/blog.uclm.es\/catedra-economiacircular\/wp-content\/uploads\/sites\/46\/2026\/03\/Jornada-Toledo-724x1024.jpeg 724w, https:\/\/blog.uclm.es\/catedra-economiacircular\/wp-content\/uploads\/sites\/46\/2026\/03\/Jornada-Toledo-768x1086.jpeg 768w, https:\/\/blog.uclm.es\/catedra-economiacircular\/wp-content\/uploads\/sites\/46\/2026\/03\/Jornada-Toledo-1086x1536.jpeg 1086w, https:\/\/blog.uclm.es\/catedra-economiacircular\/wp-content\/uploads\/sites\/46\/2026\/03\/Jornada-Toledo.jpeg 1448w\" sizes=\"auto, (max-width: 212px) 100vw, 212px\" \/><\/a><\/figure>\n\n<h2 style=\"font-style:normal;font-weight:700;text-transform:capitalize;\" class=\"wp-block-post-title has-medium-font-size\"><a href=\"https:\/\/blog.uclm.es\/catedra-economiacircular\/workshop-encuentro-circular-uclm-investigacion-sostenibilidad-y-futuro\/\" target=\"_self\" >Workshop Encuentro Circular UCLM: Investigaci\u00f3n, Sostenibilidad y Futuro<\/a><\/h2>\n\n<div class=\"wp-block-post-excerpt\"><p class=\"wp-block-post-excerpt__excerpt\">La Facultad de Ciencias Ambientales y Bioqu\u00edmica de Toledo coge este jueves 26 de marzo el I Encuentro Circular UCLM: Investigaci\u00f3n, Sostenibilidad y Futuro, una iniciativa impulsada desde la C\u00e1tedra de Econom\u00eda Circula que tiene como objetivo de dar visibilidad al talento joven y a los grupos de investigaci\u00f3n de la UCLM que trabajan en&hellip; <\/p><\/div>\n\n\n<hr class=\"wp-block-separator has-css-opacity is-style-wide\" \/>\n\n\n<div class=\"wp-block-post-date\"><time datetime=\"2026-03-25T09:35:11+01:00\">25 de marzo de 2026<\/time><\/div>\n<\/li><li class=\"wp-block-post post-2493 post type-post status-publish format-standard has-post-thumbnail hentry category-actividades\">\n<figure class=\"aligncenter wp-block-post-featured-image\"><a href=\"https:\/\/blog.uclm.es\/catedra-economiacircular\/la-catedra-participa-en-el-curso-de-verano-cultura-del-vino-pasado-y-futuro-en-tomelloso\/\" target=\"_self\"  ><img loading=\"lazy\" decoding=\"async\" width=\"225\" height=\"300\" src=\"https:\/\/blog.uclm.es\/catedra-economiacircular\/wp-content\/uploads\/sites\/46\/2025\/10\/WhatsApp-Image-2025-10-16-at-20.44.27-225x300.jpeg\" class=\"attachment-medium size-medium wp-post-image\" alt=\"La C\u00e1tedra impulsa el debate en el curso de verano \u201cCultura del Vino. Pasado y Futuro\u201d en Tomelloso\" style=\"object-fit:contain;\" srcset=\"https:\/\/blog.uclm.es\/catedra-economiacircular\/wp-content\/uploads\/sites\/46\/2025\/10\/WhatsApp-Image-2025-10-16-at-20.44.27-225x300.jpeg 225w, https:\/\/blog.uclm.es\/catedra-economiacircular\/wp-content\/uploads\/sites\/46\/2025\/10\/WhatsApp-Image-2025-10-16-at-20.44.27-768x1024.jpeg 768w, https:\/\/blog.uclm.es\/catedra-economiacircular\/wp-content\/uploads\/sites\/46\/2025\/10\/WhatsApp-Image-2025-10-16-at-20.44.27-1152x1536.jpeg 1152w, https:\/\/blog.uclm.es\/catedra-economiacircular\/wp-content\/uploads\/sites\/46\/2025\/10\/WhatsApp-Image-2025-10-16-at-20.44.27.jpeg 1536w\" sizes=\"auto, (max-width: 225px) 100vw, 225px\" \/><\/a><\/figure>\n\n<h2 style=\"font-style:normal;font-weight:700;text-transform:capitalize;\" class=\"wp-block-post-title has-medium-font-size\"><a href=\"https:\/\/blog.uclm.es\/catedra-economiacircular\/la-catedra-participa-en-el-curso-de-verano-cultura-del-vino-pasado-y-futuro-en-tomelloso\/\" target=\"_self\" >La C\u00e1tedra impulsa el debate en el curso de verano \u201cCultura del Vino. Pasado y Futuro\u201d en Tomelloso<\/a><\/h2>\n\n<div class=\"wp-block-post-excerpt\"><p class=\"wp-block-post-excerpt__excerpt\">La C\u00e1tedra de Econom\u00eda Circular de la UCLM ha participado en el curso de verano \u201cCultura del Vino. Pasado y Futuro\u201d, celebrado los d\u00edas 16 y 17 de octubre en Tomelloso (Ciudad Real), una iniciativa que ha reunido a expertos, profesionales del sector, docentes y representantes institucionales para reflexionar sobre el papel del vino como&hellip; <\/p><\/div>\n\n\n<hr class=\"wp-block-separator has-css-opacity is-style-wide\" \/>\n\n\n<div class=\"wp-block-post-date\"><time datetime=\"2025-10-17T09:52:24+01:00\">17 de octubre de 2025<\/time><\/div>\n<\/li><li class=\"wp-block-post post-2483 post type-post status-publish format-standard has-post-thumbnail hentry category-actividades\">\n<figure class=\"aligncenter wp-block-post-featured-image\"><a href=\"https:\/\/blog.uclm.es\/catedra-economiacircular\/la-catedra-de-economia-circular-de-la-uclm-participa-en-el-iii-encuentro-nacional-rcus-en-granada\/\" target=\"_self\"  ><img loading=\"lazy\" decoding=\"async\" width=\"300\" height=\"225\" src=\"https:\/\/blog.uclm.es\/catedra-economiacircular\/wp-content\/uploads\/sites\/46\/2025\/10\/WhatsApp-Image-2025-10-17-at-10.21.01-300x225.jpeg\" class=\"attachment-medium size-medium wp-post-image\" alt=\"La C\u00e1tedra de Econom\u00eda Circular de la UCLM forma parte del III Encuentro Nacional RCUS en Granada\" style=\"object-fit:contain;\" srcset=\"https:\/\/blog.uclm.es\/catedra-economiacircular\/wp-content\/uploads\/sites\/46\/2025\/10\/WhatsApp-Image-2025-10-17-at-10.21.01-300x225.jpeg 300w, https:\/\/blog.uclm.es\/catedra-economiacircular\/wp-content\/uploads\/sites\/46\/2025\/10\/WhatsApp-Image-2025-10-17-at-10.21.01-1024x768.jpeg 1024w, https:\/\/blog.uclm.es\/catedra-economiacircular\/wp-content\/uploads\/sites\/46\/2025\/10\/WhatsApp-Image-2025-10-17-at-10.21.01-768x576.jpeg 768w, https:\/\/blog.uclm.es\/catedra-economiacircular\/wp-content\/uploads\/sites\/46\/2025\/10\/WhatsApp-Image-2025-10-17-at-10.21.01-1536x1152.jpeg 1536w, https:\/\/blog.uclm.es\/catedra-economiacircular\/wp-content\/uploads\/sites\/46\/2025\/10\/WhatsApp-Image-2025-10-17-at-10.21.01.jpeg 1600w\" sizes=\"auto, (max-width: 300px) 100vw, 300px\" \/><\/a><\/figure>\n\n<h2 style=\"font-style:normal;font-weight:700;text-transform:capitalize;\" class=\"wp-block-post-title has-medium-font-size\"><a href=\"https:\/\/blog.uclm.es\/catedra-economiacircular\/la-catedra-de-economia-circular-de-la-uclm-participa-en-el-iii-encuentro-nacional-rcus-en-granada\/\" target=\"_self\" >La C\u00e1tedra de Econom\u00eda Circular de la UCLM forma parte del III Encuentro Nacional RCUS en Granada<\/a><\/h2>\n\n<div class=\"wp-block-post-excerpt\"><p class=\"wp-block-post-excerpt__excerpt\">La C\u00e1tedra de Econom\u00eda Circular de la Universidad de Castilla-La Mancha ha estado presente en el III Encuentro Nacional RCUS celebrado los d\u00edas 15 y 16 de octubre en el Hospital Real, sede de la Universidad de Granada. Bajo el lema \u201cSostenibilidad en la Universidad ante el Reto 2030\u201d, el evento reuni\u00f3 a representantes de&hellip; <\/p><\/div>\n\n\n<hr class=\"wp-block-separator has-css-opacity is-style-wide\" \/>\n\n\n<div class=\"wp-block-post-date\"><time datetime=\"2025-10-17T09:35:21+01:00\">17 de octubre de 2025<\/time><\/div>\n<\/li><li class=\"wp-block-post post-2370 post type-post status-publish format-standard has-post-thumbnail hentry category-actividades\">\n<figure class=\"aligncenter wp-block-post-featured-image\"><a href=\"https:\/\/blog.uclm.es\/catedra-economiacircular\/poster-premiado-en-las-jornadas-doctorales\/\" target=\"_self\"  ><img loading=\"lazy\" decoding=\"async\" width=\"207\" height=\"300\" src=\"https:\/\/blog.uclm.es\/catedra-economiacircular\/wp-content\/uploads\/sites\/46\/2025\/03\/poster-1-207x300.jpeg\" class=\"attachment-medium size-medium wp-post-image\" alt=\"P\u00f3ster premiado en las jornadas doctorales\" style=\"object-fit:contain;\" srcset=\"https:\/\/blog.uclm.es\/catedra-economiacircular\/wp-content\/uploads\/sites\/46\/2025\/03\/poster-1-207x300.jpeg 207w, https:\/\/blog.uclm.es\/catedra-economiacircular\/wp-content\/uploads\/sites\/46\/2025\/03\/poster-1-707x1024.jpeg 707w, https:\/\/blog.uclm.es\/catedra-economiacircular\/wp-content\/uploads\/sites\/46\/2025\/03\/poster-1-768x1112.jpeg 768w, https:\/\/blog.uclm.es\/catedra-economiacircular\/wp-content\/uploads\/sites\/46\/2025\/03\/poster-1-1061x1536.jpeg 1061w, https:\/\/blog.uclm.es\/catedra-economiacircular\/wp-content\/uploads\/sites\/46\/2025\/03\/poster-1.jpeg 1294w\" sizes=\"auto, (max-width: 207px) 100vw, 207px\" \/><\/a><\/figure>\n\n<h2 style=\"font-style:normal;font-weight:700;text-transform:capitalize;\" class=\"wp-block-post-title has-medium-font-size\"><a href=\"https:\/\/blog.uclm.es\/catedra-economiacircular\/poster-premiado-en-las-jornadas-doctorales\/\" target=\"_self\" >P\u00f3ster premiado en las jornadas doctorales<\/a><\/h2>\n\n<div class=\"wp-block-post-excerpt\"><p class=\"wp-block-post-excerpt__excerpt\">Nos complace anunciar que el p\u00f3ster titulado&nbsp;\u00abRevalorizaci\u00f3n de c\u00e1scaras de frutos secos como soportes catal\u00edticos en procesos Power to Methane\u00bb&nbsp;ha sido galardonado como el mejor trabajo relacionado con la sostenibilidad en las XII Jornadas Doctorales de la UCLM. Este destacado trabajo, realizado por&nbsp;Alba Villard\u00f3n P\u00e9rez, ha sido reconocido con un premio de 600 euros otorgado&hellip; <\/p><\/div>\n\n\n<hr class=\"wp-block-separator has-css-opacity is-style-wide\" \/>\n\n\n<div class=\"wp-block-post-date\"><time datetime=\"2025-03-27T13:40:24+01:00\">27 de marzo de 2025<\/time><\/div>\n<\/li><li class=\"wp-block-post post-2335 post type-post status-publish format-standard has-post-thumbnail hentry category-actividades\">\n<figure class=\"aligncenter wp-block-post-featured-image\"><a href=\"https:\/\/blog.uclm.es\/catedra-economiacircular\/workshop-turismo-sostenible-y-economia-circular\/\" target=\"_self\"  ><img loading=\"lazy\" decoding=\"async\" width=\"300\" height=\"290\" src=\"https:\/\/blog.uclm.es\/catedra-economiacircular\/wp-content\/uploads\/sites\/46\/2025\/02\/cartel-seminario-e1739897566728-300x290.jpg\" class=\"attachment-medium size-medium wp-post-image\" alt=\"Workshop turismo sostenible y econom\u00eda circular\" style=\"object-fit:contain;\" srcset=\"https:\/\/blog.uclm.es\/catedra-economiacircular\/wp-content\/uploads\/sites\/46\/2025\/02\/cartel-seminario-e1739897566728-300x290.jpg 300w, https:\/\/blog.uclm.es\/catedra-economiacircular\/wp-content\/uploads\/sites\/46\/2025\/02\/cartel-seminario-e1739897566728-1024x988.jpg 1024w, https:\/\/blog.uclm.es\/catedra-economiacircular\/wp-content\/uploads\/sites\/46\/2025\/02\/cartel-seminario-e1739897566728-768x741.jpg 768w, https:\/\/blog.uclm.es\/catedra-economiacircular\/wp-content\/uploads\/sites\/46\/2025\/02\/cartel-seminario-e1739897566728.jpg 1034w\" sizes=\"auto, (max-width: 300px) 100vw, 300px\" \/><\/a><\/figure>\n\n<h2 style=\"font-style:normal;font-weight:700;text-transform:capitalize;\" class=\"wp-block-post-title has-medium-font-size\"><a href=\"https:\/\/blog.uclm.es\/catedra-economiacircular\/workshop-turismo-sostenible-y-economia-circular\/\" target=\"_self\" >Workshop turismo sostenible y econom\u00eda circular<\/a><\/h2>\n\n<div class=\"wp-block-post-excerpt\"><p class=\"wp-block-post-excerpt__excerpt\">El pr\u00f3ximo&nbsp;5 de marzo de 2025, la&nbsp;C\u00e1tedra de Econom\u00eda Circular&nbsp;organiza el&nbsp;Workshop sobre Turismo Sostenible y Econom\u00eda Circular&nbsp;en el&nbsp;Sal\u00f3n de Grados de la Facultad de Ciencias Sociales de Cuenca, de 16:45 a 19:30. Este evento reunir\u00e1 a expertos y acad\u00e9micos para debatir sobre los desaf\u00edos y oportunidades de la econom\u00eda circular en el sector tur\u00edstico. Durante&hellip; <\/p><\/div>\n\n\n<hr class=\"wp-block-separator has-css-opacity is-style-wide\" \/>\n\n\n<div class=\"wp-block-post-date\"><time datetime=\"2025-02-18T17:53:06+01:00\">18 de febrero de 2025<\/time><\/div>\n<\/li><li class=\"wp-block-post post-2325 post type-post status-publish format-standard has-post-thumbnail hentry category-actividades category-noticias\">\n<figure class=\"aligncenter wp-block-post-featured-image\"><a href=\"https:\/\/blog.uclm.es\/catedra-economiacircular\/3rd-conference-in-business-research-management-brm\/\" target=\"_self\"  ><img loading=\"lazy\" decoding=\"async\" width=\"225\" height=\"300\" src=\"https:\/\/blog.uclm.es\/catedra-economiacircular\/wp-content\/uploads\/sites\/46\/2025\/01\/WhatsApp-Image-2025-01-16-at-15.28.53-225x300.jpeg\" class=\"attachment-medium size-medium wp-post-image\" alt=\"3rd Conference in Business Research &amp; Management (BRM)\" style=\"object-fit:contain;\" srcset=\"https:\/\/blog.uclm.es\/catedra-economiacircular\/wp-content\/uploads\/sites\/46\/2025\/01\/WhatsApp-Image-2025-01-16-at-15.28.53-225x300.jpeg 225w, https:\/\/blog.uclm.es\/catedra-economiacircular\/wp-content\/uploads\/sites\/46\/2025\/01\/WhatsApp-Image-2025-01-16-at-15.28.53-768x1024.jpeg 768w, https:\/\/blog.uclm.es\/catedra-economiacircular\/wp-content\/uploads\/sites\/46\/2025\/01\/WhatsApp-Image-2025-01-16-at-15.28.53-1152x1536.jpeg 1152w, https:\/\/blog.uclm.es\/catedra-economiacircular\/wp-content\/uploads\/sites\/46\/2025\/01\/WhatsApp-Image-2025-01-16-at-15.28.53.jpeg 1536w\" sizes=\"auto, (max-width: 225px) 100vw, 225px\" \/><\/a><\/figure>\n\n<h2 style=\"font-style:normal;font-weight:700;text-transform:capitalize;\" class=\"wp-block-post-title has-medium-font-size\"><a href=\"https:\/\/blog.uclm.es\/catedra-economiacircular\/3rd-conference-in-business-research-management-brm\/\" target=\"_self\" >3rd Conference in Business Research &amp; Management (BRM)<\/a><\/h2>\n\n<div class=\"wp-block-post-excerpt\"><p class=\"wp-block-post-excerpt__excerpt\">El pasado 16 de enero de 2025 el codirector de la C\u00e1tedra de Econom\u00eda Circular, Francisco J. S\u00e1ez, asisti\u00f3 a la 3rd Conference in Business Research &amp; Management (BRM) celebrada en la Facultad de Ciencias Sociales de Cuenca. Bajo el lema \u00abTowards a more sustainable world\u00bb, esta jornada reuni\u00f3 a m\u00e1s de 60 investigadores provenientes&hellip; <\/p><\/div>\n\n\n<hr class=\"wp-block-separator has-css-opacity is-style-wide\" \/>\n\n\n<div class=\"wp-block-post-date\"><time datetime=\"2025-01-17T12:39:03+01:00\">17 de enero de 2025<\/time><\/div>\n<\/li><li class=\"wp-block-post post-2320 post type-post status-publish format-standard has-post-thumbnail hentry category-actividades\">\n<figure class=\"aligncenter wp-block-post-featured-image\"><a href=\"https:\/\/blog.uclm.es\/catedra-economiacircular\/jornadas-circularmente-turismo-circular\/\" target=\"_self\"  ><img loading=\"lazy\" decoding=\"async\" width=\"274\" height=\"223\" src=\"https:\/\/blog.uclm.es\/catedra-economiacircular\/wp-content\/uploads\/sites\/46\/2025\/01\/circularmente.png\" class=\"attachment-medium size-medium wp-post-image\" alt=\"Jornadas Circularmente: Turismo Circular\" style=\"object-fit:contain;\" \/><\/a><\/figure>\n\n<h2 style=\"font-style:normal;font-weight:700;text-transform:capitalize;\" class=\"wp-block-post-title has-medium-font-size\"><a href=\"https:\/\/blog.uclm.es\/catedra-economiacircular\/jornadas-circularmente-turismo-circular\/\" target=\"_self\" >Jornadas Circularmente: Turismo Circular<\/a><\/h2>\n\n<div class=\"wp-block-post-excerpt\"><p class=\"wp-block-post-excerpt__excerpt\">El pasado 27 de noviembre de 2024, la C\u00e1tedra de Econom\u00eda Circular particip\u00f3, a trav\u00e9s de su codirectora Laura Avellaneda, en la jornada \u00abCircuLarMente: Turismo Circular de Castilla-La Mancha\u00bb, organizada por la Consejer\u00eda de Desarrollo Sostenible en el Museo Paleontol\u00f3gico de Castilla-La Mancha (MUPA) en Cuenca. Este evento reuni\u00f3 a diversos agentes tur\u00edsticos, empresariales y&hellip; <\/p><\/div>\n\n\n<hr class=\"wp-block-separator has-css-opacity is-style-wide\" \/>\n\n\n<div class=\"wp-block-post-date\"><time datetime=\"2025-01-17T12:32:07+01:00\">17 de enero de 2025<\/time><\/div>\n<\/li><li class=\"wp-block-post post-2264 post type-post status-publish format-standard has-post-thumbnail hentry category-actividades\">\n<figure class=\"aligncenter wp-block-post-featured-image\"><a href=\"https:\/\/blog.uclm.es\/catedra-economiacircular\/ii-congreso-de-investigaciones-socio-economicas-noveles-ante-el-reto-demografico\/\" target=\"_self\"  ><img loading=\"lazy\" decoding=\"async\" width=\"300\" height=\"225\" src=\"https:\/\/blog.uclm.es\/catedra-economiacircular\/wp-content\/uploads\/sites\/46\/2024\/04\/GL1jycTXcAEeVQV-300x225.jpeg\" class=\"attachment-medium size-medium wp-post-image\" alt=\"II Congreso de Investigaciones Socio-Econ\u00f3micas Noveles ante el Reto Demogr\u00e1fico\" style=\"object-fit:contain;\" srcset=\"https:\/\/blog.uclm.es\/catedra-economiacircular\/wp-content\/uploads\/sites\/46\/2024\/04\/GL1jycTXcAEeVQV-300x225.jpeg 300w, https:\/\/blog.uclm.es\/catedra-economiacircular\/wp-content\/uploads\/sites\/46\/2024\/04\/GL1jycTXcAEeVQV-1024x768.jpeg 1024w, https:\/\/blog.uclm.es\/catedra-economiacircular\/wp-content\/uploads\/sites\/46\/2024\/04\/GL1jycTXcAEeVQV-768x576.jpeg 768w, https:\/\/blog.uclm.es\/catedra-economiacircular\/wp-content\/uploads\/sites\/46\/2024\/04\/GL1jycTXcAEeVQV-1536x1152.jpeg 1536w, https:\/\/blog.uclm.es\/catedra-economiacircular\/wp-content\/uploads\/sites\/46\/2024\/04\/GL1jycTXcAEeVQV.jpeg 2048w\" sizes=\"auto, (max-width: 300px) 100vw, 300px\" \/><\/a><\/figure>\n\n<h2 style=\"font-style:normal;font-weight:700;text-transform:capitalize;\" class=\"wp-block-post-title has-medium-font-size\"><a href=\"https:\/\/blog.uclm.es\/catedra-economiacircular\/ii-congreso-de-investigaciones-socio-economicas-noveles-ante-el-reto-demografico\/\" target=\"_self\" >II Congreso de Investigaciones Socio-Econ\u00f3micas Noveles ante el Reto Demogr\u00e1fico<\/a><\/h2>\n\n<div class=\"wp-block-post-excerpt\"><p class=\"wp-block-post-excerpt__excerpt\">El pasado 23 de abril el codirector de la c\u00e1tedra, Francisco J. S\u00e1ez particip\u00f3 en el II Congreso de Investigaciones Socio-Econ\u00f3micas Noveles ante el Reto Demogr\u00e1fico (ISEN_RED 24): Desarrollo sostenible y calidad de vida rural con la ponencia \u00abModelos de negocio de Econom\u00eda Circular. Durante su ponencia Francisco J. destac\u00f3 las oportunidades empresariales que abre&hellip; <\/p><\/div>\n\n\n<hr class=\"wp-block-separator has-css-opacity is-style-wide\" \/>\n\n\n<div class=\"wp-block-post-date\"><time datetime=\"2024-04-29T15:46:39+01:00\">29 de abril de 2024<\/time><\/div>\n<\/li><li class=\"wp-block-post post-2256 post type-post status-publish format-standard has-post-thumbnail hentry category-actividades\">\n<figure class=\"aligncenter wp-block-post-featured-image\"><a href=\"https:\/\/blog.uclm.es\/catedra-economiacircular\/wokshop-la-financiacion-local-de-la-gestion-de-residuos\/\" target=\"_self\"  ><img loading=\"lazy\" decoding=\"async\" width=\"300\" height=\"168\" src=\"https:\/\/blog.uclm.es\/catedra-economiacircular\/wp-content\/uploads\/sites\/46\/2024\/04\/GKzkIIlWAAAFmPb-300x168.jpg\" class=\"attachment-medium size-medium wp-post-image\" alt=\"Wokshop: La financiaci\u00f3n local de la gesti\u00f3n de residuos\" style=\"object-fit:contain;\" srcset=\"https:\/\/blog.uclm.es\/catedra-economiacircular\/wp-content\/uploads\/sites\/46\/2024\/04\/GKzkIIlWAAAFmPb-300x168.jpg 300w, https:\/\/blog.uclm.es\/catedra-economiacircular\/wp-content\/uploads\/sites\/46\/2024\/04\/GKzkIIlWAAAFmPb-768x431.jpg 768w, https:\/\/blog.uclm.es\/catedra-economiacircular\/wp-content\/uploads\/sites\/46\/2024\/04\/GKzkIIlWAAAFmPb.jpg 854w\" sizes=\"auto, (max-width: 300px) 100vw, 300px\" \/><\/a><\/figure>\n\n<h2 style=\"font-style:normal;font-weight:700;text-transform:capitalize;\" class=\"wp-block-post-title has-medium-font-size\"><a href=\"https:\/\/blog.uclm.es\/catedra-economiacircular\/wokshop-la-financiacion-local-de-la-gestion-de-residuos\/\" target=\"_self\" >Wokshop: La financiaci\u00f3n local de la gesti\u00f3n de residuos<\/a><\/h2>\n\n<div class=\"wp-block-post-excerpt\"><p class=\"wp-block-post-excerpt__excerpt\">El 10 de abril participamos en el workshop: La financiaci\u00f3n local de la gesti\u00f3n de residuos, celebrado en la Facultad de Derecho y Ciencias Sociales de Ciudad Real. La gesti\u00f3n eficiente y el tratamiento de los residuos se considera un sector cr\u00edtico para avanzar en la transici\u00f3n hacia una econom\u00eda circular. La Ley de Residuos&hellip; <\/p><\/div>\n\n\n<hr class=\"wp-block-separator has-css-opacity is-style-wide\" \/>\n\n\n<div class=\"wp-block-post-date\"><time datetime=\"2024-04-11T08:09:21+01:00\">11 de abril de 2024<\/time><\/div>\n<\/li><\/ul><\/div>\n<\/div><\/div>\n","protected":false},"excerpt":{"rendered":"","protected":false},"author":180,"featured_media":0,"parent":0,"menu_order":2,"comment_status":"closed","ping_status":"closed","template":"","meta":{"footnotes":""},"class_list":["post-24","page","type-page","status-publish","hentry"],"_links":{"self":[{"href":"https:\/\/blog.uclm.es\/catedra-economiacircular\/wp-json\/wp\/v2\/pages\/24","targetHints":{"allow":["GET"]}}],"collection":[{"href":"https:\/\/blog.uclm.es\/catedra-economiacircular\/wp-json\/wp\/v2\/pages"}],"about":[{"href":"https:\/\/blog.uclm.es\/catedra-economiacircular\/wp-json\/wp\/v2\/types\/page"}],"author":[{"embeddable":true,"href":"https:\/\/blog.uclm.es\/catedra-economiacircular\/wp-json\/wp\/v2\/users\/180"}],"replies":[{"embeddable":true,"href":"https:\/\/blog.uclm.es\/catedra-economiacircular\/wp-json\/wp\/v2\/comments?post=24"}],"version-history":[{"count":7,"href":"https:\/\/blog.uclm.es\/catedra-economiacircular\/wp-json\/wp\/v2\/pages\/24\/revisions"}],"predecessor-version":[{"id":2049,"href":"https:\/\/blog.uclm.es\/catedra-economiacircular\/wp-json\/wp\/v2\/pages\/24\/revisions\/2049"}],"wp:attachment":[{"href":"https:\/\/blog.uclm.es\/catedra-economiacircular\/wp-json\/wp\/v2\/media?parent=24"}],"curies":[{"name":"wp","href":"https:\/\/api.w.org\/{rel}","templated":true}]}}