{"id":2223,"date":"2025-10-24T11:01:00","date_gmt":"2025-10-24T10:01:00","guid":{"rendered":"https:\/\/blog.uclm.es\/catedra-economiacircular\/?page_id=2223"},"modified":"2025-10-24T12:43:00","modified_gmt":"2025-10-24T11:43:00","slug":"2223-2","status":"publish","type":"page","link":"https:\/\/blog.uclm.es\/catedra-economiacircular\/2223-2\/","title":{"rendered":"Formaci\u00f3n"},"content":{"rendered":"\n<div class=\"wp-block-cover alignwide is-light has-parallax\" style=\"min-height:229px;aspect-ratio:unset;\"><div class=\"wp-block-cover__image-background wp-image-2024 has-parallax\" style=\"background-position:50% 50%;background-image:url(https:\/\/blog.uclm.es\/catedra-economiacircular\/wp-content\/uploads\/sites\/46\/2022\/12\/titulo_lacatedra-6.jpg)\"><\/div><span aria-hidden=\"true\" class=\"wp-block-cover__background has-background-dim-0 has-background-dim\"><\/span><div class=\"wp-block-cover__inner-container is-layout-flow wp-block-cover-is-layout-flow\">\n<h1 class=\"wp-block-heading has-text-align-left has-x-large-font-size\">Microcredencial <\/h1>\n<\/div><\/div>\n\n\n\n<p>La C\u00e1tedra de Econom\u00eda Circular de la Universidad de Castilla-La Mancha (UCLM) lanza una nueva microcredencial especializada en la gesti\u00f3n local de residuos, centrada en la aplicaci\u00f3n de la Ley 7\/2022 y el c\u00e1lculo de la tasa municipal conforme a los principios de la econom\u00eda circular.<\/p>\n\n\n\n<p>\u00bfPor qu\u00e9 esta microcredencial?<\/p>\n\n\n\n<p>La entrada en vigor de la Ley 7\/2022, de residuos y suelos contaminados para una econom\u00eda circular, ha supuesto un cambio normativo profundo que afecta directamente a las entidades locales. Esta formaci\u00f3n responde a la necesidad urgente de capacitar a los agentes implicados en el dise\u00f1o, c\u00e1lculo y justificaci\u00f3n de la tasa municipal, garantizando sostenibilidad, eficiencia econ\u00f3mica y justicia fiscal.<\/p>\n\n\n\n<p>El curso se compone de 6 m\u00f3dulos impartidos por un equipo docente multidisciplinar:<\/p>\n\n\n\n<p><strong>Comunicaci\u00f3n y Sensibilizaci\u00f3n Ciudadana<\/strong><br><em>Carlos Rubio (Valoriza)<\/em><\/p>\n\n\n\n<p><strong>Econom\u00eda Circular y Gesti\u00f3n de Residuos<\/strong><br><em>Francisco J. S\u00e1ez y Laura Avellaneda (UCLM)<\/em><\/p>\n\n\n\n<p><strong>Incidencia de la Ley 7\/2022 en las Entidades Locales<\/strong><br><em>Juan Jos\u00e9 Pernas (FIREC)<\/em><\/p>\n\n\n\n<p><strong>Fiscalidad Local de Residuos<\/strong><br><em>Gemma Pat\u00f3n y Arantxa Ca\u00f1adas (UCLM)<\/em><\/p>\n\n\n\n<p><strong>C\u00e1lculo de Costes del Servicio de Residuos<\/strong><br><em>Rosario P\u00e9rez y Carolina Pontones (UCLM)<\/em><\/p>\n\n\n\n<p><strong>Redacci\u00f3n de la Ordenanza Fiscal<\/strong><br><em>Juan Carlos S\u00e1nchez (Ayto. Albacete) y Jos\u00e9 Sede\u00f1o (UMA)<\/em><\/p>\n\n\n\n<p>Datos clave del curso<\/p>\n\n\n\n<p><strong>Matr\u00edcula<\/strong>: <strong>Totalmente subvencionada<\/strong> por la UCLM y la C\u00e1tedra de Econom\u00eda Circular<\/p>\n\n\n\n<p><strong>Inicio previsto<\/strong>: Noviembre de 2025<\/p>\n\n\n\n<p><strong>Duraci\u00f3n<\/strong>: 5 ECTS (50 horas)<\/p>\n\n\n\n<p><strong>Modalidad<\/strong>: Online (sesiones en directo y grabaciones disponibles)<\/p>\n\n\n\n<p><strong>Dirigido a<\/strong>: T\u00e9cnicos municipales, personal de entidades locales, responsables de medio ambiente y profesionales del sector de entidades locales, responsables de medio ambiente y profesionales del sector<\/p>\n\n\n\n<div class=\"wp-block-buttons is-layout-flex wp-block-buttons-is-layout-flex\">\n<div class=\"wp-block-button\"><a class=\"wp-block-button__link wp-element-button\" href=\"https:\/\/www.uclm.es\/estudios\/propios\/microcredencial-subvencionada-gestion-local-residuos-ley-calculo-tasa-municipal\" target=\"_blank\" rel=\"noreferrer noopener\">Accede a la informaci\u00f3n completa sobre el curso<\/a><\/div>\n<\/div>\n\n\n\n<p><\/p>\n","protected":false},"excerpt":{"rendered":"<p>La C\u00e1tedra de Econom\u00eda Circular de la Universidad de Castilla-La Mancha (UCLM) lanza una nueva microcredencial especializada en la gesti\u00f3n local de residuos, centrada en la aplicaci\u00f3n de la Ley 7\/2022 y el c\u00e1lculo de la tasa municipal conforme a los principios de la econom\u00eda circular. \u00bfPor qu\u00e9 esta microcredencial? La entrada en vigor de &hellip; <a href=\"https:\/\/blog.uclm.es\/catedra-economiacircular\/2223-2\/\" class=\"more-link\">Seguir leyendo <span class=\"screen-reader-text\">Formaci\u00f3n<\/span> <span class=\"meta-nav\">&rarr;<\/span><\/a><\/p>\n","protected":false},"author":519,"featured_media":0,"parent":0,"menu_order":0,"comment_status":"closed","ping_status":"closed","template":"","meta":{"footnotes":""},"class_list":["post-2223","page","type-page","status-publish","hentry"],"_links":{"self":[{"href":"https:\/\/blog.uclm.es\/catedra-economiacircular\/wp-json\/wp\/v2\/pages\/2223","targetHints":{"allow":["GET"]}}],"collection":[{"href":"https:\/\/blog.uclm.es\/catedra-economiacircular\/wp-json\/wp\/v2\/pages"}],"about":[{"href":"https:\/\/blog.uclm.es\/catedra-economiacircular\/wp-json\/wp\/v2\/types\/page"}],"author":[{"embeddable":true,"href":"https:\/\/blog.uclm.es\/catedra-economiacircular\/wp-json\/wp\/v2\/users\/519"}],"replies":[{"embeddable":true,"href":"https:\/\/blog.uclm.es\/catedra-economiacircular\/wp-json\/wp\/v2\/comments?post=2223"}],"version-history":[{"count":4,"href":"https:\/\/blog.uclm.es\/catedra-economiacircular\/wp-json\/wp\/v2\/pages\/2223\/revisions"}],"predecessor-version":[{"id":2502,"href":"https:\/\/blog.uclm.es\/catedra-economiacircular\/wp-json\/wp\/v2\/pages\/2223\/revisions\/2502"}],"wp:attachment":[{"href":"https:\/\/blog.uclm.es\/catedra-economiacircular\/wp-json\/wp\/v2\/media?parent=2223"}],"curies":[{"name":"wp","href":"https:\/\/api.w.org\/{rel}","templated":true}]}}