{"id":2210,"date":"2023-11-24T10:51:38","date_gmt":"2023-11-24T09:51:38","guid":{"rendered":"https:\/\/blog.uclm.es\/catedra-economiacircular\/?page_id=2210"},"modified":"2025-03-27T19:27:49","modified_gmt":"2025-03-27T18:27:49","slug":"ivestigacion","status":"publish","type":"page","link":"https:\/\/blog.uclm.es\/catedra-economiacircular\/ivestigacion\/","title":{"rendered":""},"content":{"rendered":"\n<div class=\"wp-block-cover alignwide is-light has-parallax\" style=\"min-height:229px;aspect-ratio:unset;\"><span aria-hidden=\"true\" class=\"wp-block-cover__background has-background-dim-0 has-background-dim\"><\/span><div class=\"wp-block-cover__image-background wp-image-2024 has-parallax\" style=\"background-position:50% 50%;background-image:url(https:\/\/blog.uclm.es\/catedra-economiacircular\/wp-content\/uploads\/sites\/46\/2022\/12\/titulo_lacatedra-6.jpg)\"><\/div><div class=\"wp-block-cover__inner-container is-layout-flow wp-block-cover-is-layout-flow\">\n<h1 class=\"wp-block-heading has-x-large-font-size\">Investigaci\u00f3n<\/h1>\n<\/div><\/div>\n\n\n\n<p><\/p>\n\n\n\n<p class=\"has-text-align-left\">La C\u00e1tedra de Econom\u00eda Circular-UCLM, con el objetivo de fomentar la investigaci\u00f3n en materia de econom\u00eda circular, anualmente publica una convocatoria para la asignaci\u00f3n de fondos para proyectos de investigaci\u00f3n en colaboraci\u00f3n con una Entidad Promotora Observadora. En esta secci\u00f3n se presenta el conjunto de proyectos de investigaci\u00f3n financiados hasta la fecha.<\/p>\n\n\n\n<div class=\"wp-block-columns is-layout-flex wp-container-core-columns-is-layout-9d6595d7 wp-block-columns-is-layout-flex\">\n<div class=\"wp-block-column is-layout-flow wp-block-column-is-layout-flow\">\n<p><strong>CONVOCATORIA 2022<\/strong><\/p>\n\n\n\n<p><strong>T\u00edtulo proyecto<\/strong>: Estrategias para la obtenci\u00f3n de Queratina mediante la Revalorizaci\u00f3n de Subproductos C\u00e1rnicos de Desarrollo Sostenible.<br><strong>Entidad colaboradora<\/strong>: INCARLOPSA<br><strong>Investigador responsable:<\/strong> Andr\u00e9s Moreno Moreno<\/p>\n\n\n\n<p><strong>T\u00edtulo proyecto<\/strong>: Hacia la econom\u00eda circular en la industria vitivin\u00edcola: producci\u00f3n de hidr\u00f3geno renovable a partir de subproductos.<br><strong>Entidad colaboradora:<\/strong> ALVINESA<br><strong>Investigador principal:<\/strong> Antonio de Lucas Consuegra<\/p>\n\n\n\n<div class=\"wp-block-buttons is-layout-flex wp-block-buttons-is-layout-flex\">\n<div class=\"wp-block-button is-style-fill\"><a class=\"wp-block-button__link wp-element-button\" href=\"https:\/\/pruebasaluuclm.sharepoint.com\/:f:\/s\/CtedraEconomaCircular\/Eqc2YMboaFxCu1n1p1Mn5hwBeBWTacl8ZRSKz_dnSVNUCg?e=m1TpPK\">Accede a las memorias de los proyectos financiados en esta convocatoria<\/a><\/div>\n<\/div>\n<\/div>\n<\/div>\n\n\n\n<p><strong>CONVOCATORIA 2023<\/strong><\/p>\n\n\n\n<p><strong>T\u00edtulo proyecto<\/strong>: Estrategias para la adecuaci\u00f3n de BIOCHAR como adsorbente de CO2 y de Compuestos Org\u00e1nicos Vol\u00e1tiles aplicadas en contaminaci\u00f3n atmosf\u00e9rica y medidas de calidad del aire.<br><strong>Entidad colaboradora<\/strong>: IBEROPISTACHO<br><strong>Investigador responsable:<\/strong> Beatriz Ca\u00f1adas Gal\u00e1n <\/p>\n\n\n\n<p><strong>T\u00edtulo proyecto<\/strong>: Reutilizaci\u00f3n de residuos de la industria de congelado de vegetales para la obtenci\u00f3n de compuestos antioxidantes y su reincorporaci\u00f3n a la cadena alimentaria.<br><strong>Entidad colaboradora:<\/strong> ULTRACONGELADOS CAMPOVERDE S.L.<br><strong>Investigador principal:<\/strong> Manuel \u00c1varez Ort\u00ed<\/p>\n\n\n\n<p><strong>T\u00edtulo proyecto<\/strong>: Optimizaci\u00f3n de procesos de extracci\u00f3n de productos de alto valor a\u00f1adido en la berenjena fresca del Campo de Calatrava (variedad \u201cdealmagro\u201d) y su aplicaci\u00f3n biom\u00e9dica.<br><strong>Entidad colaboradora<\/strong>: DEP\u00d3SITO ADEANERO EUROPEO S.L.<br><strong>Investigador responsable:<\/strong> Yoana Rabanal Ruiz<\/p>\n\n\n\n<p><strong>T\u00edtulo proyecto<\/strong>: Electrorefiner\u00eda sostenible en industrias vitivin\u00edcolas (ESIV)<br><strong>Entidad colaboradora:<\/strong> AGROVIN<br><strong>Investigador principal:<\/strong> Carmen Mar\u00eda Fern\u00e1ndez Marchante<\/p>\n\n\n\n<p><strong>CONVOCATORIA 2024<\/strong><\/p>\n\n\n\n<p><strong>T\u00edtulo proyecto<\/strong>: Valorizaci\u00f3n de residuos y subproductos polim\u00e9ricos y agroforestales (biomasa) para su uso en la fabricaci\u00f3n de materiales para pavimentos deportivos<br><strong>Investigador responsable:<\/strong> Jorge Fernando Garc\u00eda Unanue  <strong> Memoria: <\/strong><a href=\"https:\/\/blog.uclm.es\/catedra-economiacircular\/wp-content\/uploads\/sites\/46\/2025\/03\/Memoria-final-Jorge-Garcia-Unanue.pdf\" data-type=\"link\" data-id=\"https:\/\/blog.uclm.es\/catedra-economiacircular\/wp-content\/uploads\/sites\/46\/2025\/03\/Memoria-final-Jorge-Garcia-Unanue.pdf\">Memoria-final-Jorge-Garcia<\/a><\/p>\n\n\n\n<p><strong>T\u00edtulo proyecto<\/strong>: Conversi\u00f3n de coproductos de pistacho en compuestos antioxidantes intensificada por tratamiento combinado de agua subcr\u00edtica y radiaci\u00f3n microondas<br><strong>Investigador principal:<\/strong> Manuel Salgado Ramos <strong>Memoria:<\/strong> <a href=\"https:\/\/blog.uclm.es\/catedra-economiacircular\/wp-content\/uploads\/sites\/46\/2025\/03\/Informe-final_MICROPISAN_2025_MSR.pdf\">MICROPISAN_2025_MSR.pdf<\/a><br><\/p>\n\n\n\n<p><strong>T\u00edtulo proyecto<\/strong>: Conversi\u00f3n de coproductos de pistacho en compuestos antioxidantes intensificada por tratamiento combinado de agua subcr\u00edtica y radiaci\u00f3n microondas<br><strong>Investigador principal:<\/strong> Beatriz Garc\u00eda-B\u00e9jar Bermejo y In\u00e9s Mar\u00eda Ramos Monge <strong>Memoria:<\/strong><a href=\"https:\/\/blog.uclm.es\/catedra-economiacircular\/wp-content\/uploads\/sites\/46\/2025\/03\/Memoria-proyecto-jovenes-investigadores-CE_Beatriz-GBB_Ines-RM.pdf\">memoria Beatriz Garcia e In\u00e9s Ramos<\/a><\/p>\n\n\n\n<p><\/p>\n","protected":false},"excerpt":{"rendered":"<p>La C\u00e1tedra de Econom\u00eda Circular-UCLM, con el objetivo de fomentar la investigaci\u00f3n en materia de econom\u00eda circular, anualmente publica una convocatoria para la asignaci\u00f3n de fondos para proyectos de investigaci\u00f3n en colaboraci\u00f3n con una Entidad Promotora Observadora. En esta secci\u00f3n se presenta el conjunto de proyectos de investigaci\u00f3n financiados hasta la fecha. CONVOCATORIA 2022 T\u00edtulo &hellip; <a href=\"https:\/\/blog.uclm.es\/catedra-economiacircular\/ivestigacion\/\" class=\"more-link\">Seguir leyendo <span class=\"screen-reader-text\"><\/span> <span class=\"meta-nav\">&rarr;<\/span><\/a><\/p>\n","protected":false},"author":180,"featured_media":0,"parent":0,"menu_order":0,"comment_status":"closed","ping_status":"closed","template":"","meta":{"footnotes":""},"class_list":["post-2210","page","type-page","status-publish","hentry"],"_links":{"self":[{"href":"https:\/\/blog.uclm.es\/catedra-economiacircular\/wp-json\/wp\/v2\/pages\/2210","targetHints":{"allow":["GET"]}}],"collection":[{"href":"https:\/\/blog.uclm.es\/catedra-economiacircular\/wp-json\/wp\/v2\/pages"}],"about":[{"href":"https:\/\/blog.uclm.es\/catedra-economiacircular\/wp-json\/wp\/v2\/types\/page"}],"author":[{"embeddable":true,"href":"https:\/\/blog.uclm.es\/catedra-economiacircular\/wp-json\/wp\/v2\/users\/180"}],"replies":[{"embeddable":true,"href":"https:\/\/blog.uclm.es\/catedra-economiacircular\/wp-json\/wp\/v2\/comments?post=2210"}],"version-history":[{"count":7,"href":"https:\/\/blog.uclm.es\/catedra-economiacircular\/wp-json\/wp\/v2\/pages\/2210\/revisions"}],"predecessor-version":[{"id":2404,"href":"https:\/\/blog.uclm.es\/catedra-economiacircular\/wp-json\/wp\/v2\/pages\/2210\/revisions\/2404"}],"wp:attachment":[{"href":"https:\/\/blog.uclm.es\/catedra-economiacircular\/wp-json\/wp\/v2\/media?parent=2210"}],"curies":[{"name":"wp","href":"https:\/\/api.w.org\/{rel}","templated":true}]}}