{"id":1961,"date":"2022-12-22T18:39:18","date_gmt":"2022-12-22T17:39:18","guid":{"rendered":"https:\/\/blog.uclm.es\/catedra-economiacircular\/?page_id=1961"},"modified":"2025-03-27T19:03:44","modified_gmt":"2025-03-27T18:03:44","slug":"1961-2","status":"publish","type":"page","link":"https:\/\/blog.uclm.es\/catedra-economiacircular\/1961-2\/","title":{"rendered":""},"content":{"rendered":"\n<div class=\"wp-block-cover alignwide is-light has-small-font-size wp-duotone-unset-1\" style=\"min-height:229px;aspect-ratio:unset;\"><span aria-hidden=\"true\" class=\"wp-block-cover__background has-background-dim-0 has-background-dim\" style=\"background-color:#f3f5f4\"><\/span><img loading=\"lazy\" decoding=\"async\" width=\"1884\" height=\"1671\" class=\"wp-block-cover__image-background wp-image-2395\" alt=\"\" src=\"https:\/\/blog.uclm.es\/catedra-economiacircular\/wp-content\/uploads\/sites\/46\/2025\/03\/logo-blanco-1.jpg\" style=\"object-position:45% 17%\" data-object-fit=\"cover\" data-object-position=\"45% 17%\" srcset=\"https:\/\/blog.uclm.es\/catedra-economiacircular\/wp-content\/uploads\/sites\/46\/2025\/03\/logo-blanco-1.jpg 1884w, https:\/\/blog.uclm.es\/catedra-economiacircular\/wp-content\/uploads\/sites\/46\/2025\/03\/logo-blanco-1-300x266.jpg 300w, https:\/\/blog.uclm.es\/catedra-economiacircular\/wp-content\/uploads\/sites\/46\/2025\/03\/logo-blanco-1-1024x908.jpg 1024w, https:\/\/blog.uclm.es\/catedra-economiacircular\/wp-content\/uploads\/sites\/46\/2025\/03\/logo-blanco-1-768x681.jpg 768w, https:\/\/blog.uclm.es\/catedra-economiacircular\/wp-content\/uploads\/sites\/46\/2025\/03\/logo-blanco-1-1536x1362.jpg 1536w\" sizes=\"auto, (max-width: 1884px) 100vw, 1884px\" \/><div class=\"wp-block-cover__inner-container is-layout-flow wp-block-cover-is-layout-flow\">\n<h1 class=\"wp-block-heading has-x-large-font-size\">                           <strong>Colaboradores<\/strong><\/h1>\n<\/div><\/div>\n\n\n\n<div class=\"wp-block-group\"><div class=\"wp-block-group__inner-container is-layout-constrained wp-block-group-is-layout-constrained\">\n<ul class=\"wp-block-list\">\n<li><strong>Alberto Alcalde<\/strong>, <em>Urban Forest Innovation Lab<\/em> (UFIL) <\/li>\n\n\n\n<li><strong>Jos\u00e9 Luis Alfaro<\/strong>. <em>Facultad de CC. Econ\u00f3micas y Emp. AB. <\/em>UCLM<\/li>\n\n\n\n<li><strong>Manuel \u00c1lvarez<\/strong>. <em>E.T.S. Ing. Agron\u00f3mica y de Mont. y Biot. AB.<\/em> UCLM<\/li>\n\n\n\n<li><strong>Guadalupe Arce<\/strong>. <em>E.T.S. Ing. Agron\u00f3mica y de Mont. y Biot. AB.<\/em> UCLM<\/li>\n\n\n\n<li><strong>Beatriz Caba\u00f1as.<\/strong> <em>Facultad CC. y Tecnolog\u00edas Qu\u00edmicas CR<\/em>. UCLM<\/li>\n\n\n\n<li><strong>Marcos Carchano<\/strong>. <em>Facultad CC. Econ\u00f3micas y Emp- AB<\/em>. UCLM<\/li>\n\n\n\n<li><strong>M\u00aa Carmen Cuerva.<\/strong> <em>Facultad de CC. Econ\u00f3micas y Emp. AB<\/em>. UCLM<\/li>\n\n\n\n<li><strong>\u00c1ngela Garc\u00eda.<\/strong> <em>Facultad de CC. Econ\u00f3micas y Emp. AB<\/em>. UCLM<\/li>\n\n\n\n<li><strong>Beatriz Garc\u00eda_Bejar.<\/strong> <em>Facultad de CC. Ambientales y Bioqu\u00edmica. TO.UCLM<\/em><\/li>\n\n\n\n<li><strong>Jorge Fernando Garc\u00eda. <\/strong>Facultad CC. Del Deporte. TO. UCLM<\/li>\n\n\n\n<li><strong>Llanos L\u00f3pez.<\/strong> Vicerrectorado de Albacete. UCLM<\/li>\n\n\n\n<li><strong>Antonio de Lucas<\/strong> <strong>Consuegra<\/strong>. <em>Facultad CC. y Tecnolog\u00edas Qu\u00edmicas CR<\/em>. UCLM<\/li>\n\n\n\n<li><strong>Francisco Escribano<\/strong>. <em>Facultad de CC. Econ\u00f3micas y Emp. AB.<\/em> UCLM<\/li>\n\n\n\n<li><strong>Carmen M\u00aa Fern\u00e1ndez<\/strong>. <em>Facultad CC. y Tecnolog\u00edas Qu\u00edmicas CR.<\/em> UCLM<\/li>\n\n\n\n<li><strong>Juan J. Jim\u00e9nez.<\/strong> <em>Facultad de CC. Econ\u00f3micas y Emp. AB<\/em>. UCLM<\/li>\n\n\n\n<li><strong>Javier Jover.<\/strong> <em>Facultad de Humanidades de AB.<\/em> UCLM<\/li>\n\n\n\n<li><strong>Lourdes Moreno.<\/strong> <em>Facultad de CC. Econ\u00f3micas y Emp. AB<\/em>. UCLM<\/li>\n\n\n\n<li><strong>Andr\u00e9s Moreno.<\/strong> <em>Facultad CC. y Tecnolog\u00edas Qu\u00edmicas CR.<\/em> UCLM<\/li>\n\n\n\n<li><strong>Daniel Moya.<\/strong> <em>E.T.S. Ing. Agron\u00f3mica y de Mont. y Biot. AB.<\/em> UCLM<\/li>\n\n\n\n<li><strong>Pascual Parada<\/strong>. <em>Facultad de CC. Econ\u00f3micas y Emp. AB.<\/em> UCLM<\/li>\n\n\n\n<li><strong>Gemma Pat\u00f3n.<\/strong> <em>Facultad de derecho y CC. Soc. de CR.<\/em> UCLM<\/li>\n\n\n\n<li><strong>Beatriz P\u00e9rez. Facultad CC.<\/strong> <em>Ambientales y Bioqu\u00edmica TO.<\/em> UCLM<\/li>\n\n\n\n<li><strong>Adri\u00e1n Rabad\u00e1n<\/strong>. E.T.S. Ing. Agron\u00f3mica y de Mont. y Biot. AB. UCLM<\/li>\n\n\n\n<li><strong>Yoana Rabanal Ruiz.<\/strong><em> Facultad de medicina de CR.<\/em> UCLM<\/li>\n\n\n\n<li><strong>Javier Ram\u00edrez. <\/strong><em>E.T.S. de Ingenier\u00eda Industrial AB.<\/em> UCLM<\/li>\n\n\n\n<li><strong>In\u00e9s Mar\u00eda Ramon. <\/strong>Facultad CC. y Tecnolog\u00edas Qu\u00edmicas CR. UCLM<\/li>\n\n\n\n<li><strong>Manuel Salgado. <\/strong>Facultad CC. y Tecnolog\u00edas Qu\u00edmicas CR. UCLM<br><strong>Pedro Jes\u00fas S\u00e1ez<\/strong>. <em>Asociaci\u00f3n de Empresarios de Romica <\/em>(ADEPRO)<br><strong>Marina S\u00e1nchez<\/strong>. <em>Facultad de CC. Econ\u00f3micas y Emp. AB.<\/em> UCLM<br><strong>\u00c1ngela Triguero.<\/strong> <em>Facultad de CC. Econ\u00f3micas y Emp. AB.<\/em> UCLM<br><strong>Jos\u00e9 Villase\u00f1or<\/strong>. <em>Facultad CC. y Tecnolog\u00edas Qu\u00edmicas CR.<\/em> UCLM<br><strong>Jorge Zafrilla<\/strong>. <em>Facultad de CC. Econ\u00f3micas y Emp. AB<\/em>. UCLM<\/li>\n<\/ul>\n\n\n\n<p class=\"has-text-align-left\"><\/p>\n<\/div><\/div>\n\n\n\n<div class=\"wp-block-cover alignwide is-light is-repeated\" style=\"min-height:229px;aspect-ratio:unset;\"><span aria-hidden=\"true\" class=\"wp-block-cover__background has-background-dim-0 has-background-dim\" style=\"background-color:#f3f5f4\"><\/span><div class=\"wp-block-cover__image-background wp-image-2396 is-repeated\" style=\"background-position:55% 15%;background-image:url(https:\/\/blog.uclm.es\/catedra-economiacircular\/wp-content\/uploads\/sites\/46\/2025\/03\/logo-blanco-2.jpg)\"><\/div><div class=\"wp-block-cover__inner-container is-layout-flow wp-block-cover-is-layout-flow\">\n<h1 class=\"wp-block-heading has-x-large-font-size\">            Empresas colaboradoras<\/h1>\n<\/div><\/div>\n\n\n\n<div class=\"wp-block-media-text has-media-on-the-right is-stacked-on-mobile\"><div class=\"wp-block-media-text__content\">\n<p><strong>ALVINESA NATURAL INGREDIENTS<\/strong><\/p>\n\n\n\nhttps:\/\/www.alvinesa.com\/\n<\/div><figure class=\"wp-block-media-text__media\"><a href=\"https:\/\/www.alvinesa.com\/\"><img loading=\"lazy\" decoding=\"async\" width=\"265\" height=\"84\" src=\"https:\/\/blog.uclm.es\/catedra-economiacircular\/wp-content\/uploads\/sites\/46\/2023\/11\/ALVINESA.png\" alt=\"\" class=\"wp-image-2173 size-full\" \/><\/a><\/figure><\/div>\n\n\n\n<div class=\"wp-block-media-text is-stacked-on-mobile\"><figure class=\"wp-block-media-text__media\"><img loading=\"lazy\" decoding=\"async\" width=\"227\" height=\"111\" src=\"https:\/\/blog.uclm.es\/catedra-economiacircular\/wp-content\/uploads\/sites\/46\/2023\/11\/Captura-de-Pantalla-2023-11-17-a-las-9.19.24.png\" alt=\"\" class=\"wp-image-2174 size-full\" \/><\/figure><div class=\"wp-block-media-text__content\">\n<p><strong>INCARLOPSA<\/strong><\/p>\n\n\n\nhttps:\/\/incarlopsa.es\/\n<\/div><\/div>\n\n\n\n<div class=\"wp-block-media-text has-media-on-the-right is-stacked-on-mobile\"><div class=\"wp-block-media-text__content\">\n<p><strong>AMIAB<\/strong><\/p>\n\n\n\nhttps:\/\/amiab.com\n<\/div><figure class=\"wp-block-media-text__media\"><img loading=\"lazy\" decoding=\"async\" width=\"369\" height=\"157\" src=\"https:\/\/blog.uclm.es\/catedra-economiacircular\/wp-content\/uploads\/sites\/46\/2023\/11\/Captura-de-Pantalla-2023-11-27-a-las-17.43.21.png\" alt=\"\" class=\"wp-image-2220 size-full\" srcset=\"https:\/\/blog.uclm.es\/catedra-economiacircular\/wp-content\/uploads\/sites\/46\/2023\/11\/Captura-de-Pantalla-2023-11-27-a-las-17.43.21.png 369w, https:\/\/blog.uclm.es\/catedra-economiacircular\/wp-content\/uploads\/sites\/46\/2023\/11\/Captura-de-Pantalla-2023-11-27-a-las-17.43.21-300x128.png 300w\" sizes=\"auto, (max-width: 369px) 100vw, 369px\" \/><\/figure><\/div>\n\n\n\n<div class=\"wp-block-media-text is-stacked-on-mobile\"><figure class=\"wp-block-media-text__media\"><img loading=\"lazy\" decoding=\"async\" width=\"174\" height=\"60\" src=\"https:\/\/blog.uclm.es\/catedra-economiacircular\/wp-content\/uploads\/sites\/46\/2023\/11\/Captura-de-Pantalla-2023-11-17-a-las-10.14.59.png\" alt=\"\" class=\"wp-image-2180 size-full\" \/><\/figure><div class=\"wp-block-media-text__content\">\n<p><strong>AGROVIN<\/strong><\/p>\n\n\n\nhttps:\/\/agrovin.com\/\n<\/div><\/div>\n\n\n\n<div class=\"wp-block-media-text has-media-on-the-right is-stacked-on-mobile\"><div class=\"wp-block-media-text__content\">\n<p><strong>IBEROPISTACHO<\/strong><\/p>\n\n\n\nhttps:\/\/iberopistacho.com\/\n<\/div><figure class=\"wp-block-media-text__media\"><img loading=\"lazy\" decoding=\"async\" width=\"225\" height=\"67\" src=\"https:\/\/blog.uclm.es\/catedra-economiacircular\/wp-content\/uploads\/sites\/46\/2023\/11\/Captura-de-Pantalla-2023-11-17-a-las-10.33.09.png\" alt=\"\" class=\"wp-image-2185 size-full\" \/><\/figure><\/div>\n\n\n\n<div class=\"wp-block-media-text is-stacked-on-mobile\"><figure class=\"wp-block-media-text__media\"><img loading=\"lazy\" decoding=\"async\" width=\"532\" height=\"244\" src=\"https:\/\/blog.uclm.es\/catedra-economiacircular\/wp-content\/uploads\/sites\/46\/2023\/11\/Captura-de-Pantalla-2023-11-27-a-las-17.41.16.png\" alt=\"\" class=\"wp-image-2219 size-full\" srcset=\"https:\/\/blog.uclm.es\/catedra-economiacircular\/wp-content\/uploads\/sites\/46\/2023\/11\/Captura-de-Pantalla-2023-11-27-a-las-17.41.16.png 532w, https:\/\/blog.uclm.es\/catedra-economiacircular\/wp-content\/uploads\/sites\/46\/2023\/11\/Captura-de-Pantalla-2023-11-27-a-las-17.41.16-300x138.png 300w\" sizes=\"auto, (max-width: 532px) 100vw, 532px\" \/><\/figure><div class=\"wp-block-media-text__content\">\n<p><strong>ADEPRO<\/strong><\/p>\n\n\n\nhttps:\/\/www.adepro.org\n<\/div><\/div>\n\n\n\n<div class=\"wp-block-media-text has-media-on-the-right is-stacked-on-mobile\"><div class=\"wp-block-media-text__content\">\n<p><strong>CAMPOVERDE ULTRACONGELADOS<\/strong><\/p>\n\n\n\nhttps:\/\/www.ultracongeladoscampoverde.com\/\n<\/div><figure class=\"wp-block-media-text__media\"><img loading=\"lazy\" decoding=\"async\" width=\"276\" height=\"120\" src=\"https:\/\/blog.uclm.es\/catedra-economiacircular\/wp-content\/uploads\/sites\/46\/2023\/11\/Captura-de-Pantalla-2023-11-17-a-las-9.59.19.png\" alt=\"\" class=\"wp-image-2179 size-full\" \/><\/figure><\/div>\n\n\n\n<div class=\"wp-block-media-text is-stacked-on-mobile\"><figure class=\"wp-block-media-text__media\"><img loading=\"lazy\" decoding=\"async\" width=\"1024\" height=\"432\" src=\"https:\/\/blog.uclm.es\/catedra-economiacircular\/wp-content\/uploads\/sites\/46\/2022\/12\/Sin-titulo-1-1024x432.png\" alt=\"\" class=\"wp-image-1972 size-full\" srcset=\"https:\/\/blog.uclm.es\/catedra-economiacircular\/wp-content\/uploads\/sites\/46\/2022\/12\/Sin-titulo-1-1024x432.png 1024w, https:\/\/blog.uclm.es\/catedra-economiacircular\/wp-content\/uploads\/sites\/46\/2022\/12\/Sin-titulo-1-300x126.png 300w, https:\/\/blog.uclm.es\/catedra-economiacircular\/wp-content\/uploads\/sites\/46\/2022\/12\/Sin-titulo-1-768x324.png 768w, https:\/\/blog.uclm.es\/catedra-economiacircular\/wp-content\/uploads\/sites\/46\/2022\/12\/Sin-titulo-1-1536x648.png 1536w, https:\/\/blog.uclm.es\/catedra-economiacircular\/wp-content\/uploads\/sites\/46\/2022\/12\/Sin-titulo-1-2048x863.png 2048w\" sizes=\"auto, (max-width: 1024px) 100vw, 1024px\" \/><\/figure><div class=\"wp-block-media-text__content\">\n<p><strong>DEP\u00d3SITO ADUANERO EUROPEO<\/strong><\/p>\n\n\n<\/div><\/div>\n","protected":false},"excerpt":{"rendered":"<p>ALVINESA NATURAL INGREDIENTS https:\/\/www.alvinesa.com\/ INCARLOPSA https:\/\/incarlopsa.es\/ AMIAB https:\/\/amiab.com AGROVIN https:\/\/agrovin.com\/ IBEROPISTACHO https:\/\/iberopistacho.com\/ ADEPRO https:\/\/www.adepro.org CAMPOVERDE ULTRACONGELADOS https:\/\/www.ultracongeladoscampoverde.com\/ DEP\u00d3SITO ADUANERO EUROPEO<\/p>\n","protected":false},"author":174,"featured_media":0,"parent":0,"menu_order":0,"comment_status":"closed","ping_status":"closed","template":"","meta":{"footnotes":""},"class_list":["post-1961","page","type-page","status-publish","hentry"],"_links":{"self":[{"href":"https:\/\/blog.uclm.es\/catedra-economiacircular\/wp-json\/wp\/v2\/pages\/1961","targetHints":{"allow":["GET"]}}],"collection":[{"href":"https:\/\/blog.uclm.es\/catedra-economiacircular\/wp-json\/wp\/v2\/pages"}],"about":[{"href":"https:\/\/blog.uclm.es\/catedra-economiacircular\/wp-json\/wp\/v2\/types\/page"}],"author":[{"embeddable":true,"href":"https:\/\/blog.uclm.es\/catedra-economiacircular\/wp-json\/wp\/v2\/users\/174"}],"replies":[{"embeddable":true,"href":"https:\/\/blog.uclm.es\/catedra-economiacircular\/wp-json\/wp\/v2\/comments?post=1961"}],"version-history":[{"count":30,"href":"https:\/\/blog.uclm.es\/catedra-economiacircular\/wp-json\/wp\/v2\/pages\/1961\/revisions"}],"predecessor-version":[{"id":2398,"href":"https:\/\/blog.uclm.es\/catedra-economiacircular\/wp-json\/wp\/v2\/pages\/1961\/revisions\/2398"}],"wp:attachment":[{"href":"https:\/\/blog.uclm.es\/catedra-economiacircular\/wp-json\/wp\/v2\/media?parent=1961"}],"curies":[{"name":"wp","href":"https:\/\/api.w.org\/{rel}","templated":true}]}}