{"id":1757,"date":"2022-11-30T00:15:18","date_gmt":"2022-11-29T23:15:18","guid":{"rendered":"https:\/\/blog.uclm.es\/catedra-economiacircular\/?page_id=1757"},"modified":"2025-03-27T19:30:53","modified_gmt":"2025-03-27T18:30:53","slug":"catedra-economia-circular","status":"publish","type":"page","link":"https:\/\/blog.uclm.es\/catedra-economiacircular\/","title":{"rendered":""},"content":{"rendered":"\n<div class=\"wp-block-group alignfull\"><div class=\"wp-block-group__inner-container is-layout-constrained wp-block-group-is-layout-constrained\">\n<div class=\"wp-block-cover alignfull\" style=\"min-height:232px;aspect-ratio:unset;\"><span aria-hidden=\"true\" class=\"wp-block-cover__background has-background-dim-0 has-background-dim\"><\/span><img loading=\"lazy\" decoding=\"async\" width=\"1024\" height=\"370\" class=\"wp-block-cover__image-background wp-image-1074\" alt=\"\" src=\"https:\/\/blog.uclm.es\/catedra-economiacircular\/wp-content\/uploads\/sites\/46\/2021\/10\/fondo_1-1-1024x370.jpg\" style=\"object-position:0% 0%\" data-object-fit=\"cover\" data-object-position=\"0% 0%\" srcset=\"https:\/\/blog.uclm.es\/catedra-economiacircular\/wp-content\/uploads\/sites\/46\/2021\/10\/fondo_1-1-1024x370.jpg 1024w, https:\/\/blog.uclm.es\/catedra-economiacircular\/wp-content\/uploads\/sites\/46\/2021\/10\/fondo_1-1-300x108.jpg 300w, https:\/\/blog.uclm.es\/catedra-economiacircular\/wp-content\/uploads\/sites\/46\/2021\/10\/fondo_1-1-768x277.jpg 768w, https:\/\/blog.uclm.es\/catedra-economiacircular\/wp-content\/uploads\/sites\/46\/2021\/10\/fondo_1-1-1536x554.jpg 1536w, https:\/\/blog.uclm.es\/catedra-economiacircular\/wp-content\/uploads\/sites\/46\/2021\/10\/fondo_1-1-1568x566.jpg 1568w, https:\/\/blog.uclm.es\/catedra-economiacircular\/wp-content\/uploads\/sites\/46\/2021\/10\/fondo_1-1.jpg 1920w\" sizes=\"auto, (max-width: 1024px) 100vw, 1024px\" \/><div class=\"wp-block-cover__inner-container is-layout-flow wp-block-cover-is-layout-flow\">\n<p class=\"has-text-align-left\" style=\"font-size:50px\"><strong>C\u00e1tedra de Econom\u00eda Circular<\/strong><\/p>\n\n\n\n<p><em>Para la promoci\u00f3n y el desarrollo de actividades de investigaci\u00f3n, formaci\u00f3n, divulgaci\u00f3n, innovaci\u00f3n y emprendimiento en materia de Econom\u00eda Circular.<\/em><\/p>\n<\/div><\/div>\n<\/div><\/div>\n\n\n\n<div class=\"wp-block-group alignfull has-dark-gray-color has-white-background-color has-text-color has-background\"><div class=\"wp-block-group__inner-container is-layout-constrained wp-block-group-is-layout-constrained\">\n<h2 class=\"wp-block-heading alignfull has-text-align-center has-dark-gray-color has-text-color\">Econom\u00eda Circular<\/h2>\n\n\n<ul class=\"wp-block-latest-posts__list is-grid columns-3 alignwide wp-block-latest-posts\"><li><div class=\"wp-block-latest-posts__featured-image\"><a href=\"https:\/\/blog.uclm.es\/catedra-economiacircular\/guia-para-el-diseno-de-la-tasa-local-de-residuos-en-castilla-la-mancha\/\" aria-label=\"Gu\u00eda para el Dise\u00f1o de la Tasa Local de Residuos en Castilla-La Mancha\"><img loading=\"lazy\" decoding=\"async\" width=\"150\" height=\"150\" src=\"https:\/\/blog.uclm.es\/catedra-economiacircular\/wp-content\/uploads\/sites\/46\/2025\/03\/guia-150x150.jpg\" class=\"attachment-thumbnail size-thumbnail wp-post-image\" alt=\"\" style=\"max-width:150px;max-height:150px;\" \/><\/a><\/div><a class=\"wp-block-latest-posts__post-title\" href=\"https:\/\/blog.uclm.es\/catedra-economiacircular\/guia-para-el-diseno-de-la-tasa-local-de-residuos-en-castilla-la-mancha\/\">Gu\u00eda para el Dise\u00f1o de la Tasa Local de Residuos en Castilla-La Mancha<\/a><div class=\"wp-block-latest-posts__post-excerpt\">Os presentamos la&nbsp;\u00abGu\u00eda para el Dise\u00f1o de la Tasa Local de Residuos en Castilla-La Mancha\u00bb, un documento esencial elaborado por la Universidad de Castilla-La Mancha y coordinado por Gemma Pat\u00f3n. Esta gu\u00eda ha sido desarrollada en el marco de los &hellip; <a href=\"https:\/\/blog.uclm.es\/catedra-economiacircular\/guia-para-el-diseno-de-la-tasa-local-de-residuos-en-castilla-la-mancha\/\" class=\"more-link\">Seguir leyendo <span class=\"screen-reader-text\">Gu\u00eda para el Dise\u00f1o de la Tasa Local de Residuos en Castilla-La Mancha<\/span> <span class=\"meta-nav\">&rarr;<\/span><\/a><\/div><\/li>\n<li><div class=\"wp-block-latest-posts__featured-image\"><a href=\"https:\/\/blog.uclm.es\/catedra-economiacircular\/estrategia-de-economia-circular-clm-2030\/\" aria-label=\"Estrategia de Econom\u00eda Circular CLM 2030\"><img loading=\"lazy\" decoding=\"async\" width=\"150\" height=\"150\" src=\"https:\/\/blog.uclm.es\/catedra-economiacircular\/wp-content\/uploads\/sites\/46\/2022\/08\/ESTRATEGI-EC-CLM-2030-150x150.png\" class=\"attachment-thumbnail size-thumbnail wp-post-image\" alt=\"\" style=\"max-width:150px;max-height:150px;\" \/><\/a><\/div><a class=\"wp-block-latest-posts__post-title\" href=\"https:\/\/blog.uclm.es\/catedra-economiacircular\/estrategia-de-economia-circular-clm-2030\/\">Estrategia de Econom\u00eda Circular CLM 2030<\/a><div class=\"wp-block-latest-posts__post-excerpt\">La Estrategia de Econom\u00eda Circular 2030 (2021-2030) abarca desde \u00e1reas relacionadas con la gesti\u00f3n eficiente de los recursos, la producci\u00f3n, el consumo, los residuos y la innovaci\u00f3n. Los objetivos concretos que se ersiguen son: &#8211; Reducci\u00f3n de la generaci\u00f3n de &hellip; <a href=\"https:\/\/blog.uclm.es\/catedra-economiacircular\/estrategia-de-economia-circular-clm-2030\/\" class=\"more-link\">Seguir leyendo <span class=\"screen-reader-text\">Estrategia de Econom\u00eda Circular CLM 2030<\/span> <span class=\"meta-nav\">&rarr;<\/span><\/a><\/div><\/li>\n<li><div class=\"wp-block-latest-posts__featured-image\"><a href=\"https:\/\/blog.uclm.es\/catedra-economiacircular\/plan-de-accion-economia-circular-clm\/\" aria-label=\"Plan de Acci\u00f3n Econom\u00eda Circular CLM\"><img loading=\"lazy\" decoding=\"async\" width=\"150\" height=\"150\" src=\"https:\/\/blog.uclm.es\/catedra-economiacircular\/wp-content\/uploads\/sites\/46\/2022\/08\/plan-accion-EC-CLM-150x150.png\" class=\"attachment-thumbnail size-thumbnail wp-post-image\" alt=\"\" style=\"max-width:150px;max-height:150px;\" \/><\/a><\/div><a class=\"wp-block-latest-posts__post-title\" href=\"https:\/\/blog.uclm.es\/catedra-economiacircular\/plan-de-accion-economia-circular-clm\/\">Plan de Acci\u00f3n Econom\u00eda Circular CLM<\/a><div class=\"wp-block-latest-posts__post-excerpt\">El Plan de Acci\u00f3n de Econom\u00eda Circular de Castilla-La Mancha tiene un marco temporal de 2021 a 2025. El presente plan recoge las propuestas de actuaci\u00f3n para la implementaci\u00f3n efectiva de la Estrategia de Econom\u00eda Circular 2030. Concretamente, el plan &hellip; <a href=\"https:\/\/blog.uclm.es\/catedra-economiacircular\/plan-de-accion-economia-circular-clm\/\" class=\"more-link\">Seguir leyendo <span class=\"screen-reader-text\">Plan de Acci\u00f3n Econom\u00eda Circular CLM<\/span> <span class=\"meta-nav\">&rarr;<\/span><\/a><\/div><\/li>\n<\/ul>\n\n\n<hr class=\"wp-block-separator has-text-color has-red-color has-alpha-channel-opacity has-red-background-color has-background is-style-wide\" \/>\n<\/div><\/div>\n\n\n\n<div class=\"wp-block-group alignfull\"><div class=\"wp-block-group__inner-container is-layout-constrained wp-block-group-is-layout-constrained\">\n<h2 class=\"wp-block-heading has-text-align-center\">Actividades<\/h2>\n\n\n<ul class=\"wp-block-latest-posts__list is-grid columns-3 alignwide wp-block-latest-posts\"><li><div class=\"wp-block-latest-posts__featured-image\"><a href=\"https:\/\/blog.uclm.es\/catedra-economiacircular\/workshop-encuentro-circular-uclm-investigacion-sostenibilidad-y-futuro\/\" aria-label=\"Workshop Encuentro Circular UCLM: Investigaci\u00f3n, Sostenibilidad y Futuro\"><img loading=\"lazy\" decoding=\"async\" width=\"150\" height=\"150\" src=\"https:\/\/blog.uclm.es\/catedra-economiacircular\/wp-content\/uploads\/sites\/46\/2026\/03\/Jornada-Toledo-150x150.jpeg\" class=\"attachment-thumbnail size-thumbnail wp-post-image\" alt=\"\" style=\"max-width:150px;max-height:150px;\" \/><\/a><\/div><a class=\"wp-block-latest-posts__post-title\" href=\"https:\/\/blog.uclm.es\/catedra-economiacircular\/workshop-encuentro-circular-uclm-investigacion-sostenibilidad-y-futuro\/\">Workshop Encuentro Circular UCLM: Investigaci\u00f3n, Sostenibilidad y Futuro<\/a><div class=\"wp-block-latest-posts__post-excerpt\">La Facultad de Ciencias Ambientales y Bioqu\u00edmica de Toledo coge este jueves 26 de marzo el I Encuentro Circular UCLM: Investigaci\u00f3n, Sostenibilidad y Futuro, una iniciativa impulsada desde la C\u00e1tedra de Econom\u00eda Circula que tiene como objetivo de dar visibilidad &hellip; <a href=\"https:\/\/blog.uclm.es\/catedra-economiacircular\/workshop-encuentro-circular-uclm-investigacion-sostenibilidad-y-futuro\/\" class=\"more-link\">Seguir leyendo <span class=\"screen-reader-text\">Workshop Encuentro Circular UCLM: Investigaci\u00f3n, Sostenibilidad y Futuro<\/span> <span class=\"meta-nav\">&rarr;<\/span><\/a><\/div><\/li>\n<li><div class=\"wp-block-latest-posts__featured-image\"><a href=\"https:\/\/blog.uclm.es\/catedra-economiacircular\/la-catedra-participa-en-el-curso-de-verano-cultura-del-vino-pasado-y-futuro-en-tomelloso\/\" aria-label=\"La C\u00e1tedra impulsa el debate en el curso de verano \u201cCultura del Vino. Pasado y Futuro\u201d en Tomelloso\"><img loading=\"lazy\" decoding=\"async\" width=\"150\" height=\"150\" src=\"https:\/\/blog.uclm.es\/catedra-economiacircular\/wp-content\/uploads\/sites\/46\/2025\/10\/WhatsApp-Image-2025-10-16-at-20.44.27-150x150.jpeg\" class=\"attachment-thumbnail size-thumbnail wp-post-image\" alt=\"\" style=\"max-width:150px;max-height:150px;\" \/><\/a><\/div><a class=\"wp-block-latest-posts__post-title\" href=\"https:\/\/blog.uclm.es\/catedra-economiacircular\/la-catedra-participa-en-el-curso-de-verano-cultura-del-vino-pasado-y-futuro-en-tomelloso\/\">La C\u00e1tedra impulsa el debate en el curso de verano \u201cCultura del Vino. Pasado y Futuro\u201d en Tomelloso<\/a><div class=\"wp-block-latest-posts__post-excerpt\">La C\u00e1tedra de Econom\u00eda Circular de la UCLM ha participado en el curso de verano \u201cCultura del Vino. Pasado y Futuro\u201d, celebrado los d\u00edas 16 y 17 de octubre en Tomelloso (Ciudad Real), una iniciativa que ha reunido a expertos, &hellip; <a href=\"https:\/\/blog.uclm.es\/catedra-economiacircular\/la-catedra-participa-en-el-curso-de-verano-cultura-del-vino-pasado-y-futuro-en-tomelloso\/\" class=\"more-link\">Seguir leyendo <span class=\"screen-reader-text\">La C\u00e1tedra impulsa el debate en el curso de verano \u201cCultura del Vino. Pasado y Futuro\u201d en Tomelloso<\/span> <span class=\"meta-nav\">&rarr;<\/span><\/a><\/div><\/li>\n<li><div class=\"wp-block-latest-posts__featured-image\"><a href=\"https:\/\/blog.uclm.es\/catedra-economiacircular\/la-catedra-de-economia-circular-de-la-uclm-participa-en-el-iii-encuentro-nacional-rcus-en-granada\/\" aria-label=\"La C\u00e1tedra de Econom\u00eda Circular de la UCLM forma parte del III Encuentro Nacional RCUS en Granada\"><img loading=\"lazy\" decoding=\"async\" width=\"150\" height=\"150\" src=\"https:\/\/blog.uclm.es\/catedra-economiacircular\/wp-content\/uploads\/sites\/46\/2025\/10\/WhatsApp-Image-2025-10-17-at-10.21.01-150x150.jpeg\" class=\"attachment-thumbnail size-thumbnail wp-post-image\" alt=\"\" style=\"max-width:150px;max-height:150px;\" \/><\/a><\/div><a class=\"wp-block-latest-posts__post-title\" href=\"https:\/\/blog.uclm.es\/catedra-economiacircular\/la-catedra-de-economia-circular-de-la-uclm-participa-en-el-iii-encuentro-nacional-rcus-en-granada\/\">La C\u00e1tedra de Econom\u00eda Circular de la UCLM forma parte del III Encuentro Nacional RCUS en Granada<\/a><div class=\"wp-block-latest-posts__post-excerpt\">La C\u00e1tedra de Econom\u00eda Circular de la Universidad de Castilla-La Mancha ha estado presente en el III Encuentro Nacional RCUS celebrado los d\u00edas 15 y 16 de octubre en el Hospital Real, sede de la Universidad de Granada. Bajo el &hellip; <a href=\"https:\/\/blog.uclm.es\/catedra-economiacircular\/la-catedra-de-economia-circular-de-la-uclm-participa-en-el-iii-encuentro-nacional-rcus-en-granada\/\" class=\"more-link\">Seguir leyendo <span class=\"screen-reader-text\">La C\u00e1tedra de Econom\u00eda Circular de la UCLM forma parte del III Encuentro Nacional RCUS en Granada<\/span> <span class=\"meta-nav\">&rarr;<\/span><\/a><\/div><\/li>\n<\/ul>\n\n\n<hr class=\"wp-block-separator has-text-color has-red-color has-alpha-channel-opacity has-red-background-color has-background is-style-wide\" \/>\n<\/div><\/div>\n\n\n\n<div class=\"wp-block-group alignfull has-dark-gray-color has-white-background-color has-text-color has-background\"><div class=\"wp-block-group__inner-container is-layout-constrained wp-block-group-is-layout-constrained\">\n<h2 class=\"wp-block-heading has-text-align-center has-dark-gray-color has-text-color\">Noticias<\/h2>\n\n\n<ul class=\"wp-block-latest-posts__list is-grid columns-3 alignwide wp-block-latest-posts\"><li><div class=\"wp-block-latest-posts__featured-image\"><a href=\"https:\/\/blog.uclm.es\/catedra-economiacircular\/premios-al-mejor-poster-xiii-jornadas-doctorales-uclm\/\" aria-label=\"Premios al Mejor P\u00f3ster \u2013 XIII Jornadas Doctorales UCLM\"><img loading=\"lazy\" decoding=\"async\" width=\"150\" height=\"150\" src=\"https:\/\/blog.uclm.es\/catedra-economiacircular\/wp-content\/uploads\/sites\/46\/2026\/03\/IMG_4274-1-150x150.jpeg\" class=\"attachment-thumbnail size-thumbnail wp-post-image\" alt=\"\" style=\"max-width:150px;max-height:150px;\" \/><\/a><\/div><a class=\"wp-block-latest-posts__post-title\" href=\"https:\/\/blog.uclm.es\/catedra-economiacircular\/premios-al-mejor-poster-xiii-jornadas-doctorales-uclm\/\">Premios al Mejor P\u00f3ster \u2013 XIII Jornadas Doctorales UCLM<\/a><div class=\"wp-block-latest-posts__post-excerpt\">Un a\u00f1o m\u00e1s, la C\u00e1tedra de Econom\u00eda Circular de la UCLM ha puesto en valor la excelencia investigadora en el marco de las XIII Jornadas Doctorales, otorgando dos reconocimientos a los mejores p\u00f3steres en sostenibilidad y econom\u00eda circular. Premio al &hellip; <a href=\"https:\/\/blog.uclm.es\/catedra-economiacircular\/premios-al-mejor-poster-xiii-jornadas-doctorales-uclm\/\" class=\"more-link\">Seguir leyendo <span class=\"screen-reader-text\">Premios al Mejor P\u00f3ster \u2013 XIII Jornadas Doctorales UCLM<\/span> <span class=\"meta-nav\">&rarr;<\/span><\/a><\/div><\/li>\n<li><div class=\"wp-block-latest-posts__featured-image\"><a href=\"https:\/\/blog.uclm.es\/catedra-economiacircular\/la-catedra-de-economia-circular-refuerza-la-colaboracion-con-el-sector-hostelero-de-ciudad-real\/\" aria-label=\"La C\u00e1tedra de Econom\u00eda Circular refuerza la colaboraci\u00f3n con el sector hostelero de Ciudad Real\"><img loading=\"lazy\" decoding=\"async\" width=\"150\" height=\"150\" src=\"https:\/\/blog.uclm.es\/catedra-economiacircular\/wp-content\/uploads\/sites\/46\/2026\/02\/4fda119f-0cf4-47f1-afb1-0c5388c0ef5f-150x150.png\" class=\"attachment-thumbnail size-thumbnail wp-post-image\" alt=\"\" style=\"max-width:150px;max-height:150px;\" \/><\/a><\/div><a class=\"wp-block-latest-posts__post-title\" href=\"https:\/\/blog.uclm.es\/catedra-economiacircular\/la-catedra-de-economia-circular-refuerza-la-colaboracion-con-el-sector-hostelero-de-ciudad-real\/\">La C\u00e1tedra de Econom\u00eda Circular refuerza la colaboraci\u00f3n con el sector hostelero de Ciudad Real<\/a><div class=\"wp-block-latest-posts__post-excerpt\">El codirector de la C\u00e1tedra de Econom\u00eda Circular de la Universidad de Castilla-La Mancha (UCLM), Francisco S\u00e1ez, ha mantenido un encuentro de trabajo con el presidente de la Asociaci\u00f3n Provincial de Empresarios de Hosteler\u00eda y Turismo de Ciudad Real, Juan &hellip; <a href=\"https:\/\/blog.uclm.es\/catedra-economiacircular\/la-catedra-de-economia-circular-refuerza-la-colaboracion-con-el-sector-hostelero-de-ciudad-real\/\" class=\"more-link\">Seguir leyendo <span class=\"screen-reader-text\">La C\u00e1tedra de Econom\u00eda Circular refuerza la colaboraci\u00f3n con el sector hostelero de Ciudad Real<\/span> <span class=\"meta-nav\">&rarr;<\/span><\/a><\/div><\/li>\n<li><div class=\"wp-block-latest-posts__featured-image\"><a href=\"https:\/\/blog.uclm.es\/catedra-economiacircular\/microcredencial-en-economia-circular-aplicada-a-la-empresa-y-a-la-gestion-de-proyectos-sostenibles\/\" aria-label=\"Microcredencial en Econom\u00eda Circular Aplicada a la Empresa y a la Gesti\u00f3n de Proyectos Sostenibles\"><img loading=\"lazy\" decoding=\"async\" width=\"150\" height=\"150\" src=\"https:\/\/blog.uclm.es\/catedra-economiacircular\/wp-content\/uploads\/sites\/46\/2025\/11\/Captura-de-pantalla-2025-11-03-181927-150x150.png\" class=\"attachment-thumbnail size-thumbnail wp-post-image\" alt=\"\" style=\"max-width:150px;max-height:150px;\" \/><\/a><\/div><a class=\"wp-block-latest-posts__post-title\" href=\"https:\/\/blog.uclm.es\/catedra-economiacircular\/microcredencial-en-economia-circular-aplicada-a-la-empresa-y-a-la-gestion-de-proyectos-sostenibles\/\">Microcredencial en Econom\u00eda Circular Aplicada a la Empresa y a la Gesti\u00f3n de Proyectos Sostenibles<\/a><div class=\"wp-block-latest-posts__post-excerpt\">Desde la C\u00e1tedra de Econom\u00eda Circular UCLM colaboramos en el desarrollo de la microcredencial \u201cEconom\u00eda Circular aplicada a la empresa y a la gesti\u00f3n de proyectos sostenibles\u201d, una iniciativa formativa orientada a integrar los principios de la econom\u00eda circular en &hellip; <a href=\"https:\/\/blog.uclm.es\/catedra-economiacircular\/microcredencial-en-economia-circular-aplicada-a-la-empresa-y-a-la-gestion-de-proyectos-sostenibles\/\" class=\"more-link\">Seguir leyendo <span class=\"screen-reader-text\">Microcredencial en Econom\u00eda Circular Aplicada a la Empresa y a la Gesti\u00f3n de Proyectos Sostenibles<\/span> <span class=\"meta-nav\">&rarr;<\/span><\/a><\/div><\/li>\n<\/ul>\n\n\n<hr class=\"wp-block-separator has-text-color has-red-color has-alpha-channel-opacity has-red-background-color has-background is-style-wide\" \/>\n<\/div><\/div>\n\n\n\n<div class=\"wp-block-group alignfull\"><div class=\"wp-block-group__inner-container is-layout-constrained wp-block-group-is-layout-constrained\">\n<h2 class=\"wp-block-heading has-text-align-center\">Convocatorias<\/h2>\n\n\n<ul class=\"wp-block-latest-posts__list is-grid columns-3 alignwide wp-block-latest-posts\"><li><div class=\"wp-block-latest-posts__featured-image\"><a href=\"https:\/\/blog.uclm.es\/catedra-economiacircular\/convocatoria-premio-mejor-trabajo-de-economia-circular-xiii-jornadas-doctorales-uclm\/\" aria-label=\"Convocatoria Premio Mejor Trabajo de Econom\u00eda Circular XIII Jornadas Doctorales\u00a0UCLM\"><img loading=\"lazy\" decoding=\"async\" width=\"150\" height=\"150\" src=\"https:\/\/blog.uclm.es\/catedra-economiacircular\/wp-content\/uploads\/sites\/46\/2026\/02\/premios-mejor-poster-doctoral-150x150.jpg\" class=\"attachment-thumbnail size-thumbnail wp-post-image\" alt=\"\" style=\"max-width:150px;max-height:150px;\" \/><\/a><\/div><a class=\"wp-block-latest-posts__post-title\" href=\"https:\/\/blog.uclm.es\/catedra-economiacircular\/convocatoria-premio-mejor-trabajo-de-economia-circular-xiii-jornadas-doctorales-uclm\/\">Convocatoria Premio Mejor Trabajo de Econom\u00eda Circular XIII Jornadas Doctorales\u00a0UCLM<\/a><div class=\"wp-block-latest-posts__post-excerpt\">La C\u00e1tedra de Econom\u00eda Circular de la Universidad de Castilla-La Mancha (UCLM) ha convocado el Premio al Mejor Trabajo de Econom\u00eda Circular en el marco de las XIII Jornadas Doctorales de la UCLM, que se celebrar\u00e1n el 19 de marzo &hellip; <a href=\"https:\/\/blog.uclm.es\/catedra-economiacircular\/convocatoria-premio-mejor-trabajo-de-economia-circular-xiii-jornadas-doctorales-uclm\/\" class=\"more-link\">Seguir leyendo <span class=\"screen-reader-text\">Convocatoria Premio Mejor Trabajo de Econom\u00eda Circular XIII Jornadas Doctorales\u00a0UCLM<\/span> <span class=\"meta-nav\">&rarr;<\/span><\/a><\/div><\/li>\n<li><div class=\"wp-block-latest-posts__featured-image\"><a href=\"https:\/\/blog.uclm.es\/catedra-economiacircular\/convocatoria-de-premios-a-trabajos-fin-de-grado-y-trabajos-de-fin-de-master-curso-2024-2025\/\" aria-label=\"Convocatoria de Premios a Trabajos Fin de Grado y Trabajos de fin de M\u00e1ster. Curso 2024\/2025\"><img loading=\"lazy\" decoding=\"async\" width=\"150\" height=\"150\" src=\"https:\/\/blog.uclm.es\/catedra-economiacircular\/wp-content\/uploads\/sites\/46\/2025\/10\/convocatoria-premios-tfg-y-tfm-150x150.jpg\" class=\"attachment-thumbnail size-thumbnail wp-post-image\" alt=\"poster\" style=\"max-width:150px;max-height:150px;\" \/><\/a><\/div><a class=\"wp-block-latest-posts__post-title\" href=\"https:\/\/blog.uclm.es\/catedra-economiacircular\/convocatoria-de-premios-a-trabajos-fin-de-grado-y-trabajos-de-fin-de-master-curso-2024-2025\/\">Convocatoria de Premios a Trabajos Fin de Grado y Trabajos de fin de M\u00e1ster. Curso 2024\/2025<\/a><div class=\"wp-block-latest-posts__post-excerpt\">La C\u00e1tedra de Econom\u00eda Circular de la Universidad de Castilla-La Mancha (UCLM) lanza la convocatoria de los Premios a los Trabajos Fin de Grado (TFG) y Fin de M\u00e1ster (TFM) correspondientes al curso acad\u00e9mico 2024\/2025. Podr\u00e1n concurrir a los premios &hellip; <a href=\"https:\/\/blog.uclm.es\/catedra-economiacircular\/convocatoria-de-premios-a-trabajos-fin-de-grado-y-trabajos-de-fin-de-master-curso-2024-2025\/\" class=\"more-link\">Seguir leyendo <span class=\"screen-reader-text\">Convocatoria de Premios a Trabajos Fin de Grado y Trabajos de fin de M\u00e1ster. Curso 2024\/2025<\/span> <span class=\"meta-nav\">&rarr;<\/span><\/a><\/div><\/li>\n<li><div class=\"wp-block-latest-posts__featured-image\"><a href=\"https:\/\/blog.uclm.es\/catedra-economiacircular\/convocatoria-de-fondos-para-proyectos-de-investigacion-para-jovenes-2\/\" aria-label=\"Convocatoria de fondos para proyectos de investigaci\u00f3n para j\u00f3venes\"><img loading=\"lazy\" decoding=\"async\" width=\"150\" height=\"150\" src=\"https:\/\/blog.uclm.es\/catedra-economiacircular\/wp-content\/uploads\/sites\/46\/2025\/04\/Convocatoria-de-Ayudas-para-Proyectos-de-Investigacion-en-150x150.jpg\" class=\"attachment-thumbnail size-thumbnail wp-post-image\" alt=\"\" style=\"max-width:150px;max-height:150px;\" \/><\/a><\/div><a class=\"wp-block-latest-posts__post-title\" href=\"https:\/\/blog.uclm.es\/catedra-economiacircular\/convocatoria-de-fondos-para-proyectos-de-investigacion-para-jovenes-2\/\">Convocatoria de fondos para proyectos de investigaci\u00f3n para j\u00f3venes<\/a><div class=\"wp-block-latest-posts__post-excerpt\">Con el objetivo de fomentar la investigaci\u00f3n cient\u00edfica en econom\u00eda circular y promover el desarrollo de estrategias sostenibles en Castilla-La Mancha, la C\u00e1tedra de Econom\u00eda Circular UCLM convoca la II edici\u00f3n de asignaci\u00f3n de fondos para la realizaci\u00f3n de proyectos &hellip; <a href=\"https:\/\/blog.uclm.es\/catedra-economiacircular\/convocatoria-de-fondos-para-proyectos-de-investigacion-para-jovenes-2\/\" class=\"more-link\">Seguir leyendo <span class=\"screen-reader-text\">Convocatoria de fondos para proyectos de investigaci\u00f3n para j\u00f3venes<\/span> <span class=\"meta-nav\">&rarr;<\/span><\/a><\/div><\/li>\n<\/ul>\n\n\n<hr class=\"wp-block-separator has-text-color has-red-color has-alpha-channel-opacity has-red-background-color has-background is-style-wide\" \/>\n<\/div><\/div>\n\n\n\n<div class=\"wp-block-group alignfull has-dark-gray-color has-white-background-color has-text-color has-background\"><div class=\"wp-block-group__inner-container is-layout-constrained wp-block-group-is-layout-constrained\">\n<h2 class=\"wp-block-heading has-text-align-center has-dark-gray-color has-text-color\">Contacta con nosotros<\/h2>\n\n\n\n<p class=\"has-text-align-center\">Si tienes alguna pregunta o deseas m\u00e1s informaci\u00f3n, no dudes en ponerte en contacto con nosotros.<\/p>\n\n\n\n<div class=\"wp-block-buttons is-content-justification-center is-layout-flex wp-container-core-buttons-is-layout-16018d1d wp-block-buttons-is-layout-flex\">\n<div class=\"wp-block-button is-style-fill\" style=\"font-style:normal;font-weight:700\"><a class=\"wp-block-button__link has-background wp-element-button\" href=\"https:\/\/blog.uclm.es\/catedra-economiacircular\/contacto\/\" style=\"background-color:#0a5c3b\" target=\"_blank\" rel=\"Contacta con nosotros noreferrer noopener\">CONTACTAR<\/a><\/div>\n<\/div>\n<\/div><\/div>\n\n\n\n<p><\/p>\n","protected":false},"excerpt":{"rendered":"<p>Econom\u00eda Circular Actividades Noticias Convocatorias Contacta con nosotros Si tienes alguna pregunta o deseas m\u00e1s informaci\u00f3n, no dudes en ponerte en contacto con nosotros.<\/p>\n","protected":false},"author":291,"featured_media":0,"parent":0,"menu_order":0,"comment_status":"closed","ping_status":"closed","template":"","meta":{"footnotes":""},"class_list":["post-1757","page","type-page","status-publish","hentry"],"_links":{"self":[{"href":"https:\/\/blog.uclm.es\/catedra-economiacircular\/wp-json\/wp\/v2\/pages\/1757","targetHints":{"allow":["GET"]}}],"collection":[{"href":"https:\/\/blog.uclm.es\/catedra-economiacircular\/wp-json\/wp\/v2\/pages"}],"about":[{"href":"https:\/\/blog.uclm.es\/catedra-economiacircular\/wp-json\/wp\/v2\/types\/page"}],"author":[{"embeddable":true,"href":"https:\/\/blog.uclm.es\/catedra-economiacircular\/wp-json\/wp\/v2\/users\/291"}],"replies":[{"embeddable":true,"href":"https:\/\/blog.uclm.es\/catedra-economiacircular\/wp-json\/wp\/v2\/comments?post=1757"}],"version-history":[{"count":42,"href":"https:\/\/blog.uclm.es\/catedra-economiacircular\/wp-json\/wp\/v2\/pages\/1757\/revisions"}],"predecessor-version":[{"id":2405,"href":"https:\/\/blog.uclm.es\/catedra-economiacircular\/wp-json\/wp\/v2\/pages\/1757\/revisions\/2405"}],"wp:attachment":[{"href":"https:\/\/blog.uclm.es\/catedra-economiacircular\/wp-json\/wp\/v2\/media?parent=1757"}],"curies":[{"name":"wp","href":"https:\/\/api.w.org\/{rel}","templated":true}]}}