{"id":67,"date":"2019-02-07T21:30:26","date_gmt":"2019-02-07T20:30:26","guid":{"rendered":"http:\/\/blog.uclm.es\/carmenlacave\/?page_id=67"},"modified":"2019-02-07T21:30:26","modified_gmt":"2019-02-07T20:30:26","slug":"quien-soy","status":"publish","type":"page","link":"https:\/\/blog.uclm.es\/carmenlacave\/","title":{"rendered":"Sobre m\u00ed"},"content":{"rendered":"<p><img loading=\"lazy\" decoding=\"async\" class=\" wp-image-175 alignleft\" src=\"https:\/\/blog.uclm.es\/carmenlacave\/wp-content\/uploads\/sites\/22\/2019\/02\/CarmenRec-209x300.png\" alt=\"\" width=\"184\" height=\"259\" \/>Soy mujer, matem\u00e1tica (1990) y madre (2001 y 2005). Profesionalmente, siempre me he dedicado a la ense\u00f1anza: al acabar la licenciatura (1990), como profesora interina de matem\u00e1ticas en el IES Sta. M\u00aa Alarcos (Ciudad Real); al a\u00f1o siguiente (1991), tras renunciar a la plaza ganada en el concurso-oposici\u00f3n a profesores de matem\u00e1ticas de EE.MM., como profesora titular de escuela universitaria interina de la <a href=\"https:\/\/www.uclm.es\/\">Universidad de Castilla-La Mancha<\/a> (UCLM) en la <a href=\"http:\/\/webpub.esi.uclm.es\/\">Escuela Superior de Inform\u00e1tica<\/a> (ESI) de Ciudad Real. Dos a\u00f1os m\u00e1s tarde (1993), obtuve mi plaza como titular de escuela universitaria y, desde 2008, soy profesora titular de universidad. Todos estos a\u00f1os he pertenecido al \u00e1rea de Lenguajes y Sistemas Inform\u00e1ticos del <a href=\"https:\/\/www.uclm.es\/departamentos\/dtsi\">Departamento de Tecnolog\u00edas y Sistemas de la Informaci\u00f3n<\/a> de la UCLM.<\/p>\n<p>Mi labor docente ha estado ligada, fundamentalmente, a la ense\u00f1anza de la programaci\u00f3n, aunque sin descuidar la faceta investigadora. Obtuve el t\u00edtulo de doctor en el a\u00f1o 2003 y mi investigaci\u00f3n se basa en tres l\u00edneas: la aplicaci\u00f3n de t\u00e9cnicas estad\u00edsticas y de inteligencia artificial (redes bayesianas) al an\u00e1lisis de datos en los campos de la medicina y de la educaci\u00f3n; el dise\u00f1o de experimentos para evaluaci\u00f3n de sistemas y notaciones; y el desarrollo y evaluaci\u00f3n de herramientas para la ense\u00f1anza de la programaci\u00f3n.<\/p>\n<p>Adem\u00e1s, he sido secretaria del Dpto. de Tecnolog\u00edas y Sistemas de Informaci\u00f3n de la ULCM durante seis a\u00f1os (2008-2014).<\/p>\n<p>Si quieres contactar conmigo, hazlo en <a href=\"mailto:carmen.lacave@uclm.es\">carmen.lacave@uclm.es<\/a><\/p>\n","protected":false},"excerpt":{"rendered":"<p>Soy mujer, matem\u00e1tica (1990) y madre (2001 y 2005). Profesionalmente, siempre me he dedicado a la ense\u00f1anza: al acabar la licenciatura (1990), como profesora interina de matem\u00e1ticas en el IES Sta. M\u00aa Alarcos (Ciudad Real); al a\u00f1o siguiente (1991), tras &hellip; <a href=\"https:\/\/blog.uclm.es\/carmenlacave\/\">Sigue leyendo <span class=\"meta-nav\">&rarr;<\/span><\/a><\/p>\n","protected":false},"author":127,"featured_media":102,"parent":0,"menu_order":0,"comment_status":"closed","ping_status":"closed","template":"","meta":{"footnotes":""},"class_list":["post-67","page","type-page","status-publish","has-post-thumbnail","hentry"],"_links":{"self":[{"href":"https:\/\/blog.uclm.es\/carmenlacave\/wp-json\/wp\/v2\/pages\/67","targetHints":{"allow":["GET"]}}],"collection":[{"href":"https:\/\/blog.uclm.es\/carmenlacave\/wp-json\/wp\/v2\/pages"}],"about":[{"href":"https:\/\/blog.uclm.es\/carmenlacave\/wp-json\/wp\/v2\/types\/page"}],"author":[{"embeddable":true,"href":"https:\/\/blog.uclm.es\/carmenlacave\/wp-json\/wp\/v2\/users\/127"}],"replies":[{"embeddable":true,"href":"https:\/\/blog.uclm.es\/carmenlacave\/wp-json\/wp\/v2\/comments?post=67"}],"version-history":[{"count":0,"href":"https:\/\/blog.uclm.es\/carmenlacave\/wp-json\/wp\/v2\/pages\/67\/revisions"}],"wp:featuredmedia":[{"embeddable":true,"href":"https:\/\/blog.uclm.es\/carmenlacave\/wp-json\/wp\/v2\/media\/102"}],"wp:attachment":[{"href":"https:\/\/blog.uclm.es\/carmenlacave\/wp-json\/wp\/v2\/media?parent=67"}],"curies":[{"name":"wp","href":"https:\/\/api.w.org\/{rel}","templated":true}]}}