{"id":21,"date":"2019-02-07T20:03:34","date_gmt":"2019-02-07T19:03:34","guid":{"rendered":"http:\/\/blog.uclm.es\/carmenlacave\/?page_id=21"},"modified":"2025-11-14T19:01:55","modified_gmt":"2025-11-14T19:01:55","slug":"investigacion","status":"publish","type":"page","link":"https:\/\/blog.uclm.es\/carmenlacave\/investigacion\/","title":{"rendered":"Investigaci\u00f3n"},"content":{"rendered":"<p>Mi carrera investigadora comenz\u00f3 en el <a href=\"http:\/\/www.cisiad.uned.es\/\">Centro de Investigaci\u00f3n sobre Sistemas Inteligentes de Ayuda a la Decisi\u00f3n<\/a> (CISIAD) de la <a href=\"https:\/\/www.uned.es\/universidad\/\">UNED<\/a>, estudiando la aplicaci\u00f3n de modelos gr\u00e1ficos probabilistas a la medicina. En concreto, me dediqu\u00e9 a dos l\u00edneas de trabajo muy relacionadas entre s\u00ed:<\/p>\n<ul>\n<li>La generaci\u00f3n de explicaciones en redes bayesianas, lo que en 2003 dio origen a mi tesis doctoral sobre \u00ab<a href=\"http:\/\/www.inf-cr.uclm.es\/www\/clacave\/public\/tesisdefinitiva.pdf\">Explicaci\u00f3n en redes bayesianas causales. Aplicaciones m\u00e9dicas<\/a>\u00ab, dirigida por el <a href=\"http:\/\/www.ia.uned.es\/~fjdiez\/\">Dr. Francisco Javier D\u00edez Vegas<\/a>, del<a href=\"http:\/\/www.ia.uned.es\/\"> Dpto. de Inteligencia Artificial<\/a> de la UNED.<\/li>\n<li>La creaci\u00f3n del programa\u00a0<a href=\"http:\/\/www.ia.uned.es\/~elvira\/\">Elvira<\/a> para la construcci\u00f3n y procesamiento de modelos gr\u00e1ficos probabilistas, desarrollado por varias universidades espa\u00f1olas como fruto de varios proyectos de investigaci\u00f3n coordinada a nivel nacional.<\/li>\n<\/ul>\n<p>En el a\u00f1o 2015 me integr\u00e9 en el grupo de investigaci\u00f3n <a href=\"http:\/\/blog.uclm.es\/grupochico\/\">CHICO<\/a> de la UCLM, ampliando mis l\u00edneas de investigaci\u00f3n a la aplicaci\u00f3n de las redes bayesianas a la educaci\u00f3n, as\u00ed como al uso de t\u00e9cnicas estad\u00edsticas para la evaluaci\u00f3n de sistemas y notaciones y al desarrollo de herramientas para la mejora de la programaci\u00f3n.<\/p>\n<p>En los \u00faltimos a\u00f1os, mis esfuerzos est\u00e1n orientados al desarrollo de herramientas software que faciliten la inclusi\u00f3n a personas con TEA.<\/p>\n\n\n<ul class=\"wp-block-list\">\n<li>M\u00e1s informaci\u00f3n sobre mi perfil investigador en:<\/li>\n\n\n\n<li>ORCID-ID: <a href=\"https:\/\/orcid.org\/0000-0003-2770-8482\">0000-0003-2770-8482<\/a><\/li>\n\n\n\n<li>Scopus-ID: <a href=\"https:\/\/www.scopus.com\/authid\/detail.uri?authorId=55933966400\">55933966400 <\/a><\/li>\n\n\n\n<li>ResearcherID: <a href=\"http:\/\/www.researcherid.com\/rid\/G-4729-2015\">G-4729-2015<\/a><\/li>\n\n\n\n<li><a href=\"https:\/\/scholar.google.es\/citations?hl=es&amp;user=yLhA16EAAAAJ&amp;view_op=list_works&amp;sortby=pubdate\">GoogleScholar<\/a> <\/li>\n<\/ul>\n","protected":false},"excerpt":{"rendered":"<p>Mi carrera investigadora comenz\u00f3 en el Centro de Investigaci\u00f3n sobre Sistemas Inteligentes de Ayuda a la Decisi\u00f3n (CISIAD) de la UNED, estudiando la aplicaci\u00f3n de modelos gr\u00e1ficos probabilistas a la medicina. En concreto, me dediqu\u00e9 a dos l\u00edneas de trabajo &hellip; <a href=\"https:\/\/blog.uclm.es\/carmenlacave\/investigacion\/\">Sigue leyendo <span class=\"meta-nav\">&rarr;<\/span><\/a><\/p>\n","protected":false},"author":127,"featured_media":40,"parent":0,"menu_order":0,"comment_status":"closed","ping_status":"closed","template":"","meta":{"footnotes":""},"class_list":["post-21","page","type-page","status-publish","has-post-thumbnail","hentry"],"_links":{"self":[{"href":"https:\/\/blog.uclm.es\/carmenlacave\/wp-json\/wp\/v2\/pages\/21","targetHints":{"allow":["GET"]}}],"collection":[{"href":"https:\/\/blog.uclm.es\/carmenlacave\/wp-json\/wp\/v2\/pages"}],"about":[{"href":"https:\/\/blog.uclm.es\/carmenlacave\/wp-json\/wp\/v2\/types\/page"}],"author":[{"embeddable":true,"href":"https:\/\/blog.uclm.es\/carmenlacave\/wp-json\/wp\/v2\/users\/127"}],"replies":[{"embeddable":true,"href":"https:\/\/blog.uclm.es\/carmenlacave\/wp-json\/wp\/v2\/comments?post=21"}],"version-history":[{"count":7,"href":"https:\/\/blog.uclm.es\/carmenlacave\/wp-json\/wp\/v2\/pages\/21\/revisions"}],"predecessor-version":[{"id":402,"href":"https:\/\/blog.uclm.es\/carmenlacave\/wp-json\/wp\/v2\/pages\/21\/revisions\/402"}],"wp:featuredmedia":[{"embeddable":true,"href":"https:\/\/blog.uclm.es\/carmenlacave\/wp-json\/wp\/v2\/media\/40"}],"wp:attachment":[{"href":"https:\/\/blog.uclm.es\/carmenlacave\/wp-json\/wp\/v2\/media?parent=21"}],"curies":[{"name":"wp","href":"https:\/\/api.w.org\/{rel}","templated":true}]}}