{"id":54,"date":"2018-09-17T16:59:31","date_gmt":"2018-09-17T15:59:31","guid":{"rendered":"http:\/\/blog.uclm.es\/carmendiazmora\/?page_id=54"},"modified":"2024-03-02T19:40:39","modified_gmt":"2024-03-02T19:40:39","slug":"otros-meritos","status":"publish","type":"page","link":"https:\/\/blog.uclm.es\/carmendiazmora\/otros-meritos\/","title":{"rendered":"OTROS M\u00c9RITOS"},"content":{"rendered":"<ul>\n<li>Co-Editor-in-Chief de la revista cient\u00edfica <a href=\"https:\/\/www.emeraldgrouppublishing.com\/journal\/aea\">Applied Economic Analysis<\/a> desde febrero de 2021.<\/li>\n<li>Evaluadora de las revistas cient\u00edficas como <em>The World Economy, Economic Modelling, Structural Change and Economic Dynamics,<\/em> <em>Economic Analysis and Policy<\/em>,<em> Emerging Markets Finance and Trade, The Journal of Economic Studies, Applied Economics, Economics : the Open-Access, Open-Assessment e-Journal, International Economic Journal, International Economics, Plos One<\/em>, Revista de Econom\u00eda Aplicada, Revista de Econom\u00eda Mundial, Investigaciones Regionales<em>.<\/em><\/li>\n<li>Presidenta del Comit\u00e9 Asesor 8 (Ciencias Econ\u00f3micas y Empresariales) de la Comisi\u00f3n Nacional de la Actividad Investigadora (CNEAI) para la convocatoria de sexenios 2020.<\/li>\n<li>IP del equipo de investigaci\u00f3n para la realizaci\u00f3n del estudio \u00ab<a href=\"https:\/\/comercio.gob.es\/es-es\/publicaciones-estadisticas\/Paginas\/analisis-fuentes-informacion-conocimiento-internacionalizacion-sector-servicios.aspx\">An\u00e1lisis de las fuentes de informaci\u00f3n para el conocimiento de la internacionalizaci\u00f3n del sector servicios<\/a>\u00ab, Art. 83-Contrato de Asistencia t\u00e9cnica con la Subdirecci\u00f3n General de Estudios y Evaluaci\u00f3n de Instrumentos de Pol\u00edtica Comercial del Ministerio de Econom\u00eda, Comercio y Empresa (2021).<\/li>\n<li>Miembro del equipo de investigaci\u00f3n para la realizaci\u00f3n de \u00ab<a href=\"https:\/\/comercio.gob.es\/es-es\/publicaciones-estadisticas\/paginas\/cadenas-globales-valor-paises-ue.aspx\">Estudio sobre las cadenas de valor establecidas entre los pa\u00edses de la UE y otros pa\u00edses integrantes de la Uni\u00f3n por el Mediterr\u00e1neo<\/a>\u00ab, Art. 83-Contrato de Asistencia t\u00e9cnica con la Subdirecci\u00f3n General de Estudios y Evaluaci\u00f3n de Instrumentos de Pol\u00edtica Comercial del Ministerio de Econom\u00eda, Comercio y Empresa (2023).<\/li>\n<li>Presidenta de la Asociaci\u00f3n Libre de Econom\u00eda (ALdE), organizadora de los Encuentros de Econom\u00eda Aplicada y promotora de Revista de Econom\u00eda Aplicada, de febrero de 2014 a noviembre de 2019 y miembro de su Junta Directiva de febrero de 2010 a noviembre de 2019.<\/li>\n<li>Distinguida en la Universidad de Alicante con la Medalla Anual de las \u201cJornadas de Alicante de Econom\u00eda Espa\u00f1ola\u201d en su XXXVII edici\u00f3n (noviembre 2022).<\/li>\n<li>Miembro del Comit\u00e9 de Reflexi\u00f3n sobre Internacionalizaci\u00f3n del Club de Exportadores e Inversores Espa\u00f1oles desde junio de 2022.<\/li>\n<li>Miembro del Consejo Asesor del Instituto de Comercio Exterior de Castilla-La Mancha desde noviembre de 2012.<\/li>\n<li>Colaborador externo en los procesos de evaluaci\u00f3n de titulaciones oficiales de la Agencia para la Calidad del Sistema Universitario de Castilla y Le\u00f3n (ACSUCyL) de febrero de 2014 a noviembre de 2016.<\/li>\n<li>Miembro del Consejo de Gobierno y del Consejo Social de la Universidad de Castilla-La Mancha desde enero de 2018 y\u00a0Claustral de la Universidad de Castilla-La Mancha y representante del Claustro en Consejo de Gobierno desde noviembre de 2017.<\/li>\n<li>Miembro del Consejo Social de la Universidad de Castilla-La Mancha\u00a0 en representaci\u00f3n del PDI desde enero de 2018 a marzo de 2022.<\/li>\n<li>Co-directora del M\u00e1ster en Negocios Internacionales, Universidad de Castilla-La Mancha (desde el curso 2015-2016 hasta el actual).<\/li>\n<li>Vicedecana en la Facultad de Ciencias Sociales y Jur\u00eddicas de Toledo, en la UCLM y Coordinadora del Grado en Administraci\u00f3n y Direcci\u00f3n de Empresas desde abril de 2009 a mayo de 2013.<\/li>\n<\/ul>\n","protected":false},"excerpt":{"rendered":"<p>Co-Editor-in-Chief de la revista cient\u00edfica Applied Economic Analysis desde febrero de 2021. Evaluadora de las revistas cient\u00edficas como The World Economy, Economic Modelling, Structural Change and Economic Dynamics, Economic Analysis and Policy, Emerging Markets Finance and Trade, The Journal of Economic Studies, Applied Economics, Economics : the Open-Access, Open-Assessment e-Journal, International Economic Journal, International Economics, &hellip; <a href=\"https:\/\/blog.uclm.es\/carmendiazmora\/otros-meritos\/\" class=\"more-link\">Seguir leyendo <span class=\"screen-reader-text\">OTROS M\u00c9RITOS<\/span> <span class=\"meta-nav\">&rarr;<\/span><\/a><\/p>\n","protected":false},"author":59,"featured_media":0,"parent":0,"menu_order":1,"comment_status":"closed","ping_status":"closed","template":"page-templates\/full-width.php","meta":{"footnotes":""},"class_list":["post-54","page","type-page","status-publish","hentry"],"_links":{"self":[{"href":"https:\/\/blog.uclm.es\/carmendiazmora\/wp-json\/wp\/v2\/pages\/54","targetHints":{"allow":["GET"]}}],"collection":[{"href":"https:\/\/blog.uclm.es\/carmendiazmora\/wp-json\/wp\/v2\/pages"}],"about":[{"href":"https:\/\/blog.uclm.es\/carmendiazmora\/wp-json\/wp\/v2\/types\/page"}],"author":[{"embeddable":true,"href":"https:\/\/blog.uclm.es\/carmendiazmora\/wp-json\/wp\/v2\/users\/59"}],"replies":[{"embeddable":true,"href":"https:\/\/blog.uclm.es\/carmendiazmora\/wp-json\/wp\/v2\/comments?post=54"}],"version-history":[{"count":5,"href":"https:\/\/blog.uclm.es\/carmendiazmora\/wp-json\/wp\/v2\/pages\/54\/revisions"}],"predecessor-version":[{"id":401,"href":"https:\/\/blog.uclm.es\/carmendiazmora\/wp-json\/wp\/v2\/pages\/54\/revisions\/401"}],"wp:attachment":[{"href":"https:\/\/blog.uclm.es\/carmendiazmora\/wp-json\/wp\/v2\/media?parent=54"}],"curies":[{"name":"wp","href":"https:\/\/api.w.org\/{rel}","templated":true}]}}