{"id":52,"date":"2018-09-17T16:58:44","date_gmt":"2018-09-17T15:58:44","guid":{"rendered":"http:\/\/blog.uclm.es\/carmendiazmora\/?page_id=52"},"modified":"2025-12-13T10:26:34","modified_gmt":"2025-12-13T10:26:34","slug":"working-papers","status":"publish","type":"page","link":"https:\/\/blog.uclm.es\/carmendiazmora\/working-papers\/","title":{"rendered":"Trabajos en curso"},"content":{"rendered":"<p>D\u00edaz-Mora, C. , Garc\u00eda, E. y Gonz\u00e1lez-D\u00edaz, B. (2025): \u00ab<a href=\"https:\/\/blog.uclm.es\/grupo-eei\/wp-content\/uploads\/sites\/238\/2025\/07\/Diaz-Mora-et-al-2025_FDI-in-Services-and-Data-Provisions_ETSG_2025.pdf\">FDI in Services: How Data Provisions are Shaping the New Global Economy<\/a>\u00ab (en evaluaci\u00f3n).<\/p>\n<p>Bl\u00e1zquez, L., D\u00edaz-Mora, C., Garc\u00eda, E. y Gonz\u00e1lez, B. (2024): \u00ab<a href=\"https:\/\/blog.uclm.es\/grupo-eei\/wp-content\/uploads\/sites\/238\/2024\/09\/Blazquez-et-al-2024.-Data-intensive-services-in-GVCs.-The-role-of-trade-agreement.pdf\">Data-intensive services in GVCs: the role of trade agreements<\/a>\u00bb (en evaluacion).<\/p>\n<h1>\u00a0<\/h1>\n\n\n<p><\/p>\n","protected":false},"excerpt":{"rendered":"<p>D\u00edaz-Mora, C. , Garc\u00eda, E. y Gonz\u00e1lez-D\u00edaz, B. (2025): \u00abFDI in Services: How Data Provisions are Shaping the New Global Economy\u00ab (en evaluaci\u00f3n). Bl\u00e1zquez, L., D\u00edaz-Mora, C., Garc\u00eda, E. y Gonz\u00e1lez, B. (2024): \u00abData-intensive services in GVCs: the role of trade agreements\u00bb (en evaluacion). \u00a0<\/p>\n","protected":false},"author":59,"featured_media":0,"parent":0,"menu_order":0,"comment_status":"closed","ping_status":"closed","template":"page-templates\/full-width.php","meta":{"footnotes":""},"class_list":["post-52","page","type-page","status-publish","hentry"],"_links":{"self":[{"href":"https:\/\/blog.uclm.es\/carmendiazmora\/wp-json\/wp\/v2\/pages\/52","targetHints":{"allow":["GET"]}}],"collection":[{"href":"https:\/\/blog.uclm.es\/carmendiazmora\/wp-json\/wp\/v2\/pages"}],"about":[{"href":"https:\/\/blog.uclm.es\/carmendiazmora\/wp-json\/wp\/v2\/types\/page"}],"author":[{"embeddable":true,"href":"https:\/\/blog.uclm.es\/carmendiazmora\/wp-json\/wp\/v2\/users\/59"}],"replies":[{"embeddable":true,"href":"https:\/\/blog.uclm.es\/carmendiazmora\/wp-json\/wp\/v2\/comments?post=52"}],"version-history":[{"count":29,"href":"https:\/\/blog.uclm.es\/carmendiazmora\/wp-json\/wp\/v2\/pages\/52\/revisions"}],"predecessor-version":[{"id":444,"href":"https:\/\/blog.uclm.es\/carmendiazmora\/wp-json\/wp\/v2\/pages\/52\/revisions\/444"}],"wp:attachment":[{"href":"https:\/\/blog.uclm.es\/carmendiazmora\/wp-json\/wp\/v2\/media?parent=52"}],"curies":[{"name":"wp","href":"https:\/\/api.w.org\/{rel}","templated":true}]}}