{"id":37,"date":"2018-09-17T16:46:57","date_gmt":"2018-09-17T15:46:57","guid":{"rendered":"http:\/\/blog.uclm.es\/carmendiazmora\/?page_id=37"},"modified":"2026-02-10T13:08:33","modified_gmt":"2026-02-10T13:08:33","slug":"perfil","status":"publish","type":"page","link":"https:\/\/blog.uclm.es\/carmendiazmora\/perfil\/","title":{"rendered":"Perfil"},"content":{"rendered":"<p style=\"text-align: left\">Catedr\u00e1tica de Econom\u00eda Aplicada en la Universidad de Castilla-La Mancha. Realizo mi labor docente en la Facultad de Ciencias Jur\u00eddicas y Sociales de Toledo. Master en Econom\u00eda Europea por el Instituto Universitario Ortega y Gasset (adscrito a la Universidad Complutense de Madrid) y Doctora en Ciencias Econ\u00f3micas y Empresariales por la Universidad de Castilla-La Mancha.<\/p>\n<p>Desde comienzos de 2021, soy co-editora jefe de la revista <a href=\"https:\/\/www.emeraldgrouppublishing.com\/journal\/aea\">Applied Economic Analysis<\/a>, indexada en el JCR-SCCI desde 2009 y Q1 en la categor\u00eda de Economics seg\u00fan el \u00faltimo informe de Clarivate (2025).\u00a0 Soy directora de investigaci\u00f3n del instituto de investigaci\u00f3n <a href=\"https:\/\/www.uclm.es\/centros-investigacion\/cee\/centro-de-excelencia-jean-monnet\">Centro de Estudios Europeos-Centro de Exce<\/a>lencia Jean Monnet; y Fellow dentro del <a href=\"https:\/\/single-market-economy.ec.europa.eu\/single-market\/chief-economist-business-intelligence-unit\/cooperation\/grow-fellowship-programme_en\">GROW Fellowship Programme 2026<\/a> de la Direcci\u00f3n General de Mercado Interior, Industria, Emprendimiento y Pymes de la Comisi\u00f3n Europea.\u00a0<\/p>\n<p>Mi actividad investigadora se centra en el \u00e1mbito de la integraci\u00f3n econ\u00f3mica europea, el comercio internacional y las estrategias de fragmentaci\u00f3n internacional de la producci\u00f3n y las Cadenas Globales de Valor, dando lugar a diversas publicaciones en revistas especializadas nacionales e internacionales y participaciones en Congresos Nacionales e Internacionales. Formo parte del grupo de investigaci\u00f3n IsPEC <a href=\"https:\/\/blog.uclm.es\/grupo-eei\/\">https:\/\/blog.uclm.es\/grupo-eei\/<\/a>,\u00a0 integrado en el <a href=\"https:\/\/www.uclm.es\/centros-investigacion\/cee\/centro-de-excelencia-jean-monnet\">Centro de Estudios Europeos-Centro de Excelencia Jean Monnet<\/a>, y de la red de investigaci\u00f3n en internacionalizaci\u00f3n de la C\u00e1tedra Nebrija en Internacionalizaci\u00f3n de empresas.<\/p>\n<p>He realizado estancias como investigadora invitada en la School of Economics de la Universidad de Nottingham (Reino Unido) en el a\u00f1o 2000; en la Scuolad di Economia e Management (Universita Degli Studi Firenze) en 2016; y en el European Centre for International Political Economy (ECIPE) en 2024.<\/p>\n<p>De 2014 a 2019 fui Presidenta de la Junta Directiva de la Asociaci\u00f3n Libre de Econom\u00eda (<a href=\"http:\/\/www.alde.es\" target=\"_blank\" rel=\"noopener noreferrer\">www.alde.es<\/a>) y desde 2015 codirijo el M\u00e1ster en Negocios Internacionales en la UCLM. En 2021, fui<em>\u00a0<\/em>Presidenta del Comit\u00e9 Asesor 8 (Ciencias Econ\u00f3micas y Empresariales) de la Comisi\u00f3n Nacional de la Actividad Investigadora (CNEAI) de la\u00a0 <em>Agencia Nacional de Evaluaci\u00f3n de la Calidad y Acreditaci\u00f3n (ANECA).\u00a0<\/em>He sido Delegada del Rector para Pol\u00edticas de Igualdad en la Universidad de Castilla-La Mancha de 2022 a 2025.<\/p>\n\n\n<p><\/p>\n","protected":false},"excerpt":{"rendered":"<p>Catedr\u00e1tica de Econom\u00eda Aplicada en la Universidad de Castilla-La Mancha. Realizo mi labor docente en la Facultad de Ciencias Jur\u00eddicas y Sociales de Toledo. Master en Econom\u00eda Europea por el Instituto Universitario Ortega y Gasset (adscrito a la Universidad Complutense de Madrid) y Doctora en Ciencias Econ\u00f3micas y Empresariales por la Universidad de Castilla-La Mancha. &hellip; <a href=\"https:\/\/blog.uclm.es\/carmendiazmora\/perfil\/\" class=\"more-link\">Seguir leyendo <span class=\"screen-reader-text\">Perfil<\/span> <span class=\"meta-nav\">&rarr;<\/span><\/a><\/p>\n","protected":false},"author":59,"featured_media":295,"parent":0,"menu_order":0,"comment_status":"closed","ping_status":"closed","template":"page-templates\/full-width.php","meta":{"footnotes":""},"class_list":["post-37","page","type-page","status-publish","has-post-thumbnail","hentry"],"_links":{"self":[{"href":"https:\/\/blog.uclm.es\/carmendiazmora\/wp-json\/wp\/v2\/pages\/37","targetHints":{"allow":["GET"]}}],"collection":[{"href":"https:\/\/blog.uclm.es\/carmendiazmora\/wp-json\/wp\/v2\/pages"}],"about":[{"href":"https:\/\/blog.uclm.es\/carmendiazmora\/wp-json\/wp\/v2\/types\/page"}],"author":[{"embeddable":true,"href":"https:\/\/blog.uclm.es\/carmendiazmora\/wp-json\/wp\/v2\/users\/59"}],"replies":[{"embeddable":true,"href":"https:\/\/blog.uclm.es\/carmendiazmora\/wp-json\/wp\/v2\/comments?post=37"}],"version-history":[{"count":9,"href":"https:\/\/blog.uclm.es\/carmendiazmora\/wp-json\/wp\/v2\/pages\/37\/revisions"}],"predecessor-version":[{"id":448,"href":"https:\/\/blog.uclm.es\/carmendiazmora\/wp-json\/wp\/v2\/pages\/37\/revisions\/448"}],"wp:featuredmedia":[{"embeddable":true,"href":"https:\/\/blog.uclm.es\/carmendiazmora\/wp-json\/wp\/v2\/media\/295"}],"wp:attachment":[{"href":"https:\/\/blog.uclm.es\/carmendiazmora\/wp-json\/wp\/v2\/media?parent=37"}],"curies":[{"name":"wp","href":"https:\/\/api.w.org\/{rel}","templated":true}]}}