{"id":169,"date":"2018-09-24T10:44:37","date_gmt":"2018-09-24T09:44:37","guid":{"rendered":"http:\/\/blog.uclm.es\/carmendiazmora\/?page_id=169"},"modified":"2024-03-02T19:18:57","modified_gmt":"2024-03-02T19:18:57","slug":"multimedia","status":"publish","type":"page","link":"https:\/\/blog.uclm.es\/carmendiazmora\/multimedia\/","title":{"rendered":"Multimedia"},"content":{"rendered":"<p>Febrero 2024: <a href=\"https:\/\/alde.es\/blog\/la-union-europea-ante-los-retos-del-comercio-mundial\/\">La Uni\u00f3n Europea ante los retos del comercio mundial<\/a>, entrada en coautor\u00eda con Leticia Bl\u00e1zquez y Bel\u00e9n Gonz\u00e1lez en blog de ALdE.<\/p>\n<p class=\"sub-heading sub-heading-large heading-compact\">Enero 2024: <a href=\"https:\/\/ecipe.org\/blog\/ceta-and-smes\/\">CETA and SMEs: a firm-level trade assessment<\/a>, entrada en coautor\u00eda con Lucian Cernet en el blog de ECIPE.<\/p>\n<p>Junio 2023: Coloquio sobre \u00abEl comercio internacional en una globalizaci\u00f3n diferente. Desaf\u00edos y tendencias de futuro\u00bb con Lucian Cernat,\u00a0Carmen D\u00edaz-Mora,\u00a0Javier P\u00e9rez,\u00a0Christian Volpe\u00a0y\u00a0Enrique Fe\u00e1s, en la Fundaci\u00f3n Rafael del Pino. <a href=\"https:\/\/frdelpino.es\/canalfrp\/video-frdelpino\/el-comercio-internacional-en-una-globalizacion-diferente-desafios-y-tendencias-de-futuro\/\">El comercio internacional en una globalizaci\u00f3n diferente. Desaf\u00edos y tendencias de futuro &#8211; Canal frp Fundaci\u00f3n Rafael del Pino (frdelpino.es)<\/a><\/p>\n<p>Junio 2023:\u00a0Podcast \u00abReflexiones del Club de Exportadores\u00bb sobre el futuro de las cadenas globales de valor. <a href=\"https:\/\/clubexportadores.org\/portfolio-item\/podcast-e5-con-carmen-diaz-mora-uclm-enrique-fanjul-iberglobal-y-rafael-ruiz-villar-coordinador-del-comite-de-reflexion\/\">Podcast #ReflexionesClub: El futuro de las cadenas globales de valor | Club de Exportadores e Inversores Espa\u00f1oles (clubexportadores.org)<\/a><\/p>\n<p>Diciembre 2022: \u00ab\u00bfEl Fin de la Era de las Cadenas Globales de Valor?, blog Econom\u00eda ALdE, <a href=\"https:\/\/alde.es\/blog\/economia-internacional\/el-fin-de-la-era-de-las-cadenas-globales-de-valor\/\">\u00bfEl fin de la era de las cadenas globales de valor? | ALdE | Asociaci\u00f3n Libre de Econom\u00eda<\/a><\/p>\n<p>Mayo 2022: \u00abHacia un comercio exterior integrado\u00bb, Expansi\u00f3n, <a href=\"https:\/\/www.expansion.com\/opinion\/2022\/05\/01\/626c4107468aeb734d8b4587.html\">Hacia un comercio exterior integrado | Opini\u00f3n (expansion.com)<\/a><\/p>\n<p>Diciembre 2021: \u00abNuevos datos sobre la evoluci\u00f3n reciente de las Cadenas Globales de Valor\u00bb, blog Econom\u00eda ALdE, <a href=\"https:\/\/alde.es\/blog\/nuevos-datos-sobre-la-evolucion-reciente-de-las-cadenas-globales-de-valor\/\">Nuevos datos sobre la evoluci\u00f3n reciente de las Cadenas Globales de Valor | ALdE | Asociaci\u00f3n Libre de Econom\u00eda<\/a><\/p>\n<p>Enero 2021: Globalizaci\u00f3n y sostenibilidad. Mesa redonda para la presentaci\u00f3n del n\u00famero 100 de la revista Cuadernos Econ\u00f3micos de Informaci\u00f3n Comercial Espa\u00f1ola:\u00a0 <a href=\"https:\/\/www.youtube.com\/watch?v=xDavj3_0sKs\">https:\/\/www.youtube.com\/watch?v=xDavj3_0sKs<\/a><\/p>\n<p>Octubre 2020: \u00abLarga vida a las Cadenas Globales de Valor\u00bb (junto a Antonio Bonet y Rosario Gandoy\u00bb, Cinco D\u00edas, <a href=\"https:\/\/cincodias.elpais.com\/cincodias\/2020\/10\/05\/opinion\/1601896998_452838.html\">https:\/\/cincodias.elpais.com\/cincodias\/2020\/10\/05\/opinion\/1601896998_452838.html<\/a><\/p>\n<p>Septiembre 2020: \u00abEl papel de Espa\u00f1a en el nuevo comercio global\u00bb, Capital (revista), <a href=\"https:\/\/www.zinio.com\/es\/articlepaywall\">https:\/\/www.zinio.com\/es\/articlepaywall<\/a><\/p>\n<p>Septiembre 2018: Entrevista en La Tribuna de Toledo: \u00ab<a href=\"http:\/\/www.latribunadetoledo.es\/noticia\/ZAA1FD008-A82A-2184-BFE6E9CA78E17CE6\/Creo-que-nos-seguimos-lamiendo-las-heridas-de-la-crisis\">Creo que nos seguimos lamiento las heridas de la crisis<\/a>\u00ab<\/p>\n<p>Abril 2018: <a href=\"http:\/\/www.cmmedia.es\/programas\/radio\/investiga-que-no-es-poco\/podcasts\/0_bii4nhtv\/\" target=\"_blank\" rel=\"noopener noreferrer\">Investiga que no es poco (programa 29\/04\/2018)<\/a><\/p>\n<p>Noviembre 2017: Jornadas de Alicante sobre Econom\u00eda Espa\u00f1ola, \u00ab<a href=\"https:\/\/youtu.be\/uKYWSoJlgG4?t=4160\" target=\"_blank\" rel=\"noopener noreferrer\">La pol\u00edtica comercial de la UE<\/a>\u00ab<\/p>\n\n\n<p><\/p>\n","protected":false},"excerpt":{"rendered":"<p>Febrero 2024: La Uni\u00f3n Europea ante los retos del comercio mundial, entrada en coautor\u00eda con Leticia Bl\u00e1zquez y Bel\u00e9n Gonz\u00e1lez en blog de ALdE. Enero 2024: CETA and SMEs: a firm-level trade assessment, entrada en coautor\u00eda con Lucian Cernet en el blog de ECIPE. Junio 2023: Coloquio sobre \u00abEl comercio internacional en una globalizaci\u00f3n diferente. &hellip; <a href=\"https:\/\/blog.uclm.es\/carmendiazmora\/multimedia\/\" class=\"more-link\">Seguir leyendo <span class=\"screen-reader-text\">Multimedia<\/span> <span class=\"meta-nav\">&rarr;<\/span><\/a><\/p>\n","protected":false},"author":59,"featured_media":0,"parent":0,"menu_order":5,"comment_status":"closed","ping_status":"closed","template":"page-templates\/full-width.php","meta":{"footnotes":""},"class_list":["post-169","page","type-page","status-publish","hentry"],"_links":{"self":[{"href":"https:\/\/blog.uclm.es\/carmendiazmora\/wp-json\/wp\/v2\/pages\/169","targetHints":{"allow":["GET"]}}],"collection":[{"href":"https:\/\/blog.uclm.es\/carmendiazmora\/wp-json\/wp\/v2\/pages"}],"about":[{"href":"https:\/\/blog.uclm.es\/carmendiazmora\/wp-json\/wp\/v2\/types\/page"}],"author":[{"embeddable":true,"href":"https:\/\/blog.uclm.es\/carmendiazmora\/wp-json\/wp\/v2\/users\/59"}],"replies":[{"embeddable":true,"href":"https:\/\/blog.uclm.es\/carmendiazmora\/wp-json\/wp\/v2\/comments?post=169"}],"version-history":[{"count":7,"href":"https:\/\/blog.uclm.es\/carmendiazmora\/wp-json\/wp\/v2\/pages\/169\/revisions"}],"predecessor-version":[{"id":398,"href":"https:\/\/blog.uclm.es\/carmendiazmora\/wp-json\/wp\/v2\/pages\/169\/revisions\/398"}],"wp:attachment":[{"href":"https:\/\/blog.uclm.es\/carmendiazmora\/wp-json\/wp\/v2\/media?parent=169"}],"curies":[{"name":"wp","href":"https:\/\/api.w.org\/{rel}","templated":true}]}}