{"id":401,"date":"2024-05-11T22:14:40","date_gmt":"2024-05-11T20:14:40","guid":{"rendered":"https:\/\/blog.uclm.es\/carlosgonzalezvilla\/?page_id=401"},"modified":"2024-09-28T19:42:36","modified_gmt":"2024-09-28T17:42:36","slug":"contacto-2","status":"publish","type":"page","link":"https:\/\/blog.uclm.es\/carlosgonzalezvilla\/contacto-2\/","title":{"rendered":"Contacto \/ Contact"},"content":{"rendered":"\n<p>Email: Carlos.GonzalezVilla@uclm.es<\/p>\n\n\n\n<p>Direcci\u00f3n postal: Facultad de Ciencias Jur\u00eddicas y Sociales | Cobertizo de San Pedro M\u00e1rtir, S\/N | 45071 Toledo<\/p>\n\n\n\n<figure class=\"wp-block-image size-full is-resized\"><img loading=\"lazy\" decoding=\"async\" width=\"1024\" height=\"176\" src=\"https:\/\/blog.uclm.es\/carlosgonzalezvilla\/wp-content\/uploads\/sites\/251\/2022\/10\/Logo_uclm-1024x176-1.jpg\" alt=\"\" class=\"wp-image-373\" style=\"width:331px;height:auto\" srcset=\"https:\/\/blog.uclm.es\/carlosgonzalezvilla\/wp-content\/uploads\/sites\/251\/2022\/10\/Logo_uclm-1024x176-1.jpg 1024w, https:\/\/blog.uclm.es\/carlosgonzalezvilla\/wp-content\/uploads\/sites\/251\/2022\/10\/Logo_uclm-1024x176-1-300x52.jpg 300w, https:\/\/blog.uclm.es\/carlosgonzalezvilla\/wp-content\/uploads\/sites\/251\/2022\/10\/Logo_uclm-1024x176-1-768x132.jpg 768w\" sizes=\"auto, (max-width: 767px) 89vw, (max-width: 1000px) 54vw, (max-width: 1071px) 543px, 580px\" \/><\/figure>\n\n\n\n<p><\/p>\n","protected":false},"excerpt":{"rendered":"<p>Email: Carlos.GonzalezVilla@uclm.es Direcci\u00f3n postal: Facultad de Ciencias Jur\u00eddicas y Sociales | Cobertizo de San Pedro M\u00e1rtir, S\/N | 45071 Toledo<\/p>\n","protected":false},"author":413,"featured_media":0,"parent":0,"menu_order":0,"comment_status":"closed","ping_status":"closed","template":"","meta":{"footnotes":""},"class_list":["post-401","page","type-page","status-publish","hentry"],"_links":{"self":[{"href":"https:\/\/blog.uclm.es\/carlosgonzalezvilla\/wp-json\/wp\/v2\/pages\/401","targetHints":{"allow":["GET"]}}],"collection":[{"href":"https:\/\/blog.uclm.es\/carlosgonzalezvilla\/wp-json\/wp\/v2\/pages"}],"about":[{"href":"https:\/\/blog.uclm.es\/carlosgonzalezvilla\/wp-json\/wp\/v2\/types\/page"}],"author":[{"embeddable":true,"href":"https:\/\/blog.uclm.es\/carlosgonzalezvilla\/wp-json\/wp\/v2\/users\/413"}],"replies":[{"embeddable":true,"href":"https:\/\/blog.uclm.es\/carlosgonzalezvilla\/wp-json\/wp\/v2\/comments?post=401"}],"version-history":[{"count":9,"href":"https:\/\/blog.uclm.es\/carlosgonzalezvilla\/wp-json\/wp\/v2\/pages\/401\/revisions"}],"predecessor-version":[{"id":476,"href":"https:\/\/blog.uclm.es\/carlosgonzalezvilla\/wp-json\/wp\/v2\/pages\/401\/revisions\/476"}],"wp:attachment":[{"href":"https:\/\/blog.uclm.es\/carlosgonzalezvilla\/wp-json\/wp\/v2\/media?parent=401"}],"curies":[{"name":"wp","href":"https:\/\/api.w.org\/{rel}","templated":true}]}}