{"id":13,"date":"2015-02-19T14:28:10","date_gmt":"2015-02-19T13:28:10","guid":{"rendered":"http:\/\/blog.uclm.es\/carlosdemanuel\/?page_id=13"},"modified":"2015-02-19T14:28:10","modified_gmt":"2015-02-19T13:28:10","slug":"curriculum-vitae","status":"publish","type":"page","link":"https:\/\/blog.uclm.es\/carlosdemanuel\/curriculum-vitae\/","title":{"rendered":"Curriculum Vitae"},"content":{"rendered":"<p><strong>FORMACION ACAD\u00c9MICA<\/strong><br \/>\nGrado en Ingenier\u00eda Inform\u00e1tica<br \/>\nFacultad de Ciencias y Tecnolog\u00eda<br \/>\nUniversidad Isabel I de Castilla, 2017<\/p>\n<p>Ingeniero T\u00e9cnico en Inform\u00e1tica de Sistemas<br \/>\nE.U. de Inform\u00e1tica de Ciudad Real<br \/>\nUniversidad de Castilla-La Mancha, 1990-1994<\/p>\n<p><strong>INFORMACI\u00d3N PROFESIONAL<\/strong><br \/>\nColegiado n\u00famero 1 del <a title=\"Colegio Oficial de Ingenieros T\u00e9cnicos en Inform\u00e1tica de Castilla-La Mancha\" href=\"http:\/\/www.coiticlm.es\" target=\"_blank\" rel=\"noopener\">Colegio Oficial de Ingenieros T\u00e9cnicos en Inform\u00e1tica de Castilla-La Mancha (COITICLM)<\/a><\/p>\n<p><strong>PUESTO DE TRABAJO ACTUAL<\/strong><br \/>\nT\u00e9cnico I de la Unidad de Sistemas y Redes, \u00c1rea de Tecnolog\u00eda y Comunicaciones, Universidad de Castilla-La Mancha<br \/>\nResponsable de Comunicaciones. Red troncal, red de acceso cableada, red inal\u00e1mbrica, telefon\u00eda fija, telefon\u00eda m\u00f3vil, videovigilancia, videoconferencia y comunicaciones unificadas.<\/p>\n<p><strong>EXPERIENCIA LABORAL<\/strong><br \/>\n2005-2008 T\u00e9cnico de Sistemas de la Unidad de Sistemas y Redes, \u00c1rea de Inform\u00e1tica y Comunicaciones, Universidad de Castilla-La Mancha<br \/>\n2000-2005 T\u00e9cnico de la Unidad de Gesti\u00f3n de Inform\u00e1tica y Comunicaciones de Ciudad Real, \u00c1rea de Inform\u00e1tica y Comunicaciones, Universidad de Castilla-La Mancha<br \/>\n1995\u20132000 Analista-programador y T\u00e9cnico de Sistemas, INSALUD &#8211; Hospital Santa B\u00e1rbara, Puertollano (Ciudad Real)<br \/>\n1997\u20132000 Profesor de Ense\u00f1anza Secundaria, Colegio Ntra. Sra del Prado \u2013 Marianistas, Ciudad Real<br \/>\n1994-1995 Soldado del Grupo Operaciones Especiales \u2013 Ordenes Militares I, Colmenar Viejo (Madrid)<br \/>\n1993-1994 Analista-programador en beca de colaboraci\u00f3n, Centro de Instrumentaci\u00f3n Cient\u00edfica de An\u00e1lisis y Tecnolog\u00eda, Universidad de Castilla \u2013 La Mancha.<br \/>\n1992 Pr\u00e1cticas para Ingenieros T\u00e9cnicos, Repsol Petr\u00f3leo S.A. Puertollano (Ciudad Real).<\/p>\n<p><strong>PONENCIAS Y CURSOS IMPARTIDOS<\/strong><br \/>\nPonencia \u201cUCLM campus 11n\u201d, Jornadas de Trabajo de RedIris, C\u00f3rdoba, 2010.<br \/>\nPonencia \u201cDise\u00f1o de p\u00e1ginas Web y su utilizaci\u00f3n en el aula\u201d, FETE-UGT (27 horas), 2004.<br \/>\nPonencia \u201cDict\u00e1menes y Peritajes en Inform\u00e1tica\u201d, COITICLM, 2003.<br \/>\nCurso \u201cDise\u00f1o y P\u00e1ginas Web\u201d, SEPECAM-Marianistas, 2002.<br \/>\nCurso \u201cDise\u00f1o y P\u00e1ginas Web\u201d, SEPECAM-Marianistas, 2001.<br \/>\nDirector y profesor de cursos de formaci\u00f3n sobre Windows e Introducci\u00f3n a Internet, CIM INTERNET, 1996-1997<br \/>\nMonitor de cursos de formaci\u00f3n en el \u00e1rea de juventud, Ayuntamiento de Puertollano, 1996<\/p>\n<p><strong>FORMACI\u00d3N<\/strong><br \/>\nGestion de configuraci\u00f3n: chef. UCLM, 10 horas, 2017.<br \/>\nLeyes 39 y 40\/2015 sobre Procedimiento Administrativo Com\u00fan y R\u00e9gimen Jur\u00eddico del Sector P\u00fablico. UCLM, 40 horas, 2017.<br \/>\nArquitectura Empresarial. Principios de Arquitectura empresarial. UCLM, 10 horas, 2016.<br \/>\nEl entorno jur\u00eddico de la gesti\u00f3n TIC. Esquema Nacional de Seguridad. UCLM, 10 horas, 2016.<br \/>\nIntroducci\u00f3n a las Infraestructuras No TIC de un CPD para profesionales TI. UCLM, 10 horas, 2016.<br \/>\nSeguridad inform\u00e1tica. Seguridad en entornos m\u00f3viles I. UCLM, 10 horas, 2016.<br \/>\nEl entorno jur\u00eddico de la gesti\u00f3n TIC. UCLM, 10 horas, 2015.<br \/>\nElaboraci\u00f3n de documentos complejos en Word 2013. Grupo G9-Universidad de la Rioja, 10 horas, 2015.<br \/>\nMAC OS X: Soporte y Resoluci\u00f3n de incidencias. UCLM, 10 horas, 2015.<br \/>\nQoS en la red de la UCLM. UCLM, 10 horas, 2015.<br \/>\nSeguridad inform\u00e1tica. Gestion incidentes II. UCLM, 10 horas, 2015.<br \/>\nSistemas Microsoft. Introducci\u00f3n a Windows Powershell. UCLM, 10 horas, 2015<br \/>\nAplicaciones para elaborar materiales did\u00e1cticos y de difusi\u00f3n. UCLM, 10 horas, 2014.<br \/>\nHerramientas de Gesti\u00f3n de Infraestructuras TIC. MS SCOM. MS Orchestator. UCLM, 10 horas, 2014.<br \/>\nLas TICs y la Calidad en los Servicios Universitarios. G9-Universidad de Oviedo, 30 horas, 2014.<br \/>\nMoodle 2.0. Nuevas funcionalidades. UCLM 10 horas, 2014.<br \/>\nSeguridad Inform\u00e1tica. Gesti\u00f3n de Incidentes. UCLM 10 horas, 2014.<br \/>\nAprende lenguas. Ingl\u00e9s Nivel B1, UCLM 60 horas, 2013.<br \/>\nHerramienta Moodle, UCLM 10 horas, 2013.<br \/>\nSSO en la UCLM. Arquitectura de Sistemas. UCLM 10 horas, 2013.<br \/>\nGesti\u00f3n de servicios TI. Soporte de servicios TI. UCLM 10 horas, 2012.<br \/>\nAprende Ingl\u00e9s en tu Campus. Nivel A2, UCLM 60 horas, 2012.<br \/>\nMejorar el rendimiento del equipo de trabajo. UCLM 10 horas, 2011.<br \/>\nSeguridad inform\u00e1tica. Seguridad en sistemas y comunicaciones. UCLM 10 horas, 2011.<br \/>\nIntroducci\u00f3n a Gesti\u00f3n de Servicios TI. Fundamentos ITIL, UCLM 10 horas, 2010.<br \/>\nCurso Administraci\u00f3n Electr\u00f3nica, UCLM (10 horas), 2010.<br \/>\nCertificaci\u00f3n de Dise\u00f1o de Sistemas Endura 2.0 (PCSD), PELCO, Octubre, 2010<br \/>\nCertificaci\u00f3n R&amp;M L300 Dise\u00f1o de Cableados LAN, R&amp;M, 2009.<br \/>\nCertificaci\u00f3n R&amp;M L100 Instalador de Cableados LAN en Cobre, R&amp;M, 2009.<br \/>\nCurso Presentaciones Eficaces, UCLM (20 horas), 2009.<br \/>\nCurso de Sistemas de Telefon\u00eda IP, Dimension Data \u2013 AGUI (28 horas), 2007.<br \/>\nCurso \u201cAprende Ingl\u00e9s en tu Campus\u201d, nivel \u201cIntermediate II\u201d, UCLM (60 horas), 2006.<br \/>\nCurso de Prevenci\u00f3n de Incendios y Equipos de Emergencia, UCLM (5:30 horas), 2004.<br \/>\nCurso \u201cInterconexi\u00f3n de Dispositivos CISCO\u201d, UCLM \u2013 Fundaci\u00f3n Insula Barataria (25 horas), 2003.<br \/>\nCurso \u201cDict\u00e1menes y Peritajes en Inform\u00e1tica\u201d, ALI (32 horas), 2003.<br \/>\nCurso \u201cImplementing a Microsoft Windows 2000 Network Infrastructure\u201d, UCLM \u2013 Professional Training (25 horas), 2003.<br \/>\nCurso \u201cAdministraci\u00f3n de redes en Linux\u201d, UCLM \u2013 Professional Training (15 horas), 2002.<br \/>\nCurso \u201cIntroducci\u00f3n a la administraci\u00f3n de Linux\u201d, UCLM \u2013 Fundaci\u00f3n Insula Barataria, 2002.<br \/>\nCurso \u201cImplementing Windows 2000 Professional and Server\u201d, UCLM \u2013 Fundaci\u00f3n Insula Barataria (25 horas), 2002.<br \/>\nCurso \u201cDise\u00f1o y desarrollo de aplicaciones colaborativas en inform\u00e1tica educativa\u201d, UCLM (20 horas), 2002.<br \/>\nCurso \u201cMicrosoft Access 97\u201d, FSP-UGT &#8211; Hospital Santa B\u00e1rbara (30 horas), 1999.<br \/>\nCurso \u201cIntroduce el ordenador y la multimedia en el aula\u201d, M.E.C. y U.S.O. (30 horas), 1999.<br \/>\nJornada \u00abLa comunicaci\u00f3n y el trabajo en equipo\u00bb, Luis Pucholl y Asociados &#8211; Hospital Santa B\u00e1rbara (10 horas), 1998.<br \/>\nCurso de Inform\u00e1tica y Comunicaciones, Nivel II, Redes Locales, U.N.E.D. (20 horas), 1997.<br \/>\nCurso de Fundamentaci\u00f3n L.O.G.S.E. y Dise\u00f1o de Unidades did\u00e1cticas, U.N.E.D. (50 horas), 1997.<br \/>\nCurso de Introducci\u00f3n a Internet, CIM Internet (8 horas), 1996.<\/p>\n<p><strong>IDIOMAS<\/strong><br \/>\nIngl\u00e9s:<br \/>\n\u2022 Nivel B1 \u00abAprende Lenguas\u00bb UCLM, 2013.<br \/>\n\u2022 Nivel A2 \u00abAprende Ingl\u00e9s en tu Campus\u00bb UCLM, 2012.<br \/>\n\u2022 Nivel \u201cIntermediate II\u201d del programa \u201cAprende Ingl\u00e9s en tu Campus\u201d, 2006.<br \/>\n\u2022 Nivel \u201cWaystage Three\u201d, Wall Street Institute, 2000.<br \/>\nFranc\u00e9s:<br \/>\n\u2022 Conocimientos b\u00e1sicos.<\/p>\n<p><strong>OTROS ASPECTOS IMPORTANTES<\/strong><br \/>\n\u2022 Decano del Colegio Oficial de Ingenieros T\u00e9cnicos en Inform\u00e1tica de Castilla-La Mancha (COITICLM), Colegiado fundador n\u00famero 1.<br \/>\n\u2022 Tesorero del Sindicato de Ingenieros e Ingenieros T\u00e9cnicos en Inform\u00e1tica (SITIC), afiliado fundador n\u00famero 5.<br \/>\n\u2022 Vicesecretario de la Asociaci\u00f3n de Titulados Universitarios Oficiales en Inform\u00e1tica (ALI).<\/p>\n","protected":false},"excerpt":{"rendered":"<p>FORMACION ACAD\u00c9MICA Grado en Ingenier\u00eda Inform\u00e1tica Facultad de Ciencias y Tecnolog\u00eda Universidad Isabel I de Castilla, 2017 Ingeniero T\u00e9cnico en Inform\u00e1tica de Sistemas E.U. de Inform\u00e1tica de Ciudad Real Universidad de Castilla-La Mancha, 1990-1994 INFORMACI\u00d3N PROFESIONAL Colegiado n\u00famero 1 del Colegio Oficial de Ingenieros T\u00e9cnicos en Inform\u00e1tica de Castilla-La Mancha (COITICLM) PUESTO DE TRABAJO ACTUAL [&hellip;]<\/p>\n","protected":false},"author":63,"featured_media":0,"parent":0,"menu_order":0,"comment_status":"open","ping_status":"open","template":"","meta":{"footnotes":""},"class_list":["post-13","page","type-page","status-publish","hentry"],"_links":{"self":[{"href":"https:\/\/blog.uclm.es\/carlosdemanuel\/wp-json\/wp\/v2\/pages\/13","targetHints":{"allow":["GET"]}}],"collection":[{"href":"https:\/\/blog.uclm.es\/carlosdemanuel\/wp-json\/wp\/v2\/pages"}],"about":[{"href":"https:\/\/blog.uclm.es\/carlosdemanuel\/wp-json\/wp\/v2\/types\/page"}],"author":[{"embeddable":true,"href":"https:\/\/blog.uclm.es\/carlosdemanuel\/wp-json\/wp\/v2\/users\/63"}],"replies":[{"embeddable":true,"href":"https:\/\/blog.uclm.es\/carlosdemanuel\/wp-json\/wp\/v2\/comments?post=13"}],"version-history":[{"count":0,"href":"https:\/\/blog.uclm.es\/carlosdemanuel\/wp-json\/wp\/v2\/pages\/13\/revisions"}],"wp:attachment":[{"href":"https:\/\/blog.uclm.es\/carlosdemanuel\/wp-json\/wp\/v2\/media?parent=13"}],"curies":[{"name":"wp","href":"https:\/\/api.w.org\/{rel}","templated":true}]}}