{"id":91,"date":"2016-08-29T11:20:00","date_gmt":"2016-08-29T10:20:00","guid":{"rendered":"http:\/\/blog.uclm.es\/carlosacastillo\/?page_id=91"},"modified":"2016-08-29T11:20:00","modified_gmt":"2016-08-29T10:20:00","slug":"organizacion-de-cursos-y-jornadas","status":"publish","type":"page","link":"https:\/\/blog.uclm.es\/carlosacastillo\/organizacion-de-cursos-y-jornadas\/","title":{"rendered":"Organizaci\u00f3n de Cursos y Jornadas"},"content":{"rendered":"<p><a href=\"https:\/\/eventos.uclm.es\/34479\/detail\/ii-jornadas-de-introduccion-a-la-investigacion-en-salud-para-alumnos-de-primero-de-enfermeria.html\">II Jornada de Introducci\u00f3n a la Investigaci\u00f3n en Salud para alumnos de primero de Enfermer\u00eda<\/a> (Organizador). Facultad de Fisioterapia y Enfermer\u00eda, UCLM, 2019.<\/p>\n<p><a href=\"http:\/\/eventos.uclm.es\/21182\/detail\/introduccion-a-la-investigacion-en-salud-para-alumnos-de-primero-de-enfermeria.html\">Introducci\u00f3n a la Investigaci\u00f3n en Salud para alumnos de primero de Enfermer\u00eda<\/a> (Organizador). Escuela Universitaria de Enfermer\u00eda y Fisioterapia, UCLM, 2018.<\/p>\n<p><a href=\"http:\/\/eventos.uclm.es\/9580\/detail\/alimentacion-y-cerebro_-una-pareja-indisoluble..html\">Alimentaci\u00f3n y Cerebro: una pareja indisoluble<\/a> (Director). Facultad de Terapia Ocupacional, Logopedia y Enfermer\u00eda, UCLM, 2017.<\/p>\n<p><a href=\"https:\/\/ivjornadadeenfermeria.wordpress.com\/\">IV Jornada de Enfermer\u00eda San Juan de Dios<\/a> \u00ab<em>Enfermer\u00eda con los Refugiados<\/em>\u00bb (Secretario). Facultad de Terapia Ocupacional, Logopedia y Enfermer\u00eda, UCLM, 2017.<\/p>\n<p><a href=\"https:\/\/iiijornadadeenfermeria.wordpress.com\/\">III Jornada de Enfermer\u00eda San Juan de Dios<\/a> \u00ab<em>El papel de la enfermer\u00eda en oncolog\u00eda<\/em>\u00bb (Secretario y Comit\u00e9 Cient\u00edfico). Facultad de Terapia Ocupacional, Logopedia y Enfermer\u00eda, UCLM, 2016.<\/p>\n<p><a href=\"http:\/\/eventos.uclm.es\/event_detail\/4657\/detail\/jornadas-sobre-alimentacion-deporte-y-salud_-una-vision-multidisciplinar.html\">Jornadas sobre Alimentaci\u00f3n, Deporte y Salud: una visi\u00f3n multidisciplinar<\/a> (Director). Facultad de Terapia Ocupacional, Logopedia y Enfermer\u00eda, UCLM, 2016.<\/p>\n<p><a href=\"http:\/\/eventos.uclm.es\/event_detail\/3537\/detail\/envejecimiento-activo-en-la-actualidad_-de-la-teoria-a-la-practica..html\">Envejecimiento Activo en la actualidad: de la teor\u00eda a la pr\u00e1ctica<\/a> (Director). Facultad de Terapia Ocupacional, Logopedia y Enfermer\u00eda, UCLM, 2015.<\/p>\n<p>Abordaje del deterioro de la integridad cut\u00e1nea y tisular: \u00falceras por presi\u00f3n (Secretario). Facultad de Terapia Ocupacional, Logopedia y Enfermer\u00eda, UCLM, 2013.<\/p>\n<p>I Encuentro de Experiencias Docentes en Educaci\u00f3n Superior (Comit\u00e9 cient\u00edfico-Organizador) [<a href=\"https:\/\/books.google.es\/books?id=8RT0AwAAQBAJ&amp;pg=PT3&amp;lpg=PT3&amp;dq=carlos+alberto+castillo+sarmiento&amp;source=bl&amp;ots=1WBaDX8hxI&amp;sig=230y7SPNkE54pUxoXAfvKx2Cr54&amp;hl=es&amp;sa=X&amp;ved=0ahUKEwis9cWtyMTZAhUJWRQKHf1AAik4ChDoAQg0MAI#v=onepage&amp;q=carlos%20alberto%20castillo%20sarmiento&amp;f=false\">resumen<\/a>], 2013.<\/p>\n<p>III Congreso de Enfermer\u00eda \u00ab<em>Ciudad de Talavera<\/em>\u00bb (Comit\u00e9 cient\u00edfico), 2013.<\/p>\n<p>El aprendizaje comienza en la b\u00fasqueda (Secretario). Facultad de Terapia Ocupacional, Logopedia y Enfermer\u00eda, UCLM, 2012.<\/p>\n<p>Ciclo de Conferencias en Salud (Comit\u00e9 Organizador). Facultad de Terapia Ocupacional, Logopedia y Enfermer\u00eda, UCLM, 2011-2012.<\/p>\n<p>I Jornada de Enfermer\u00eda San Juan de Dios (Comit\u00e9 Organizador). Facultad de Terapia Ocupacional, Logopedia y Enfermer\u00eda, UCLM, 2011.<\/p>\n","protected":false},"excerpt":{"rendered":"<p>II Jornada de Introducci\u00f3n a la Investigaci\u00f3n en Salud para alumnos de primero de Enfermer\u00eda (Organizador). Facultad de Fisioterapia y Enfermer\u00eda, UCLM, 2019. Introducci\u00f3n a la Investigaci\u00f3n en Salud para alumnos de primero de Enfermer\u00eda (Organizador). Escuela Universitaria de Enfermer\u00eda y Fisioterapia, UCLM, 2018. Alimentaci\u00f3n y Cerebro: una pareja indisoluble (Director). Facultad de Terapia Ocupacional, &hellip; <a href=\"https:\/\/blog.uclm.es\/carlosacastillo\/organizacion-de-cursos-y-jornadas\/\" class=\"more-link\">Seguir leyendo <span class=\"screen-reader-text\">Organizaci\u00f3n de Cursos y Jornadas<\/span> <span class=\"meta-nav\">&rarr;<\/span><\/a><\/p>\n","protected":false},"author":34,"featured_media":0,"parent":0,"menu_order":0,"comment_status":"closed","ping_status":"closed","template":"","meta":{"footnotes":""},"class_list":["post-91","page","type-page","status-publish","hentry"],"_links":{"self":[{"href":"https:\/\/blog.uclm.es\/carlosacastillo\/wp-json\/wp\/v2\/pages\/91","targetHints":{"allow":["GET"]}}],"collection":[{"href":"https:\/\/blog.uclm.es\/carlosacastillo\/wp-json\/wp\/v2\/pages"}],"about":[{"href":"https:\/\/blog.uclm.es\/carlosacastillo\/wp-json\/wp\/v2\/types\/page"}],"author":[{"embeddable":true,"href":"https:\/\/blog.uclm.es\/carlosacastillo\/wp-json\/wp\/v2\/users\/34"}],"replies":[{"embeddable":true,"href":"https:\/\/blog.uclm.es\/carlosacastillo\/wp-json\/wp\/v2\/comments?post=91"}],"version-history":[{"count":0,"href":"https:\/\/blog.uclm.es\/carlosacastillo\/wp-json\/wp\/v2\/pages\/91\/revisions"}],"wp:attachment":[{"href":"https:\/\/blog.uclm.es\/carlosacastillo\/wp-json\/wp\/v2\/media?parent=91"}],"curies":[{"name":"wp","href":"https:\/\/api.w.org\/{rel}","templated":true}]}}