{"id":708,"date":"2026-04-20T10:06:34","date_gmt":"2026-04-20T09:06:34","guid":{"rendered":"https:\/\/blog.uclm.es\/carlosacastillo\/?page_id=708"},"modified":"2026-04-20T10:06:34","modified_gmt":"2026-04-20T09:06:34","slug":"formacion","status":"publish","type":"page","link":"https:\/\/blog.uclm.es\/carlosacastillo\/formacion\/","title":{"rendered":"Formaci\u00f3n"},"content":{"rendered":"\n<h2 class=\"wp-block-heading\">Curso 25\/26<\/h2>\n\n\n\n<p>Microcredenciales subvencionadas para la mejora de competencias profesionales:<\/p>\n\n\n\n<ul class=\"wp-block-list\">\n<li>Matr\u00edcula hasta 27 de abril de 2026.<\/li>\n\n\n\n<li>Formaci\u00f3n <em>online <\/em>as\u00edncrona del 20 de abril al 15 de mayo.<\/li>\n\n\n\n<li>Si tienes entre 25 y 64 a\u00f1os, el precio de cada formaci\u00f3n es de 60\u20ac.<\/li>\n<\/ul>\n\n\n\n<p>Si no perteneces a la UCLM, para inscribirte debes crearte una cuenta de invitado <a href=\"https:\/\/cuentas.apps.uclm.es\/altaCuenta\" target=\"_blank\" rel=\"noreferrer noopener\">aqu\u00ed<\/a>.<\/p>\n\n\n\n<div class=\"wp-block-media-text alignfull is-stacked-on-mobile is-vertically-aligned-center is-style-default\"><figure class=\"wp-block-media-text__media\"><img loading=\"lazy\" decoding=\"async\" width=\"1182\" height=\"1182\" src=\"https:\/\/blog.uclm.es\/carlosacastillo\/wp-content\/uploads\/sites\/128\/2026\/04\/IA_ampliado.png\" alt=\"\" class=\"wp-image-712 size-full\" srcset=\"https:\/\/blog.uclm.es\/carlosacastillo\/wp-content\/uploads\/sites\/128\/2026\/04\/IA_ampliado.png 1182w, https:\/\/blog.uclm.es\/carlosacastillo\/wp-content\/uploads\/sites\/128\/2026\/04\/IA_ampliado-300x300.png 300w, https:\/\/blog.uclm.es\/carlosacastillo\/wp-content\/uploads\/sites\/128\/2026\/04\/IA_ampliado-1024x1024.png 1024w, https:\/\/blog.uclm.es\/carlosacastillo\/wp-content\/uploads\/sites\/128\/2026\/04\/IA_ampliado-150x150.png 150w, https:\/\/blog.uclm.es\/carlosacastillo\/wp-content\/uploads\/sites\/128\/2026\/04\/IA_ampliado-768x768.png 768w\" sizes=\"auto, (max-width: 1182px) 100vw, 1182px\" \/><\/figure><div class=\"wp-block-media-text__content\">\n<h2 class=\"wp-block-heading has-text-color\" style=\"color:#000000\"><strong>Competencias Digitales con apoyo de IA para la B\u00fasqueda, Gesti\u00f3n y Escritura de Trabajos Cient\u00edficos<\/strong><\/h2>\n\n\n\n<p class=\"has-text-color\" style=\"color:#636363;font-size:17px;line-height:1.1\">Permite optimizar la b\u00fasqueda, gesti\u00f3n y redacci\u00f3n de trabajos cient\u00edficos mediante herramientas digitales avanzadas e inteligencia artificial.<\/p>\n\n\n\n<p>Inscripci\u00f3n <a href=\"https:\/\/lead.apps.uclm.es\/actividades\/105823\" target=\"_blank\" rel=\"noreferrer noopener\">aqu\u00ed<\/a>.<\/p>\n<\/div><\/div>\n\n\n\n<hr class=\"wp-block-separator has-alpha-channel-opacity\" \/>\n\n\n\n<div class=\"wp-block-media-text alignfull is-stacked-on-mobile is-vertically-aligned-center is-style-default\"><figure class=\"wp-block-media-text__media\"><img loading=\"lazy\" decoding=\"async\" width=\"1024\" height=\"1024\" src=\"https:\/\/blog.uclm.es\/carlosacastillo\/wp-content\/uploads\/sites\/128\/2026\/04\/Saludable_ampliado-1024x1024.png\" alt=\"\" class=\"wp-image-710 size-full\" srcset=\"https:\/\/blog.uclm.es\/carlosacastillo\/wp-content\/uploads\/sites\/128\/2026\/04\/Saludable_ampliado-1024x1024.png 1024w, https:\/\/blog.uclm.es\/carlosacastillo\/wp-content\/uploads\/sites\/128\/2026\/04\/Saludable_ampliado-300x300.png 300w, https:\/\/blog.uclm.es\/carlosacastillo\/wp-content\/uploads\/sites\/128\/2026\/04\/Saludable_ampliado-150x150.png 150w, https:\/\/blog.uclm.es\/carlosacastillo\/wp-content\/uploads\/sites\/128\/2026\/04\/Saludable_ampliado-768x768.png 768w, https:\/\/blog.uclm.es\/carlosacastillo\/wp-content\/uploads\/sites\/128\/2026\/04\/Saludable_ampliado.png 1182w\" sizes=\"auto, (max-width: 1024px) 100vw, 1024px\" \/><\/figure><div class=\"wp-block-media-text__content\">\n<h2 class=\"wp-block-heading has-text-color\" style=\"color:#000000\"><strong>Educaci\u00f3n y Promoci\u00f3n de Estilos de Vida Saludables en la Sociedad Actual<\/strong><\/h2>\n\n\n\n<p class=\"has-text-color\" style=\"color:#636363;font-size:17px;line-height:1.1\">Ofrece una actualizaci\u00f3n basada en la evidencia sobre h\u00e1bitos de salud y proporciona herramientas para su aplicaci\u00f3n en la pr\u00e1ctica cl\u00ednica y comunitaria.<\/p>\n\n\n\n<p>Inscripci\u00f3n <a href=\"https:\/\/lead.apps.uclm.es\/actividades\/105832\" target=\"_blank\" rel=\"noreferrer noopener\">aqu\u00ed<\/a>.<\/p>\n<\/div><\/div>\n\n\n\n<hr class=\"wp-block-separator has-alpha-channel-opacity\" \/>\n\n\n\n<div class=\"wp-block-media-text alignfull is-stacked-on-mobile is-vertically-aligned-center is-style-default\"><figure class=\"wp-block-media-text__media\"><img loading=\"lazy\" decoding=\"async\" width=\"1024\" height=\"1024\" src=\"https:\/\/blog.uclm.es\/carlosacastillo\/wp-content\/uploads\/sites\/128\/2026\/04\/R_ampliado-1024x1024.png\" alt=\"\" class=\"wp-image-709 size-full\" srcset=\"https:\/\/blog.uclm.es\/carlosacastillo\/wp-content\/uploads\/sites\/128\/2026\/04\/R_ampliado-1024x1024.png 1024w, https:\/\/blog.uclm.es\/carlosacastillo\/wp-content\/uploads\/sites\/128\/2026\/04\/R_ampliado-300x300.png 300w, https:\/\/blog.uclm.es\/carlosacastillo\/wp-content\/uploads\/sites\/128\/2026\/04\/R_ampliado-150x150.png 150w, https:\/\/blog.uclm.es\/carlosacastillo\/wp-content\/uploads\/sites\/128\/2026\/04\/R_ampliado-768x768.png 768w, https:\/\/blog.uclm.es\/carlosacastillo\/wp-content\/uploads\/sites\/128\/2026\/04\/R_ampliado.png 1182w\" sizes=\"auto, (max-width: 1024px) 100vw, 1024px\" \/><\/figure><div class=\"wp-block-media-text__content\">\n<h2 class=\"wp-block-heading has-text-color\" style=\"color:#000000\"><strong>Estad\u00edstica aplicada con R: Dise\u00f1o, an\u00e1lisis de datos y presentaci\u00f3n de resultadosl<\/strong><\/h2>\n\n\n\n<p class=\"has-text-color\" style=\"color:#636363;font-size:17px;line-height:1.1\">Capacita para analizar datos de investigaci\u00f3n de forma aut\u00f3noma y rigurosa, desde la creaci\u00f3n de bases de datos hasta la interpretaci\u00f3n de resultados.<\/p>\n\n\n\n<p>Inscripci\u00f3n <a href=\"https:\/\/lead.apps.uclm.es\/actividades\/105862\" target=\"_blank\" rel=\"noreferrer noopener\">aqu\u00ed<\/a>.<\/p>\n<\/div><\/div>\n\n\n\n<hr class=\"wp-block-separator has-alpha-channel-opacity\" \/>\n\n\n\n<div class=\"wp-block-media-text alignfull is-stacked-on-mobile is-vertically-aligned-center is-style-default\"><figure class=\"wp-block-media-text__media\"><img loading=\"lazy\" decoding=\"async\" width=\"1024\" height=\"1024\" src=\"https:\/\/blog.uclm.es\/carlosacastillo\/wp-content\/uploads\/sites\/128\/2026\/04\/SPSS_ampliado-1024x1024.png\" alt=\"\" class=\"wp-image-711 size-full\" srcset=\"https:\/\/blog.uclm.es\/carlosacastillo\/wp-content\/uploads\/sites\/128\/2026\/04\/SPSS_ampliado-1024x1024.png 1024w, https:\/\/blog.uclm.es\/carlosacastillo\/wp-content\/uploads\/sites\/128\/2026\/04\/SPSS_ampliado-300x300.png 300w, https:\/\/blog.uclm.es\/carlosacastillo\/wp-content\/uploads\/sites\/128\/2026\/04\/SPSS_ampliado-150x150.png 150w, https:\/\/blog.uclm.es\/carlosacastillo\/wp-content\/uploads\/sites\/128\/2026\/04\/SPSS_ampliado-768x768.png 768w, https:\/\/blog.uclm.es\/carlosacastillo\/wp-content\/uploads\/sites\/128\/2026\/04\/SPSS_ampliado.png 1182w\" sizes=\"auto, (max-width: 1024px) 100vw, 1024px\" \/><\/figure><div class=\"wp-block-media-text__content\">\n<h2 class=\"wp-block-heading has-text-color\" style=\"color:#000000\"><strong>Estad\u00edstica aplicada con SPSS: Dise\u00f1o, an\u00e1lisis de datos y presentaci\u00f3n de resultados<\/strong><\/h2>\n\n\n\n<p class=\"has-text-color\" style=\"color:#636363;font-size:17px;line-height:1.1\">Orientada al an\u00e1lisis de datos sin necesidad de programaci\u00f3n, facilitando la aplicaci\u00f3n pr\u00e1ctica en investigaci\u00f3n y docencia.<\/p>\n\n\n\n<p>Inscripci\u00f3n <a href=\"https:\/\/lead.apps.uclm.es\/actividades\/105858\" target=\"_blank\" rel=\"noreferrer noopener\">aqu\u00ed<\/a>.<\/p>\n<\/div><\/div>\n","protected":false},"excerpt":{"rendered":"<p>Curso 25\/26 Microcredenciales subvencionadas para la mejora de competencias profesionales: Si no perteneces a la UCLM, para inscribirte debes crearte una cuenta de invitado aqu\u00ed. Competencias Digitales con apoyo de IA para la B\u00fasqueda, Gesti\u00f3n y Escritura de Trabajos Cient\u00edficos Permite optimizar la b\u00fasqueda, gesti\u00f3n y redacci\u00f3n de trabajos cient\u00edficos mediante herramientas digitales avanzadas e &hellip; <a href=\"https:\/\/blog.uclm.es\/carlosacastillo\/formacion\/\" class=\"more-link\">Seguir leyendo <span class=\"screen-reader-text\">Formaci\u00f3n<\/span> <span class=\"meta-nav\">&rarr;<\/span><\/a><\/p>\n","protected":false},"author":34,"featured_media":0,"parent":0,"menu_order":0,"comment_status":"closed","ping_status":"closed","template":"","meta":{"footnotes":""},"class_list":["post-708","page","type-page","status-publish","hentry"],"_links":{"self":[{"href":"https:\/\/blog.uclm.es\/carlosacastillo\/wp-json\/wp\/v2\/pages\/708","targetHints":{"allow":["GET"]}}],"collection":[{"href":"https:\/\/blog.uclm.es\/carlosacastillo\/wp-json\/wp\/v2\/pages"}],"about":[{"href":"https:\/\/blog.uclm.es\/carlosacastillo\/wp-json\/wp\/v2\/types\/page"}],"author":[{"embeddable":true,"href":"https:\/\/blog.uclm.es\/carlosacastillo\/wp-json\/wp\/v2\/users\/34"}],"replies":[{"embeddable":true,"href":"https:\/\/blog.uclm.es\/carlosacastillo\/wp-json\/wp\/v2\/comments?post=708"}],"version-history":[{"count":1,"href":"https:\/\/blog.uclm.es\/carlosacastillo\/wp-json\/wp\/v2\/pages\/708\/revisions"}],"predecessor-version":[{"id":713,"href":"https:\/\/blog.uclm.es\/carlosacastillo\/wp-json\/wp\/v2\/pages\/708\/revisions\/713"}],"wp:attachment":[{"href":"https:\/\/blog.uclm.es\/carlosacastillo\/wp-json\/wp\/v2\/media?parent=708"}],"curies":[{"name":"wp","href":"https:\/\/api.w.org\/{rel}","templated":true}]}}