{"id":7,"date":"2015-08-26T18:32:51","date_gmt":"2015-08-26T17:32:51","guid":{"rendered":"http:\/\/blog.uclm.es\/carlosacastillo\/?page_id=7"},"modified":"2015-08-26T18:32:51","modified_gmt":"2015-08-26T17:32:51","slug":"docencia-2","status":"publish","type":"page","link":"https:\/\/blog.uclm.es\/carlosacastillo\/docencia-2\/","title":{"rendered":"Docencia"},"content":{"rendered":"<p><strong>Curso 2019-2020.<\/strong><\/p>\n<p>Bioqu\u00edmica (1er curso, 6 ECTS): 130 alumnos.<\/p>\n<p>Nutrici\u00f3n y Diet\u00e9tica (1er curso, 6 ECTS): 102 alumnos.<\/p>\n<p>Tutorizaci\u00f3n de Trabajos Fin de Grado (3).<\/p>\n<ul>\n<li>Beatriz L\u00f3pez Cobos. Efectividad de la <em>e-Health<\/em> y la <em>m-Health<\/em> en la reducci\u00f3n de peso. Una revisi\u00f3n narrativa.<\/li>\n<li>Manuel Pedrero Prieto. <span class=\"fontstyle0\">Sistemas de neurotransmisi\u00f3n tras el policonsumo de drogas en adulto.<\/span><\/li>\n<li>Patricia Santiago Gonz\u00e1lez. <span class=\"fontstyle0\">Efecto del consumo combinado de alcohol y coca\u00edna en la expresi\u00f3n g\u00e9nica en adulto.<\/span><\/li>\n<\/ul>\n<p><strong>Curso 2018-2019.<\/strong><\/p>\n<p>Bioqu\u00edmica (1er curso, 6 ECTS): 155 alumnos.<\/p>\n<p><a href=\"https:\/\/blog.uclm.es\/carlosacastillo\/wp-content\/uploads\/sites\/128\/2018\/12\/DSC_0001.jpg\"><img loading=\"lazy\" decoding=\"async\" class=\"size-medium wp-image-259 aligncenter\" src=\"https:\/\/blog.uclm.es\/carlosacastillo\/wp-content\/uploads\/sites\/128\/2018\/12\/DSC_0001-300x199.jpg\" alt=\"\" width=\"300\" height=\"199\" srcset=\"https:\/\/blog.uclm.es\/carlosacastillo\/wp-content\/uploads\/sites\/128\/2018\/12\/DSC_0001-300x199.jpg 300w, https:\/\/blog.uclm.es\/carlosacastillo\/wp-content\/uploads\/sites\/128\/2018\/12\/DSC_0001-1024x678.jpg 1024w, https:\/\/blog.uclm.es\/carlosacastillo\/wp-content\/uploads\/sites\/128\/2018\/12\/DSC_0001-768x509.jpg 768w, https:\/\/blog.uclm.es\/carlosacastillo\/wp-content\/uploads\/sites\/128\/2018\/12\/DSC_0001-1536x1017.jpg 1536w, https:\/\/blog.uclm.es\/carlosacastillo\/wp-content\/uploads\/sites\/128\/2018\/12\/DSC_0001-2048x1356.jpg 2048w\" sizes=\"auto, (max-width: 300px) 100vw, 300px\" \/><\/a>Nutrici\u00f3n y Diet\u00e9tica (1er curso, 6 ECTS): 126 alumnos.<\/p>\n<p><a href=\"https:\/\/blog.uclm.es\/carlosacastillo\/wp-content\/uploads\/sites\/128\/2019\/05\/DSC_0053.jpg\"><img loading=\"lazy\" decoding=\"async\" class=\"size-medium wp-image-272 aligncenter\" src=\"https:\/\/blog.uclm.es\/carlosacastillo\/wp-content\/uploads\/sites\/128\/2019\/05\/DSC_0053-300x199.jpg\" alt=\"\" width=\"300\" height=\"199\" srcset=\"https:\/\/blog.uclm.es\/carlosacastillo\/wp-content\/uploads\/sites\/128\/2019\/05\/DSC_0053-300x199.jpg 300w, https:\/\/blog.uclm.es\/carlosacastillo\/wp-content\/uploads\/sites\/128\/2019\/05\/DSC_0053-1024x678.jpg 1024w, https:\/\/blog.uclm.es\/carlosacastillo\/wp-content\/uploads\/sites\/128\/2019\/05\/DSC_0053-768x509.jpg 768w, https:\/\/blog.uclm.es\/carlosacastillo\/wp-content\/uploads\/sites\/128\/2019\/05\/DSC_0053-1536x1017.jpg 1536w, https:\/\/blog.uclm.es\/carlosacastillo\/wp-content\/uploads\/sites\/128\/2019\/05\/DSC_0053-2048x1356.jpg 2048w\" sizes=\"auto, (max-width: 300px) 100vw, 300px\" \/><\/a>Master Universitario en Cuidados de Enfermer\u00eda de Larga Duranci\u00f3n. Asignaturas: Cuidados del Adulto 1 y 2, 14 alumnos.<\/p>\n<p>Tutorizaci\u00f3n de Trabajos Fin de Grado (3).<\/p>\n<ul>\n<li>Laura Diezma Mart\u00edn. Estudio del consumo de cafe\u00edna en estudiantes universitarios: la mol\u00e9cula del ying y el yang. Revisi\u00f3n bibliogr\u00e1fica<\/li>\n<li>Lorena Corral Ortega. Efecto del consumo combinado de alcohol y coca\u00edna en la expresi\u00f3n g\u00e9nica.<\/li>\n<li>Miguel Rodr\u00edguez Rodr\u00edguez. Sistemas de neurotransmisi\u00f3n tras el policonsumo de drogas en adolescencia.<\/li>\n<\/ul>\n<p><strong>Curso 2017-2018.<\/strong><\/p>\n<p>Bioqu\u00edmica (1er curso, 6 ECTS): 128 alumnos.<\/p>\n<p>Nutrici\u00f3n y Diet\u00e9tica (1er curso, 6 ECTS): 98 alumnos.<\/p>\n<ul>\n<li><a href=\"https:\/\/nutri17.wordpress.com\/\">Blog de la asignatura.<\/a><\/li>\n<\/ul>\n<p>Tutorizaci\u00f3n de Trabajos Fin de Grado (2).<\/p>\n<ul>\n<li>Alba Maganto Fraile: AN\u00c1LISIS DE LOS CONSEJOS NUTRICIONALES SOBRE LA SALUD CARDIOVASCULAR EN BASE A LA EVIDENCIA CIENT\u00cdFICA (Disponible <a href=\"https:\/\/ruidera.uclm.es\/xmlui\/handle\/10578\/18193\">aqu\u00ed<\/a>).<\/li>\n<li>Luc\u00eda Ortiz Olmedo: ESTUDIO DE LOS H\u00c1BITOS ALIMENTARIOS Y EL CONOCIMIENTO NUTRICIONAL EN RELACI\u00d3N CON LA SALUD DE LOS ESTUDIANTES.<\/li>\n<\/ul>\n<p><strong>Curso 2016-2017.<\/strong><\/p>\n<p>Bioqu\u00edmica (1er curso, 6 ECTS).<\/p>\n<p><a href=\"https:\/\/blog.uclm.es\/carlosacastillo\/wp-content\/uploads\/sites\/128\/2015\/08\/DSC_0083.jpg\"><img loading=\"lazy\" decoding=\"async\" class=\"size-medium wp-image-165 aligncenter\" src=\"https:\/\/blog.uclm.es\/carlosacastillo\/wp-content\/uploads\/sites\/128\/2015\/08\/DSC_0083-300x199.jpg\" alt=\"dsc_0083\" width=\"300\" height=\"199\" srcset=\"https:\/\/blog.uclm.es\/carlosacastillo\/wp-content\/uploads\/sites\/128\/2015\/08\/DSC_0083-300x199.jpg 300w, https:\/\/blog.uclm.es\/carlosacastillo\/wp-content\/uploads\/sites\/128\/2015\/08\/DSC_0083-1024x678.jpg 1024w, https:\/\/blog.uclm.es\/carlosacastillo\/wp-content\/uploads\/sites\/128\/2015\/08\/DSC_0083-768x509.jpg 768w, https:\/\/blog.uclm.es\/carlosacastillo\/wp-content\/uploads\/sites\/128\/2015\/08\/DSC_0083-1536x1017.jpg 1536w, https:\/\/blog.uclm.es\/carlosacastillo\/wp-content\/uploads\/sites\/128\/2015\/08\/DSC_0083-2048x1356.jpg 2048w\" sizes=\"auto, (max-width: 300px) 100vw, 300px\" \/><\/a>Nutrici\u00f3n y Diet\u00e9tica (1er y 2\u00ba curso, 6 ECTS).<\/p>\n<ul>\n<li><a href=\"https:\/\/nutri17.wordpress.com\/\">Blog de la asignatura.<\/a><\/li>\n<\/ul>\n<p><a href=\"https:\/\/blog.uclm.es\/carlosacastillo\/wp-content\/uploads\/sites\/128\/2015\/08\/Nutri16-17.jpg\"><img loading=\"lazy\" decoding=\"async\" class=\"aligncenter wp-image-196 size-medium\" src=\"https:\/\/blog.uclm.es\/carlosacastillo\/wp-content\/uploads\/sites\/128\/2015\/08\/Nutri16-17-300x200.jpg\" alt=\"\" width=\"300\" height=\"200\" srcset=\"https:\/\/blog.uclm.es\/carlosacastillo\/wp-content\/uploads\/sites\/128\/2015\/08\/Nutri16-17-300x200.jpg 300w, https:\/\/blog.uclm.es\/carlosacastillo\/wp-content\/uploads\/sites\/128\/2015\/08\/Nutri16-17-1024x683.jpg 1024w, https:\/\/blog.uclm.es\/carlosacastillo\/wp-content\/uploads\/sites\/128\/2015\/08\/Nutri16-17-768x512.jpg 768w, https:\/\/blog.uclm.es\/carlosacastillo\/wp-content\/uploads\/sites\/128\/2015\/08\/Nutri16-17-1536x1024.jpg 1536w, https:\/\/blog.uclm.es\/carlosacastillo\/wp-content\/uploads\/sites\/128\/2015\/08\/Nutri16-17-2048x1365.jpg 2048w\" sizes=\"auto, (max-width: 300px) 100vw, 300px\" \/><\/a>Tutorizaci\u00f3n de Trabajos Fin de Grado (4).<\/p>\n<ul>\n<li>ISOFLAVONAS PARA ALIVIAR LOS SOFOCOS Y EL INSOMNIO DURANTE LA MENOPAUSIA.<\/li>\n<li>CONSUMO DE SUPLEMENTOS NUTRICIONALES POR AFICIONADOS A LA PR\u00c1CTICA DEPORTIVA EN ESPA\u00d1A.<\/li>\n<li>INFLUENCIA DE LA PUBLICIDAD TELEVISIVA Y DEL MARKENTING EN EL H\u00c1BITO ALIMENTARIO Y LA SALUD DEL NI\u00d1O.<\/li>\n<li>BIOQU\u00cdMICA DE LA ADICCI\u00d3N A LOS GL\u00daCIDOS.<\/li>\n<\/ul>\n<p>Universidad de Mayores Jos\u00e9 Saramago (Nutrici\u00f3n).<\/p>\n<p><a href=\"https:\/\/blog.uclm.es\/carlosacastillo\/wp-content\/uploads\/sites\/128\/2015\/08\/DSC_0003.jpg\"><img loading=\"lazy\" decoding=\"async\" class=\"size-medium wp-image-209 aligncenter\" src=\"https:\/\/blog.uclm.es\/carlosacastillo\/wp-content\/uploads\/sites\/128\/2015\/08\/DSC_0003-300x199.jpg\" alt=\"\" width=\"300\" height=\"199\" \/><\/a><\/p>\n<p><strong>Curso 2015-2016.<\/strong><\/p>\n<p>Bioqu\u00edmica (1er curso, 6 ECTS).<\/p>\n<p><a href=\"https:\/\/blog.uclm.es\/carlosacastillo\/wp-content\/uploads\/sites\/128\/2015\/08\/DSC_0161.jpg\"><img loading=\"lazy\" decoding=\"async\" class=\"size-medium wp-image-69 aligncenter\" src=\"https:\/\/blog.uclm.es\/carlosacastillo\/wp-content\/uploads\/sites\/128\/2015\/08\/DSC_0161-300x199.jpg\" alt=\"Curso BIOQ 15_16\" width=\"300\" height=\"199\" srcset=\"https:\/\/blog.uclm.es\/carlosacastillo\/wp-content\/uploads\/sites\/128\/2015\/08\/DSC_0161-300x199.jpg 300w, https:\/\/blog.uclm.es\/carlosacastillo\/wp-content\/uploads\/sites\/128\/2015\/08\/DSC_0161-1024x678.jpg 1024w, https:\/\/blog.uclm.es\/carlosacastillo\/wp-content\/uploads\/sites\/128\/2015\/08\/DSC_0161-768x509.jpg 768w, https:\/\/blog.uclm.es\/carlosacastillo\/wp-content\/uploads\/sites\/128\/2015\/08\/DSC_0161-1536x1017.jpg 1536w, https:\/\/blog.uclm.es\/carlosacastillo\/wp-content\/uploads\/sites\/128\/2015\/08\/DSC_0161-2048x1356.jpg 2048w\" sizes=\"auto, (max-width: 300px) 100vw, 300px\" \/><\/a>Nutrici\u00f3n y Diet\u00e9tica (2\u00ba curso, 6 ECTS).<\/p>\n<p><a href=\"https:\/\/blog.uclm.es\/carlosacastillo\/wp-content\/uploads\/sites\/128\/2015\/08\/DSC_0004-copia.jpg\"><img loading=\"lazy\" decoding=\"async\" class=\"size-medium wp-image-72 aligncenter\" src=\"https:\/\/blog.uclm.es\/carlosacastillo\/wp-content\/uploads\/sites\/128\/2015\/08\/DSC_0004-copia-300x199.jpg\" alt=\"DSC_0004 copia\" width=\"300\" height=\"199\" srcset=\"https:\/\/blog.uclm.es\/carlosacastillo\/wp-content\/uploads\/sites\/128\/2015\/08\/DSC_0004-copia-300x199.jpg 300w, https:\/\/blog.uclm.es\/carlosacastillo\/wp-content\/uploads\/sites\/128\/2015\/08\/DSC_0004-copia-1024x678.jpg 1024w, https:\/\/blog.uclm.es\/carlosacastillo\/wp-content\/uploads\/sites\/128\/2015\/08\/DSC_0004-copia-768x509.jpg 768w, https:\/\/blog.uclm.es\/carlosacastillo\/wp-content\/uploads\/sites\/128\/2015\/08\/DSC_0004-copia-1536x1018.jpg 1536w, https:\/\/blog.uclm.es\/carlosacastillo\/wp-content\/uploads\/sites\/128\/2015\/08\/DSC_0004-copia-2048x1357.jpg 2048w\" sizes=\"auto, (max-width: 300px) 100vw, 300px\" \/><\/a>Tutorizaci\u00f3n de Trabajos Fin de Grado:<\/p>\n<ul>\n<li>AVANCES EN EL TRATAMIENTO DE LA DIABETES MELLITUS TIPO 2.<\/li>\n<li>EFECTIVIDAD DE LAS TECNOLOG\u00cdAS DE LA INFORMACI\u00d3N EN LOS CUIDADOS DE PACIENTES CON DIABETES.<\/li>\n<li>DIETA CETOG\u00c9NICA, POBLACI\u00d3N INFANTIL Y EPILEPSIA REFRACTARIA: M\u00c1S ALL\u00c1 DE LA REDUCCI\u00d3N DE CRISIS.<\/li>\n<li>EFECTOS DE LA ANTICOAGULACI\u00d3N ORAL DIRECTA FRENTE ANTAGONISTAS DE LA VITAMINA K EN PACIENTES CON FIBRILACI\u00d3N AURICULAR NO VALVULAR.<\/li>\n<li>EFECTOS ADVERSOS DERIVADOS DEL TRATAMIENTO CON ANSIOL\u00cdTICOS Y DESARROLLO DE NUEVOS COMPUESTOS.<\/li>\n<li>D\u00c9FICIT DE VITAMINA B12 Y EL USO DE METFORMINA EN PERSONAS CON DIABETES MELLITUS TIPO 2.<\/li>\n<li>BIOQU\u00cdMICA DE LA ADICCI\u00d3N A LA COCA\u00cdNA.<\/li>\n<li>LOS ALIMENTOS TRANSG\u00c9NICOS COMO UNA ALTERNATIVA AL TRATAMIENTO DE LA ENFERMEDAD CEL\u00cdACA.<\/li>\n<\/ul>\n<p><strong>Curso 2014-2015.<\/strong><\/p>\n<p>Bioqu\u00edmica (1er curso, 6 ECTS).<\/p>\n<p>Nutrici\u00f3n y Diet\u00e9tica (2\u00ba curso, 6 ECTS).<\/p>\n<p>Tutorizaci\u00f3n de Trabajos Fin de Grado.<\/p>\n<ul>\n<li>BENEFICIOS DE LA DIETA DE RESTRICCI\u00d3N CAL\u00d3RICA (RC) EN EL C\u00c1NCER.<\/li>\n<li>BENEFICIOS DE LOS SUPLEMENTOS DIET\u00c9TICOS DE HONGOS Y SETAS EN PACIENTES CON C\u00c1NCER.<\/li>\n<li>CREATINA Y EJERCICIO EN ANCIANOS CON SARCOPENIA. UNA REVISI\u00d3N NARRATIVA.<\/li>\n<li>EFECTIVIDAD DE LA ESTIMULACI\u00d3N VAGAL FRENTE A LA DIETA CETOG\u00c9NICA EN EPILEPSIA REFRACTARIA INFANTIL: UNA REVISI\u00d3N SISTEM\u00c1TICA.<\/li>\n<li>EFECTIVIDAD DE LA FITOTERAPIA COMO TRATAMIENTO COADYUVANTE DEL SOBREPESO Y LA OBESIDAD: REVISI\u00d3N NARRATIVA.<\/li>\n<li>EFECTOS SOBRE LA SALUD CARDIOVASCULAR DE LA DIETA VEGANA Y MEDITERR\u00c1NEA.<\/li>\n<li>EL CONSUMIDOR: \u00bfPROTEGIDO O INFLUENCIADO?<\/li>\n<li>EN EL FUTURO&#8230; \u00bfPROFESIONALES, CONSUMIDORES, CONSUMIDOS?<\/li>\n<li>LA GENISTE\u00cdNA Y LA DIAZTE\u00cdNA, \u00bfDISMINUYEN EL RIESGO DE C\u00c1NCER DE MAMA?<\/li>\n<li>MADRES VEGANAS Y SU EFECTO EN LA LACTANCIA MATERNA.<\/li>\n<li>NUEVAS FORMAS DE OBESIDAD EN EL SIGLO XXI.<\/li>\n<li>OBESIDAD INFANTIL: LA EPIDEMIA GLOBAL DEL SIGLO XXI.<\/li>\n<li>REVISI\u00d3N NARRATIVA SOBRE LA EFECTIVIDAD DE LA SACAROSA EN EL TRATAMIENTO DE LAS HERIDAS.<\/li>\n<li>SEROTONINA, MDMA Y DEPRESION. EN BUSCA DE LA NUEVA SOLUCI\u00d3N.<\/li>\n<li>USO TERAPE\u00daTICO DE LOS DERIVADOS CANNABINOIDES EN EL TRATAMIENTO DE ENFERMEDADES NEURODEGENERATIVAS.<\/li>\n<\/ul>\n<p>En cuanto tenga un rato pillo el DeLorean y\u00a0 viajo al pasado&#8230;<\/p>\n","protected":false},"excerpt":{"rendered":"<p>Curso 2019-2020. Bioqu\u00edmica (1er curso, 6 ECTS): 130 alumnos. Nutrici\u00f3n y Diet\u00e9tica (1er curso, 6 ECTS): 102 alumnos. Tutorizaci\u00f3n de Trabajos Fin de Grado (3). Beatriz L\u00f3pez Cobos. Efectividad de la e-Health y la m-Health en la reducci\u00f3n de peso. Una revisi\u00f3n narrativa. Manuel Pedrero Prieto. Sistemas de neurotransmisi\u00f3n tras el policonsumo de drogas en &hellip; <a href=\"https:\/\/blog.uclm.es\/carlosacastillo\/docencia-2\/\" class=\"more-link\">Seguir leyendo <span class=\"screen-reader-text\">Docencia<\/span> <span class=\"meta-nav\">&rarr;<\/span><\/a><\/p>\n","protected":false},"author":34,"featured_media":0,"parent":0,"menu_order":0,"comment_status":"closed","ping_status":"open","template":"","meta":{"footnotes":""},"class_list":["post-7","page","type-page","status-publish","hentry"],"_links":{"self":[{"href":"https:\/\/blog.uclm.es\/carlosacastillo\/wp-json\/wp\/v2\/pages\/7","targetHints":{"allow":["GET"]}}],"collection":[{"href":"https:\/\/blog.uclm.es\/carlosacastillo\/wp-json\/wp\/v2\/pages"}],"about":[{"href":"https:\/\/blog.uclm.es\/carlosacastillo\/wp-json\/wp\/v2\/types\/page"}],"author":[{"embeddable":true,"href":"https:\/\/blog.uclm.es\/carlosacastillo\/wp-json\/wp\/v2\/users\/34"}],"replies":[{"embeddable":true,"href":"https:\/\/blog.uclm.es\/carlosacastillo\/wp-json\/wp\/v2\/comments?post=7"}],"version-history":[{"count":0,"href":"https:\/\/blog.uclm.es\/carlosacastillo\/wp-json\/wp\/v2\/pages\/7\/revisions"}],"wp:attachment":[{"href":"https:\/\/blog.uclm.es\/carlosacastillo\/wp-json\/wp\/v2\/media?parent=7"}],"curies":[{"name":"wp","href":"https:\/\/api.w.org\/{rel}","templated":true}]}}