{"id":683,"date":"2022-12-23T11:53:29","date_gmt":"2022-12-23T10:53:29","guid":{"rendered":"https:\/\/blog.uclm.es\/carlosacastillo\/?page_id=683"},"modified":"2022-12-23T11:54:55","modified_gmt":"2022-12-23T10:54:55","slug":"publicaciones","status":"publish","type":"page","link":"https:\/\/blog.uclm.es\/carlosacastillo\/publicaciones\/","title":{"rendered":"Publicaciones"},"content":{"rendered":"\n<h4 class=\"wp-block-heading\">Food and Health: Relationships Between Technology and Social Sciences<\/h4>\n\n\n\n<p><a href=\"https:\/\/www.google.com\/url?q=https:\/\/blog.uclm.es\/carlosacastillo\/pubtype\/inproceedings\/&amp;source=gmail-html&amp;ust=1671878088993000&amp;usg=AOvVaw2VPaM2TEB8Gd30jz3JHLD1\" target=\"_blank\" rel=\"noreferrer noopener\">Proceedings<\/a><\/p>\n\n\n\n<p>Conde, David and Rivero, Borja and Mu\u00f1oz, Beatriz and Castillo, Carlos Alberto and Cipriano, Carmen and Mariano, Lorenzo<\/p>\n\n\n\n<p>In Gerontechnology, 2019<\/p>\n\n\n\n<p>Publication year: 2019<\/p>\n\n\n\n<p><a href=\"https:\/\/www.google.com\/url?q=http:\/\/doi.org\/10.18239\/atena.14.2019&amp;source=gmail-html&amp;ust=1671878088993000&amp;usg=AOvVaw140d6diOXfPGDF2JqMRZDq\" target=\"_blank\" rel=\"noreferrer noopener\"><\/a><\/p>\n\n\n\n<h4 class=\"wp-block-heading\">Entornos virtuales de aprendizaje: posibilidades y retos en el \u00e1mbito universitario<\/h4>\n\n\n\n<p><a href=\"https:\/\/www.google.com\/url?q=https:\/\/blog.uclm.es\/carlosacastillo\/pubtype\/book\/&amp;source=gmail-html&amp;ust=1671878088993000&amp;usg=AOvVaw2iR1c5VLc-DMFYkiTr51WY\" target=\"_blank\" rel=\"noreferrer noopener\">Libro<\/a><\/p>\n\n\n\n<p>Rodr\u00edguez-Mart\u00edn, Beatriz and Castillo, Carlos Alberto<\/p>\n\n\n\n<p>Ediciones de la Universidad de Castilla-La Mancha., 2019<\/p>\n\n\n\n<p>Publication year: 2019<\/p>\n\n\n\n<p><a href=\"https:\/\/www.google.com\/url?q=https:\/\/onlinelibrary.wiley.com\/doi\/abs\/10.1111\/adb.12706&amp;source=gmail-html&amp;ust=1671878088993000&amp;usg=AOvVaw1Opy1zRXs_bxtWu3rS9u5Z\" target=\"_blank\" rel=\"noreferrer noopener\"><\/a><\/p>\n\n\n\n<h4 class=\"wp-block-heading\">Central nucleus of the amygdala as a common substrate of the incubation of drug and natural reinforcer seeking<\/h4>\n\n\n\n<p><a href=\"https:\/\/www.google.com\/url?q=https:\/\/blog.uclm.es\/carlosacastillo\/pubtype\/article\/&amp;source=gmail-html&amp;ust=1671878088993000&amp;usg=AOvVaw1tPQ5UFbYTsIshDqlAynuO\" target=\"_blank\" rel=\"noreferrer noopener\">Art\u00edculo<\/a><\/p>\n\n\n\n<p>Roura-Mart\u00ednez, David and Ucha, Marcos and Orihuel, Javier and Ballesteros-Y\u00e1\u00f1ez, Inmaculada and Castillo, Carlos Alberto and Marcos, Alberto and Ambrosio, Emilio and Higuera-Matas, Alejandro<\/p>\n\n\n\n<p>Addiction Biology, 2019<\/p>\n\n\n\n<p>Publication year: 2019<\/p>\n\n\n\n<p><a href=\"https:\/\/www.google.com\/url?q=https:\/\/doi.org\/10.1186\/s41239-019-0161-2&amp;source=gmail-html&amp;ust=1671878088993000&amp;usg=AOvVaw10AQqKss2vuZme16HErF82\" target=\"_blank\" rel=\"noreferrer noopener\"><\/a><\/p>\n\n\n\n<h4 class=\"wp-block-heading\">Blogging as a tool for the acquisition and dissemination of knowledge in health sciences: a preliminary evaluation<\/h4>\n\n\n\n<p><a href=\"https:\/\/www.google.com\/url?q=https:\/\/blog.uclm.es\/carlosacastillo\/pubtype\/article\/&amp;source=gmail-html&amp;ust=1671878088993000&amp;usg=AOvVaw1tPQ5UFbYTsIshDqlAynuO\" target=\"_blank\" rel=\"noreferrer noopener\">Art\u00edculo<\/a><\/p>\n\n\n\n<p>Conde-Caballero, David and Castillo, Carlos Alberto and Ballesteros-Y\u00e1\u00f1ez, Inmaculada and Mariano-Ju\u00e1rez, Lorenzo<\/p>\n\n\n\n<p>International Journal of Educational Technology in Higher Education, 16(1): 15, 2019<\/p>\n\n\n\n<p>Publication year: 2019<\/p>\n\n\n\n<p><a href=\"https:\/\/www.google.com\/url?q=https:\/\/www.frontiersin.org\/articles\/10.3389\/fphar.2017.00985\/full&amp;source=gmail-html&amp;ust=1671878088993000&amp;usg=AOvVaw2nG06jLU9wgZB6MSrJLsWt\" target=\"_blank\" rel=\"noreferrer noopener\"><\/a><\/p>\n\n\n\n<h4 class=\"wp-block-heading\">The Role of Adenosine Receptors in Psychostimulant Addiction<\/h4>\n\n\n\n<p><a href=\"https:\/\/www.google.com\/url?q=https:\/\/blog.uclm.es\/carlosacastillo\/pubtype\/article\/&amp;source=gmail-html&amp;ust=1671878088993000&amp;usg=AOvVaw1tPQ5UFbYTsIshDqlAynuO\" target=\"_blank\" rel=\"noreferrer noopener\">Art\u00edculo<\/a><\/p>\n\n\n\n<p>Ballesteros-Y\u00e1\u00f1ez, Inmaculada and Castillo, Carlos Alberto and Merighi, Stefania and Gessi, Stefania<\/p>\n\n\n\n<p>Frontiers in Pharmacology, 8: 1\u201418, 2018<\/p>\n\n\n\n<p>Publication year: 2018<\/p>\n\n\n\n<p><a href=\"https:\/\/www.google.com\/url?q=http:\/\/editorialuoc.com\/comida-y-mundo-virtual&amp;source=gmail-html&amp;ust=1671878088993000&amp;usg=AOvVaw14wdmfj5RDzVk_Z3wkCDCY\" target=\"_blank\" rel=\"noreferrer noopener\"><\/a><\/p>\n\n\n\n<h4 class=\"wp-block-heading\">Representaciones sobre los hidratos de carbono en aficionados a la pr\u00e1ctica deportiva en redes sociales<\/h4>\n\n\n\n<p><a href=\"https:\/\/www.google.com\/url?q=https:\/\/blog.uclm.es\/carlosacastillo\/pubtype\/incollection\/&amp;source=gmail-html&amp;ust=1671878088993000&amp;usg=AOvVaw3W4DUKv9lNxNjug_D8c1_J\" target=\"_blank\" rel=\"noreferrer noopener\">Cap\u00edtulo de libro<\/a><\/p>\n\n\n\n<p>Rodr\u00edguez-Mart\u00edn, Beatriz and Castillo, Carlos Alberto<\/p>\n\n\n\n<p>Comida y mundo virtual. Internet, redes sociales y representaciones visuales, Editorial UOC: 356, 2017<\/p>\n\n\n\n<p>Publication year: 2017<\/p>\n\n\n\n<p><a href=\"https:\/\/www.google.com\/url?q=https:\/\/www.nutricionhospitalaria.org\/index.php\/articles\/00990\/show&amp;source=gmail-html&amp;ust=1671878088993000&amp;usg=AOvVaw3WsM0YeHuF973oID6zJPUZ\" target=\"_blank\" rel=\"noreferrer noopener\"><\/a><\/p>\n\n\n\n<h4 class=\"wp-block-heading\">Carbohydrates and sports practice: a Twitter virtual ethnography<\/h4>\n\n\n\n<p><a href=\"https:\/\/www.google.com\/url?q=https:\/\/blog.uclm.es\/carlosacastillo\/pubtype\/article\/&amp;source=gmail-html&amp;ust=1671878088993000&amp;usg=AOvVaw1tPQ5UFbYTsIshDqlAynuO\" target=\"_blank\" rel=\"noreferrer noopener\">Art\u00edculo<\/a><\/p>\n\n\n\n<p>Rodr\u00edguez-Mart\u00edn, Beatriz and Castillo, Carlos Alberto<\/p>\n\n\n\n<p>Nutricion Hospitalaria, 34(1): 144\u2014153, 2017<\/p>\n\n\n\n<p>Publication year: 2017<\/p>\n\n\n\n<p><a href=\"https:\/\/www.google.com\/url?q=https:\/\/library.iated.org\/view\/CASTILLO2015USE&amp;source=gmail-html&amp;ust=1671878088993000&amp;usg=AOvVaw0yDCmCvlf8Ynomy_AiIXg5\" target=\"_blank\" rel=\"noreferrer noopener\"><\/a><\/p>\n\n\n\n<h4 class=\"wp-block-heading\">The use of wikis as a tool to improve coaching in Final Degree Project: an experience in Higher Education<\/h4>\n\n\n\n<p><a href=\"https:\/\/www.google.com\/url?q=https:\/\/blog.uclm.es\/carlosacastillo\/pubtype\/inproceedings\/&amp;source=gmail-html&amp;ust=1671878088993000&amp;usg=AOvVaw2VPaM2TEB8Gd30jz3JHLD1\" target=\"_blank\" rel=\"noreferrer noopener\">Proceedings<\/a><\/p>\n\n\n\n<p>Castillo, Carlos Alberto and Rodr\u00edguez-Mart\u00edn, Beatriz<\/p>\n\n\n\n<p>In EDULEARN15 Proceedings, 2015<\/p>\n\n\n\n<p>Publication year: 2015<\/p>\n\n\n\n<p><a href=\"https:\/\/www.google.com\/url?q=http:\/\/onlinelibrary.wiley.com\/doi\/10.1002\/glia.22861\/abstract&amp;source=gmail-html&amp;ust=1671878088993000&amp;usg=AOvVaw0LVePOPy7hEW3odV3UVPXq\" target=\"_blank\" rel=\"noreferrer noopener\"><\/a><\/p>\n\n\n\n<h4 class=\"wp-block-heading\">A2A and A2B adenosine receptors affect HIF-1\u03b1 signaling in activated primary microglial cells<\/h4>\n\n\n\n<p><a href=\"https:\/\/www.google.com\/url?q=https:\/\/blog.uclm.es\/carlosacastillo\/pubtype\/article\/&amp;source=gmail-html&amp;ust=1671878088993000&amp;usg=AOvVaw1tPQ5UFbYTsIshDqlAynuO\" target=\"_blank\" rel=\"noreferrer noopener\">Art\u00edculo<\/a><\/p>\n\n\n\n<p>Merighi, Stefania and Borea, Pier Andrea and Stefanelli, Angela and Bencivenni, Serena and Castillo, Carlos Alberto and Varani, Katia and Gessi, Stefania<\/p>\n\n\n\n<p>Glia, 63(11): 1933\u20141952, 2015<\/p>\n\n\n\n<p>Publication year: 2015<\/p>\n\n\n\n<p><a href=\"https:\/\/www.google.com\/url?q=https:\/\/www.liebertpub.com\/doi\/10.1089\/jcr.2012.0011&amp;source=gmail-html&amp;ust=1671878088993000&amp;usg=AOvVaw2haTb-6D6ieAuoxYjwMh1q\" target=\"_blank\" rel=\"noreferrer noopener\"><\/a><\/p>\n\n\n\n<h4 class=\"wp-block-heading\">Differential Effect of Caffeine Consumption on Diverse Brain Areas of Pregnant Rats<\/h4>\n\n\n\n<p><a href=\"https:\/\/www.google.com\/url?q=https:\/\/blog.uclm.es\/carlosacastillo\/pubtype\/article\/&amp;source=gmail-html&amp;ust=1671878088993000&amp;usg=AOvVaw1tPQ5UFbYTsIshDqlAynuO\" target=\"_blank\" rel=\"noreferrer noopener\">Art\u00edculo<\/a><\/p>\n\n\n\n<p>Ballesteros-Y\u00e1\u00f1ez, Inmaculada and Castillo, Carlos Alberto and Amo-Salas, Mariano and Albasanz, Jos\u00e9 Luis and Mart\u00edn, Mairena<\/p>\n\n\n\n<p>Journal of Caffeine Research, 2(2): 90\u201498, 2012<\/p>\n\n\n\n<p>Publication year: 2012<\/p>\n\n\n\n<p><a href=\"https:\/\/www.google.com\/url?q=http:\/\/www.intechopen.com\/books\/the-clinical-spectrum-of-alzheimer-s-disease-the-charge-toward-comprehensive-diagnostic-and-therapeutic-strategies\/modulation-of-signal-transduction-pathways-in-senescence-accelerated-mice-p8-strain-a-useful-tool-fo&amp;source=gmail-html&amp;ust=1671878088993000&amp;usg=AOvVaw0bwIyE9W_L0v_WUYL0pjm9\" target=\"_blank\" rel=\"noreferrer noopener\"><\/a><\/p>\n\n\n\n<h4 class=\"wp-block-heading\">Modulation of Signal Transduction Pathways in Senescence-Accelerated Mice P8 Strain: A Useful Tool for Alzheimer\u2019s Disease Research<\/h4>\n\n\n\n<p><a href=\"https:\/\/www.google.com\/url?q=https:\/\/blog.uclm.es\/carlosacastillo\/pubtype\/incollection\/&amp;source=gmail-html&amp;ust=1671878088993000&amp;usg=AOvVaw3W4DUKv9lNxNjug_D8c1_J\" target=\"_blank\" rel=\"noreferrer noopener\">Cap\u00edtulo de libro<\/a><\/p>\n\n\n\n<p>Albasanz, J. L. and Castillo, Carlos Alberto and Barrachina, M and Ferrer, Isidre and Mart\u00edn, M<\/p>\n\n\n\n<p>The Clinical Spectrum of Alzheimer\u2019s Disease -The Charge Toward Comprehensive Diagnostic and Therapeutic Strategies, InTechOpen, 2011<\/p>\n\n\n\n<p>Publication year: 2011<\/p>\n\n\n\n<p><a href=\"https:\/\/www.google.com\/url?q=http:\/\/www.sciencedirect.com\/science\/article\/pii\/S0306452211011304&amp;source=gmail-html&amp;ust=1671878088993000&amp;usg=AOvVaw3zcijT_fNQrlqIfzkYIVqw\" target=\"_blank\" rel=\"noreferrer noopener\"><\/a><\/p>\n\n\n\n<h4 class=\"wp-block-heading\">Maternal glutamate intake during gestation and lactation regulates adenosine A1 and A2A receptors in rat brain from mothers and neonates<\/h4>\n\n\n\n<p><a href=\"https:\/\/www.google.com\/url?q=https:\/\/blog.uclm.es\/carlosacastillo\/pubtype\/article\/&amp;source=gmail-html&amp;ust=1671878088993000&amp;usg=AOvVaw1tPQ5UFbYTsIshDqlAynuO\" target=\"_blank\" rel=\"noreferrer noopener\">Art\u00edculo<\/a><\/p>\n\n\n\n<p>L\u00f3pez-Zapata, A. and Le\u00f3n, D. and Castillo, Carlos Alberto and Albasanz, J. L. and Mart\u00edn, M.<\/p>\n\n\n\n<p>Neuroscience, 199: 133\u2014142, 2011<\/p>\n\n\n\n<p>Publication year: 2011<\/p>\n\n\n\n<p><a href=\"https:\/\/www.google.com\/url?q=https:\/\/onlinelibrary.wiley.com\/doi\/abs\/10.1002\/jnr.22287&amp;source=gmail-html&amp;ust=1671878088993000&amp;usg=AOvVaw1xoizEFr-NazM9G_chwIrQ\" target=\"_blank\" rel=\"noreferrer noopener\"><\/a><\/p>\n\n\n\n<h4 class=\"wp-block-heading\">Maternal caffeine intake during gestation and lactation down-regulates adenosine A1 receptor in rat brain from mothers and neonates<\/h4>\n\n\n\n<p><a href=\"https:\/\/www.google.com\/url?q=https:\/\/blog.uclm.es\/carlosacastillo\/pubtype\/article\/&amp;source=gmail-html&amp;ust=1671878088993000&amp;usg=AOvVaw1tPQ5UFbYTsIshDqlAynuO\" target=\"_blank\" rel=\"noreferrer noopener\">Art\u00edculo<\/a><\/p>\n\n\n\n<p>Lorenzo, A. M. and Le\u00f3n, D. and Castillo, C. A. and Ruiz, M. A. and Albasanz, J. L. and Mart\u00edn, M.<\/p>\n\n\n\n<p>Journal of Neuroscience Research, 88(6): 1252\u20141261, 2010<\/p>\n\n\n\n<p>Publication year: 2010<\/p>\n\n\n\n<p><a href=\"https:\/\/www.google.com\/url?q=https:\/\/doi.org\/10.1007\/s11064-010-0154-y&amp;source=gmail-html&amp;ust=1671878088993000&amp;usg=AOvVaw3WxJBkC_DPOjg3v64vja9t\" target=\"_blank\" rel=\"noreferrer noopener\"><\/a><\/p>\n\n\n\n<h4 class=\"wp-block-heading\">Glutamate Differently Modulates Metabotropic Glutamate Receptors in Neuronal and Glial Cells<\/h4>\n\n\n\n<p><a href=\"https:\/\/www.google.com\/url?q=https:\/\/blog.uclm.es\/carlosacastillo\/pubtype\/article\/&amp;source=gmail-html&amp;ust=1671878088994000&amp;usg=AOvVaw2q6Kh_dv8clMoEkNyL3vJU\" target=\"_blank\" rel=\"noreferrer noopener\">Art\u00edculo<\/a><\/p>\n\n\n\n<p>Castillo, Carlos Alberto and Le\u00f3n, David Agust\u00edn and Ballesteros-Y\u00e1\u00f1ez, Inmaculada and Iglesias, Inmaculada and Mart\u00edn, Mairena and Albasanz, Jos\u00e9 Luis<\/p>\n\n\n\n<p>Neurochemical Research, 35(7): 1050\u20141063, 2010<\/p>\n\n\n\n<p>Publication year: 2010<\/p>\n\n\n\n<p><a href=\"https:\/\/www.google.com\/url?q=http:\/\/www.sciencedirect.com\/science\/article\/pii\/S0197018610001324&amp;source=gmail-html&amp;ust=1671878088994000&amp;usg=AOvVaw3e_pdjsXZY68XtmA5GGsqb\" target=\"_blank\" rel=\"noreferrer noopener\"><\/a><\/p>\n\n\n\n<h4 class=\"wp-block-heading\">Glutamate differently modulates excitatory and inhibitory adenosine receptors in neuronal and glial cells<\/h4>\n\n\n\n<p><a href=\"https:\/\/www.google.com\/url?q=https:\/\/blog.uclm.es\/carlosacastillo\/pubtype\/article\/&amp;source=gmail-html&amp;ust=1671878088994000&amp;usg=AOvVaw2q6Kh_dv8clMoEkNyL3vJU\" target=\"_blank\" rel=\"noreferrer noopener\">Art\u00edculo<\/a><\/p>\n\n\n\n<p>Castillo, Carlos Alberto and Le\u00f3n, David Agust\u00edn and Ballesteros-Y\u00e1\u00f1ez, Inmaculada and Albasanz, Jos\u00e9 Luis and Mart\u00edn, Mairena<\/p>\n\n\n\n<p>Neurochemistry International, 57(1): 33\u201442, 2010<\/p>\n\n\n\n<p>Publication year: 2010<\/p>\n\n\n\n<p><a href=\"https:\/\/www.google.com\/url?q=http:\/\/www.sciencedirect.com\/science\/article\/pii\/S0306452209010756&amp;source=gmail-html&amp;ust=1671878088994000&amp;usg=AOvVaw1CZQRuVySql52mUXHoLraZ\" target=\"_blank\" rel=\"noreferrer noopener\"><\/a><\/p>\n\n\n\n<h4 class=\"wp-block-heading\">Reduced expression and desensitization of adenosine A1 receptor\/adenylyl cyclase pathway after chronic (\u2212)N6-phenylisopropyladenosine intake during pregnancy<\/h4>\n\n\n\n<p><a href=\"https:\/\/www.google.com\/url?q=https:\/\/blog.uclm.es\/carlosacastillo\/pubtype\/article\/&amp;source=gmail-html&amp;ust=1671878088994000&amp;usg=AOvVaw2q6Kh_dv8clMoEkNyL3vJU\" target=\"_blank\" rel=\"noreferrer noopener\">Art\u00edculo<\/a><\/p>\n\n\n\n<p>Le\u00f3n, D. A. and Castillo, Carlos Alberto and Albasanz, J. L. and Mart\u00edn, M.<\/p>\n\n\n\n<p>Neuroscience, 163(2): 524\u2014532, 2009<\/p>\n\n\n\n<p>Publication year: 2009<\/p>\n\n\n\n<p><a href=\"https:\/\/www.google.com\/url?q=https:\/\/ruidera.uclm.es\/xmlui\/handle\/10578\/1006&amp;source=gmail-html&amp;ust=1671878088994000&amp;usg=AOvVaw2_3F1xOAb_gjPo6LS-7Vj6\" target=\"_blank\" rel=\"noreferrer noopener\"><\/a><\/p>\n\n\n\n<h4 class=\"wp-block-heading\">Mecanismos de regulaci\u00f3n de los receptores de adenosina y metabotropicos de glutamato en c\u00e9lulas neuronales y de glia. Implicacion en procesos de excitotoxicidad y muerte celular<\/h4>\n\n\n\n<p><a href=\"https:\/\/www.google.com\/url?q=https:\/\/blog.uclm.es\/carlosacastillo\/pubtype\/tesis\/&amp;source=gmail-html&amp;ust=1671878088994000&amp;usg=AOvVaw038VN0Eku1SatcCg3S1Z-5\" target=\"_blank\" rel=\"noreferrer noopener\">Tesis<\/a><\/p>\n\n\n\n<p>Castillo, Carlos Alberto<\/p>\n\n\n\n<p>Ediciones de la Universidad de Castilla-La Mancha, ISBN: 978-84-8427-711-8, 2009<\/p>\n\n\n\n<p>Publication year: 2009<\/p>\n\n\n\n<p><a href=\"https:\/\/www.google.com\/url?q=http:\/\/www.sciencedirect.com\/science\/article\/pii\/S0531556509000837&amp;source=gmail-html&amp;ust=1671878088994000&amp;usg=AOvVaw2GnrMv7oIS_4aeebAfJO2o\" target=\"_blank\" rel=\"noreferrer noopener\"><\/a><\/p>\n\n\n\n<h4 class=\"wp-block-heading\">Age-related expression of adenosine receptors in brain from the senescence-accelerated mouse<\/h4>\n\n\n\n<p><a href=\"https:\/\/www.google.com\/url?q=https:\/\/blog.uclm.es\/carlosacastillo\/pubtype\/article\/&amp;source=gmail-html&amp;ust=1671878088994000&amp;usg=AOvVaw2q6Kh_dv8clMoEkNyL3vJU\" target=\"_blank\" rel=\"noreferrer noopener\">Art\u00edculo<\/a><\/p>\n\n\n\n<p>Castillo, Carlos Alberto and Albasanz, J. L. and Le\u00f3n, D. and Jord\u00e1n, J. and Pall\u00e0s, M. and Camins, A. and Mart\u00edn, M.<\/p>\n\n\n\n<p>Experimental Gerontology, 44(6): 453\u2014461, 2009<\/p>\n\n\n\n<p>Publication year: 2009<\/p>\n\n\n\n<p><a href=\"https:\/\/www.google.com\/url?q=https:\/\/onlinelibrary.wiley.com\/doi\/full\/10.1111\/j.1471-4159.2008.05314.x&amp;source=gmail-html&amp;ust=1671878088994000&amp;usg=AOvVaw0x9mUD9IUX_t72SVyg5OKF\" target=\"_blank\" rel=\"noreferrer noopener\"><\/a><\/p>\n\n\n\n<h4 class=\"wp-block-heading\">Modulation of adenosine A1 and A2A receptors in C6 glioma cells during hypoxia: involvement of endogenous adenosine<\/h4>\n\n\n\n<p><a href=\"https:\/\/www.google.com\/url?q=https:\/\/blog.uclm.es\/carlosacastillo\/pubtype\/article\/&amp;source=gmail-html&amp;ust=1671878088994000&amp;usg=AOvVaw2q6Kh_dv8clMoEkNyL3vJU\" target=\"_blank\" rel=\"noreferrer noopener\">Art\u00edculo<\/a><\/p>\n\n\n\n<p>Castillo, Carlos Alberto and Le\u00f3n, David and Ruiz, Mar\u00eda Angeles and Albasanz, Jos\u00e9 Luis and Mart\u00edn, Mairena<\/p>\n\n\n\n<p>Journal of Neurochemistry, 105(6): 2315\u20142329, 2008<\/p>\n\n\n\n<p>Publication year: 2008<\/p>\n\n\n\n<p><a href=\"https:\/\/www.google.com\/url?q=https:\/\/onlinelibrary.wiley.com\/doi\/full\/10.1111\/j.1471-4159.2007.04998.x&amp;source=gmail-html&amp;ust=1671878088994000&amp;usg=AOvVaw3yAhiYT8XIEQTCA5MObdKk\" target=\"_blank\" rel=\"noreferrer noopener\"><\/a><\/p>\n\n\n\n<h4 class=\"wp-block-heading\">Effect of glutamate intake during gestation on adenosine A(1) receptor\/adenylyl cyclase pathway in both maternal and fetal rat brain<\/h4>\n\n\n\n<p><a href=\"https:\/\/www.google.com\/url?q=https:\/\/blog.uclm.es\/carlosacastillo\/pubtype\/article\/&amp;source=gmail-html&amp;ust=1671878088994000&amp;usg=AOvVaw2q6Kh_dv8clMoEkNyL3vJU\" target=\"_blank\" rel=\"noreferrer noopener\">Art\u00edculo<\/a><\/p>\n\n\n\n<p>Le\u00f3n, David and Albasanz, Jos\u00e9 Luis and Castillo, Carlos Alberto and Mart\u00edn, Mairena<\/p>\n\n\n\n<p>Journal of Neurochemistry, 104(2): 435\u2014445, 2008<\/p>\n\n\n\n<p>Publication year: 2008<\/p>\n\n\n\n<h4 class=\"wp-block-heading\">Effect of chronic gestational treatment with the adenosine A1 receptor agonist R-phenylisopropyladenosine on metabotropic glutamate receptors\/phospholipase C pathway in maternal and fetal brain<\/h4>\n\n\n\n<p><a href=\"https:\/\/www.google.com\/url?q=https:\/\/blog.uclm.es\/carlosacastillo\/pubtype\/article\/&amp;source=gmail-html&amp;ust=1671879186054000&amp;usg=AOvVaw1jlAFG311DumEnWrOafeI_\" target=\"_blank\" rel=\"noreferrer noopener\">Art\u00edculo<\/a><\/p>\n\n\n\n<p>Le\u00f3n, David A. and Albasanz, Jos\u00e9 L. and Castillo, Carlos Alberto and Iglesias, Inmaculada and Mart\u00edn, Mairena<\/p>\n\n\n\n<p>Journal of Neuroscience Research, 86(15): 3295\u20143305, 2008<\/p>\n\n\n\n<p>Publication year: 2008<\/p>\n\n\n\n<p><a href=\"https:\/\/www.google.com\/url?q=http:\/\/www.sciencedirect.com\/science\/article\/pii\/S0006899307000315&amp;source=gmail-html&amp;ust=1671879186054000&amp;usg=AOvVaw3rBcl7c8VYlL-AFvg2YsWK\" target=\"_blank\" rel=\"noreferrer noopener\"><\/a><\/p>\n\n\n\n<h4 class=\"wp-block-heading\">Metabotropic glutamate receptor\/phospholipase C system in female rat heart<\/h4>\n\n\n\n<p><a href=\"https:\/\/www.google.com\/url?q=https:\/\/blog.uclm.es\/carlosacastillo\/pubtype\/article\/&amp;source=gmail-html&amp;ust=1671879186054000&amp;usg=AOvVaw1jlAFG311DumEnWrOafeI_\" target=\"_blank\" rel=\"noreferrer noopener\">Art\u00edculo<\/a><\/p>\n\n\n\n<p>Iglesias, Inmaculada and Castillo, Carlos Alberto and Le\u00f3n, David and Ru\u00edz, Mar\u00eda \u00c1ngeles and Albasanz, Jos\u00e9 Lu\u00eds and Mart\u00edn, Mairena<\/p>\n\n\n\n<p>Brain Research, 1153: 1\u201411, 2007<\/p>\n\n\n\n<p>Publication year: 2007<\/p>\n\n\n\n<p><a href=\"https:\/\/www.google.com\/url?q=http:\/\/www.sciencedirect.com\/science\/article\/pii\/S0197018607000174&amp;source=gmail-html&amp;ust=1671879186054000&amp;usg=AOvVaw0xMv-Rr9cBkdmHzw5vL914\" target=\"_blank\" rel=\"noreferrer noopener\"><\/a><\/p>\n\n\n\n<h4 class=\"wp-block-heading\">Metabotropic glutamate receptor\/phospholipase C pathway is increased in rat brain at the end of pregnancy<\/h4>\n\n\n\n<p><a href=\"https:\/\/www.google.com\/url?q=https:\/\/blog.uclm.es\/carlosacastillo\/pubtype\/article\/&amp;source=gmail-html&amp;ust=1671879186054000&amp;usg=AOvVaw1jlAFG311DumEnWrOafeI_\" target=\"_blank\" rel=\"noreferrer noopener\">Art\u00edculo<\/a><\/p>\n\n\n\n<p>Le\u00f3n, D. and Castillo, Carlos Alberto and Ruiz, M. A. and Albasanz, J. L. and Mart\u00edn, M.<\/p>\n\n\n\n<p>Neurochemistry International, 50(5): 681\u2014688, 2007<\/p>\n\n\n\n<p>Publication year: 2007<\/p>\n\n\n\n<p><a href=\"https:\/\/www.google.com\/url?q=https:\/\/doi.org\/10.1007\/s11064-006-9273-x&amp;source=gmail-html&amp;ust=1671879186054000&amp;usg=AOvVaw141POi4fxkwm6wV-xXOx01\" target=\"_blank\" rel=\"noreferrer noopener\"><\/a><\/p>\n\n\n\n<h4 class=\"wp-block-heading\">Endogenous Expression of Adenosine A1, A2 and A3 Receptors in Rat C6 Glioma Cells<\/h4>\n\n\n\n<p><a href=\"https:\/\/www.google.com\/url?q=https:\/\/blog.uclm.es\/carlosacastillo\/pubtype\/article\/&amp;source=gmail-html&amp;ust=1671879186054000&amp;usg=AOvVaw1jlAFG311DumEnWrOafeI_\" target=\"_blank\" rel=\"noreferrer noopener\">Art\u00edculo<\/a><\/p>\n\n\n\n<p>Castillo, Carlos Alberto and Albasanz, Jos\u00e9 Lu\u00eds and Fern\u00e1ndez, Mercedes and Mart\u00edn, Mairena<\/p>\n\n\n\n<p>Neurochemical Research, 32(6): 1056\u20141070, 2007<\/p>\n\n\n\n<p>Publication year: 2007<\/p>\n","protected":false},"excerpt":{"rendered":"<p>Food and Health: Relationships Between Technology and Social Sciences Proceedings Conde, David and Rivero, Borja and Mu\u00f1oz, Beatriz and Castillo, Carlos Alberto and Cipriano, Carmen and Mariano, Lorenzo In Gerontechnology, 2019 Publication year: 2019 Entornos virtuales de aprendizaje: posibilidades y retos en el \u00e1mbito universitario Libro Rodr\u00edguez-Mart\u00edn, Beatriz and Castillo, Carlos Alberto Ediciones de la &hellip; <a href=\"https:\/\/blog.uclm.es\/carlosacastillo\/publicaciones\/\" class=\"more-link\">Seguir leyendo <span class=\"screen-reader-text\">Publicaciones<\/span> <span class=\"meta-nav\">&rarr;<\/span><\/a><\/p>\n","protected":false},"author":162,"featured_media":0,"parent":0,"menu_order":0,"comment_status":"closed","ping_status":"closed","template":"","meta":{"footnotes":""},"class_list":["post-683","page","type-page","status-publish","hentry"],"_links":{"self":[{"href":"https:\/\/blog.uclm.es\/carlosacastillo\/wp-json\/wp\/v2\/pages\/683","targetHints":{"allow":["GET"]}}],"collection":[{"href":"https:\/\/blog.uclm.es\/carlosacastillo\/wp-json\/wp\/v2\/pages"}],"about":[{"href":"https:\/\/blog.uclm.es\/carlosacastillo\/wp-json\/wp\/v2\/types\/page"}],"author":[{"embeddable":true,"href":"https:\/\/blog.uclm.es\/carlosacastillo\/wp-json\/wp\/v2\/users\/162"}],"replies":[{"embeddable":true,"href":"https:\/\/blog.uclm.es\/carlosacastillo\/wp-json\/wp\/v2\/comments?post=683"}],"version-history":[{"count":2,"href":"https:\/\/blog.uclm.es\/carlosacastillo\/wp-json\/wp\/v2\/pages\/683\/revisions"}],"predecessor-version":[{"id":686,"href":"https:\/\/blog.uclm.es\/carlosacastillo\/wp-json\/wp\/v2\/pages\/683\/revisions\/686"}],"wp:attachment":[{"href":"https:\/\/blog.uclm.es\/carlosacastillo\/wp-json\/wp\/v2\/media?parent=683"}],"curies":[{"name":"wp","href":"https:\/\/api.w.org\/{rel}","templated":true}]}}