{"id":660,"date":"2016-08-29T11:25:05","date_gmt":"2016-08-29T10:25:05","guid":{"rendered":"http:\/\/blog.uclm.es\/carlosacastillo\/?page_id=95"},"modified":"2016-08-29T11:25:05","modified_gmt":"2016-08-29T10:25:05","slug":"charlas-y-divulgacion","status":"publish","type":"page","link":"https:\/\/blog.uclm.es\/carlosacastillo\/charlas-y-divulgacion\/","title":{"rendered":"Charlas y Divulgaci\u00f3n"},"content":{"rendered":"<ul>\n<li><em>Ciencia b\u00e1sica como herramienta para desmontar mitos en alimentaci\u00f3n<\/em>. Facultad de Ciencias Ambientales y Bioqu\u00edmica, UCLM, 2018.<\/li>\n<li><em>\u00bfQu\u00e9 sabes (realmente) sobre alimentaci\u00f3n?<\/em> Feria de la Ciencia y la Salud &#8216;Zienziaburum 2018&#8217;, IES Consaburum, Consuegra, Toledo, 2018.<\/li>\n<li><em>Pseudociencia: regreso al pasado.<\/em> Caf\u00e9 Pub <em>Living Room<\/em>, Ciudad Real, <em>Pint of Science<\/em>, 2017. Dsiponible <a href=\"https:\/\/eldebioquimica.wordpress.com\/2017\/05\/18\/pseudociencia-regreso-al-pasado\/\">aqu\u00ed<\/a>.<\/li>\n<li><em>Neuromarketing y la libertad del consumidor<\/em>. Facultad de Terapia Ocupacional, Logopedia y Enfermer\u00eda. UCLM, 2017.<\/li>\n<li><em>Alimentaci\u00f3n, deporte y salud: Ciencia para dummies.<\/em> Facultad de Enfermer\u00eda y Terapia Ocupacional, UEx, 2016. Disponible <a href=\"https:\/\/eldebioquimica.wordpress.com\/2016\/11\/23\/ciencia-para-dummies\/\" target=\"_blank\" rel=\"noopener noreferrer\">aqu\u00ed<\/a>.<\/li>\n<li><em>Charla interactiva: \u00bfQu\u00e9 sabemos realmente sobre alimentaci\u00f3n y deporte?<\/em> Facultad de Terapia Ocupacional, Logopedia y Enfermer\u00eda, UCLM, 2016.<\/li>\n<li><em>Mitos en Nutrici\u00f3n y Envejecimiento: un enfoque pr\u00e1ctico.<\/em> Facultad de Terapia Ocupacional, Logopedia y Enfermer\u00eda, UCLM, 2015.<\/li>\n<li><em>Patentes farmac\u00e9uticas y monopolio de la salud.<\/em> Facultad de Enfermer\u00eda y Terapia Ocupacional, UEx, 2015.<\/li>\n<\/ul>\n","protected":false},"excerpt":{"rendered":"<p>Ciencia b\u00e1sica como herramienta para desmontar mitos en alimentaci\u00f3n. Facultad de Ciencias Ambientales y Bioqu\u00edmica, UCLM, 2018. \u00bfQu\u00e9 sabes (realmente) sobre alimentaci\u00f3n? Feria de la Ciencia y la Salud &#8216;Zienziaburum 2018&#8217;, IES Consaburum, Consuegra, Toledo, 2018. Pseudociencia: regreso al pasado. Caf\u00e9 Pub Living Room, Ciudad Real, Pint of Science, 2017. Dsiponible aqu\u00ed. Neuromarketing y la &hellip; <a href=\"https:\/\/blog.uclm.es\/carlosacastillo\/charlas-y-divulgacion\/\" class=\"more-link\">Seguir leyendo <span class=\"screen-reader-text\">Charlas y Divulgaci\u00f3n<\/span> <span class=\"meta-nav\">&rarr;<\/span><\/a><\/p>\n","protected":false},"author":34,"featured_media":0,"parent":0,"menu_order":0,"comment_status":"closed","ping_status":"closed","template":"","meta":{"footnotes":""},"class_list":["post-660","page","type-page","status-publish","hentry"],"_links":{"self":[{"href":"https:\/\/blog.uclm.es\/carlosacastillo\/wp-json\/wp\/v2\/pages\/660","targetHints":{"allow":["GET"]}}],"collection":[{"href":"https:\/\/blog.uclm.es\/carlosacastillo\/wp-json\/wp\/v2\/pages"}],"about":[{"href":"https:\/\/blog.uclm.es\/carlosacastillo\/wp-json\/wp\/v2\/types\/page"}],"author":[{"embeddable":true,"href":"https:\/\/blog.uclm.es\/carlosacastillo\/wp-json\/wp\/v2\/users\/34"}],"replies":[{"embeddable":true,"href":"https:\/\/blog.uclm.es\/carlosacastillo\/wp-json\/wp\/v2\/comments?post=660"}],"version-history":[{"count":0,"href":"https:\/\/blog.uclm.es\/carlosacastillo\/wp-json\/wp\/v2\/pages\/660\/revisions"}],"wp:attachment":[{"href":"https:\/\/blog.uclm.es\/carlosacastillo\/wp-json\/wp\/v2\/media?parent=660"}],"curies":[{"name":"wp","href":"https:\/\/api.w.org\/{rel}","templated":true}]}}