{"id":654,"date":"2015-10-15T21:37:47","date_gmt":"2015-10-15T20:37:47","guid":{"rendered":"http:\/\/blog.uclm.es\/carlosacastillo\/?page_id=54"},"modified":"2025-01-10T17:14:29","modified_gmt":"2025-01-10T16:14:29","slug":"presentacion","status":"publish","type":"page","link":"https:\/\/blog.uclm.es\/carlosacastillo\/","title":{"rendered":"Presentaci\u00f3n"},"content":{"rendered":"\n<p>Bienvenidos a este sitio en el que resumo mi formaci\u00f3n y experiencia en formato digital.<\/p>\n\n\n\n<p>Soy Licenciado en Bioqu\u00edmica por la Universidad Aut\u00f3noma de Madrid y Doctor en Ciencias Qu\u00edmicas por la Universidad de Castilla-La Mancha. Actualmente trabajo como profesor a tiempo completo en la Facultad de Fisioterapia y Enfermer\u00eda de la UCLM en el campus de Toledo, antes lo hice durante 7 cursos en la Facultad de Ciencias de la Salud de la UCLM en el campus de Talavera de la Reina. Adem\u00e1s, dirijo el grupo de investigaci\u00f3n multidisciplinar <a href=\"https:\/\/blog.uclm.es\/grupoemas\/\" data-type=\"link\" data-id=\"https:\/\/blog.uclm.es\/grupoemas\/\">eMAS <\/a>en la Facultad de Medicina de Ciudad Real.<\/p>\n\n\n<div class=\"wp-block-image\">\n<figure class=\"aligncenter size-full is-resized\"><img loading=\"lazy\" decoding=\"async\" width=\"661\" height=\"661\" src=\"https:\/\/blog.uclm.es\/carlosacastillo\/wp-content\/uploads\/sites\/128\/2015\/10\/IMG_20161222_171012_processed.jpg\" alt=\"\" class=\"wp-image-175\" style=\"width:344px;height:344px\" srcset=\"https:\/\/blog.uclm.es\/carlosacastillo\/wp-content\/uploads\/sites\/128\/2015\/10\/IMG_20161222_171012_processed.jpg 661w, https:\/\/blog.uclm.es\/carlosacastillo\/wp-content\/uploads\/sites\/128\/2015\/10\/IMG_20161222_171012_processed-300x300.jpg 300w, https:\/\/blog.uclm.es\/carlosacastillo\/wp-content\/uploads\/sites\/128\/2015\/10\/IMG_20161222_171012_processed-150x150.jpg 150w\" sizes=\"auto, (max-width: 661px) 100vw, 661px\" \/><\/figure>\n<\/div>","protected":false},"excerpt":{"rendered":"<p>Bienvenidos a este sitio en el que resumo mi formaci\u00f3n y experiencia en formato digital. Soy Licenciado en Bioqu\u00edmica por la Universidad Aut\u00f3noma de Madrid y Doctor en Ciencias Qu\u00edmicas por la Universidad de Castilla-La Mancha. Actualmente trabajo como profesor a tiempo completo en la Facultad de Fisioterapia y Enfermer\u00eda de la UCLM en el &hellip; <a href=\"https:\/\/blog.uclm.es\/carlosacastillo\/\" class=\"more-link\">Seguir leyendo <span class=\"screen-reader-text\">Presentaci\u00f3n<\/span> <span class=\"meta-nav\">&rarr;<\/span><\/a><\/p>\n","protected":false},"author":34,"featured_media":0,"parent":0,"menu_order":0,"comment_status":"closed","ping_status":"open","template":"","meta":{"footnotes":""},"class_list":["post-654","page","type-page","status-publish","hentry"],"_links":{"self":[{"href":"https:\/\/blog.uclm.es\/carlosacastillo\/wp-json\/wp\/v2\/pages\/654","targetHints":{"allow":["GET"]}}],"collection":[{"href":"https:\/\/blog.uclm.es\/carlosacastillo\/wp-json\/wp\/v2\/pages"}],"about":[{"href":"https:\/\/blog.uclm.es\/carlosacastillo\/wp-json\/wp\/v2\/types\/page"}],"author":[{"embeddable":true,"href":"https:\/\/blog.uclm.es\/carlosacastillo\/wp-json\/wp\/v2\/users\/34"}],"replies":[{"embeddable":true,"href":"https:\/\/blog.uclm.es\/carlosacastillo\/wp-json\/wp\/v2\/comments?post=654"}],"version-history":[{"count":3,"href":"https:\/\/blog.uclm.es\/carlosacastillo\/wp-json\/wp\/v2\/pages\/654\/revisions"}],"predecessor-version":[{"id":691,"href":"https:\/\/blog.uclm.es\/carlosacastillo\/wp-json\/wp\/v2\/pages\/654\/revisions\/691"}],"wp:attachment":[{"href":"https:\/\/blog.uclm.es\/carlosacastillo\/wp-json\/wp\/v2\/media?parent=654"}],"curies":[{"name":"wp","href":"https:\/\/api.w.org\/{rel}","templated":true}]}}