{"id":58,"date":"2015-10-16T11:09:03","date_gmt":"2015-10-16T10:09:03","guid":{"rendered":"http:\/\/blog.uclm.es\/carlosacastillo\/?page_id=58"},"modified":"2023-04-20T11:39:44","modified_gmt":"2023-04-20T10:39:44","slug":"cv-resumido","status":"publish","type":"page","link":"https:\/\/blog.uclm.es\/carlosacastillo\/cv-resumido\/","title":{"rendered":"CV resumido"},"content":{"rendered":"<p><strong>Titulaci\u00f3n Acad\u00e9mica<\/strong><\/p>\n<p>Licenciado en Bioqu\u00edmica (Universidad Aut\u00f3noma de Madrid, 2004)<br \/>\nDoctor en CC Qu\u00edmicas (Universidad de Castilla-La Mancha, 2009)<br \/>\nExperto en Docencia Universitaria (Universidad de Extremadura, 2011)<\/p>\n<p><strong>Situaci\u00f3n Actual<\/strong><\/p>\n<p>Profesor Titular (Universidad de Castilla-La Mancha, 2022-)<\/p>\n<p><strong>Breve biograf\u00eda<\/strong><\/p>\n<p>Carlos Alberto Castillo (Alc\u00e1zar de San Juan, Ciudad Real, 1981) es Doctor en Ciencias Qu\u00edmicas por la Universidad de Castilla-La Mancha (UCLM), Especialista en Docencia Universitaria por la Universidad de Extremadura y Licenciado en Bioqu\u00edmica por la Universidad Aut\u00f3noma de Madrid. Actualmente desarrolla su labor docente en la Facultad de Fisioterapia y Enfermer\u00eda de la UCLM en el campus de Toledo, habiendo impartido diferentes asignaturas dentro de los planes de estudio de Ingeniero T\u00e9cnico Agr\u00edcola, Ingeniero Industrial, Grado en Fisioterapia y, por supuesto, en el Grado en Enfermer\u00eda, y dirigido m\u00e1s de 50 Trabajos Fin de Grado. Adem\u00e1s, desde el curso 2013\/14 dedica parte de su tiempo como docente a la formaci\u00f3n del profesorado universitario impartiendo cursos para docentes tanto del plan propio de formaci\u00f3n de la UCLM como desde la oferta formativa del Grupo 9.<\/p>\n<p>A lo largo de su carrera investigadora ha visitado varios centros nacionales e internacionales y ha participado en varios proyectos competitivos relacionados con el papel que desempe\u00f1an algunos receptores acoplados a prote\u00ednas G (GPCR) en procesos neuropatol\u00f3gicos en modelos animales e <em>in vitro<\/em>. Todo ello ha dado lugar a la publicaci\u00f3n de trabajos cient\u00edficos en revistas especializadas indexadas. En la actualidad su investigaci\u00f3n est\u00e1 centrada en los efectos del consumo de drogas as\u00ed como en los h\u00e1bitos alimentarios de la poblaci\u00f3n, formando parte del grupo de investigaci\u00f3n eMAS (<a href=\"http:\/\/blog.uclm.es\/grupoemas\/\"><span style=\"text-decoration: underline\">E<\/span>studios <span style=\"text-decoration: underline\">M<\/span>oleculares <span style=\"text-decoration: underline\">A<\/span>plicados a las Ciencias de la <span style=\"text-decoration: underline\">S<\/span>alud<\/a>).<\/p>\n","protected":false},"excerpt":{"rendered":"<p>Titulaci\u00f3n Acad\u00e9mica Licenciado en Bioqu\u00edmica (Universidad Aut\u00f3noma de Madrid, 2004) Doctor en CC Qu\u00edmicas (Universidad de Castilla-La Mancha, 2009) Experto en Docencia Universitaria (Universidad de Extremadura, 2011) Situaci\u00f3n Actual Profesor Titular (Universidad de Castilla-La Mancha, 2022-) Breve biograf\u00eda Carlos Alberto Castillo (Alc\u00e1zar de San Juan, Ciudad Real, 1981) es Doctor en Ciencias Qu\u00edmicas por la &hellip; <a href=\"https:\/\/blog.uclm.es\/carlosacastillo\/cv-resumido\/\" class=\"more-link\">Seguir leyendo <span class=\"screen-reader-text\">CV resumido<\/span> <span class=\"meta-nav\">&rarr;<\/span><\/a><\/p>\n","protected":false},"author":34,"featured_media":0,"parent":0,"menu_order":0,"comment_status":"closed","ping_status":"open","template":"","meta":{"footnotes":""},"class_list":["post-58","page","type-page","status-publish","hentry"],"_links":{"self":[{"href":"https:\/\/blog.uclm.es\/carlosacastillo\/wp-json\/wp\/v2\/pages\/58","targetHints":{"allow":["GET"]}}],"collection":[{"href":"https:\/\/blog.uclm.es\/carlosacastillo\/wp-json\/wp\/v2\/pages"}],"about":[{"href":"https:\/\/blog.uclm.es\/carlosacastillo\/wp-json\/wp\/v2\/types\/page"}],"author":[{"embeddable":true,"href":"https:\/\/blog.uclm.es\/carlosacastillo\/wp-json\/wp\/v2\/users\/34"}],"replies":[{"embeddable":true,"href":"https:\/\/blog.uclm.es\/carlosacastillo\/wp-json\/wp\/v2\/comments?post=58"}],"version-history":[{"count":1,"href":"https:\/\/blog.uclm.es\/carlosacastillo\/wp-json\/wp\/v2\/pages\/58\/revisions"}],"predecessor-version":[{"id":688,"href":"https:\/\/blog.uclm.es\/carlosacastillo\/wp-json\/wp\/v2\/pages\/58\/revisions\/688"}],"wp:attachment":[{"href":"https:\/\/blog.uclm.es\/carlosacastillo\/wp-json\/wp\/v2\/media?parent=58"}],"curies":[{"name":"wp","href":"https:\/\/api.w.org\/{rel}","templated":true}]}}