{"id":97,"date":"2016-09-14T10:31:34","date_gmt":"2016-09-14T09:31:34","guid":{"rendered":"http:\/\/blog.uclm.es\/carcelforzados\/?page_id=97"},"modified":"2016-09-14T10:31:34","modified_gmt":"2016-09-14T09:31:34","slug":"alimento","status":"publish","type":"page","link":"https:\/\/blog.uclm.es\/carcelforzados\/crujia\/alimento\/","title":{"rendered":"Alimento y Vestuario"},"content":{"rendered":"<p style=\"text-align: justify\">ALIMENTO<\/p>\n<p style=\"text-align: justify\">Si hacen trabajos en el interior o en el exterior de la mina, reciben diariamente tres libras de pan, una de carne y dos cuartillos de vino. Algunos forzados llamados \u00abde comida menor\u00bb, ocupados en las herrer\u00edas, o en pesar la carne o hacer trabajos de la c\u00e1rcel, se les rebaja la raci\u00f3n en media libra de pan y medio cuartillo de vino. Esta misma \u00abcomida menor\u00bb se da a los esclavos forzados convalecientes y a aquellos otros que el m\u00e9dico aconseja algunos d\u00edas de descanso, por su exceso de cansancio. Los enfermos reciben una libra de pan, tres cuarterones (12 onzas) de carnero, tocino, especias y garbanzos, cuando el m\u00e9dico lo ordena, tambi\u00e9n bizcochos, pasas, almendras, huevos y otras cosas.\u00bb <em>Mando est\u00e9n bien cuidados los enfermos; que se les asista con todo lo que recetare el m\u00e9dico o cirujano, ya sea de comida o bebida, o ya sea lo que toca a medicina; sin escasear cosa alguna<\/em>\u00ab.<\/p>\n<p style=\"text-align: justify\">Para compensar las mermas del vino y carne al hacerse la distribuci\u00f3n por menor, se abonar\u00e1 al alcaide un cuartillo de vino por cada arroba, la raci\u00f3n de libra de carne de macho se dar\u00e1 a los forzados esclavos no enfermos, disminuida en la merma desperdicio de distribuci\u00f3n, mientras la otra mitad ser\u00e1 aplicada a celebrar las festividades de Nuestra Se\u00f1ora del Carmen y de San Miguel, venerados en la capilla c\u00e1rcel, para los entierros de los esclavos y forzados.<\/p>\n<p style=\"text-align: justify\">A estos entierros tambi\u00e9n ha de aplicarse el valor de los vestidos que llevan al ingresar en la c\u00e1rcel al morir o ser libertados, siempre que tengan las prendas m\u00e1s de dos meses de uso. Los no enfermos reciben los domingos en lugar de la libra de carne, su importe en dinero, con el que compran vituallas para la semana.<\/p>\n<p style=\"text-align: justify\">Es obligaci\u00f3n del veedor de la mina del Pozo y del alcaide de la c\u00e1rcel evitar que los esclavos forzados vendan o den el pan, vino, carne de sus raciones, pues deben consumirlo todo en su propio alimento. Dos d\u00edas al a\u00f1o se les da raci\u00f3n doble y descanso: Navidad y el d\u00eda de San Miguel.<\/p>\n<p style=\"text-align: justify\">\n<p><strong>VESTUARIO<\/strong><\/p>\n<p style=\"text-align: justify\">Los forzados deb\u00edan andar siempre rapados y si barba. Al llegar el forzado o esclavo a la c\u00e1rcel, recibe como vestido una casaquilla de pa\u00f1o colorado y calzones (en total tres varas de pa\u00f1o de la f\u00e1brica de Torremilano). Este terno se le renueva cada a\u00f1o. Tambi\u00e9n al ingresar, se les da una camisa y un par de zapatos, renov\u00e1ndoselos cada seis meses. Para dormir disponen de un jerg\u00f3n y una manta, todo de jerga, de cuatro varas cada pieza. Estas, los colchones, almohadas s\u00e1banas se reponen cuando por deterioro quedan in\u00fatiles. Si a la muerte o libertad del presidiario su vestido no hubiera sido usado m\u00e1s de dos meses, se le da a otro.<\/p>\n","protected":false},"excerpt":{"rendered":"<p>ALIMENTO Si hacen trabajos en el interior o en el exterior de la mina, reciben diariamente tres libras de pan, una de carne y dos cuartillos de vino. Algunos forzados llamados \u00abde comida menor\u00bb, ocupados en las herrer\u00edas, o en pesar la carne o hacer trabajos de la c\u00e1rcel, se les rebaja la raci\u00f3n en &hellip; <a href=\"https:\/\/blog.uclm.es\/carcelforzados\/crujia\/alimento\/\" class=\"more-link\">Seguir leyendo <span class=\"screen-reader-text\">Alimento y Vestuario<\/span> <span class=\"meta-nav\">&rarr;<\/span><\/a><\/p>\n","protected":false},"author":89,"featured_media":0,"parent":16,"menu_order":6,"comment_status":"closed","ping_status":"closed","template":"","meta":{"footnotes":""},"class_list":["post-97","page","type-page","status-publish","hentry"],"_links":{"self":[{"href":"https:\/\/blog.uclm.es\/carcelforzados\/wp-json\/wp\/v2\/pages\/97","targetHints":{"allow":["GET"]}}],"collection":[{"href":"https:\/\/blog.uclm.es\/carcelforzados\/wp-json\/wp\/v2\/pages"}],"about":[{"href":"https:\/\/blog.uclm.es\/carcelforzados\/wp-json\/wp\/v2\/types\/page"}],"author":[{"embeddable":true,"href":"https:\/\/blog.uclm.es\/carcelforzados\/wp-json\/wp\/v2\/users\/89"}],"replies":[{"embeddable":true,"href":"https:\/\/blog.uclm.es\/carcelforzados\/wp-json\/wp\/v2\/comments?post=97"}],"version-history":[{"count":0,"href":"https:\/\/blog.uclm.es\/carcelforzados\/wp-json\/wp\/v2\/pages\/97\/revisions"}],"up":[{"embeddable":true,"href":"https:\/\/blog.uclm.es\/carcelforzados\/wp-json\/wp\/v2\/pages\/16"}],"wp:attachment":[{"href":"https:\/\/blog.uclm.es\/carcelforzados\/wp-json\/wp\/v2\/media?parent=97"}],"curies":[{"name":"wp","href":"https:\/\/api.w.org\/{rel}","templated":true}]}}