{"id":94,"date":"2016-09-14T10:29:41","date_gmt":"2016-09-14T09:29:41","guid":{"rendered":"http:\/\/blog.uclm.es\/carcelforzados\/?page_id=94"},"modified":"2016-09-14T10:29:41","modified_gmt":"2016-09-14T09:29:41","slug":"trabajo","status":"publish","type":"page","link":"https:\/\/blog.uclm.es\/carcelforzados\/crujia\/trabajo\/","title":{"rendered":"Trabajo"},"content":{"rendered":"<p style=\"text-align: justify\">El trabajo que normalmente realizaban los presos era desaguar la mina, tarea que realizaban en lo profundo de ella porque all\u00ed se reun\u00edan las aguas que manaba de \u00e9sta.<\/p>\n<p style=\"text-align: justify\">Por el memorial del conde de Molina, enviado como visitador a la mina por Felipe IV, sabemos que en 1650 exist\u00edan diez tornos para sacar el agua, y en cada uno se necesitaban seis hombres, cuatro que los muevan, otro que llaman charquero para llenar la zaca del agua que suben los cuatro (que pesaba unos 130 kilos, teniendo en cuenta tambi\u00e9n el peso de las sogas y cadenas que la sustentaban), y un \u00abamainador\u00bb para desengancharla, todos ellos vigilados por sobrestantes. Los forzados trabajaban as\u00ed una \u00abd\u00faa\u00bb, que era de tres a cuatro horas y entraba otra d\u00faa con otra tanta gente a sucederlos, porque d\u00eda y noche no cesaba el desag\u00fce, trabaj\u00e1ndose incluso los d\u00edas de fiesta.<\/p>\n<p style=\"text-align: justify\">Cuando por cualquier causa no hab\u00eda el n\u00famero de trabajadores suficientes para servir los tornos, supl\u00edan los unos la falta de los otros, duplic\u00e1ndose las d\u00faas, a lo que llamaban \u00abtrampas\u00bb y \u00abtrastrampas\u00bb; ello era causa de que en bastantes ocasiones los obreros del desag\u00fce trabajaban durante seis, doce y a\u00fan dieciocho horas cada jornada. El Conde de Molina conclu\u00eda la parte de su informe dedicada al desag\u00fce se\u00f1alando que para tal trabajo \u00abson menesteres doscientos y cincuenta hombres por lo menos\u00bb. Por tanto, no debe extra\u00f1arnos que si el n\u00famero de esclavos y forzados que hab\u00eda regularmente en la mina rondaba el centenar, desde la direcci\u00f3n del establecimiento se estuviera siempre reclamando el env\u00edo de mayor n\u00famero de hombres \u00abno libres\u00bb para realizar unas funciones tan duras, no tanto por el riesgo de contraer alguna enfermedad derivada de los vapores del mercurio sino por la extraordinaria demanda de esfuerzo f\u00edsico exigida, que ning\u00fan trabajador libre quer\u00eda llevar a cabo.<\/p>\n<p style=\"text-align: justify\">Aparte de los hombres que se empleaban en el desag\u00fce, hab\u00eda otros dedicados al lavado de azogue en buitrones y a otras labores. Llamaban buitrones al cerco de destilaci\u00f3n, porque buitrones eran unos hornos de reverberaci\u00f3n, donde se coc\u00eda y fund\u00eda el metal. Estos se encontraban dentro de un cercado que comenzaron a llamar \u00abCerco de Buitrones\u00bb, y todav\u00eda hoy se le sigue llamando as\u00ed.<\/p>\n<p style=\"text-align: justify\">Aparte del trabajo en el desag\u00fce, los forzados se ocupaban tambi\u00e9n de cargar y descargar los hornos de azogue, donde se alcanzaban temperaturas de hasta 80 grados cent\u00edgrados, y de reunir \u00abtrecheando\u00bb y sacar hasta fuera de la mina, empujando pesados carros, el mineral que iban arrancando los dem\u00e1s operarios; a la villa s\u00f3lo podr\u00eda subir el que obtuviera expresa licencia del superintendente, los que iban a por el pan y alg\u00fan otro cuando fuese necesario salir para el servicio de la enfermer\u00eda.<\/p>\n<p style=\"text-align: justify\">Trabajaban unos en las herrer\u00edas, otros en el torno de la Hoya (Mina del Pozo), y en el interior de las minas, bien por motivos de urgencia o por escasez de trabajadores libres, pero singularmente realizaban aquellas tareas que los trabajadores libres se negaban a realizar. En el invierno se tiene m\u00e1s disponibilidad de mano de obra que en el resto del a\u00f1o, porque no encuentran f\u00e1cilmente ocupaci\u00f3n en otras partes, y es menor el riesgo de azogarse. En\u00a0esta \u00e9poca la vez que menos trabajadores hay en la mina, es de seiscientas personas; pero algunas veces se alcanza la cifra de mil doscientos excluidos esclavos y forzados. Adem\u00e1s de dichos trabajadores exist\u00edan cuarenta forzados que da S.M. y ochenta y ocho esclavos comprados por los F\u00facares.<\/p>\n<p style=\"text-align: justify\">La casi totalidad de los esclavos eran moros, negros, mulatos o berberiscos. Muchos llegaban a la mina ya bautizados, otros se bautizaban en Almad\u00e9n y bastantes prefer\u00edan permanecer musulmanes. A los que mor\u00edan cristianos se les daba sepultura en la iglesia Parroquial. Los que fallec\u00edan musulmanes eran arrojados a la mineta.<\/p>\n","protected":false},"excerpt":{"rendered":"<p>El trabajo que normalmente realizaban los presos era desaguar la mina, tarea que realizaban en lo profundo de ella porque all\u00ed se reun\u00edan las aguas que manaba de \u00e9sta. Por el memorial del conde de Molina, enviado como visitador a la mina por Felipe IV, sabemos que en 1650 exist\u00edan diez tornos para sacar el &hellip; <a href=\"https:\/\/blog.uclm.es\/carcelforzados\/crujia\/trabajo\/\" class=\"more-link\">Seguir leyendo <span class=\"screen-reader-text\">Trabajo<\/span> <span class=\"meta-nav\">&rarr;<\/span><\/a><\/p>\n","protected":false},"author":89,"featured_media":0,"parent":16,"menu_order":5,"comment_status":"closed","ping_status":"closed","template":"","meta":{"footnotes":""},"class_list":["post-94","page","type-page","status-publish","hentry"],"_links":{"self":[{"href":"https:\/\/blog.uclm.es\/carcelforzados\/wp-json\/wp\/v2\/pages\/94","targetHints":{"allow":["GET"]}}],"collection":[{"href":"https:\/\/blog.uclm.es\/carcelforzados\/wp-json\/wp\/v2\/pages"}],"about":[{"href":"https:\/\/blog.uclm.es\/carcelforzados\/wp-json\/wp\/v2\/types\/page"}],"author":[{"embeddable":true,"href":"https:\/\/blog.uclm.es\/carcelforzados\/wp-json\/wp\/v2\/users\/89"}],"replies":[{"embeddable":true,"href":"https:\/\/blog.uclm.es\/carcelforzados\/wp-json\/wp\/v2\/comments?post=94"}],"version-history":[{"count":0,"href":"https:\/\/blog.uclm.es\/carcelforzados\/wp-json\/wp\/v2\/pages\/94\/revisions"}],"up":[{"embeddable":true,"href":"https:\/\/blog.uclm.es\/carcelforzados\/wp-json\/wp\/v2\/pages\/16"}],"wp:attachment":[{"href":"https:\/\/blog.uclm.es\/carcelforzados\/wp-json\/wp\/v2\/media?parent=94"}],"curies":[{"name":"wp","href":"https:\/\/api.w.org\/{rel}","templated":true}]}}