{"id":91,"date":"2016-09-14T10:28:04","date_gmt":"2016-09-14T09:28:04","guid":{"rendered":"http:\/\/blog.uclm.es\/carcelforzados\/?page_id=91"},"modified":"2016-09-14T10:28:04","modified_gmt":"2016-09-14T09:28:04","slug":"alcaide-y-sotoalcaide","status":"publish","type":"page","link":"https:\/\/blog.uclm.es\/carcelforzados\/crujia\/alcaide-y-sotoalcaide\/","title":{"rendered":"Alcaide y Sotoalcaide"},"content":{"rendered":"<p><strong>ALCAIDE <\/strong><\/p>\n<p style=\"text-align: justify\">El Alcaide es responsable del cuidado de los forzados y esclavos, su manutenci\u00f3n y cura cuando est\u00e1n enfermos. El alcaide ha de dar fianza de 500 ducados, rendir cuentas anualmente y relaciones juradas mensuales de lo que se consuma. Debe ser persona de buena conciencia, procurar siempre el alivio de los forzados esclavos; sobre todo cuando caen enfermos.<\/p>\n<p style=\"text-align: justify\">\u00c9l se hace cargo de todos los reos que se remiten a la c\u00e1rcel y de los esclavos que se compran. Todos los d\u00edas por la ma\u00f1ana entrega los reos al roncador, para que entren a trabajar en la mina. Con intervenci\u00f3n del contador, se la hace entrega de los alimentos, vestuario de c\u00e1rcel y enfermer\u00eda; \u00e9l los distribuye, interviniendo el veedor de la mina del Pozo. Tambi\u00e9n est\u00e1 obligado a asistir diariamente, en presencia de dicho veedor, a la entrega de las raciones de comida y cena.<\/p>\n<p>&nbsp;<\/p>\n<p><strong>SOTOALCAIDE<\/strong><\/p>\n<p>El sotoalcaide es el ayudante del alcaide. Tiene en su poder las llaves para abrir y cerrar las puertas de la c\u00e1rcel. Asiste con el alcaide a hacer las visitas de noche. Habita inmediato a la c\u00e1rcel y ha de estar siempre dispuesto para abrir cerrar, de d\u00eda y de noche. Ayudar\u00e1 al alcaide en todo lo que sea necesario.<\/p>\n<p style=\"text-align: justify\">En 1658 Juan del Corro, natural de Chill\u00f3n y sotoalcaide de la prisi\u00f3n de forzados, fue condenado a dos a\u00f1os de servicios personales en la mina y al pago de seiscientos maraved\u00edes por la fuga de Cosme L\u00f3pez \u00abel mozo\u00bb que estaba a su cuidado cuando se fug\u00f3 (A.H.N. Minas de Almad\u00e9n, leg. 960). En anotaciones al margen de varios expedientes de forzados aparecen referencias a estos \u00abprocesos\u00bb contra Alcaides de la c\u00e1rcel por las fugas sucedidas; a veces se trata de una \u00abvaloraci\u00f3n\u00bb de su responsabilidad al final de su mandato,<\/p>\n<p style=\"text-align: justify\">de la que, salvo raras excepciones como la se\u00f1alada, suelen salir bien parados.<\/p>\n<p style=\"text-align: justify\">Cuando hay fuga de estos presidiarios es responsable el alcaide si se produce en la c\u00e1rcel, pero si es dentro de las minas, lo son los mayordomos y los almijareros que cuidan de las puertas. Si se fugan de alguna de las dependencias exteriores, responder\u00e1 el oficial a quien se hubieran entregador los reos.<\/p>\n<p style=\"text-align: justify\">El roncador es un hombre libre. De manos del alcaide recibe diariamente los forzados y esclavos ensartados en una cadena de hierro, cerrada con candado despu\u00e9s de haberla pasado por las sortijas de la cadena que ten\u00eda cada uno. Y los lleva a una u otra mina. Cuida de que trabajen y no se distraigan. Era designado sin formal nombramiento ni juramento, por consider\u00e1rsele como un trabajador jornalero, al que no se le pagaba el d\u00eda que no asist\u00eda ni trabajaba. Sin embargo, la Superintendencia General de Azogues aclar\u00f3, en 1737, que no era jornalero. Aquel mismo a\u00f1o fue preciso dividir los reclusos entre ambas minas. Lo que trajo consigo el nombramiento de un ayudante de roncador.<\/p>\n<p style=\"text-align: justify\">Los mayordomos y los almijareros, cuidaban las puertas, y eran los responsables de las fugas que se produc\u00edan dentro de las mismas.<\/p>\n<p style=\"text-align: justify\">El contador y el veedor de la mina del pozo, junto con el alcaide, eran los encargados de entregar los alimentos y estaban obligados a asistir diariamente a la entrega de las raciones de comida y cena.<\/p>\n<p style=\"text-align: justify\">El portero, estaba al cuidado de la puerta de la mina, que permanec\u00eda cerrada de noche.<\/p>\n","protected":false},"excerpt":{"rendered":"<p>ALCAIDE El Alcaide es responsable del cuidado de los forzados y esclavos, su manutenci\u00f3n y cura cuando est\u00e1n enfermos. El alcaide ha de dar fianza de 500 ducados, rendir cuentas anualmente y relaciones juradas mensuales de lo que se consuma. Debe ser persona de buena conciencia, procurar siempre el alivio de los forzados esclavos; sobre &hellip; <a href=\"https:\/\/blog.uclm.es\/carcelforzados\/crujia\/alcaide-y-sotoalcaide\/\" class=\"more-link\">Seguir leyendo <span class=\"screen-reader-text\">Alcaide y Sotoalcaide<\/span> <span class=\"meta-nav\">&rarr;<\/span><\/a><\/p>\n","protected":false},"author":89,"featured_media":0,"parent":16,"menu_order":4,"comment_status":"closed","ping_status":"closed","template":"","meta":{"footnotes":""},"class_list":["post-91","page","type-page","status-publish","hentry"],"_links":{"self":[{"href":"https:\/\/blog.uclm.es\/carcelforzados\/wp-json\/wp\/v2\/pages\/91","targetHints":{"allow":["GET"]}}],"collection":[{"href":"https:\/\/blog.uclm.es\/carcelforzados\/wp-json\/wp\/v2\/pages"}],"about":[{"href":"https:\/\/blog.uclm.es\/carcelforzados\/wp-json\/wp\/v2\/types\/page"}],"author":[{"embeddable":true,"href":"https:\/\/blog.uclm.es\/carcelforzados\/wp-json\/wp\/v2\/users\/89"}],"replies":[{"embeddable":true,"href":"https:\/\/blog.uclm.es\/carcelforzados\/wp-json\/wp\/v2\/comments?post=91"}],"version-history":[{"count":0,"href":"https:\/\/blog.uclm.es\/carcelforzados\/wp-json\/wp\/v2\/pages\/91\/revisions"}],"up":[{"embeddable":true,"href":"https:\/\/blog.uclm.es\/carcelforzados\/wp-json\/wp\/v2\/pages\/16"}],"wp:attachment":[{"href":"https:\/\/blog.uclm.es\/carcelforzados\/wp-json\/wp\/v2\/media?parent=91"}],"curies":[{"name":"wp","href":"https:\/\/api.w.org\/{rel}","templated":true}]}}