{"id":88,"date":"2016-09-14T10:26:28","date_gmt":"2016-09-14T09:26:28","guid":{"rendered":"http:\/\/blog.uclm.es\/carcelforzados\/?page_id=88"},"modified":"2016-09-14T10:26:28","modified_gmt":"2016-09-14T09:26:28","slug":"capilla","status":"publish","type":"page","link":"https:\/\/blog.uclm.es\/carcelforzados\/crujia\/capilla\/","title":{"rendered":"Capilla"},"content":{"rendered":"<p style=\"text-align: justify\">La capilla, la construye Mateo Nagelio un a\u00f1o despu\u00e9s de construir la galer\u00eda,\u00a0en 1645.<\/p>\n<p style=\"text-align: justify\">En la capilla en la que dice misa los d\u00edas de fiesta un capell\u00e1n nombrado por el superintendente. Este eclesi\u00e1stico dice misa a hora conveniente para que los forzados puedan asistir al trabajo con puntualidad. Los domingos de Cuaresma les predica un religioso del Convento de Chill\u00f3n, que recibe por este trabajo 2 fanegas de trigo al a\u00f1o.<\/p>\n<figure id=\"attachment_162\" aria-describedby=\"caption-attachment-162\" style=\"width: 393px\" class=\"wp-caption aligncenter\"><img loading=\"lazy\" decoding=\"async\" class=\" wp-image-162\" src=\"https:\/\/blog.uclm.es\/carcelforzados\/wp-content\/uploads\/sites\/178\/2016\/09\/SanMiguel-300x100.jpg\" alt=\"Capilla San Miguel. Estado actual\" width=\"393\" height=\"131\" srcset=\"https:\/\/blog.uclm.es\/carcelforzados\/wp-content\/uploads\/sites\/178\/2016\/09\/SanMiguel-300x100.jpg 300w, https:\/\/blog.uclm.es\/carcelforzados\/wp-content\/uploads\/sites\/178\/2016\/09\/SanMiguel-768x256.jpg 768w, https:\/\/blog.uclm.es\/carcelforzados\/wp-content\/uploads\/sites\/178\/2016\/09\/SanMiguel.jpg 800w\" sizes=\"auto, (max-width: 393px) 100vw, 393px\" \/><figcaption id=\"caption-attachment-162\" class=\"wp-caption-text\">Capilla San Miguel. Estado actual<\/figcaption><\/figure>\n<p style=\"text-align: justify\">Cuando necesitan los santos sacramentos, se los administra el cura de la parroquia. Para ayudarles a bien morir, viene un religioso del citado Convento tan pronto como el m\u00e9dico lo dispone. Por estos servicios se entregan otras seis fanegas de trigo cada a\u00f1o.<\/p>\n","protected":false},"excerpt":{"rendered":"<p>La capilla, la construye Mateo Nagelio un a\u00f1o despu\u00e9s de construir la galer\u00eda,\u00a0en 1645. En la capilla en la que dice misa los d\u00edas de fiesta un capell\u00e1n nombrado por el superintendente. Este eclesi\u00e1stico dice misa a hora conveniente para que los forzados puedan asistir al trabajo con puntualidad. Los domingos de Cuaresma les predica &hellip; <a href=\"https:\/\/blog.uclm.es\/carcelforzados\/crujia\/capilla\/\" class=\"more-link\">Seguir leyendo <span class=\"screen-reader-text\">Capilla<\/span> <span class=\"meta-nav\">&rarr;<\/span><\/a><\/p>\n","protected":false},"author":89,"featured_media":0,"parent":16,"menu_order":3,"comment_status":"closed","ping_status":"closed","template":"","meta":{"footnotes":""},"class_list":["post-88","page","type-page","status-publish","hentry"],"_links":{"self":[{"href":"https:\/\/blog.uclm.es\/carcelforzados\/wp-json\/wp\/v2\/pages\/88","targetHints":{"allow":["GET"]}}],"collection":[{"href":"https:\/\/blog.uclm.es\/carcelforzados\/wp-json\/wp\/v2\/pages"}],"about":[{"href":"https:\/\/blog.uclm.es\/carcelforzados\/wp-json\/wp\/v2\/types\/page"}],"author":[{"embeddable":true,"href":"https:\/\/blog.uclm.es\/carcelforzados\/wp-json\/wp\/v2\/users\/89"}],"replies":[{"embeddable":true,"href":"https:\/\/blog.uclm.es\/carcelforzados\/wp-json\/wp\/v2\/comments?post=88"}],"version-history":[{"count":0,"href":"https:\/\/blog.uclm.es\/carcelforzados\/wp-json\/wp\/v2\/pages\/88\/revisions"}],"up":[{"embeddable":true,"href":"https:\/\/blog.uclm.es\/carcelforzados\/wp-json\/wp\/v2\/pages\/16"}],"wp:attachment":[{"href":"https:\/\/blog.uclm.es\/carcelforzados\/wp-json\/wp\/v2\/media?parent=88"}],"curies":[{"name":"wp","href":"https:\/\/api.w.org\/{rel}","templated":true}]}}