{"id":82,"date":"2016-09-14T10:24:16","date_gmt":"2016-09-14T09:24:16","guid":{"rendered":"http:\/\/blog.uclm.es\/carcelforzados\/?page_id=82"},"modified":"2016-09-14T10:24:16","modified_gmt":"2016-09-14T09:24:16","slug":"descripcion-de-la-carcel","status":"publish","type":"page","link":"https:\/\/blog.uclm.es\/carcelforzados\/crujia\/descripcion-de-la-carcel\/","title":{"rendered":"Descripci\u00f3n de la c\u00e1rcel"},"content":{"rendered":"<p style=\"text-align: justify\">La c\u00e1rcel estaba situada al sur de Almad\u00e9n. Estaba formada por dos naves, dividida cada una por ocho postes de ladrillos arqueados en que cargaban las maderas del techo. A lo largo de estas naves corr\u00eda, por ambos laterales, un poyo de m\u00e1s de una tercia de alto. Sobre \u00e9l hac\u00edan sus camas los presidiarios, a los que, una vez acostados, se ensartaban en una larga y gruesa cadena para mayor seguridad. Se encontraba dentro de un recinto murado, con un patio espacioso, y en el centro una cisterna sostenida por once arcos, con una bajada c\u00f3moda y cerrada, como su boca principal, con fuertes rejas. Al Este de la C\u00e1rcel, y adherida a ella, est\u00e1 la iglesia parroquial de San Miguel Arc\u00e1ngel, cuyo altar mayor se ve por una grande y espesa celos\u00eda de hierro, desde la que asisten a misa los detenidos en los d\u00edas de fiesta.<\/p>\n<p style=\"text-align: justify\">Entre los dos edificios contiguos y la muralla que los circunda, hay un espacio de 6 a 7 metros en todo el per\u00edmetro; y en su lado Norte existen casas habitadas, cuarteles para la guarnici\u00f3n reducida a 40 o 50 guardias.<\/p>\n<p style=\"text-align: justify\">En 1644 Mateo Naguelio construy\u00f3 una galer\u00eda que comunicaba la c\u00e1rcel con la Mina del Pozo y se pretend\u00eda evitar las fugas, pues los presos pasaban a la mina desde la c\u00e1rcel sin salir al exterior. A esta galer\u00eda la llamaban \u00abcruj\u00eda\u00bb, que era el paso que hab\u00eda en las galeras y comunicaba el barco de popa a proa.<\/p>\n","protected":false},"excerpt":{"rendered":"<p>La c\u00e1rcel estaba situada al sur de Almad\u00e9n. Estaba formada por dos naves, dividida cada una por ocho postes de ladrillos arqueados en que cargaban las maderas del techo. A lo largo de estas naves corr\u00eda, por ambos laterales, un poyo de m\u00e1s de una tercia de alto. Sobre \u00e9l hac\u00edan sus camas los presidiarios, &hellip; <a href=\"https:\/\/blog.uclm.es\/carcelforzados\/crujia\/descripcion-de-la-carcel\/\" class=\"more-link\">Seguir leyendo <span class=\"screen-reader-text\">Descripci\u00f3n de la c\u00e1rcel<\/span> <span class=\"meta-nav\">&rarr;<\/span><\/a><\/p>\n","protected":false},"author":89,"featured_media":0,"parent":16,"menu_order":1,"comment_status":"closed","ping_status":"closed","template":"","meta":{"footnotes":""},"class_list":["post-82","page","type-page","status-publish","hentry"],"_links":{"self":[{"href":"https:\/\/blog.uclm.es\/carcelforzados\/wp-json\/wp\/v2\/pages\/82","targetHints":{"allow":["GET"]}}],"collection":[{"href":"https:\/\/blog.uclm.es\/carcelforzados\/wp-json\/wp\/v2\/pages"}],"about":[{"href":"https:\/\/blog.uclm.es\/carcelforzados\/wp-json\/wp\/v2\/types\/page"}],"author":[{"embeddable":true,"href":"https:\/\/blog.uclm.es\/carcelforzados\/wp-json\/wp\/v2\/users\/89"}],"replies":[{"embeddable":true,"href":"https:\/\/blog.uclm.es\/carcelforzados\/wp-json\/wp\/v2\/comments?post=82"}],"version-history":[{"count":0,"href":"https:\/\/blog.uclm.es\/carcelforzados\/wp-json\/wp\/v2\/pages\/82\/revisions"}],"up":[{"embeddable":true,"href":"https:\/\/blog.uclm.es\/carcelforzados\/wp-json\/wp\/v2\/pages\/16"}],"wp:attachment":[{"href":"https:\/\/blog.uclm.es\/carcelforzados\/wp-json\/wp\/v2\/media?parent=82"}],"curies":[{"name":"wp","href":"https:\/\/api.w.org\/{rel}","templated":true}]}}