{"id":79,"date":"2016-09-14T10:22:22","date_gmt":"2016-09-14T09:22:22","guid":{"rendered":"http:\/\/blog.uclm.es\/carcelforzados\/?page_id=79"},"modified":"2023-03-27T11:43:16","modified_gmt":"2023-03-27T11:43:16","slug":"las-minas-en-manos-de-la-hacienda","status":"publish","type":"page","link":"https:\/\/blog.uclm.es\/carcelforzados\/historia-de-las-minas\/las-minas-en-manos-de-la-hacienda\/","title":{"rendered":"Las Minas en manos de la Hacienda"},"content":{"rendered":"<p style=\"text-align: justify\">Tras largo periodo de explotaci\u00f3n por los F\u00facares, nombre con que se conoc\u00edan popularmente los Fugger, la mina qued\u00f3 en mal estado, favoreciendo el hundimiento y la imposibilidad de explotar de forma rentable los tajos.<\/p>\n<p style=\"text-align: justify\">Para solventar estos problemas se puso al frente de la Mina al Conde de Molina, que acometi\u00f3 la restauraci\u00f3n de las labores.<\/p>\n<p style=\"text-align: justify\">En 1699 se hab\u00edan descubierto tres nuevas minas. Dos de ellas La Mina del Castillo y la del Pozo se encontraban en el t\u00e9rmino de Almad\u00e9n y la tercera, Mina de la Concepci\u00f3n, se descubre en Almadenejos.<\/p>\n<p style=\"text-align: justify\">Tras la recuperaci\u00f3n de la producci\u00f3n con la puesta en marcha de las nuevas minas, se produce una de las mayores cat\u00e1strofes de estas minas, el 7 de enero de 1755, a las 8 de la tarde comienza el mayor incendio de la historia de las minas de Almad\u00e9n \u00abque no fueron capaces de apagar las insistentes rogativas novenas de quienes confiaron m\u00e1s en la fuerza del Todopoderoso que en los medios materiales para apagar el fuego\u00bb.<\/p>\n<p style=\"text-align: justify\">El incendio que dur\u00f3 mas de dos a\u00f1os, permiti\u00f3 a su vez intensificar otras labores como la de la mina de Almadenejos, la construcci\u00f3n de la muralla que rodea esta poblaci\u00f3n, entre 1756 y 1759.<\/p>\n<p style=\"text-align: justify\">En cierto modo este incendio provoc\u00f3 algunos cambios tanto en la forma de trabajar como de pensar:<\/p>\n<p style=\"text-align: justify\">\u00abHasta entonces no hab\u00eda penetrado en aquellos laberintos la luz de la inteligencia del acierto, necesario fue para esto, el voraz incendio de que durante dos a\u00f1os fue presa la Contramina.<\/p>\n<p style=\"text-align: justify\">La inundaci\u00f3n de las labores y los numerosos hundimientos que naturalmente debieron originarse despu\u00e9s de la destrucci\u00f3n de las entibaciones, fueron las consecuencias inevitables de este incendio, que deb\u00eda de cerrarnos para siempre las puertas de aquellos subterr\u00e1neos. El escrutinio de la Ciencia no podr\u00e1 jam\u00e1s examinar aquel mont\u00f3n de escombros y cenizas, verdadera necr\u00f3polis donde yace sepultada la historia de dos siglos\u00bb.<\/p>\n<p style=\"text-align: justify\">Una consecuencia de todo esto ser\u00eda la prohibici\u00f3n de entibar definitivamente con madera, siendo obligatoria la construcci\u00f3n de b\u00f3vedas de ladrillo o mamposter\u00eda, intensific\u00e1ndose la fortificaci\u00f3n de las minas.<\/p>\n<p style=\"text-align: justify\">Se introducen algunas modificaciones en los sistemas de achique y surgen, junto a los tornos, las bombas aspirantes manuales, muy primitivas, tal como refleja Agust\u00edn de Betancourt en sus Memorias.<\/p>\n<p style=\"text-align: justify\">Para intentar suplir la falta de personal cualificado, manda crear Carlos III, en 1777, la Escuela de Minas de Almad\u00e9n, dirigida por el superintendente Storr.<\/p>\n<p style=\"text-align: justify\">En 1779 Pedro S\u00e1nchez Aparicio descubre la mina Nueva Concepci\u00f3n en Almadenejos, localiz\u00e1ndose en 1794 un fil\u00f3n de gran riqueza a unas 30 varas de profundidad.<\/p>\n<p style=\"text-align: justify\">En 1799 se construyen los Pozos de San Teodoro y San Aquilino. A la vez se instala la m\u00e1quina de vapor para efectuar el desag\u00fce.<\/p>\n<p style=\"text-align: justify\">En 1803 es nombrado director D. Diego de Larra\u00f1aga, que establece su famoso sistema de explotaci\u00f3n, sustituyendo la entibaci\u00f3n de madera por mamposter\u00eda.<\/p>\n<p style=\"text-align: justify\">Durante las guerras carlistas, Almad\u00e9n sufre algunas acometidas y su producci\u00f3n se ve moment\u00e1neamente interrumpida, retom\u00e1ndose su producci\u00f3n una vez restaurado el orden.<\/p>\n<p style=\"text-align: justify\">El 4 de julio de 1825 por R.D. las Minas de Almad\u00e9n pasan a formar parte de la Direcci\u00f3n General de Minas<\/p>\n<p style=\"text-align: justify\">El 7 de Junio de 1834 se firma el contrato de arriendo con los Rothschild, y durante su vigencia se produjeron diversos acontecimientos de firmas y restricciones modificaciones hasta que el 23 de Diciembre de 1918 se crea el Consejo de Administraci\u00f3n de las Minas de Almad\u00e9n y Arrayanes, expirando el contrato con los Rothschild el 31 de Diciembre de 1921.<\/p>\n<p style=\"text-align: justify\">En 1954 se implantan los actuales hornos Pacific y el m\u00e9todo de explotaci\u00f3n de Corte y Relleno, que permite la recuperaci\u00f3n total de la masa mineralizada. Como la ley del mineral desciende en profundidad, las plantas de la mina de Almad\u00e9n, que distaban 25 m. una de otra, pasa a estar a 50 metros a partir de la planta 15.<\/p>\n<p style=\"text-align: justify\">En la d\u00e9cada de 1970 comienza la crisis del mercurio. El efecto inmediato es la mecanizaci\u00f3n de la mina para reducir mano de obra.<\/p>\n<p style=\"text-align: justify\">En el siglo XX, el Pozo de San Aquilino llega hasta la planta 9, pero antes del accidente de 1955 llegaba a la 14. En este accidente murieron al bajar por el pozo dos trabajadores.<\/p>\n<p style=\"text-align: justify\">El Pozo de San Joaqu\u00edn posee una profundidad de 675 metros. La \u00faltima planta abierta es la 23 y en proyecto est\u00e1 la 25. Actualmente todos los pozos est\u00e1n sellados ante el cierre en la actividad minera.<\/p>\n<p style=\"text-align: justify\">El Pozo de San Teodoro o Pozo Maestro, fue el principal de la mina hasta 1975, en que fue sustituido por San Joaqu\u00edn como pozo de extracci\u00f3n. Tiene 19 plantas y unos 500 metros. En 1991 todav\u00eda daba servicio, pero como se ha dicho anteriormente, en la actualidad se ha paralizado toda actividad.<\/p>\n<p style=\"text-align: justify\">El Pozo San Miguel, s\u00f3lo funciona como pozo de ventilaci\u00f3n aspirante y dispone de dos visibles chimeneas exteriores. Tiene 19 plantas y no est\u00e1 dotado de enganches<\/p>\n","protected":false},"excerpt":{"rendered":"<p>Tras largo periodo de explotaci\u00f3n por los F\u00facares, nombre con que se conoc\u00edan popularmente los Fugger, la mina qued\u00f3 en mal estado, favoreciendo el hundimiento y la imposibilidad de explotar de forma rentable los tajos. Para solventar estos problemas se puso al frente de la Mina al Conde de Molina, que acometi\u00f3 la restauraci\u00f3n de &hellip; <a href=\"https:\/\/blog.uclm.es\/carcelforzados\/historia-de-las-minas\/las-minas-en-manos-de-la-hacienda\/\" class=\"more-link\">Seguir leyendo <span class=\"screen-reader-text\">Las Minas en manos de la Hacienda<\/span> <span class=\"meta-nav\">&rarr;<\/span><\/a><\/p>\n","protected":false},"author":89,"featured_media":0,"parent":14,"menu_order":5,"comment_status":"closed","ping_status":"closed","template":"","meta":{"footnotes":""},"class_list":["post-79","page","type-page","status-publish","hentry"],"_links":{"self":[{"href":"https:\/\/blog.uclm.es\/carcelforzados\/wp-json\/wp\/v2\/pages\/79","targetHints":{"allow":["GET"]}}],"collection":[{"href":"https:\/\/blog.uclm.es\/carcelforzados\/wp-json\/wp\/v2\/pages"}],"about":[{"href":"https:\/\/blog.uclm.es\/carcelforzados\/wp-json\/wp\/v2\/types\/page"}],"author":[{"embeddable":true,"href":"https:\/\/blog.uclm.es\/carcelforzados\/wp-json\/wp\/v2\/users\/89"}],"replies":[{"embeddable":true,"href":"https:\/\/blog.uclm.es\/carcelforzados\/wp-json\/wp\/v2\/comments?post=79"}],"version-history":[{"count":2,"href":"https:\/\/blog.uclm.es\/carcelforzados\/wp-json\/wp\/v2\/pages\/79\/revisions"}],"predecessor-version":[{"id":249,"href":"https:\/\/blog.uclm.es\/carcelforzados\/wp-json\/wp\/v2\/pages\/79\/revisions\/249"}],"up":[{"embeddable":true,"href":"https:\/\/blog.uclm.es\/carcelforzados\/wp-json\/wp\/v2\/pages\/14"}],"wp:attachment":[{"href":"https:\/\/blog.uclm.es\/carcelforzados\/wp-json\/wp\/v2\/media?parent=79"}],"curies":[{"name":"wp","href":"https:\/\/api.w.org\/{rel}","templated":true}]}}