{"id":75,"date":"2016-09-14T10:19:36","date_gmt":"2016-09-14T09:19:36","guid":{"rendered":"http:\/\/blog.uclm.es\/carcelforzados\/?page_id=75"},"modified":"2016-09-14T10:19:36","modified_gmt":"2016-09-14T09:19:36","slug":"la-epoca-de-los-fugger","status":"publish","type":"page","link":"https:\/\/blog.uclm.es\/carcelforzados\/historia-de-las-minas\/la-epoca-de-los-fugger\/","title":{"rendered":"La \u00e9poca de los Fugger"},"content":{"rendered":"<p style=\"text-align: justify\">En Abril de 1523, Carlos V no hab\u00eda devuelto los cr\u00e9ditos que le permitieron conseguir la Corona Imperial que ascend\u00edan a 198.121 ducados 308 maraved\u00edes, abonados por los Fuggers.<\/p>\n<p style=\"text-align: justify\">Con el fin de amortizar esta deuda, se entrega en arriendo las Minas de Almad\u00e9n a Antonio Fugger en el a\u00f1o 1525.<\/p>\n<p style=\"text-align: justify\">Tras sucesivos contratos y avatares entre los que se cuenta arriendos provisionales a otros postores y casi 120 a\u00f1os de presencia alemana, las Minas dejan de ser explotadas por los Fugger el 31 de Diciembre de 1645.<\/p>\n<figure id=\"attachment_150\" aria-describedby=\"caption-attachment-150\" style=\"width: 411px\" class=\"wp-caption aligncenter\"><img loading=\"lazy\" decoding=\"async\" class=\" wp-image-150\" src=\"https:\/\/blog.uclm.es\/carcelforzados\/wp-content\/uploads\/sites\/178\/2016\/09\/FamiliaFugger-300x258.jpg\" alt=\"Algunos de los miembros de la familia Fugger\" width=\"411\" height=\"353\" srcset=\"https:\/\/blog.uclm.es\/carcelforzados\/wp-content\/uploads\/sites\/178\/2016\/09\/FamiliaFugger-300x258.jpg 300w, https:\/\/blog.uclm.es\/carcelforzados\/wp-content\/uploads\/sites\/178\/2016\/09\/FamiliaFugger.jpg 680w\" sizes=\"auto, (max-width: 411px) 100vw, 411px\" \/><figcaption id=\"caption-attachment-150\" class=\"wp-caption-text\">Algunos de los miembros de la familia Fugger<\/figcaption><\/figure>\n","protected":false},"excerpt":{"rendered":"<p>En Abril de 1523, Carlos V no hab\u00eda devuelto los cr\u00e9ditos que le permitieron conseguir la Corona Imperial que ascend\u00edan a 198.121 ducados 308 maraved\u00edes, abonados por los Fuggers. Con el fin de amortizar esta deuda, se entrega en arriendo las Minas de Almad\u00e9n a Antonio Fugger en el a\u00f1o 1525. Tras sucesivos contratos y &hellip; <a href=\"https:\/\/blog.uclm.es\/carcelforzados\/historia-de-las-minas\/la-epoca-de-los-fugger\/\" class=\"more-link\">Seguir leyendo <span class=\"screen-reader-text\">La \u00e9poca de los Fugger<\/span> <span class=\"meta-nav\">&rarr;<\/span><\/a><\/p>\n","protected":false},"author":89,"featured_media":0,"parent":14,"menu_order":4,"comment_status":"closed","ping_status":"closed","template":"","meta":{"footnotes":""},"class_list":["post-75","page","type-page","status-publish","hentry"],"_links":{"self":[{"href":"https:\/\/blog.uclm.es\/carcelforzados\/wp-json\/wp\/v2\/pages\/75","targetHints":{"allow":["GET"]}}],"collection":[{"href":"https:\/\/blog.uclm.es\/carcelforzados\/wp-json\/wp\/v2\/pages"}],"about":[{"href":"https:\/\/blog.uclm.es\/carcelforzados\/wp-json\/wp\/v2\/types\/page"}],"author":[{"embeddable":true,"href":"https:\/\/blog.uclm.es\/carcelforzados\/wp-json\/wp\/v2\/users\/89"}],"replies":[{"embeddable":true,"href":"https:\/\/blog.uclm.es\/carcelforzados\/wp-json\/wp\/v2\/comments?post=75"}],"version-history":[{"count":0,"href":"https:\/\/blog.uclm.es\/carcelforzados\/wp-json\/wp\/v2\/pages\/75\/revisions"}],"up":[{"embeddable":true,"href":"https:\/\/blog.uclm.es\/carcelforzados\/wp-json\/wp\/v2\/pages\/14"}],"wp:attachment":[{"href":"https:\/\/blog.uclm.es\/carcelforzados\/wp-json\/wp\/v2\/media?parent=75"}],"curies":[{"name":"wp","href":"https:\/\/api.w.org\/{rel}","templated":true}]}}