{"id":73,"date":"2016-09-14T10:18:16","date_gmt":"2016-09-14T09:18:16","guid":{"rendered":"http:\/\/blog.uclm.es\/carcelforzados\/?page_id=73"},"modified":"2016-09-14T10:18:16","modified_gmt":"2016-09-14T09:18:16","slug":"la-reconquista","status":"publish","type":"page","link":"https:\/\/blog.uclm.es\/carcelforzados\/historia-de-las-minas\/la-reconquista\/","title":{"rendered":"La Reconquista"},"content":{"rendered":"<p style=\"text-align: justify\">En 1168 el rey Alfonso VIII entreg\u00f3, de la villa de Chill\u00f3n con sus almadenes, una mitad a la Orden de Calatrava y otra a los condes Don Nu\u00f1o de Lara y su mujer Do\u00f1a Teresa, en recompensa por los servicios prestados a la Corona.<\/p>\n<figure id=\"attachment_148\" aria-describedby=\"caption-attachment-148\" style=\"width: 261px\" class=\"wp-caption aligncenter\"><img loading=\"lazy\" decoding=\"async\" class=\" wp-image-148\" src=\"https:\/\/blog.uclm.es\/carcelforzados\/wp-content\/uploads\/sites\/178\/2016\/09\/Alfonso-VIII-el-de-las-Navas-210x300.jpg\" alt=\"Alfonso VIII\" width=\"261\" height=\"372\" \/><figcaption id=\"caption-attachment-148\" class=\"wp-caption-text\">Alfonso VIII<\/figcaption><\/figure>\n<p style=\"text-align: justify\">Tras la batalla de las Navas de Tolosa en el a\u00f1o 1212, Fernando III, derrota definitivamente a las tropas musulmanas, con la ayuda de las \u00f3rdenes milatares. Como pago a los servicios prestados se le concede a la Orden de Calatrava \u201cla mitad de la mina de azogue de Chill\u00f3n, llamada vulgarmente Almad\u00e9n\u201d. La otra mitad de la mina es para el Rey.<\/p>\n<p style=\"text-align: justify\">Al llegar al trono Alfonso X, en 1282 le concede a la Orden de Calatrava la otra mitad de la mina.<\/p>\n<p style=\"text-align: justify\">Conseguida la totalidad de la mina, la Orden solicita prebenda para fabricar comerciar bermell\u00f3n, producto muy buscado por los mercaderes y exportarlo fuera de sus reinos. En 1308 consigui\u00f3 de Fernando IV que se le concediera el monopolio de la venta del mercurio a la Orden a su valedor, el maestre Don Garci L\u00f3pez.<\/p>\n<figure id=\"attachment_166\" aria-describedby=\"caption-attachment-166\" style=\"width: 336px\" class=\"wp-caption aligncenter\"><img loading=\"lazy\" decoding=\"async\" class=\" wp-image-166\" src=\"https:\/\/blog.uclm.es\/carcelforzados\/wp-content\/uploads\/sites\/178\/2016\/09\/mi0091-286x300.jpg\" alt=\"L\u00e1mina De Re Metallica de Georgius Agricola\" width=\"336\" height=\"352\" srcset=\"https:\/\/blog.uclm.es\/carcelforzados\/wp-content\/uploads\/sites\/178\/2016\/09\/mi0091-286x300.jpg 286w, https:\/\/blog.uclm.es\/carcelforzados\/wp-content\/uploads\/sites\/178\/2016\/09\/mi0091-768x805.jpg 768w, https:\/\/blog.uclm.es\/carcelforzados\/wp-content\/uploads\/sites\/178\/2016\/09\/mi0091.jpg 800w\" sizes=\"auto, (max-width: 336px) 100vw, 336px\" \/><figcaption id=\"caption-attachment-166\" class=\"wp-caption-text\">L\u00e1mina De Re Metallica de Georgius Agricola<\/figcaption><\/figure>\n<p style=\"text-align: justify\">Durante los primeros a\u00f1os fue la propia Orden la que explot\u00f3 las minas comercializ\u00f3 sus productos, pero al poco tiempo comenz\u00f3 arrendando la venta del azogue a particulares posteriormente la explotaci\u00f3n en su totalidad.<\/p>\n<p style=\"text-align: justify\">Sin embargo en 1503, los reyes deciden sustituir el r\u00e9gimen de alquiler mantenido por la Orden por una administraci\u00f3n directa, delegada en gobernadores, siendo D. Luis Xuares, vecino de Toledo el primer gobernador desde esta fecha hasta 1506, con la misi\u00f3n de extraer el metal dem\u00e1s productos realizar las reparaciones necesarias para la adecuada explotaci\u00f3n de la mina.<\/p>\n","protected":false},"excerpt":{"rendered":"<p>En 1168 el rey Alfonso VIII entreg\u00f3, de la villa de Chill\u00f3n con sus almadenes, una mitad a la Orden de Calatrava y otra a los condes Don Nu\u00f1o de Lara y su mujer Do\u00f1a Teresa, en recompensa por los servicios prestados a la Corona. Tras la batalla de las Navas de Tolosa en el &hellip; <a href=\"https:\/\/blog.uclm.es\/carcelforzados\/historia-de-las-minas\/la-reconquista\/\" class=\"more-link\">Seguir leyendo <span class=\"screen-reader-text\">La Reconquista<\/span> <span class=\"meta-nav\">&rarr;<\/span><\/a><\/p>\n","protected":false},"author":89,"featured_media":0,"parent":14,"menu_order":3,"comment_status":"closed","ping_status":"closed","template":"","meta":{"footnotes":""},"class_list":["post-73","page","type-page","status-publish","hentry"],"_links":{"self":[{"href":"https:\/\/blog.uclm.es\/carcelforzados\/wp-json\/wp\/v2\/pages\/73","targetHints":{"allow":["GET"]}}],"collection":[{"href":"https:\/\/blog.uclm.es\/carcelforzados\/wp-json\/wp\/v2\/pages"}],"about":[{"href":"https:\/\/blog.uclm.es\/carcelforzados\/wp-json\/wp\/v2\/types\/page"}],"author":[{"embeddable":true,"href":"https:\/\/blog.uclm.es\/carcelforzados\/wp-json\/wp\/v2\/users\/89"}],"replies":[{"embeddable":true,"href":"https:\/\/blog.uclm.es\/carcelforzados\/wp-json\/wp\/v2\/comments?post=73"}],"version-history":[{"count":0,"href":"https:\/\/blog.uclm.es\/carcelforzados\/wp-json\/wp\/v2\/pages\/73\/revisions"}],"up":[{"embeddable":true,"href":"https:\/\/blog.uclm.es\/carcelforzados\/wp-json\/wp\/v2\/pages\/14"}],"wp:attachment":[{"href":"https:\/\/blog.uclm.es\/carcelforzados\/wp-json\/wp\/v2\/media?parent=73"}],"curies":[{"name":"wp","href":"https:\/\/api.w.org\/{rel}","templated":true}]}}