{"id":66,"date":"2016-09-14T09:22:48","date_gmt":"2016-09-14T08:22:48","guid":{"rendered":"http:\/\/blog.uclm.es\/carcelforzados\/?page_id=66"},"modified":"2016-09-14T09:22:48","modified_gmt":"2016-09-14T08:22:48","slug":"epoca-romana","status":"publish","type":"page","link":"https:\/\/blog.uclm.es\/carcelforzados\/historia-de-las-minas\/epoca-romana\/","title":{"rendered":"\u00c9poca Romana"},"content":{"rendered":"<p style=\"text-align: justify\">Las primeras noticias documentadas sobre las minas de Almad\u00e9n vienen dadas por Teofrastro de Ereso (372-287 a C.).<\/p>\n<p style=\"text-align: justify\">Vitrubio nos dice que \u201clas oficinas de bermell\u00f3n que antes estaban en las minas de Efeso, ahora se han trasladado a Roma, por haberse hallado venas del mismo en Espa\u00f1a\u201d. Confirm\u00e1ndonos la importancia que debi\u00f3 d\u00e1rsele a este producto en el Imperio Romano.<\/p>\n<figure id=\"attachment_152\" aria-describedby=\"caption-attachment-152\" style=\"width: 256px\" class=\"wp-caption aligncenter\"><img loading=\"lazy\" decoding=\"async\" class=\"size-medium wp-image-152\" src=\"https:\/\/blog.uclm.es\/carcelforzados\/wp-content\/uploads\/sites\/178\/2016\/09\/Plinio-El-Viejo_Wikipedia-256x300.jpg\" alt=\"Plinio\" width=\"256\" height=\"300\" srcset=\"https:\/\/blog.uclm.es\/carcelforzados\/wp-content\/uploads\/sites\/178\/2016\/09\/Plinio-El-Viejo_Wikipedia-256x300.jpg 256w, https:\/\/blog.uclm.es\/carcelforzados\/wp-content\/uploads\/sites\/178\/2016\/09\/Plinio-El-Viejo_Wikipedia.jpg 683w\" sizes=\"auto, (max-width: 256px) 100vw, 256px\" \/><figcaption id=\"caption-attachment-152\" class=\"wp-caption-text\">Plinio<\/figcaption><\/figure>\n<p style=\"text-align: justify\">Sin embargo la descripci\u00f3n m\u00e1s completa la realiza Plinio el Viejo, escritor erudito latino (muerto hacia el a\u00f1o 79 a C.) el que refuta la antig\u00fcedad de las explotaciones, se\u00f1alando que ya se conoc\u00eda y explotaba aquel producto en Espa\u00f1a en el siglo IV a . C. Pero lo m\u00e1s importante es que localiza la mina en la regi\u00f3n de Sisapo, en la B\u00e9tica, de donde, afirma, se extrae el mejor bermell\u00f3n de todo el imperio.<\/p>\n<p style=\"text-align: justify\">Plinio relata que no estaba permitido el procesado ni la extracci\u00f3n del metal en las Minas, sino que la mena se conduc\u00eda sellada a Roma el Gobernador de las Minas guardaba cuidadosamente las llaves de los subterr\u00e1neos, lo cual significaba que el arranque era peri\u00f3dico y limitado. Cada vez que era necesario obtener cinabrio, el Emperador deb\u00eda emitir la orden correspondiente, volvi\u00e9ndose a cerrar una vez obtenido el producto.<\/p>\n<p style=\"text-align: justify\">El mismo autor nos explica que el mineral se extra\u00eda mediante un procedimiento metal\u00fargico un producto de poco consumo, colocando el mineral triturado en cazuelas, se recoge el sudor del vaso, el cual es de color de la plata l\u00edquido como el agua, al cual se denomina hidrargrum.<\/p>\n<p style=\"text-align: justify\">Debido a las escasas, pero muy apreciadas, aplicaciones del azogue, considerado veneno en aquellos tiempos, el monopolio que el Estado hac\u00eda de este producto, provocaba un consumo muy restringido a un precio muy elevado, promoviendo en ocasiones el contrabando falsificado o adulterando el bermell\u00f3n con minio o colc\u00f3tar.<\/p>\n<figure id=\"attachment_204\" aria-describedby=\"caption-attachment-204\" style=\"width: 453px\" class=\"wp-caption aligncenter\"><img loading=\"lazy\" decoding=\"async\" class=\" wp-image-204\" src=\"https:\/\/blog.uclm.es\/carcelforzados\/wp-content\/uploads\/sites\/178\/2016\/09\/VilladelosMisteriosPompella-300x199.jpg\" alt=\"Villa de los Misterios. Pompeya\" width=\"453\" height=\"300\" srcset=\"https:\/\/blog.uclm.es\/carcelforzados\/wp-content\/uploads\/sites\/178\/2016\/09\/VilladelosMisteriosPompella-300x199.jpg 300w, https:\/\/blog.uclm.es\/carcelforzados\/wp-content\/uploads\/sites\/178\/2016\/09\/VilladelosMisteriosPompella-768x510.jpg 768w, https:\/\/blog.uclm.es\/carcelforzados\/wp-content\/uploads\/sites\/178\/2016\/09\/VilladelosMisteriosPompella.jpg 800w\" sizes=\"auto, (max-width: 453px) 100vw, 453px\" \/><figcaption id=\"caption-attachment-204\" class=\"wp-caption-text\">Villa de los Misterios. Pompeya<\/figcaption><\/figure>\n","protected":false},"excerpt":{"rendered":"<p>Las primeras noticias documentadas sobre las minas de Almad\u00e9n vienen dadas por Teofrastro de Ereso (372-287 a C.). Vitrubio nos dice que \u201clas oficinas de bermell\u00f3n que antes estaban en las minas de Efeso, ahora se han trasladado a Roma, por haberse hallado venas del mismo en Espa\u00f1a\u201d. Confirm\u00e1ndonos la importancia que debi\u00f3 d\u00e1rsele a &hellip; <a href=\"https:\/\/blog.uclm.es\/carcelforzados\/historia-de-las-minas\/epoca-romana\/\" class=\"more-link\">Seguir leyendo <span class=\"screen-reader-text\">\u00c9poca Romana<\/span> <span class=\"meta-nav\">&rarr;<\/span><\/a><\/p>\n","protected":false},"author":89,"featured_media":0,"parent":14,"menu_order":1,"comment_status":"closed","ping_status":"closed","template":"","meta":{"footnotes":""},"class_list":["post-66","page","type-page","status-publish","hentry"],"_links":{"self":[{"href":"https:\/\/blog.uclm.es\/carcelforzados\/wp-json\/wp\/v2\/pages\/66","targetHints":{"allow":["GET"]}}],"collection":[{"href":"https:\/\/blog.uclm.es\/carcelforzados\/wp-json\/wp\/v2\/pages"}],"about":[{"href":"https:\/\/blog.uclm.es\/carcelforzados\/wp-json\/wp\/v2\/types\/page"}],"author":[{"embeddable":true,"href":"https:\/\/blog.uclm.es\/carcelforzados\/wp-json\/wp\/v2\/users\/89"}],"replies":[{"embeddable":true,"href":"https:\/\/blog.uclm.es\/carcelforzados\/wp-json\/wp\/v2\/comments?post=66"}],"version-history":[{"count":0,"href":"https:\/\/blog.uclm.es\/carcelforzados\/wp-json\/wp\/v2\/pages\/66\/revisions"}],"up":[{"embeddable":true,"href":"https:\/\/blog.uclm.es\/carcelforzados\/wp-json\/wp\/v2\/pages\/14"}],"wp:attachment":[{"href":"https:\/\/blog.uclm.es\/carcelforzados\/wp-json\/wp\/v2\/media?parent=66"}],"curies":[{"name":"wp","href":"https:\/\/api.w.org\/{rel}","templated":true}]}}