{"id":23,"date":"2016-09-08T12:32:47","date_gmt":"2016-09-08T11:32:47","guid":{"rendered":"http:\/\/blog.uclm.es\/carcelforzados\/?page_id=23"},"modified":"2016-09-08T12:32:47","modified_gmt":"2016-09-08T11:32:47","slug":"acerca-de","status":"publish","type":"page","link":"https:\/\/blog.uclm.es\/carcelforzados\/acerca-de\/","title":{"rendered":"Acerca de"},"content":{"rendered":"<p style=\"text-align: justify\">La c\u00e1rcel de forzados de Almad\u00e9n, \u00a0fue demolida a finales de los a\u00f1os 60,\u00a0 y su uso con esclavos termin\u00f3 en el a\u00f1o 1800; sin embargo, su esp\u00edritu ha impregnado de tal forma en el pueblo Almad\u00e9n, que a\u00fan somos esclavos de sus minas.<\/p>\n<p>Quiero mostrar mi agradecimiento a todas aquellas personas que se han liberado de las cadenas que las ataban. Espero que la historia, al final, nos libere a todos.<\/p>\n<p>M. Rosario Saucedo S\u00e1nchez<\/p>\n<p>&nbsp;<\/p>\n<p><strong>Bibliografia<\/strong><\/p>\n<table width=\"600\">\n<tbody>\n<tr>\n<td style=\"text-align: center\" width=\"356\">T\u00edtulo<\/td>\n<td style=\"text-align: center\" width=\"244\">Autor<\/td>\n<\/tr>\n<tr>\n<td width=\"356\">Memoria de las Reales Minas de Almad\u00e9n. Madrid. Comisi\u00f3n Interministerial de Ciencia y Tecnolog\u00eda.<\/td>\n<td width=\"244\">Betancourt y Molina, A. (1990)<\/td>\n<\/tr>\n<tr>\n<td width=\"356\">El informe secreto de Mateo Alem\u00e1n sobre el trabajo forzoso en las Minas de Almad\u00e9n. Londres. Tamesis Book limited<\/td>\n<td width=\"244\">Bleiberg, G. (1985)<\/td>\n<\/tr>\n<tr>\n<td width=\"356\">Introducci\u00f3n a la historia natural y a la geograf\u00eda f\u00edsica de Espa\u00f1a. Imprenta de Francisco Manuel de Mena. Madrid<\/td>\n<td>Bowles, Guillermo<\/td>\n<\/tr>\n<tr>\n<td width=\"356\">La amalgamaci\u00f3n y Bartolom\u00e9 de Medina.<br \/>\nAnales de la Real Sociedad Espa\u00f1ola de Qu\u00edmica, Segunda \u00c9poca (Octubre-Diciembre) p. 43-49<\/td>\n<td>Castillo Martos, Manuel (2001)<\/td>\n<\/tr>\n<tr>\n<td width=\"356\">La casa Academia de Minas. 225 a\u00f1os de su fundaci\u00f3n. Almad\u00e9n, 2002<\/td>\n<td width=\"244\">Comisi\u00f3n 225 aniversario de la Casa Academia.<br \/>\nEUPA-Colegio de ITM (2003)<\/td>\n<\/tr>\n<tr>\n<td width=\"356\">La cultura de la miner\u00eda del azogue.<\/td>\n<td width=\"244\">Covisa Castro, Mar\u00eda Isabel\u00a0 (2005)<br \/>\nMansilla Escudero, Jer\u00f3nimo<\/td>\n<\/tr>\n<tr>\n<td width=\"356\">Almad\u00e9n del Azogue. Una villa minera en el siglo XVIII.<\/td>\n<td>Gil Bautista, Rafael (2013)<\/td>\n<\/tr>\n<tr>\n<td width=\"356\">Geolog\u00eda y paleontolog\u00eda de Almad\u00e9n en el siglo XIX.<\/td>\n<td width=\"244\">Gutierrez-Marco, J.C., R\u00e1bano, I, Mansilla Plaza, L,<br \/>\nGarcia Bellido, D.C. (2011)<\/td>\n<\/tr>\n<tr>\n<td width=\"356\">Los esclavos del Rey. Los forzados de Su Majestad en las minas de Almad\u00e9n, a\u00f1os 1550-1800. Fundaci\u00f3n Almad\u00e9n-Fco. J. de Villegas.<\/td>\n<td>Hernandez Sobrino, Angel (2006)<\/td>\n<\/tr>\n<tr>\n<td width=\"356\">Diccionario geogr\u00e1fico-estadistico-historico de Espa\u00f1a y sus posesiones en ultramar. Edici\u00f3n facsimil de Castilla La Mancha. Tomo II<\/td>\n<td width=\"244\">Madoz, P. (1845)<\/td>\n<\/tr>\n<tr>\n<td width=\"356\">Almad\u00e9n y sus obreros. C. Real., establecimiento tipografico de Enrique P\u00e9rez.<\/td>\n<td width=\"244\">Marin y Rodriguez, D. (1906)<\/td>\n<\/tr>\n<tr>\n<td width=\"356\">Los Rotchschild y las Minas de Almad\u00e9n. Instituto de Estudios Fiscales. Ministerio de Hacienda.<\/td>\n<td>Martin Martin, Victoriano (1980)<\/td>\n<\/tr>\n<tr>\n<td width=\"356\">Historia de las Minas de Almad\u00e9n. Volumen I. Consejo de Administraci\u00f3n de Minas de Almad\u00e9n y Arrayanes. Madrid<\/td>\n<td>Matilla Tasc\u00f3n, Antonio (1958)<\/td>\n<\/tr>\n<tr>\n<td width=\"356\">Historia de las Minas de Almad\u00e9n. Volumen II. Consejo de Administraci\u00f3n de Minas de Almad\u00e9n y Arrayanes. Madrid<\/td>\n<td>Matilla Tasc\u00f3n, Antonio (1987)<\/td>\n<\/tr>\n<tr>\n<td width=\"356\">La literatura sobre los aspectos sanitarios del trabajo en las minas de mercurio de Almad\u00e9n 1755-1924. Medicina &amp; Historia, N\u00ba 48,<\/td>\n<td>Menendez Navarro, Alfredo<\/td>\n<\/tr>\n<tr>\n<td width=\"356\">Historia de la antigua ciudad de Sisap\u00f3n, hoy Almad\u00e9n del Azogue. Madrid. Imprenta de Enrique Rojas<\/td>\n<td width=\"244\">Pontes y Fernandez, J. Mar\u00eda (1900)<\/td>\n<\/tr>\n<tr>\n<td width=\"356\">La Pena de Minas: Los forzados de Almad\u00e9n. Fundaci\u00f3n Almad\u00e9n. Fco. J. de Villegas<\/td>\n<td>Prior Cabanillas, Juli\u00e1n Antonio (2006)<\/td>\n<\/tr>\n<tr>\n<td width=\"356\">La guerra de la Independencia en Almad\u00e9n del Azogue (1808-1814)<\/td>\n<td>Prior Cabanillas, Juli\u00e1n Antonio (2014)<\/td>\n<\/tr>\n<tr>\n<td width=\"356\">Patrimonio del mercurio. Texto basado expediente nominaci\u00f3n UNESCO<\/td>\n<td>Rojas Avalos, Angela (2013)<\/td>\n<\/tr>\n<tr>\n<td width=\"356\">Los almadenes del azogue. Imprenta de Vda. De D. Antonio Yenes. Madrid<\/td>\n<td>Zarraluqui Martinez, Julio (1934)<\/td>\n<\/tr>\n<\/tbody>\n<\/table>\n","protected":false},"excerpt":{"rendered":"<p>La c\u00e1rcel de forzados de Almad\u00e9n, \u00a0fue demolida a finales de los a\u00f1os 60,\u00a0 y su uso con esclavos termin\u00f3 en el a\u00f1o 1800; sin embargo, su esp\u00edritu ha impregnado de tal forma en el pueblo Almad\u00e9n, que a\u00fan somos esclavos de sus minas. Quiero mostrar mi agradecimiento a todas aquellas personas que se han &hellip; <a href=\"https:\/\/blog.uclm.es\/carcelforzados\/acerca-de\/\" class=\"more-link\">Seguir leyendo <span class=\"screen-reader-text\">Acerca de<\/span> <span class=\"meta-nav\">&rarr;<\/span><\/a><\/p>\n","protected":false},"author":89,"featured_media":0,"parent":0,"menu_order":7,"comment_status":"closed","ping_status":"closed","template":"","meta":{"footnotes":""},"class_list":["post-23","page","type-page","status-publish","hentry"],"_links":{"self":[{"href":"https:\/\/blog.uclm.es\/carcelforzados\/wp-json\/wp\/v2\/pages\/23","targetHints":{"allow":["GET"]}}],"collection":[{"href":"https:\/\/blog.uclm.es\/carcelforzados\/wp-json\/wp\/v2\/pages"}],"about":[{"href":"https:\/\/blog.uclm.es\/carcelforzados\/wp-json\/wp\/v2\/types\/page"}],"author":[{"embeddable":true,"href":"https:\/\/blog.uclm.es\/carcelforzados\/wp-json\/wp\/v2\/users\/89"}],"replies":[{"embeddable":true,"href":"https:\/\/blog.uclm.es\/carcelforzados\/wp-json\/wp\/v2\/comments?post=23"}],"version-history":[{"count":0,"href":"https:\/\/blog.uclm.es\/carcelforzados\/wp-json\/wp\/v2\/pages\/23\/revisions"}],"wp:attachment":[{"href":"https:\/\/blog.uclm.es\/carcelforzados\/wp-json\/wp\/v2\/media?parent=23"}],"curies":[{"name":"wp","href":"https:\/\/api.w.org\/{rel}","templated":true}]}}