{"id":21,"date":"2016-09-08T12:32:02","date_gmt":"2016-09-08T11:32:02","guid":{"rendered":"http:\/\/blog.uclm.es\/carcelforzados\/?page_id=21"},"modified":"2023-03-27T09:17:13","modified_gmt":"2023-03-27T09:17:13","slug":"carcel-actual","status":"publish","type":"page","link":"https:\/\/blog.uclm.es\/carcelforzados\/carcel-actual\/","title":{"rendered":"C\u00e1rcel actual"},"content":{"rendered":"<p style=\"text-align: justify\">Sobre las ruinas de la c\u00e1rcel, en los a\u00f1os 70, se construy\u00f3 la Escuela Polit\u00e9cnica. A pesar de que muchos vecinos conoc\u00edan que las ruinas permanec\u00edan debajo, no fue hasta el a\u00f1o 1996 que se hizo una excavaci\u00f3n que confirm\u00f3 que a\u00fan quedaban parte de las paredes de algunas celdas, as\u00ed como una galer\u00eda de desag\u00fce.<\/p>\n<p style=\"text-align: justify\">En el a\u00f1o 2001 se comenz\u00f3 a construir un nuevo aulario en la Escuela, y se dejaron al descubierto todas las zonas que quedaban de la antigua c\u00e1rcel.<\/p>\n<p style=\"text-align: justify\">Aunando antig\u00fcedad con modernidad, se ha conservado parte de lo que es nuestra historia, estando disponible para su visita y esperamos que en el futuro se pueda desarrollar un ambicioso proyecto de visita audiovisual, recreando las condiciones en las que entonces estaban los forzados.<\/p>\n<p><a href=\"https:\/\/vimeo.com\/139738998\">https:\/\/vimeo.com\/139738998<\/a><\/p>\n<p style=\"text-align: justify\">Almad\u00e9n ha sido candidata a Patrimonio de la Humanidad\u00a0por la\u00a0Unesco\u00a0en dos ocasiones. La denominaci\u00f3n de la primera candidatura fue presentada como \u00abRuta del Binomio de la Plata y el Mercurio en el Camino Intercontinental\u00bb; esta candidatura fue compartida con San Luis Potos\u00ed\u00a0(M\u00e9xico) y con las minas de Idrija (Eslovenia).\u00a0La primera candidatura se present\u00f3 en el a\u00f1o 2009 en Sevilla (Espa\u00f1a) quedando a las puertas de lograrlo, a falta de un solo punto.<\/p>\n<p style=\"text-align: justify\">El segundo intento fue al a\u00f1o siguiente en Brasilia\u00a0(Brasil), qued\u00e1ndose tambi\u00e9n a las puertas de lograrlo.<\/p>\n<p style=\"text-align: justify\">Debido a las objeciones mostrada por la UNESCO a los bienes aportados por San Luis de Potos\u00ed, en la siguiente candidatura, esta ciudad no se presenta y quedan el binomio Almad\u00e9n e Idrija. La denominaci\u00f3n para la nueva candidatura se denomina \u00abPatrimonio del Mercurio Almad\u00e9n e Idrija\u00bb.\u00a0El 30 de junio de 2012, en San Petersburgo (Rusia), la UNESCO concede la candidatura y desde esa fecha hasta la actualidad las dos poblaciones europeas comparten este sello mundial.<\/p>\n<p style=\"text-align: justify\">Parte integrante de esa candidatura, son las ruinas de la Real C\u00e1rcel de Forzados que pueden visitarse en la Escuela de Ingenier\u00eda Minera e Industrial de Almad\u00e9n, junto a otras instalaciones \u00edntimamente ligadas a la actividad minera y al trabajo de los forzados, como son el Centro de Interpretaci\u00f3n y el propio museo donde adem\u00e1s de la abundante colecci\u00f3n de minerales vamos a encontrar una secci\u00f3n que nos permite recorrer la historia local y de la propia instituci\u00f3n.<\/p>\n","protected":false},"excerpt":{"rendered":"<p>Sobre las ruinas de la c\u00e1rcel, en los a\u00f1os 70, se construy\u00f3 la Escuela Polit\u00e9cnica. A pesar de que muchos vecinos conoc\u00edan que las ruinas permanec\u00edan debajo, no fue hasta el a\u00f1o 1996 que se hizo una excavaci\u00f3n que confirm\u00f3 que a\u00fan quedaban parte de las paredes de algunas celdas, as\u00ed como una galer\u00eda de &hellip; <a href=\"https:\/\/blog.uclm.es\/carcelforzados\/carcel-actual\/\" class=\"more-link\">Seguir leyendo <span class=\"screen-reader-text\">C\u00e1rcel actual<\/span> <span class=\"meta-nav\">&rarr;<\/span><\/a><\/p>\n","protected":false},"author":89,"featured_media":0,"parent":0,"menu_order":6,"comment_status":"closed","ping_status":"closed","template":"","meta":{"footnotes":""},"class_list":["post-21","page","type-page","status-publish","hentry"],"_links":{"self":[{"href":"https:\/\/blog.uclm.es\/carcelforzados\/wp-json\/wp\/v2\/pages\/21","targetHints":{"allow":["GET"]}}],"collection":[{"href":"https:\/\/blog.uclm.es\/carcelforzados\/wp-json\/wp\/v2\/pages"}],"about":[{"href":"https:\/\/blog.uclm.es\/carcelforzados\/wp-json\/wp\/v2\/types\/page"}],"author":[{"embeddable":true,"href":"https:\/\/blog.uclm.es\/carcelforzados\/wp-json\/wp\/v2\/users\/89"}],"replies":[{"embeddable":true,"href":"https:\/\/blog.uclm.es\/carcelforzados\/wp-json\/wp\/v2\/comments?post=21"}],"version-history":[{"count":1,"href":"https:\/\/blog.uclm.es\/carcelforzados\/wp-json\/wp\/v2\/pages\/21\/revisions"}],"predecessor-version":[{"id":244,"href":"https:\/\/blog.uclm.es\/carcelforzados\/wp-json\/wp\/v2\/pages\/21\/revisions\/244"}],"wp:attachment":[{"href":"https:\/\/blog.uclm.es\/carcelforzados\/wp-json\/wp\/v2\/media?parent=21"}],"curies":[{"name":"wp","href":"https:\/\/api.w.org\/{rel}","templated":true}]}}