{"id":14,"date":"2016-09-08T12:28:20","date_gmt":"2016-09-08T11:28:20","guid":{"rendered":"http:\/\/blog.uclm.es\/carcelforzados\/?page_id=14"},"modified":"2016-09-08T12:28:20","modified_gmt":"2016-09-08T11:28:20","slug":"historia-de-las-minas","status":"publish","type":"page","link":"https:\/\/blog.uclm.es\/carcelforzados\/historia-de-las-minas\/","title":{"rendered":"Historia de las Minas"},"content":{"rendered":"<p><strong>S\u00cdNTESIS HIST\u00d3RICA<\/strong><\/p>\n<p style=\"text-align: justify\">Podemos decir que los antecedentes de las explotaciones mineralurgicas comienzan en el Calcol\u00edtico con la llegada de los primeros buscadores de metal.<\/p>\n<p style=\"text-align: justify\">A finales de la Edad de Bronce y principio de la edad del Hierro ya est\u00e1 afianzada la actividad minera, dentro del contexto hist\u00f3rico, donde los hombres de la prehistoria comienzan a darle una utilidad pr\u00e1ctica a los metales.<\/p>\n<figure id=\"attachment_181\" aria-describedby=\"caption-attachment-181\" style=\"width: 467px\" class=\"wp-caption aligncenter\"><img loading=\"lazy\" decoding=\"async\" class=\" wp-image-181\" src=\"https:\/\/blog.uclm.es\/carcelforzados\/wp-content\/uploads\/sites\/178\/2016\/09\/Minerosn23-300x225.jpg\" alt=\"Mineros con sus atuendos y carburos\" width=\"467\" height=\"350\" srcset=\"https:\/\/blog.uclm.es\/carcelforzados\/wp-content\/uploads\/sites\/178\/2016\/09\/Minerosn23-300x225.jpg 300w, https:\/\/blog.uclm.es\/carcelforzados\/wp-content\/uploads\/sites\/178\/2016\/09\/Minerosn23.jpg 650w\" sizes=\"auto, (max-width: 467px) 100vw, 467px\" \/><figcaption id=\"caption-attachment-181\" class=\"wp-caption-text\">Mineros con sus atuendos y carburos<\/figcaption><\/figure>\n","protected":false},"excerpt":{"rendered":"<p>S\u00cdNTESIS HIST\u00d3RICA Podemos decir que los antecedentes de las explotaciones mineralurgicas comienzan en el Calcol\u00edtico con la llegada de los primeros buscadores de metal. A finales de la Edad de Bronce y principio de la edad del Hierro ya est\u00e1 afianzada la actividad minera, dentro del contexto hist\u00f3rico, donde los hombres de la prehistoria comienzan &hellip; <a href=\"https:\/\/blog.uclm.es\/carcelforzados\/historia-de-las-minas\/\" class=\"more-link\">Seguir leyendo <span class=\"screen-reader-text\">Historia de las Minas<\/span> <span class=\"meta-nav\">&rarr;<\/span><\/a><\/p>\n","protected":false},"author":89,"featured_media":0,"parent":0,"menu_order":3,"comment_status":"closed","ping_status":"closed","template":"","meta":{"footnotes":""},"class_list":["post-14","page","type-page","status-publish","hentry"],"_links":{"self":[{"href":"https:\/\/blog.uclm.es\/carcelforzados\/wp-json\/wp\/v2\/pages\/14","targetHints":{"allow":["GET"]}}],"collection":[{"href":"https:\/\/blog.uclm.es\/carcelforzados\/wp-json\/wp\/v2\/pages"}],"about":[{"href":"https:\/\/blog.uclm.es\/carcelforzados\/wp-json\/wp\/v2\/types\/page"}],"author":[{"embeddable":true,"href":"https:\/\/blog.uclm.es\/carcelforzados\/wp-json\/wp\/v2\/users\/89"}],"replies":[{"embeddable":true,"href":"https:\/\/blog.uclm.es\/carcelforzados\/wp-json\/wp\/v2\/comments?post=14"}],"version-history":[{"count":0,"href":"https:\/\/blog.uclm.es\/carcelforzados\/wp-json\/wp\/v2\/pages\/14\/revisions"}],"wp:attachment":[{"href":"https:\/\/blog.uclm.es\/carcelforzados\/wp-json\/wp\/v2\/media?parent=14"}],"curies":[{"name":"wp","href":"https:\/\/api.w.org\/{rel}","templated":true}]}}