{"id":12,"date":"2016-09-08T12:26:43","date_gmt":"2016-09-08T11:26:43","guid":{"rendered":"http:\/\/blog.uclm.es\/carcelforzados\/?page_id=12"},"modified":"2023-03-27T09:44:12","modified_gmt":"2023-03-27T09:44:12","slug":"historia-almaden","status":"publish","type":"page","link":"https:\/\/blog.uclm.es\/carcelforzados\/historia-almaden\/","title":{"rendered":"Historia Almad\u00e9n"},"content":{"rendered":"<p style=\"text-align: justify\">El poblamiento prehist\u00f3rico m\u00e1s antiguo atestiguado en la comarca corresponde al horizonte calcol\u00edtico, es decir, unos 3000 a\u00f1os a.c. Estos yacimientos aparecen asociados a pinturas rupestres de arte esquem\u00e1tico, muy abundantes en la comarca, como las que el Abate Enri\u00e9 Breuil en 1916 encontr\u00f3 en las inmediaciones de la Ermita de la Virgen del Castillo en Chill\u00f3n y en diversas zonas de la Sierra de Cordoneros. El color predominante es el rojo y de hecho, se cree que el cinabrio era ya empleado en ceremonias de car\u00e1cter religioso en las que se le identificaba con la vida eterna y se le asignaba poderes sobrenaturales.<\/p>\n<figure id=\"attachment_160\" aria-describedby=\"caption-attachment-160\" style=\"width: 359px\" class=\"wp-caption aligncenter\"><img loading=\"lazy\" decoding=\"async\" class=\" wp-image-160\" src=\"https:\/\/blog.uclm.es\/carcelforzados\/wp-content\/uploads\/sites\/178\/2016\/09\/MorroPuen240904_04-300x225.jpg\" alt=\"Pinturas rupestres. Reboco del chorrillo\" width=\"359\" height=\"269\" srcset=\"https:\/\/blog.uclm.es\/carcelforzados\/wp-content\/uploads\/sites\/178\/2016\/09\/MorroPuen240904_04-300x225.jpg 300w, https:\/\/blog.uclm.es\/carcelforzados\/wp-content\/uploads\/sites\/178\/2016\/09\/MorroPuen240904_04-768x576.jpg 768w, https:\/\/blog.uclm.es\/carcelforzados\/wp-content\/uploads\/sites\/178\/2016\/09\/MorroPuen240904_04.jpg 800w\" sizes=\"auto, (max-width: 359px) 100vw, 359px\" \/><figcaption id=\"caption-attachment-160\" class=\"wp-caption-text\">Pinturas rupestres. Reboco del chorrillo<\/figcaption><\/figure>\n<p style=\"text-align: justify\">Todos los indicios nos hablan de una explotaci\u00f3n muy antigua de los yacimientos mineros (cinabrio y galena), incluso anterior a la mencionada en las primeras fuentes escritas (Teofrasto, s. IV a.c.).<\/p>\n<p style=\"text-align: justify\">La antigua Sisapo que durante a\u00f1os se ha ubicado en Chill\u00f3n y que las \u00faltimas investigaciones ubican en la Bienvenida (pedan\u00eda de Almod\u00f3var del Campo, a 40 Km. de Almad\u00e9n), se convierte desde el s. IV en sede de una importante asociaci\u00f3n de comerciantes que actuaba en toda la regi\u00f3n desde finales del per\u00edodo republicano.<\/p>\n<p style=\"text-align: justify\">El estado romano era el due\u00f1o de las minas, pero su explotaci\u00f3n se arrendaba a la compa\u00f1\u00eda de publicanos denominada societas Sisaponensis, formada por navieros. Esta sociedad, que actuaba en nombre del Senado, se encargaba de la extracci\u00f3n de minerales, y de su transporte y comercializaci\u00f3n. Los romanos empleaban el cinabrio como pintura o tinte, y con \u00e9l untaban en las fiestas el rostro de la estatua de J\u00fapiter y el cuerpo de los vencedores circenses. Tambi\u00e9n se utilizaba en ung\u00fcentos y productos de tocador para las damas romanas y en la escritura de libros.<\/p>\n<p style=\"text-align: justify\">El periodo visigodo apenas est\u00e1 documentado, salvo por la aparici\u00f3n de una necr\u00f3polis en la Dehesa de Castilseras y recientemente en el paraje denominado \u201cPilar de la Legua\u201d, pr\u00f3ximo a la carretera Comarca 424, se ha encontrado una necr\u00f3polis muy posiblemente tardoantigua, adem\u00e1s se prev\u00e9 encontrar en el mismo lugar, un complejo arquitect\u00f3nico m\u00e1s amplio en base a los restos encontrados.<\/p>\n<figure id=\"attachment_175\" aria-describedby=\"caption-attachment-175\" style=\"width: 412px\" class=\"wp-caption aligncenter\"><img loading=\"lazy\" decoding=\"async\" class=\" wp-image-175\" src=\"https:\/\/blog.uclm.es\/carcelforzados\/wp-content\/uploads\/sites\/178\/2016\/09\/03_MG_7836-300x150.jpg\" alt=\"Yacimiento visigodo Pilar de la Legua.\" width=\"412\" height=\"206\" \/><figcaption id=\"caption-attachment-175\" class=\"wp-caption-text\">Yacimiento visigodo Pilar de la Legua.<\/figcaption><\/figure>\n<p style=\"text-align: justify\">Los \u00e1rabes explotaron diversos yacimientos de cinabrio en la zona, seg\u00fan el historiador \u00e1rabe Al-Idrisi, el cual afirma que personalmente estuvo en la mina y que en ella trabajaban unos 1000 obreros que se ocupaban de las distintas labores.<\/p>\n<figure id=\"attachment_146\" aria-describedby=\"caption-attachment-146\" style=\"width: 172px\" class=\"wp-caption aligncenter\"><img loading=\"lazy\" decoding=\"async\" class=\"wp-image-146\" src=\"https:\/\/blog.uclm.es\/carcelforzados\/wp-content\/uploads\/sites\/178\/2016\/09\/Estatua_de_Al-Idrisi-147x300.jpg\" alt=\"estatua_de_al-idrisi\" width=\"172\" height=\"351\" srcset=\"https:\/\/blog.uclm.es\/carcelforzados\/wp-content\/uploads\/sites\/178\/2016\/09\/Estatua_de_Al-Idrisi-147x300.jpg 147w, https:\/\/blog.uclm.es\/carcelforzados\/wp-content\/uploads\/sites\/178\/2016\/09\/Estatua_de_Al-Idrisi.jpg 393w\" sizes=\"auto, (max-width: 172px) 100vw, 172px\" \/><figcaption id=\"caption-attachment-146\" class=\"wp-caption-text\">Estatua de Al Idrisi<\/figcaption><\/figure>\n<p style=\"text-align: justify\">Los \u00e1rabes obten\u00edan el azogue mediante los hornos a los que llamaban \u201cXabecas\u201d; de hecho, es curioso comprobar que gran parte del vocabulario utilizado hoy en el mundo del mercurio tiene origen \u00e1rabe: azogue, xabeca, aludel, alarife, almijara, etc.<\/p>\n<p style=\"text-align: justify\">Los m\u00e9dicos \u00e1rabes emplearon con frecuencia el mercurio con fines terap\u00e9uticos y sab\u00edan elaborar diferentes combinaciones del mismo (matar piojos, curar la sarna, parasitaciones intestinales y enfermedades de la piel).<\/p>\n<p style=\"text-align: justify\">La conquista cristiana de estos territorios se produjo en 1135 por Alfonso VII. Las tierras fueron repartidas entre los conquistadores y Almad\u00e9n fue cedida a los Templarios, quienes ante las frecuentes escaramuzas \u00e1rabes cedieron todo el territorio de Calatrava a Sancho III.<\/p>\n<figure id=\"attachment_147\" aria-describedby=\"caption-attachment-147\" style=\"width: 170px\" class=\"wp-caption aligncenter\"><img loading=\"lazy\" decoding=\"async\" class=\"size-medium wp-image-147\" src=\"https:\/\/blog.uclm.es\/carcelforzados\/wp-content\/uploads\/sites\/178\/2016\/09\/Alfonso_VII_wikipedia-170x300.jpg\" alt=\"Alfonso VII\" width=\"170\" height=\"300\" srcset=\"https:\/\/blog.uclm.es\/carcelforzados\/wp-content\/uploads\/sites\/178\/2016\/09\/Alfonso_VII_wikipedia-170x300.jpg 170w, https:\/\/blog.uclm.es\/carcelforzados\/wp-content\/uploads\/sites\/178\/2016\/09\/Alfonso_VII_wikipedia.jpg 452w\" sizes=\"auto, (max-width: 170px) 100vw, 170px\" \/><figcaption id=\"caption-attachment-147\" class=\"wp-caption-text\">Alfonso VII<\/figcaption><\/figure>\n<p style=\"text-align: justify\">A\u00f1os m\u00e1s tarde, en 1168, el rey Alfonso VIII cedi\u00f3 a la Orden de Calatrava y al Conde D. Nu\u00f1o de Lara, en recompensa por los servicios prestados a la Corona, el \u201cCastillo de Chill\u00f3n con su Almad\u00e9n\u201d. Curiosamente, la redacci\u00f3n de este diploma concede al vocablo Almad\u00e9n (Hisn al-ma\u00b4din) su significado estricto de mina, con lo que parece indicar que no exist\u00eda all\u00ed poblaci\u00f3n, concentr\u00e1ndose \u00e9sta junto al Castillo de Chill\u00f3n.<\/p>\n<p style=\"text-align: justify\">En 1525 la mina es arrendada a los banqueros F\u00fcgger, como parte del contrato que hicieron con los Maestrazgos, como aval de sus adelantos monetarios para financiar la elecci\u00f3n imperial y las guerras de Carlos I de Espa\u00f1a.<\/p>\n<figure id=\"attachment_169\" aria-describedby=\"caption-attachment-169\" style=\"width: 444px\" class=\"wp-caption aligncenter\"><img loading=\"lazy\" decoding=\"async\" class=\" wp-image-169\" src=\"https:\/\/blog.uclm.es\/carcelforzados\/wp-content\/uploads\/sites\/178\/2016\/09\/MapaElDorado_Wikipedia-300x231.jpg\" alt=\"Mapa El Dorado\" width=\"444\" height=\"342\" srcset=\"https:\/\/blog.uclm.es\/carcelforzados\/wp-content\/uploads\/sites\/178\/2016\/09\/MapaElDorado_Wikipedia-300x231.jpg 300w, https:\/\/blog.uclm.es\/carcelforzados\/wp-content\/uploads\/sites\/178\/2016\/09\/MapaElDorado_Wikipedia-768x592.jpg 768w, https:\/\/blog.uclm.es\/carcelforzados\/wp-content\/uploads\/sites\/178\/2016\/09\/MapaElDorado_Wikipedia.jpg 800w\" sizes=\"auto, (max-width: 444px) 100vw, 444px\" \/><figcaption id=\"caption-attachment-169\" class=\"wp-caption-text\">Mapa El Dorado<\/figcaption><\/figure>\n<p style=\"text-align: justify\">El primer impulso para el consumo de mercurio vino dado por la necesidad de amalgamar en fr\u00edo la plata extra\u00edda en las Indias Occidentales. El destino final de la pr\u00e1ctica totalidad del mercurio obtenido en Almad\u00e9n eran las Reales minas de la Nueva Espa\u00f1a y del Per\u00fa.<\/p>\n<p style=\"text-align: justify\">Las aplicaciones del mercurio empiezan a multiplicarse. Paracelso, en el s. XVI introduce su empleo en el tratamiento de la s\u00edfilis; Torricelli en 1643 lo utiliza en su bar\u00f3metro; en 1720, Fahrenheit lo emplea en su term\u00f3metro.<\/p>\n<p style=\"text-align: justify\">El siglo XVIII se crea la Academia de Minas, se construye el Hospital de Mineros, se construye la plaza de toros&#8230; edificios que a\u00fan pueden verse en Almad\u00e9n.<\/p>\n<figure id=\"attachment_177\" aria-describedby=\"caption-attachment-177\" style=\"width: 429px\" class=\"wp-caption aligncenter\"><img loading=\"lazy\" decoding=\"async\" class=\" wp-image-177\" src=\"https:\/\/blog.uclm.es\/carcelforzados\/wp-content\/uploads\/sites\/178\/2016\/09\/07_academiasepia2_MG_7043-300x200.jpg\" alt=\"Academia de Minas\" width=\"429\" height=\"286\" srcset=\"https:\/\/blog.uclm.es\/carcelforzados\/wp-content\/uploads\/sites\/178\/2016\/09\/07_academiasepia2_MG_7043-300x200.jpg 300w, https:\/\/blog.uclm.es\/carcelforzados\/wp-content\/uploads\/sites\/178\/2016\/09\/07_academiasepia2_MG_7043.jpg 650w\" sizes=\"auto, (max-width: 429px) 100vw, 429px\" \/><figcaption id=\"caption-attachment-177\" class=\"wp-caption-text\">Academia de Minas<\/figcaption><\/figure>\n<p style=\"text-align: justify\">Tras la independencia de las colonias americanas el mercado se paraliz\u00f3; el gobierno firma a partir de 1835 una serie de convenios con la Banca Rothschild por los cuales esta compa\u00f1\u00eda controlar\u00eda la comercializaci\u00f3n del mercurio hasta 1921, en que de nuevo las minas pasaron a ser explotadas por la Hacienda espa\u00f1ola. El Estado las ha explotado desde entonces.<\/p>\n<p style=\"text-align: justify\">Durante la guerra civil vivi\u00f3 en Almad\u00e9n un brigadista, Comandante de las Brigadas Internacionales rusas, cuya misi\u00f3n era organizar la resistencia y el reclutamiento de soldados y que a\u00f1os m\u00e1s tarde ser\u00eda el Mariscal Tito.<\/p>\n<p style=\"text-align: justify\">A partir del 15 de Marzo de 2011 y por acuerdo de la U.E. se proh\u00edbe la venta y exportaci\u00f3n del mercurio met\u00e1lico, situaci\u00f3n que junto a la imagen negativa que se va acumulando, terminan por el cierre de las Minas y con ella la destrucci\u00f3n de gran parte del tejido comercial que viv\u00eda de la actividad minera.<\/p>\n<figure id=\"attachment_179\" aria-describedby=\"caption-attachment-179\" style=\"width: 446px\" class=\"wp-caption aligncenter\"><img loading=\"lazy\" decoding=\"async\" class=\" wp-image-179\" src=\"https:\/\/blog.uclm.es\/carcelforzados\/wp-content\/uploads\/sites\/178\/2016\/09\/MG_3881-300x200.jpg\" alt=\"Mercurio\" width=\"446\" height=\"298\" srcset=\"https:\/\/blog.uclm.es\/carcelforzados\/wp-content\/uploads\/sites\/178\/2016\/09\/MG_3881-300x200.jpg 300w, https:\/\/blog.uclm.es\/carcelforzados\/wp-content\/uploads\/sites\/178\/2016\/09\/MG_3881.jpg 650w\" sizes=\"auto, (max-width: 446px) 100vw, 446px\" \/><figcaption id=\"caption-attachment-179\" class=\"wp-caption-text\">Mercurio<\/figcaption><\/figure>\n<p style=\"text-align: justify\">En la actualidad el efecto domin\u00f3 sigue not\u00e1ndose, a pesar de las t\u00edmidas iniciativas gubernamentales, teniendo una demograf\u00eda comarcal a niveles m\u00ednimos.<\/p>\n","protected":false},"excerpt":{"rendered":"<p>El poblamiento prehist\u00f3rico m\u00e1s antiguo atestiguado en la comarca corresponde al horizonte calcol\u00edtico, es decir, unos 3000 a\u00f1os a.c. Estos yacimientos aparecen asociados a pinturas rupestres de arte esquem\u00e1tico, muy abundantes en la comarca, como las que el Abate Enri\u00e9 Breuil en 1916 encontr\u00f3 en las inmediaciones de la Ermita de la Virgen del Castillo &hellip; <a href=\"https:\/\/blog.uclm.es\/carcelforzados\/historia-almaden\/\" class=\"more-link\">Seguir leyendo <span class=\"screen-reader-text\">Historia Almad\u00e9n<\/span> <span class=\"meta-nav\">&rarr;<\/span><\/a><\/p>\n","protected":false},"author":89,"featured_media":0,"parent":0,"menu_order":2,"comment_status":"closed","ping_status":"closed","template":"","meta":{"footnotes":""},"class_list":["post-12","page","type-page","status-publish","hentry"],"_links":{"self":[{"href":"https:\/\/blog.uclm.es\/carcelforzados\/wp-json\/wp\/v2\/pages\/12","targetHints":{"allow":["GET"]}}],"collection":[{"href":"https:\/\/blog.uclm.es\/carcelforzados\/wp-json\/wp\/v2\/pages"}],"about":[{"href":"https:\/\/blog.uclm.es\/carcelforzados\/wp-json\/wp\/v2\/types\/page"}],"author":[{"embeddable":true,"href":"https:\/\/blog.uclm.es\/carcelforzados\/wp-json\/wp\/v2\/users\/89"}],"replies":[{"embeddable":true,"href":"https:\/\/blog.uclm.es\/carcelforzados\/wp-json\/wp\/v2\/comments?post=12"}],"version-history":[{"count":3,"href":"https:\/\/blog.uclm.es\/carcelforzados\/wp-json\/wp\/v2\/pages\/12\/revisions"}],"predecessor-version":[{"id":247,"href":"https:\/\/blog.uclm.es\/carcelforzados\/wp-json\/wp\/v2\/pages\/12\/revisions\/247"}],"wp:attachment":[{"href":"https:\/\/blog.uclm.es\/carcelforzados\/wp-json\/wp\/v2\/media?parent=12"}],"curies":[{"name":"wp","href":"https:\/\/api.w.org\/{rel}","templated":true}]}}