{"id":113,"date":"2016-09-14T10:48:35","date_gmt":"2016-09-14T09:48:35","guid":{"rendered":"http:\/\/blog.uclm.es\/carcelforzados\/?page_id=113"},"modified":"2016-09-14T10:48:35","modified_gmt":"2016-09-14T09:48:35","slug":"fin-del-presidio","status":"publish","type":"page","link":"https:\/\/blog.uclm.es\/carcelforzados\/carcel-nueva\/fin-del-presidio\/","title":{"rendered":"Fin del presidio"},"content":{"rendered":"<p style=\"text-align: justify\">Fruto de las mismas mejoras que dieron pie a la construcci\u00f3n de la C\u00e1rcel, fueron en parte motivo para su cierre como presidio para esclavos.<\/p>\n<p style=\"text-align: justify\">Continua la concienciaci\u00f3n o necesidad de la Corona y manda que se contraten a Ingenieros centroeuropeos pioneros en estas materias (K\u00f6ehler, St\u00f6rr, Hoppensack o Mayer), y en esa misma l\u00ednea se crea con la fundaci\u00f3n de la Academia de Minas en 1777 al frente de la cual se pone otro alem\u00e1n E. Cristobal Storr.<\/p>\n<p style=\"text-align: justify\">El 22 de Mayo de 1799 el Rey resolvi\u00f3, a petici\u00f3n de la Junta de Gobierno de las Minas de Almad\u00e9n, no se condenase reo alguno al presidio y trabajos de aquellas minas.<\/p>\n<p style=\"text-align: justify\">El Presidio fue extinguido por R.D. de 8 de Agosto de 1800, posteriormente pas\u00f3 a ser en el siglo XIX Prisi\u00f3n Provincial; despu\u00e9s, entre los a\u00f1os 1941 a 1969 fue un almac\u00e9n de trigo; para ser demolida el 5 de Mayo del a\u00f1o 1969.<\/p>\n<figure id=\"attachment_198\" aria-describedby=\"caption-attachment-198\" style=\"width: 324px\" class=\"wp-caption aligncenter\"><img loading=\"lazy\" decoding=\"async\" class=\" wp-image-198\" src=\"https:\/\/blog.uclm.es\/carcelforzados\/wp-content\/uploads\/sites\/178\/2016\/09\/ErmitaRealCarcelForzados-225x300.jpg\" alt=\"Ruinas de la Ermita de la Real C\u00e1rcel de Forzados\" width=\"324\" height=\"432\" srcset=\"https:\/\/blog.uclm.es\/carcelforzados\/wp-content\/uploads\/sites\/178\/2016\/09\/ErmitaRealCarcelForzados-225x300.jpg 225w, https:\/\/blog.uclm.es\/carcelforzados\/wp-content\/uploads\/sites\/178\/2016\/09\/ErmitaRealCarcelForzados.jpg 525w\" sizes=\"auto, (max-width: 324px) 100vw, 324px\" \/><figcaption id=\"caption-attachment-198\" class=\"wp-caption-text\">Ruinas de la Ermita de la Real C\u00e1rcel de Forzados<\/figcaption><\/figure>\n<p style=\"text-align: justify\">En el solar que all\u00ed qued\u00f3 se construy\u00f3 la actual Escuela de Ingenier\u00eda Minera e Industrial, perteneciente a la Universidad de Castilla-La Mancha.<\/p>\n<p style=\"text-align: justify\">La c\u00e1rcel, durante su vida tuvo varios nombres: Penal, C\u00e1rcel del Partido, C\u00e1rcel de Forzados, Real C\u00e1rcel, C\u00e1rcel Nueva, C\u00e1rcel de Galeras.<\/p>\n<p style=\"text-align: justify\">El significado de la c\u00e1rcel en Almad\u00e9n fue importante sobre todo para el impulso que le dio a los trabajos en la mina ya que se llegaron a utilizar hasta doscientos esclavos cuando la\u00a0falta de mano de obra se hac\u00eda patente por aquellos tiempos.<\/p>\n<p style=\"text-align: justify\">En los a\u00f1os 40 del pasado siglo XX, el uso de la c\u00e1rcel fue de acuartelamiento de tropas y prisi\u00f3n pol\u00edtica. Antes de su demolici\u00f3n a finales de los a\u00f1os 60 se utiliz\u00f3 como silo o almac\u00e9n de grano del Servicio Nacional de Cereales.<\/p>\n","protected":false},"excerpt":{"rendered":"<p>Fruto de las mismas mejoras que dieron pie a la construcci\u00f3n de la C\u00e1rcel, fueron en parte motivo para su cierre como presidio para esclavos. Continua la concienciaci\u00f3n o necesidad de la Corona y manda que se contraten a Ingenieros centroeuropeos pioneros en estas materias (K\u00f6ehler, St\u00f6rr, Hoppensack o Mayer), y en esa misma l\u00ednea &hellip; <a href=\"https:\/\/blog.uclm.es\/carcelforzados\/carcel-nueva\/fin-del-presidio\/\" class=\"more-link\">Seguir leyendo <span class=\"screen-reader-text\">Fin del presidio<\/span> <span class=\"meta-nav\">&rarr;<\/span><\/a><\/p>\n","protected":false},"author":89,"featured_media":0,"parent":19,"menu_order":2,"comment_status":"closed","ping_status":"closed","template":"","meta":{"footnotes":""},"class_list":["post-113","page","type-page","status-publish","hentry"],"_links":{"self":[{"href":"https:\/\/blog.uclm.es\/carcelforzados\/wp-json\/wp\/v2\/pages\/113","targetHints":{"allow":["GET"]}}],"collection":[{"href":"https:\/\/blog.uclm.es\/carcelforzados\/wp-json\/wp\/v2\/pages"}],"about":[{"href":"https:\/\/blog.uclm.es\/carcelforzados\/wp-json\/wp\/v2\/types\/page"}],"author":[{"embeddable":true,"href":"https:\/\/blog.uclm.es\/carcelforzados\/wp-json\/wp\/v2\/users\/89"}],"replies":[{"embeddable":true,"href":"https:\/\/blog.uclm.es\/carcelforzados\/wp-json\/wp\/v2\/comments?post=113"}],"version-history":[{"count":0,"href":"https:\/\/blog.uclm.es\/carcelforzados\/wp-json\/wp\/v2\/pages\/113\/revisions"}],"up":[{"embeddable":true,"href":"https:\/\/blog.uclm.es\/carcelforzados\/wp-json\/wp\/v2\/pages\/19"}],"wp:attachment":[{"href":"https:\/\/blog.uclm.es\/carcelforzados\/wp-json\/wp\/v2\/media?parent=113"}],"curies":[{"name":"wp","href":"https:\/\/api.w.org\/{rel}","templated":true}]}}