{"id":110,"date":"2016-09-14T10:47:28","date_gmt":"2016-09-14T09:47:28","guid":{"rendered":"http:\/\/blog.uclm.es\/carcelforzados\/?page_id=110"},"modified":"2016-09-14T10:47:28","modified_gmt":"2016-09-14T09:47:28","slug":"libertad-e-indulto","status":"publish","type":"page","link":"https:\/\/blog.uclm.es\/carcelforzados\/carcel-nueva\/libertad-e-indulto\/","title":{"rendered":"Libertad e indulto"},"content":{"rendered":"<p style=\"text-align: justify\">Los forzados que llegaban a Almad\u00e9n ten\u00edan que cumplir pena temporal o perpetua. Aunque la mayor\u00eda de los primeros no viv\u00edan lo suficiente para alcanzar la libertad despu\u00e9s de cumplida la condena, algunos s\u00ed la lograban. En cuanto a los sentenciados a cadena perpetua, los esclavos, llegaba un momento en que por viejos, enfermos o azogados, resultaban in\u00fatiles para el trabajo. \u00bfQu\u00e9 hacer con ellos? El Superintendente Vald\u00e9s propuesto en 1712, as\u00ed lo aprob\u00f3 la Junta de Azogues, dar libertad a algunos de los diez esclavos que se hallaban en las referidas circunstancias, y que a los restantes del grupo se les diera la raci\u00f3n hasta su muerte.<\/p>\n<p style=\"text-align: justify\">Un real decreto de 4 de febrero de 1716 mand\u00f3, por punto general, se diera libertad a todos los esclavos forzados que en las minas de Almad\u00e9n hubiesen servido fielmente durante diez a\u00f1os, con tal que los solicitaran los propios interesados. Esta disposici\u00f3n se aplic\u00f3 a partir de entonces autom\u00e1ticamente, hasta que con ocasi\u00f3n de ser liberado en 1728 el forzado Jos\u00e9 Arias, sentenciado a cadena perpetua, se mand\u00f3 no conceder libertad en los casos semejantes, sin antes dar cuenta a S.M. Desde luego, en adelante los tribunales al sentenciar reos a las minas de Almad\u00e9n, lo hac\u00edan con pena temporal, nunca mayor de 10 a\u00f1os.<\/p>\n<p style=\"text-align: justify\">\n","protected":false},"excerpt":{"rendered":"<p>Los forzados que llegaban a Almad\u00e9n ten\u00edan que cumplir pena temporal o perpetua. Aunque la mayor\u00eda de los primeros no viv\u00edan lo suficiente para alcanzar la libertad despu\u00e9s de cumplida la condena, algunos s\u00ed la lograban. En cuanto a los sentenciados a cadena perpetua, los esclavos, llegaba un momento en que por viejos, enfermos o &hellip; <a href=\"https:\/\/blog.uclm.es\/carcelforzados\/carcel-nueva\/libertad-e-indulto\/\" class=\"more-link\">Seguir leyendo <span class=\"screen-reader-text\">Libertad e indulto<\/span> <span class=\"meta-nav\">&rarr;<\/span><\/a><\/p>\n","protected":false},"author":89,"featured_media":0,"parent":19,"menu_order":1,"comment_status":"closed","ping_status":"closed","template":"","meta":{"footnotes":""},"class_list":["post-110","page","type-page","status-publish","hentry"],"_links":{"self":[{"href":"https:\/\/blog.uclm.es\/carcelforzados\/wp-json\/wp\/v2\/pages\/110","targetHints":{"allow":["GET"]}}],"collection":[{"href":"https:\/\/blog.uclm.es\/carcelforzados\/wp-json\/wp\/v2\/pages"}],"about":[{"href":"https:\/\/blog.uclm.es\/carcelforzados\/wp-json\/wp\/v2\/types\/page"}],"author":[{"embeddable":true,"href":"https:\/\/blog.uclm.es\/carcelforzados\/wp-json\/wp\/v2\/users\/89"}],"replies":[{"embeddable":true,"href":"https:\/\/blog.uclm.es\/carcelforzados\/wp-json\/wp\/v2\/comments?post=110"}],"version-history":[{"count":0,"href":"https:\/\/blog.uclm.es\/carcelforzados\/wp-json\/wp\/v2\/pages\/110\/revisions"}],"up":[{"embeddable":true,"href":"https:\/\/blog.uclm.es\/carcelforzados\/wp-json\/wp\/v2\/pages\/19"}],"wp:attachment":[{"href":"https:\/\/blog.uclm.es\/carcelforzados\/wp-json\/wp\/v2\/media?parent=110"}],"curies":[{"name":"wp","href":"https:\/\/api.w.org\/{rel}","templated":true}]}}